{"id":8131,"date":"2025-05-06T16:48:55","date_gmt":"2025-05-06T16:48:55","guid":{"rendered":"https:\/\/ffyh.unc.edu.ar\/extension\/?page_id=8131"},"modified":"2025-07-24T12:25:41","modified_gmt":"2025-07-24T12:25:41","slug":"practicas-sociocomunitarias","status":"publish","type":"page","link":"https:\/\/ffyh.unc.edu.ar\/extension\/practicas-sociocomunitarias\/","title":{"rendered":"Pr\u00e1cticas Sociocomunitarias"},"content":{"rendered":"<p>Las Pr\u00e1cticas Sociocomunitarias (PSC) son instancias de formaci\u00f3n llevadas a cabo en territorio, realizadas durante todo el proceso en coordinaci\u00f3n con colectivos y organizaciones sociales comunitarias, p\u00fablicas y privadas con fines sociales y externas al \u00e1mbito universitario, que se orientan a desarrollar acciones en torno a la identificaci\u00f3n de problemas, diagn\u00f3sticos o resoluci\u00f3n de problem\u00e1ticas relativas a las \u00e1reas de competencia de las humanidades, con participaci\u00f3n activa de todes les involucrades.<\/p>\n<p>Las PSC consisten en propuestas curriculares que apuestan a experiencias educativas con un estrecho v\u00ednculo con la comunidad, que articulen las discusiones propias del campo te\u00f3rico con las problem\u00e1ticas sociales y pol\u00edticas del contexto de intervenci\u00f3n, y que pongan en tensi\u00f3n el conocimiento puesto en juego en el espacio curricular.<\/p>\n<p><b>Las convocatorias a la presentaci\u00f2n de propuestas de PSC generalmente se abren dos veces al a\u00f1o. Les interesades en presentar PSC pueden coordinar una reuni\u00f3n virtual o presencial con el equipo de la Secretar\u00eda de Extensi\u00f3n para su orientaci\u00f3n.<\/b><\/p>\n<p>Para m\u00e1s informaci\u00f3n y acompa\u00f1amiento a propuestas, contactarse al siguiente correo electr\u00f3nico: pscffyh@gmail.com<\/p>\n<p>Tel: (0351) 5353610 int 50035<\/p>\n<p>Lugar: Secretar\u00eda de Extensi\u00f3n. Pabell\u00f3n Casa Verde. Ciudad Universitaria<\/p>\n<p>Horario: de Lunes a Viernes de 10 a 14 hs<\/p>\n<blockquote><p>Acced\u00e9 a las convocatorias y novedades sobre <b>Pr\u00e1cticas Sociocomunitarias<\/b>\u00a0haciendo\u00a0<a href=\"https:\/\/ffyh.unc.edu.ar\/extension\/category\/curricularizacion\/practicas-sociocomunitarias\/\">CLIC AQU\u00cd\u00a0<\/a><\/p><\/blockquote>\n<p><a href=\"https:\/\/ffyh.unc.edu.ar\/extension\/practicas-sociocomunitarias\/pscvigentes-04\/\" rel=\"attachment wp-att-8661\"><img loading=\"lazy\" decoding=\"async\" class=\"wp-image-8661 size-large aligncenter\" src=\"http:\/\/ffyh.unc.edu.ar\/extension\/wp-content\/uploads\/sites\/2\/2025\/07\/pscvigentes-04-1024x113.png\" alt=\"\" width=\"800\" height=\"88\" srcset=\"https:\/\/ffyh.unc.edu.ar\/extension\/wp-content\/uploads\/sites\/2\/2025\/07\/pscvigentes-04-1024x113.png 1024w, https:\/\/ffyh.unc.edu.ar\/extension\/wp-content\/uploads\/sites\/2\/2025\/07\/pscvigentes-04-300x33.png 300w, https:\/\/ffyh.unc.edu.ar\/extension\/wp-content\/uploads\/sites\/2\/2025\/07\/pscvigentes-04-768x85.png 768w, https:\/\/ffyh.unc.edu.ar\/extension\/wp-content\/uploads\/sites\/2\/2025\/07\/pscvigentes-04-1536x170.png 1536w, https:\/\/ffyh.unc.edu.ar\/extension\/wp-content\/uploads\/sites\/2\/2025\/07\/pscvigentes-04-2048x226.png 2048w\" sizes=\"auto, (max-width: 800px) 100vw, 800px\" \/><\/a><\/p>\n<h5>Pr\u00e1cticas Sociocimunitarias 2025<\/h5>\n<hr \/>\n<h4>T\u00edtulo: Etnograf\u00edas Colaborativas<\/h4>\n<p><strong>Resumen:<\/strong> Ante la creciente violencia territorial en comunidades ind\u00edgenas urbanas y rurales de la provincia de C\u00f3rdoba desde hace al menos una d\u00e9cada, algunos de estos colectivos han demandado a distintos actores universitarios diversas acciones de acompa\u00f1amiento para sostener sus luchas. En este sentido, a trav\u00e9s de esta PSC nos proponemos fortalecer las relaciones que venimos sosteniendo con las comunidades ind\u00edgenas de El Pueblo de La Toma y Pluma Blanca, a trav\u00e9s de llevar adelante un trabajo etnogr\u00e1fico colaborativos sobre sus memorias territoriales que sirvan para que las comunidades utilicen esa informaci\u00f3n para la elaboraci\u00f3n de cartillas, informes, spots, etc., que permitan contar de primera mano sus propias historias. A su vez, la PSC se constituye como un espacio pedag\u00f3gico privilegiado para la formaci\u00f3n metodol\u00f3gica y epistemol\u00f3gica de les estudiantes de l<span style=\"font-weight: 400\">a FFyH, por su prop\u00f3sito de realizar una experiencia de registro colaborativo con Otrxs.<\/span><\/p>\n<p><strong>Responsable:<\/strong> Jos\u00e9 Mar\u00eda Bompadre<\/p>\n<p><strong>Lugar donde se desarrolla la actividad:<\/strong> Pueblo de La Toma y Pluma Blanca<\/p>\n<p><strong>Vigencia de la actividad:<\/strong> de marzo a julio de 2025<\/p>\n<p><strong>Contacto:<\/strong> jomabom@yahoo.com.ar<\/p>\n<p>Espacio de referencia acad\u00e9mica: Departamento de Antropolog\u00eda y de Geograf\u00eda<\/p>\n<hr \/>\n<h4>T\u00edtulo: Organizando archivos sindicales<\/h4>\n<p><strong>Resumen:<\/strong> El acompa\u00f1amiento y trabajo en conjunto con Archivos Sindicales busca realizar una labor com\u00fan entre la c\u00e1tedra de Archivos de Imagen y Sonido con Archivos sindicales a fin de generar lazos y aprendizajes mutuos, tanto para las organizaciones sindicales que necesitan organizar sus archivos como para los estudiantes que se introducir\u00e1n al tratamiento de documentos de archivo espec\u00edficos como lo son los archivos sindicales. Desde la c\u00e1tedra se har\u00e1 un especial \u00e9nfasis en los archivos de imagen y sonido ya que son el eje principal de la misma. Las pr\u00e1cticas buscan generar instancias de formaci\u00f3n que se orienten a coordinar acciones en los procesos de reflexi\u00f3n cr\u00edtica y a la identificaci\u00f3n, diagn\u00f3stico y propuestas de resoluci\u00f3n de problem\u00e1ticas espec\u00edficas. Por ello, y porque se busca realizar un trabajo mancomunado, se considera que las tareas se podr\u00e1n efectuar del mejor modo posible. Cabe aclarar que para coordinar las tareas se realizar\u00e1n reuniones entre el equipo de c\u00e1tedra y los referentes de las organizaciones sindicales. Se pactar\u00e1n d\u00edas en los que los\/as alumnos\/as puedan ir a trabajar in situ con los archivos sindicales. Por lo que, la c\u00e1tedra se compromete a realizar el seguimiento de les estudiantes durante todo el proceso de la pr\u00e1ctica sociocomunitaria. Tambi\u00e9n se trabajar\u00e1 en articulaci\u00f3n con el Programa de Derechos Humanos de la FFyH.<\/p>\n<p><strong>Responsable:<\/strong> Tito Gustavo Villanueva<\/p>\n<p><strong>Lugar donde se desarrolla la actividad:<\/strong> SUOEM<\/p>\n<p><strong>Vigencia de la actividad:<\/strong> agosto a diciembre 2024 (aval hasta julio de 2025)<\/p>\n<p><strong>Contacto:<\/strong> tito.gustavo.villanueva@unc.edu.ar<\/p>\n<p>Espacio de referencia acad\u00e9mica: Departamento de Archivolog\u00eda<\/p>\n<hr \/>\n<h4>T\u00edtulo: Hacer escuela: ni\u00f1eces y derechos en las tramas de la desigualdad<\/h4>\n<p><strong>Resumen:<\/strong> El Seminario\/Taller \u00abHacer escuela: ni\u00f1eces y derechos en las tramas de la desigualdad\u201d aborda el entramado ni\u00f1eces, derechos y desigualdades. Se pretende problematizar la cuesti\u00f3n de la infancia y la ni\u00f1ez como construcci\u00f3n social, el v\u00ednculo ni\u00f1ez y educaci\u00f3n, las implicancias de la Ley 26.061 de Protecci\u00f3n Integral de los Derechos de los Ni\u00f1os, Ni\u00f1as y Adolescentes, el pasaje del paradigma protecci\u00f3n cautelar\/tutelar al paradigma de protecci\u00f3n integral en espacios educativos, las perspectivas de participaci\u00f3n y protagonismo infantil; reconocer modos de hacer escuela, hacer educaci\u00f3n en las tramas de la desigualdad desde experiencias pedag\u00f3gicas singulares: socioeducativas y comunitarias.<br \/>\nEsta propuesta de seminario\/taller se desarrollar\u00e1 bajo la modalidad de Pr\u00e1cticas Sociocomunitarias (PSC) y se articula con un proyecto de extensi\u00f3n de larga data, donde se combinan espacios de reflexi\u00f3n y producci\u00f3n, recorridos y talleres en terreno. Desde all\u00ed, se propiciar\u00e1n espacios de \u201cdi\u00e1logo de saberes\u201d con ni\u00f1es y actores de una red barrial, donde se habilitar\u00e1n reflexiones colectivas \u201centre\u201d los estudiantes, docentes y actores sociales. Se transitar\u00e1 una experiencia breve de intervenci\u00f3n en el espacio sociopedag\u00f3gico \u00abtaller de la imaginaci\u00f3n\u00bb que coordina el equipo de extensi\u00f3n y referentes del Centro de Salud del barrio de Villa Corn\u00fa (C\u00f3rdoba). Dicha experiencia supondr\u00e1 que les estudiantes asuman un lugar protag\u00f3nico, desde la coorganizaci\u00f3n de talleres, hasta la producci\u00f3n de propuestas y materiales socioeducativos para\/con les ni\u00f1es y\/o actores comunitarios. Todo ello con el acompa\u00f1amiento del equipo docente, ayudantes alumnes, adscriptes e integrantes del equipo de extensi\u00f3n.<\/p>\n<p><strong>Responsable:<\/strong> Marina Yazyi<\/p>\n<p><strong>Lugar donde se desarrolla la actividad:<\/strong> Centro de Salud N\u00b0 62 Villa Corn\u00fa<\/p>\n<p><strong>Vigencia de la actividad:<\/strong> primer cuatrimestre de 2025<\/p>\n<p><strong>Contacto:<\/strong> marina.yazyi@gmail.com<\/p>\n<p>Espacio de referencia acad\u00e9mica: Escuela de Ciencias de la Educaci\u00f3n<\/p>\n<p><a href=\"https:\/\/digesto.unc.edu.ar\/bitstream\/handle\/123456789\/578108\/RHCD-2025-264-UNC-DEC%23FFYH.pdf?sequence=1&amp;isAllowed=y\">RHCD-2025-264-UNC-DEC#FFYH.pdf<\/a><\/p>\n<hr \/>\n<h5>Pr\u00e1cticas Sociocimunitarias 2024<\/h5>\n<p><a href=\"http:\/\/ffyh.unc.edu.ar\/extension\/wp-content\/uploads\/sites\/2\/2024\/04\/Etnografias-colaborativas-en-comunidades-indigenas-de-Cordoba-Practica-Sociocomunitaria.pdf\" target=\"_blank\" rel=\"noopener\">Etnograf\u00edas colaborativas en comunidades ind\u00edgenas de C\u00f3rdoba (Pr\u00e1ctica Sociocomunitaria)<\/a><\/p>\n<p><a href=\"http:\/\/ffyh.unc.edu.ar\/extension\/wp-content\/uploads\/sites\/2\/2024\/04\/Hacer-escuela-nineces-y-derechos-en-las-tramas-de-la-desigualdad-Practica-Sociocomunitaria.pdf\" target=\"_blank\" rel=\"noopener\">Hacer escuela \u2013 ni\u00f1eces y derechos en las tramas de la desigualdad (Pr\u00e1ctica Sociocomunitaria)<\/a><\/p>\n<p><a href=\"http:\/\/ffyh.unc.edu.ar\/extension\/wp-content\/uploads\/sites\/2\/2024\/04\/Lectores-Mayores-Mayores-Lectores-Practica-Sociocomunitaria.pdf\" target=\"_blank\" rel=\"noopener\">Lectores Mayores \u2013 Mayores Lectores (Pr\u00e1ctica Sociocomunitaria)<\/a><\/p>\n<p>&nbsp;<\/p>\n","protected":false},"excerpt":{"rendered":"<p>Las Pr\u00e1cticas Sociocomunitarias (PSC) son instancias de formaci\u00f3n llevadas a cabo en territorio, realizadas durante todo el proceso en coordinaci\u00f3n<\/p>\n","protected":false},"author":3,"featured_media":0,"parent":0,"menu_order":0,"comment_status":"closed","ping_status":"closed","template":"","meta":{"_acf_changed":false,"colormag_page_container_layout":"default_layout","colormag_page_sidebar_layout":"default_layout","footnotes":""},"class_list":["post-8131","page","type-page","status-publish","hentry"],"acf":[],"yoast_head":"<!-- This site is optimized with the Yoast SEO plugin v27.1.1 - https:\/\/yoast.com\/product\/yoast-seo-wordpress\/ -->\n<title>Pr\u00e1cticas Sociocomunitarias - Secretar\u00eda de Extensi\u00f3n<\/title>\n<meta name=\"robots\" content=\"index, follow, max-snippet:-1, max-image-preview:large, max-video-preview:-1\" \/>\n<link rel=\"canonical\" href=\"https:\/\/ffyh.unc.edu.ar\/extension\/practicas-sociocomunitarias\/\" \/>\n<meta property=\"og:locale\" content=\"es_ES\" \/>\n<meta property=\"og:type\" content=\"article\" \/>\n<meta property=\"og:title\" content=\"Pr\u00e1cticas Sociocomunitarias - Secretar\u00eda de Extensi\u00f3n\" \/>\n<meta property=\"og:description\" content=\"Las Pr\u00e1cticas Sociocomunitarias (PSC) son instancias de formaci\u00f3n llevadas a cabo en territorio, realizadas durante todo el proceso en coordinaci\u00f3n\" \/>\n<meta property=\"og:url\" content=\"https:\/\/ffyh.unc.edu.ar\/extension\/practicas-sociocomunitarias\/\" \/>\n<meta property=\"og:site_name\" content=\"Secretar\u00eda de Extensi\u00f3n\" \/>\n<meta property=\"article:publisher\" content=\"https:\/\/www.facebook.com\/extensionffyh\" \/>\n<meta property=\"article:modified_time\" content=\"2025-07-24T12:25:41+00:00\" \/>\n<meta property=\"og:image\" content=\"https:\/\/ffyh.unc.edu.ar\/extension\/wp-content\/uploads\/sites\/2\/2025\/07\/pscvigentes-04-scaled.png\" \/>\n\t<meta property=\"og:image:width\" content=\"2560\" \/>\n\t<meta property=\"og:image:height\" content=\"283\" \/>\n\t<meta property=\"og:image:type\" content=\"image\/png\" \/>\n<meta name=\"twitter:card\" content=\"summary_large_image\" \/>\n<meta name=\"twitter:label1\" content=\"Tiempo de lectura\" \/>\n\t<meta name=\"twitter:data1\" content=\"6 minutos\" \/>\n<script type=\"application\/ld+json\" class=\"yoast-schema-graph\">{\"@context\":\"https:\/\/schema.org\",\"@graph\":[{\"@type\":\"WebPage\",\"@id\":\"https:\/\/ffyh.unc.edu.ar\/extension\/practicas-sociocomunitarias\/\",\"url\":\"https:\/\/ffyh.unc.edu.ar\/extension\/practicas-sociocomunitarias\/\",\"name\":\"Pr\u00e1cticas Sociocomunitarias - Secretar\u00eda de Extensi\u00f3n\",\"isPartOf\":{\"@id\":\"https:\/\/ffyh.unc.edu.ar\/extension\/#website\"},\"primaryImageOfPage\":{\"@id\":\"https:\/\/ffyh.unc.edu.ar\/extension\/practicas-sociocomunitarias\/#primaryimage\"},\"image\":{\"@id\":\"https:\/\/ffyh.unc.edu.ar\/extension\/practicas-sociocomunitarias\/#primaryimage\"},\"thumbnailUrl\":\"http:\/\/ffyh.unc.edu.ar\/extension\/wp-content\/uploads\/sites\/2\/2025\/07\/pscvigentes-04-1024x113.png\",\"datePublished\":\"2025-05-06T16:48:55+00:00\",\"dateModified\":\"2025-07-24T12:25:41+00:00\",\"breadcrumb\":{\"@id\":\"https:\/\/ffyh.unc.edu.ar\/extension\/practicas-sociocomunitarias\/#breadcrumb\"},\"inLanguage\":\"es\",\"potentialAction\":[{\"@type\":\"ReadAction\",\"target\":[\"https:\/\/ffyh.unc.edu.ar\/extension\/practicas-sociocomunitarias\/\"]}]},{\"@type\":\"ImageObject\",\"inLanguage\":\"es\",\"@id\":\"https:\/\/ffyh.unc.edu.ar\/extension\/practicas-sociocomunitarias\/#primaryimage\",\"url\":\"https:\/\/ffyh.unc.edu.ar\/extension\/wp-content\/uploads\/sites\/2\/2025\/07\/pscvigentes-04-scaled.png\",\"contentUrl\":\"https:\/\/ffyh.unc.edu.ar\/extension\/wp-content\/uploads\/sites\/2\/2025\/07\/pscvigentes-04-scaled.png\",\"width\":2560,\"height\":283},{\"@type\":\"BreadcrumbList\",\"@id\":\"https:\/\/ffyh.unc.edu.ar\/extension\/practicas-sociocomunitarias\/#breadcrumb\",\"itemListElement\":[{\"@type\":\"ListItem\",\"position\":1,\"name\":\"Portada\",\"item\":\"https:\/\/ffyh.unc.edu.ar\/extension\/\"},{\"@type\":\"ListItem\",\"position\":2,\"name\":\"Pr\u00e1cticas Sociocomunitarias\"}]},{\"@type\":\"WebSite\",\"@id\":\"https:\/\/ffyh.unc.edu.ar\/extension\/#website\",\"url\":\"https:\/\/ffyh.unc.edu.ar\/extension\/\",\"name\":\"Secretar\u00eda de Extensi\u00f3n\",\"description\":\"Facultad de Filosof\u00eda y Humanidades - Universidad Nacional de C\u00f3rdoba\",\"publisher\":{\"@id\":\"https:\/\/ffyh.unc.edu.ar\/extension\/#organization\"},\"potentialAction\":[{\"@type\":\"SearchAction\",\"target\":{\"@type\":\"EntryPoint\",\"urlTemplate\":\"https:\/\/ffyh.unc.edu.ar\/extension\/?s={search_term_string}\"},\"query-input\":{\"@type\":\"PropertyValueSpecification\",\"valueRequired\":true,\"valueName\":\"search_term_string\"}}],\"inLanguage\":\"es\"},{\"@type\":\"Organization\",\"@id\":\"https:\/\/ffyh.unc.edu.ar\/extension\/#organization\",\"name\":\"Secretar\u00eda de Extensi\u00f3n - Facultad de Filosof\u00eda y Humanidades - Universidad Nacional de C\u00f3rdoba\",\"url\":\"https:\/\/ffyh.unc.edu.ar\/extension\/\",\"logo\":{\"@type\":\"ImageObject\",\"inLanguage\":\"es\",\"@id\":\"https:\/\/ffyh.unc.edu.ar\/extension\/#\/schema\/logo\/image\/\",\"url\":\"https:\/\/ffyh.unc.edu.ar\/extension\/wp-content\/uploads\/sites\/2\/2018\/08\/logo-extension-chico.jpg\",\"contentUrl\":\"https:\/\/ffyh.unc.edu.ar\/extension\/wp-content\/uploads\/sites\/2\/2018\/08\/logo-extension-chico.jpg\",\"width\":314,\"height\":119,\"caption\":\"Secretar\u00eda de Extensi\u00f3n - Facultad de Filosof\u00eda y Humanidades - Universidad Nacional de C\u00f3rdoba\"},\"image\":{\"@id\":\"https:\/\/ffyh.unc.edu.ar\/extension\/#\/schema\/logo\/image\/\"},\"sameAs\":[\"https:\/\/www.facebook.com\/extensionffyh\",\"https:\/\/www.instagram.com\/extensionffyh\/\",\"https:\/\/www.youtube.com\/channel\/UCTgN4nvMQE7ktBcgujEI-EA\"]}]}<\/script>\n<!-- \/ Yoast SEO plugin. -->","yoast_head_json":{"title":"Pr\u00e1cticas Sociocomunitarias - Secretar\u00eda de Extensi\u00f3n","robots":{"index":"index","follow":"follow","max-snippet":"max-snippet:-1","max-image-preview":"max-image-preview:large","max-video-preview":"max-video-preview:-1"},"canonical":"https:\/\/ffyh.unc.edu.ar\/extension\/practicas-sociocomunitarias\/","og_locale":"es_ES","og_type":"article","og_title":"Pr\u00e1cticas Sociocomunitarias - Secretar\u00eda de Extensi\u00f3n","og_description":"Las Pr\u00e1cticas Sociocomunitarias (PSC) son instancias de formaci\u00f3n llevadas a cabo en territorio, realizadas durante todo el proceso en coordinaci\u00f3n","og_url":"https:\/\/ffyh.unc.edu.ar\/extension\/practicas-sociocomunitarias\/","og_site_name":"Secretar\u00eda de Extensi\u00f3n","article_publisher":"https:\/\/www.facebook.com\/extensionffyh","article_modified_time":"2025-07-24T12:25:41+00:00","og_image":[{"width":2560,"height":283,"url":"https:\/\/ffyh.unc.edu.ar\/extension\/wp-content\/uploads\/sites\/2\/2025\/07\/pscvigentes-04-scaled.png","type":"image\/png"}],"twitter_card":"summary_large_image","twitter_misc":{"Tiempo de lectura":"6 minutos"},"schema":{"@context":"https:\/\/schema.org","@graph":[{"@type":"WebPage","@id":"https:\/\/ffyh.unc.edu.ar\/extension\/practicas-sociocomunitarias\/","url":"https:\/\/ffyh.unc.edu.ar\/extension\/practicas-sociocomunitarias\/","name":"Pr\u00e1cticas Sociocomunitarias - Secretar\u00eda de Extensi\u00f3n","isPartOf":{"@id":"https:\/\/ffyh.unc.edu.ar\/extension\/#website"},"primaryImageOfPage":{"@id":"https:\/\/ffyh.unc.edu.ar\/extension\/practicas-sociocomunitarias\/#primaryimage"},"image":{"@id":"https:\/\/ffyh.unc.edu.ar\/extension\/practicas-sociocomunitarias\/#primaryimage"},"thumbnailUrl":"http:\/\/ffyh.unc.edu.ar\/extension\/wp-content\/uploads\/sites\/2\/2025\/07\/pscvigentes-04-1024x113.png","datePublished":"2025-05-06T16:48:55+00:00","dateModified":"2025-07-24T12:25:41+00:00","breadcrumb":{"@id":"https:\/\/ffyh.unc.edu.ar\/extension\/practicas-sociocomunitarias\/#breadcrumb"},"inLanguage":"es","potentialAction":[{"@type":"ReadAction","target":["https:\/\/ffyh.unc.edu.ar\/extension\/practicas-sociocomunitarias\/"]}]},{"@type":"ImageObject","inLanguage":"es","@id":"https:\/\/ffyh.unc.edu.ar\/extension\/practicas-sociocomunitarias\/#primaryimage","url":"https:\/\/ffyh.unc.edu.ar\/extension\/wp-content\/uploads\/sites\/2\/2025\/07\/pscvigentes-04-scaled.png","contentUrl":"https:\/\/ffyh.unc.edu.ar\/extension\/wp-content\/uploads\/sites\/2\/2025\/07\/pscvigentes-04-scaled.png","width":2560,"height":283},{"@type":"BreadcrumbList","@id":"https:\/\/ffyh.unc.edu.ar\/extension\/practicas-sociocomunitarias\/#breadcrumb","itemListElement":[{"@type":"ListItem","position":1,"name":"Portada","item":"https:\/\/ffyh.unc.edu.ar\/extension\/"},{"@type":"ListItem","position":2,"name":"Pr\u00e1cticas Sociocomunitarias"}]},{"@type":"WebSite","@id":"https:\/\/ffyh.unc.edu.ar\/extension\/#website","url":"https:\/\/ffyh.unc.edu.ar\/extension\/","name":"Secretar\u00eda de Extensi\u00f3n","description":"Facultad de Filosof\u00eda y Humanidades - Universidad Nacional de C\u00f3rdoba","publisher":{"@id":"https:\/\/ffyh.unc.edu.ar\/extension\/#organization"},"potentialAction":[{"@type":"SearchAction","target":{"@type":"EntryPoint","urlTemplate":"https:\/\/ffyh.unc.edu.ar\/extension\/?s={search_term_string}"},"query-input":{"@type":"PropertyValueSpecification","valueRequired":true,"valueName":"search_term_string"}}],"inLanguage":"es"},{"@type":"Organization","@id":"https:\/\/ffyh.unc.edu.ar\/extension\/#organization","name":"Secretar\u00eda de Extensi\u00f3n - Facultad de Filosof\u00eda y Humanidades - Universidad Nacional de C\u00f3rdoba","url":"https:\/\/ffyh.unc.edu.ar\/extension\/","logo":{"@type":"ImageObject","inLanguage":"es","@id":"https:\/\/ffyh.unc.edu.ar\/extension\/#\/schema\/logo\/image\/","url":"https:\/\/ffyh.unc.edu.ar\/extension\/wp-content\/uploads\/sites\/2\/2018\/08\/logo-extension-chico.jpg","contentUrl":"https:\/\/ffyh.unc.edu.ar\/extension\/wp-content\/uploads\/sites\/2\/2018\/08\/logo-extension-chico.jpg","width":314,"height":119,"caption":"Secretar\u00eda de Extensi\u00f3n - Facultad de Filosof\u00eda y Humanidades - Universidad Nacional de C\u00f3rdoba"},"image":{"@id":"https:\/\/ffyh.unc.edu.ar\/extension\/#\/schema\/logo\/image\/"},"sameAs":["https:\/\/www.facebook.com\/extensionffyh","https:\/\/www.instagram.com\/extensionffyh\/","https:\/\/www.youtube.com\/channel\/UCTgN4nvMQE7ktBcgujEI-EA"]}]}},"_links":{"self":[{"href":"https:\/\/ffyh.unc.edu.ar\/extension\/wp-json\/wp\/v2\/pages\/8131","targetHints":{"allow":["GET"]}}],"collection":[{"href":"https:\/\/ffyh.unc.edu.ar\/extension\/wp-json\/wp\/v2\/pages"}],"about":[{"href":"https:\/\/ffyh.unc.edu.ar\/extension\/wp-json\/wp\/v2\/types\/page"}],"author":[{"embeddable":true,"href":"https:\/\/ffyh.unc.edu.ar\/extension\/wp-json\/wp\/v2\/users\/3"}],"replies":[{"embeddable":true,"href":"https:\/\/ffyh.unc.edu.ar\/extension\/wp-json\/wp\/v2\/comments?post=8131"}],"version-history":[{"count":8,"href":"https:\/\/ffyh.unc.edu.ar\/extension\/wp-json\/wp\/v2\/pages\/8131\/revisions"}],"predecessor-version":[{"id":8663,"href":"https:\/\/ffyh.unc.edu.ar\/extension\/wp-json\/wp\/v2\/pages\/8131\/revisions\/8663"}],"wp:attachment":[{"href":"https:\/\/ffyh.unc.edu.ar\/extension\/wp-json\/wp\/v2\/media?parent=8131"}],"curies":[{"name":"wp","href":"https:\/\/api.w.org\/{rel}","templated":true}]}}