{"id":8165,"date":"2025-05-07T13:45:51","date_gmt":"2025-05-07T13:45:51","guid":{"rendered":"https:\/\/ffyh.unc.edu.ar\/extension\/?page_id=8165"},"modified":"2025-07-24T12:42:24","modified_gmt":"2025-07-24T12:42:24","slug":"proyectos-programas-y-actividades","status":"publish","type":"page","link":"https:\/\/ffyh.unc.edu.ar\/extension\/proyectos-programas-y-actividades\/","title":{"rendered":"Proyectos, programas y actividades"},"content":{"rendered":"<p>Nuestra Secretar\u00eda de Extensi\u00f3n promueve, apoya y gestiona actividades, proyectos y programas de extensi\u00f3n universitaria.<\/p>\n<p>Como lo expresa nuestro reglamento:<\/p>\n<blockquote><p>Art.7. Se denomina actividades de extensi\u00f3n universitaria a las pr\u00e1cticas realizadas con la comunidad, acotadas en tiempo y objetivos, y que propician condiciones para el inicio de un di\u00e1logo de saberes.<\/p>\n<p>Art.8. Se entiende por proyecto de extensi\u00f3n universitaria al conjunto organizado, coherente e integrado de acciones de intercambio e intervenci\u00f3n que se construye junto a alguna instituci\u00f3n, organizaci\u00f3n o grupo con el objeto de atender, de manera concreta, una problem\u00e1tica. Estas acciones de intercambio e intervenci\u00f3n sostenidas en el tiempo se fundamentan en el di\u00e1logo entre los saberes universitarios y los saberes producidos en otros contextos. Art.9. Se denomina programa de extensi\u00f3n universitaria al conjunto de proyectos y\/o actividades de car\u00e1cter extensionista que se articulan en torno de un objeto, tem\u00e1tica y\/o poblaci\u00f3n espec\u00edfica de intervenci\u00f3n. Dada la complejidad de los procesos de intervenci\u00f3n social, se priorizar\u00e1 aquellas propuestas que contemplen, por un lado, cierta trayectoria previa en torno al problema o tem\u00e1tica de intervenci\u00f3n y, por otro lado, se considerar\u00e1 especialmente los enfoques multi o interdisciplinarios.<\/p>\n<p>Art.9. Se denomina programa de extensi\u00f3n universitaria al conjunto de proyectos y\/o actividades de car\u00e1cter extensionista que se articulan en torno de un objeto, tem\u00e1tica y\/o poblaci\u00f3n espec\u00edfica de intervenci\u00f3n. Dada la complejidad de los procesos de intervenci\u00f3n social, se priorizar\u00e1 aquellas propuestas que contemplen, por un lado, cierta trayectoria previa en torno al problema o tem\u00e1tica de intervenci\u00f3n y, por otro lado, se considerar\u00e1 especialmente los enfoques multi o interdisciplinarios.<\/p><\/blockquote>\n<h3>Comisi\u00f3n de pertinencia<\/h3>\n<p>Los <strong>proyectos y actividades<\/strong> de extensi\u00f3n para ser aprobados, deben recibir un aval extensionista y un aval acad\u00e9mico, tal como se estipula en el Reglamento aprobado por Ordenanza del HCD N\u00b01\/2017. Seg\u00fan el Art\u00edculo 30 de la OHCD N\u00b01\/2017:<\/p>\n<blockquote><p>\u201ccorresponde a la Secretar\u00eda de Extensi\u00f3n el otorgamiento del aval extensionista a las propuestas presentadas. Si lo considera necesario, la Secretar\u00eda podr\u00e1 recurrir a la conformaci\u00f3n de una Comisi\u00f3n ad hoc para que otorgue dicho aval\u201d<\/p><\/blockquote>\n<p>Por tal motivo, la Secretar\u00eda recepta y valora los criterios formales de admisibilidad y reenvia las propuestas concernientes a la Comisi\u00f3n de Pertinencia.<\/p>\n<p>De esta manera, la Secretar\u00eda de Extensi\u00f3n promueve la participaci\u00f3n de otres actores universitaries en los procedimientos administrativos internos involucrados en la evaluaci\u00f3n de propuestas a desarrollar, como una instancia formativa y de construcci\u00f3n de criterios sobre las pr\u00e1cticas extensionistas. Es por ello que quienes se proponen para la conformaci\u00f3n de la Comisi\u00f3n son integrantes del Consejo Asesor de Extensi\u00f3n de la FFyH (CAEFFyH) con trayectoria extensionista y representantes de la Secretar\u00eda de Extensi\u00f3n.<\/p>\n<p>La Comisi\u00f3n de Pertinencia tendr\u00e1 competencia en propuestas presentadas a la Secretar\u00eda bajo las figuras de actividad y proyecto, seg\u00fan se estipula en el Reglamento de la Secretar\u00eda de Extensi\u00f3n. La Comisi\u00f3n estar\u00e1 exenta de actuar en aquellas propuestas que por reglamento tengan un circuito administrativo diferente o correspondan a otras iniciativas llevadas a cabo por la Secretar\u00eda de Extensi\u00f3n.<\/p>\n<h4>Miembros de la Comisi\u00f3n de pertinencia<\/h4>\n<p>La Comisi\u00f3n de Pertinencia que tendr\u00e1 a su cargo la consideraci\u00f3n del otorgamiento del aval extensionista a actividades y proyectos presentados a la Secretar\u00eda de Extensi\u00f3n, est\u00e1 integrada por <strong>Daniel Di Mari, Juan Pablo Gorostiaga, N\u00f3el Mart\u00ednez y Mar\u00eda Gabriela Srur<\/strong> como representantes titulares por el CAEFFyH, <strong>Elo\u00edsa Auat Garc\u00eda<\/strong> como representante suplente por el CAEFFYH, <strong>Camila Chiavassa<\/strong> como representante titular y <strong>Carlos Szulkin<\/strong> como representante suplente por la Secretar\u00eda de Extensi\u00f3n, desde el 1 de diciembre de 2024 hasta el 31 de diciembre de 2025.<\/p>\n<p>&nbsp;<\/p>\n","protected":false},"excerpt":{"rendered":"<p>Nuestra Secretar\u00eda de Extensi\u00f3n promueve, apoya y gestiona actividades, proyectos y programas de extensi\u00f3n universitaria. Como lo expresa nuestro reglamento:<\/p>\n","protected":false},"author":3,"featured_media":0,"parent":0,"menu_order":0,"comment_status":"closed","ping_status":"closed","template":"","meta":{"_acf_changed":false,"colormag_page_container_layout":"default_layout","colormag_page_sidebar_layout":"default_layout","footnotes":""},"class_list":["post-8165","page","type-page","status-publish","hentry"],"acf":[],"yoast_head":"<!-- This site is optimized with the Yoast SEO plugin v27.1.1 - https:\/\/yoast.com\/product\/yoast-seo-wordpress\/ -->\n<title>Proyectos, programas y actividades - Secretar\u00eda de Extensi\u00f3n<\/title>\n<meta name=\"robots\" content=\"index, follow, max-snippet:-1, max-image-preview:large, max-video-preview:-1\" \/>\n<link rel=\"canonical\" href=\"https:\/\/ffyh.unc.edu.ar\/extension\/proyectos-programas-y-actividades\/\" \/>\n<meta property=\"og:locale\" content=\"es_ES\" \/>\n<meta property=\"og:type\" content=\"article\" \/>\n<meta property=\"og:title\" content=\"Proyectos, programas y actividades - Secretar\u00eda de Extensi\u00f3n\" \/>\n<meta property=\"og:description\" content=\"Nuestra Secretar\u00eda de Extensi\u00f3n promueve, apoya y gestiona actividades, proyectos y programas de extensi\u00f3n universitaria. Como lo expresa nuestro reglamento:\" \/>\n<meta property=\"og:url\" content=\"https:\/\/ffyh.unc.edu.ar\/extension\/proyectos-programas-y-actividades\/\" \/>\n<meta property=\"og:site_name\" content=\"Secretar\u00eda de Extensi\u00f3n\" \/>\n<meta property=\"article:publisher\" content=\"https:\/\/www.facebook.com\/extensionffyh\" \/>\n<meta property=\"article:modified_time\" content=\"2025-07-24T12:42:24+00:00\" \/>\n<meta name=\"twitter:card\" content=\"summary_large_image\" \/>\n<meta name=\"twitter:label1\" content=\"Tiempo de lectura\" \/>\n\t<meta name=\"twitter:data1\" content=\"3 minutos\" \/>\n<script type=\"application\/ld+json\" class=\"yoast-schema-graph\">{\"@context\":\"https:\/\/schema.org\",\"@graph\":[{\"@type\":\"WebPage\",\"@id\":\"https:\/\/ffyh.unc.edu.ar\/extension\/proyectos-programas-y-actividades\/\",\"url\":\"https:\/\/ffyh.unc.edu.ar\/extension\/proyectos-programas-y-actividades\/\",\"name\":\"Proyectos, programas y actividades - Secretar\u00eda de Extensi\u00f3n\",\"isPartOf\":{\"@id\":\"https:\/\/ffyh.unc.edu.ar\/extension\/#website\"},\"datePublished\":\"2025-05-07T13:45:51+00:00\",\"dateModified\":\"2025-07-24T12:42:24+00:00\",\"breadcrumb\":{\"@id\":\"https:\/\/ffyh.unc.edu.ar\/extension\/proyectos-programas-y-actividades\/#breadcrumb\"},\"inLanguage\":\"es\",\"potentialAction\":[{\"@type\":\"ReadAction\",\"target\":[\"https:\/\/ffyh.unc.edu.ar\/extension\/proyectos-programas-y-actividades\/\"]}]},{\"@type\":\"BreadcrumbList\",\"@id\":\"https:\/\/ffyh.unc.edu.ar\/extension\/proyectos-programas-y-actividades\/#breadcrumb\",\"itemListElement\":[{\"@type\":\"ListItem\",\"position\":1,\"name\":\"Portada\",\"item\":\"https:\/\/ffyh.unc.edu.ar\/extension\/\"},{\"@type\":\"ListItem\",\"position\":2,\"name\":\"Proyectos, programas y actividades\"}]},{\"@type\":\"WebSite\",\"@id\":\"https:\/\/ffyh.unc.edu.ar\/extension\/#website\",\"url\":\"https:\/\/ffyh.unc.edu.ar\/extension\/\",\"name\":\"Secretar\u00eda de Extensi\u00f3n\",\"description\":\"Facultad de Filosof\u00eda y Humanidades - Universidad Nacional de C\u00f3rdoba\",\"publisher\":{\"@id\":\"https:\/\/ffyh.unc.edu.ar\/extension\/#organization\"},\"potentialAction\":[{\"@type\":\"SearchAction\",\"target\":{\"@type\":\"EntryPoint\",\"urlTemplate\":\"https:\/\/ffyh.unc.edu.ar\/extension\/?s={search_term_string}\"},\"query-input\":{\"@type\":\"PropertyValueSpecification\",\"valueRequired\":true,\"valueName\":\"search_term_string\"}}],\"inLanguage\":\"es\"},{\"@type\":\"Organization\",\"@id\":\"https:\/\/ffyh.unc.edu.ar\/extension\/#organization\",\"name\":\"Secretar\u00eda de Extensi\u00f3n - Facultad de Filosof\u00eda y Humanidades - Universidad Nacional de C\u00f3rdoba\",\"url\":\"https:\/\/ffyh.unc.edu.ar\/extension\/\",\"logo\":{\"@type\":\"ImageObject\",\"inLanguage\":\"es\",\"@id\":\"https:\/\/ffyh.unc.edu.ar\/extension\/#\/schema\/logo\/image\/\",\"url\":\"https:\/\/ffyh.unc.edu.ar\/extension\/wp-content\/uploads\/sites\/2\/2018\/08\/logo-extension-chico.jpg\",\"contentUrl\":\"https:\/\/ffyh.unc.edu.ar\/extension\/wp-content\/uploads\/sites\/2\/2018\/08\/logo-extension-chico.jpg\",\"width\":314,\"height\":119,\"caption\":\"Secretar\u00eda de Extensi\u00f3n - Facultad de Filosof\u00eda y Humanidades - Universidad Nacional de C\u00f3rdoba\"},\"image\":{\"@id\":\"https:\/\/ffyh.unc.edu.ar\/extension\/#\/schema\/logo\/image\/\"},\"sameAs\":[\"https:\/\/www.facebook.com\/extensionffyh\",\"https:\/\/www.instagram.com\/extensionffyh\/\",\"https:\/\/www.youtube.com\/channel\/UCTgN4nvMQE7ktBcgujEI-EA\"]}]}<\/script>\n<!-- \/ Yoast SEO plugin. -->","yoast_head_json":{"title":"Proyectos, programas y actividades - Secretar\u00eda de Extensi\u00f3n","robots":{"index":"index","follow":"follow","max-snippet":"max-snippet:-1","max-image-preview":"max-image-preview:large","max-video-preview":"max-video-preview:-1"},"canonical":"https:\/\/ffyh.unc.edu.ar\/extension\/proyectos-programas-y-actividades\/","og_locale":"es_ES","og_type":"article","og_title":"Proyectos, programas y actividades - Secretar\u00eda de Extensi\u00f3n","og_description":"Nuestra Secretar\u00eda de Extensi\u00f3n promueve, apoya y gestiona actividades, proyectos y programas de extensi\u00f3n universitaria. Como lo expresa nuestro reglamento:","og_url":"https:\/\/ffyh.unc.edu.ar\/extension\/proyectos-programas-y-actividades\/","og_site_name":"Secretar\u00eda de Extensi\u00f3n","article_publisher":"https:\/\/www.facebook.com\/extensionffyh","article_modified_time":"2025-07-24T12:42:24+00:00","twitter_card":"summary_large_image","twitter_misc":{"Tiempo de lectura":"3 minutos"},"schema":{"@context":"https:\/\/schema.org","@graph":[{"@type":"WebPage","@id":"https:\/\/ffyh.unc.edu.ar\/extension\/proyectos-programas-y-actividades\/","url":"https:\/\/ffyh.unc.edu.ar\/extension\/proyectos-programas-y-actividades\/","name":"Proyectos, programas y actividades - Secretar\u00eda de Extensi\u00f3n","isPartOf":{"@id":"https:\/\/ffyh.unc.edu.ar\/extension\/#website"},"datePublished":"2025-05-07T13:45:51+00:00","dateModified":"2025-07-24T12:42:24+00:00","breadcrumb":{"@id":"https:\/\/ffyh.unc.edu.ar\/extension\/proyectos-programas-y-actividades\/#breadcrumb"},"inLanguage":"es","potentialAction":[{"@type":"ReadAction","target":["https:\/\/ffyh.unc.edu.ar\/extension\/proyectos-programas-y-actividades\/"]}]},{"@type":"BreadcrumbList","@id":"https:\/\/ffyh.unc.edu.ar\/extension\/proyectos-programas-y-actividades\/#breadcrumb","itemListElement":[{"@type":"ListItem","position":1,"name":"Portada","item":"https:\/\/ffyh.unc.edu.ar\/extension\/"},{"@type":"ListItem","position":2,"name":"Proyectos, programas y actividades"}]},{"@type":"WebSite","@id":"https:\/\/ffyh.unc.edu.ar\/extension\/#website","url":"https:\/\/ffyh.unc.edu.ar\/extension\/","name":"Secretar\u00eda de Extensi\u00f3n","description":"Facultad de Filosof\u00eda y Humanidades - Universidad Nacional de C\u00f3rdoba","publisher":{"@id":"https:\/\/ffyh.unc.edu.ar\/extension\/#organization"},"potentialAction":[{"@type":"SearchAction","target":{"@type":"EntryPoint","urlTemplate":"https:\/\/ffyh.unc.edu.ar\/extension\/?s={search_term_string}"},"query-input":{"@type":"PropertyValueSpecification","valueRequired":true,"valueName":"search_term_string"}}],"inLanguage":"es"},{"@type":"Organization","@id":"https:\/\/ffyh.unc.edu.ar\/extension\/#organization","name":"Secretar\u00eda de Extensi\u00f3n - Facultad de Filosof\u00eda y Humanidades - Universidad Nacional de C\u00f3rdoba","url":"https:\/\/ffyh.unc.edu.ar\/extension\/","logo":{"@type":"ImageObject","inLanguage":"es","@id":"https:\/\/ffyh.unc.edu.ar\/extension\/#\/schema\/logo\/image\/","url":"https:\/\/ffyh.unc.edu.ar\/extension\/wp-content\/uploads\/sites\/2\/2018\/08\/logo-extension-chico.jpg","contentUrl":"https:\/\/ffyh.unc.edu.ar\/extension\/wp-content\/uploads\/sites\/2\/2018\/08\/logo-extension-chico.jpg","width":314,"height":119,"caption":"Secretar\u00eda de Extensi\u00f3n - Facultad de Filosof\u00eda y Humanidades - Universidad Nacional de C\u00f3rdoba"},"image":{"@id":"https:\/\/ffyh.unc.edu.ar\/extension\/#\/schema\/logo\/image\/"},"sameAs":["https:\/\/www.facebook.com\/extensionffyh","https:\/\/www.instagram.com\/extensionffyh\/","https:\/\/www.youtube.com\/channel\/UCTgN4nvMQE7ktBcgujEI-EA"]}]}},"_links":{"self":[{"href":"https:\/\/ffyh.unc.edu.ar\/extension\/wp-json\/wp\/v2\/pages\/8165","targetHints":{"allow":["GET"]}}],"collection":[{"href":"https:\/\/ffyh.unc.edu.ar\/extension\/wp-json\/wp\/v2\/pages"}],"about":[{"href":"https:\/\/ffyh.unc.edu.ar\/extension\/wp-json\/wp\/v2\/types\/page"}],"author":[{"embeddable":true,"href":"https:\/\/ffyh.unc.edu.ar\/extension\/wp-json\/wp\/v2\/users\/3"}],"replies":[{"embeddable":true,"href":"https:\/\/ffyh.unc.edu.ar\/extension\/wp-json\/wp\/v2\/comments?post=8165"}],"version-history":[{"count":11,"href":"https:\/\/ffyh.unc.edu.ar\/extension\/wp-json\/wp\/v2\/pages\/8165\/revisions"}],"predecessor-version":[{"id":8666,"href":"https:\/\/ffyh.unc.edu.ar\/extension\/wp-json\/wp\/v2\/pages\/8165\/revisions\/8666"}],"wp:attachment":[{"href":"https:\/\/ffyh.unc.edu.ar\/extension\/wp-json\/wp\/v2\/media?parent=8165"}],"curies":[{"name":"wp","href":"https:\/\/api.w.org\/{rel}","templated":true}]}}