{"id":8179,"date":"2025-05-07T14:24:34","date_gmt":"2025-05-07T14:24:34","guid":{"rendered":"https:\/\/ffyh.unc.edu.ar\/extension\/?page_id=8179"},"modified":"2025-07-22T15:42:03","modified_gmt":"2025-07-22T15:42:03","slug":"programas","status":"publish","type":"page","link":"https:\/\/ffyh.unc.edu.ar\/extension\/programas\/","title":{"rendered":"Programas"},"content":{"rendered":"<p>Los Programas de Extensi\u00f3n forman parte de los lineamientos estrat\u00e9gicos de intervenci\u00f3n de la Secretar\u00eda de Extensi\u00f3n de la FFyH y abordan problem\u00e1ticas socialmente significativas, enmarcadas en la extensi\u00f3n cr\u00edtica desde un enfoque interdisciplinario. Los Programas se constituyen mediante diferentes procesos de vinculaci\u00f3n entre la Facultad y el resto de la sociedad. Estos procesos est\u00e1n orientados estrat\u00e9gicamente a fortalecer diferentes trayectorias previas en relaci\u00f3n a problemas o tem\u00e1ticas de intervenci\u00f3n, a trav\u00e9s de pr\u00e1cticas de trabajo territorial tendientes a la integralidad de funciones universitarias.<\/p>\n<p>Los Programas de Extensi\u00f3n tienen una duraci\u00f3n de 3 (tres) a\u00f1os, con posibilidad de renovarse por un per\u00edodo. Una vez aprobados, el desarrollo de la propuesta puede concretarse a trav\u00e9s de la presentaci\u00f3n de actividades y proyectos de extensi\u00f3n, o cursos de formaci\u00f3n. El equipo de trabajo puede estar integrado por estudiantes, nodocentes, docentes y graduades de la UNC, as\u00ed como por miembres de la comunidad pertinentes a la tem\u00e1tica del proyecto.<\/p>\n<p><strong>La postulaci\u00f3n para la presentaci\u00f3n de programas est\u00e1 abierta todo el a\u00f1o y se realiza mediante un formulario<\/strong> en el cual debe constar la problem\u00e1tica que se abordar\u00e1 en el Programa de Extensi\u00f3n, objetivos, metodolog\u00eda de vinculaci\u00f3n con las instituciones, organizaciones y\/o comunidad, una descripci\u00f3n de los proyectos y\/o acciones que lo componen, los antecedentes del Programa, y el modo en el que proponen acciones en el marco de una integralidad de funciones.<\/p>\n<p>Las propuestas podr\u00e1n ser presentadas por actores sociales de la comunidad, por miembres de la FFyH, de otras dependencias de la UNC o de otras universidades, siempre y cuando cuenten con une docente o no docente de la FFyH como responsable institucional, exhiba posibles articulaciones con el grado, y promueva la participaci\u00f3n de los distintos claustros de la FFyH.<\/p>\n<p>Una vez presentado el programa se solicita cada a\u00f1o un informe que resupere el proceso de trabajo. Al finalizar el periodo de tres a\u00f1os se solicita tambi\u00e9n un informe final que de cuenta de todo lo trabajado durante los tres a\u00f1os de videncia de proyecto.<\/p>\n<p><a href=\"http:\/\/ffyh.unc.edu.ar\/extension\/wp-content\/uploads\/sites\/2\/2023\/02\/Reglamento-programas.pdf\"> <img loading=\"lazy\" decoding=\"async\" class=\"alignnone wp-image-8173 size-full\" src=\"http:\/\/ffyh.unc.edu.ar\/extension\/wp-content\/uploads\/sites\/2\/2025\/05\/separadores-programas_Mesa-de-trabajo-1-copia-scaled.jpg\" alt=\"\" width=\"2560\" height=\"392\" srcset=\"https:\/\/ffyh.unc.edu.ar\/extension\/wp-content\/uploads\/sites\/2\/2025\/05\/separadores-programas_Mesa-de-trabajo-1-copia-scaled.jpg 2560w, https:\/\/ffyh.unc.edu.ar\/extension\/wp-content\/uploads\/sites\/2\/2025\/05\/separadores-programas_Mesa-de-trabajo-1-copia-300x46.jpg 300w, https:\/\/ffyh.unc.edu.ar\/extension\/wp-content\/uploads\/sites\/2\/2025\/05\/separadores-programas_Mesa-de-trabajo-1-copia-1024x157.jpg 1024w, https:\/\/ffyh.unc.edu.ar\/extension\/wp-content\/uploads\/sites\/2\/2025\/05\/separadores-programas_Mesa-de-trabajo-1-copia-768x118.jpg 768w, https:\/\/ffyh.unc.edu.ar\/extension\/wp-content\/uploads\/sites\/2\/2025\/05\/separadores-programas_Mesa-de-trabajo-1-copia-1536x235.jpg 1536w, https:\/\/ffyh.unc.edu.ar\/extension\/wp-content\/uploads\/sites\/2\/2025\/05\/separadores-programas_Mesa-de-trabajo-1-copia-2048x314.jpg 2048w\" sizes=\"(max-width: 2560px) 100vw, 2560px\" \/><\/a><\/p>\n<p><a href=\"https:\/\/ffyh.unc.edu.ar\/extension\/wp-content\/uploads\/sites\/2\/2023\/10\/Formulario-de-Presentacion-de-Programas-Nuevo-Reglamento-2.docx\"><img loading=\"lazy\" decoding=\"async\" class=\"alignnone wp-image-8172 size-full\" src=\"http:\/\/ffyh.unc.edu.ar\/extension\/wp-content\/uploads\/sites\/2\/2025\/05\/separadores-programas_Mesa-de-trabajo-1-copia-2-scaled.jpg\" alt=\"\" width=\"2560\" height=\"392\" srcset=\"https:\/\/ffyh.unc.edu.ar\/extension\/wp-content\/uploads\/sites\/2\/2025\/05\/separadores-programas_Mesa-de-trabajo-1-copia-2-scaled.jpg 2560w, https:\/\/ffyh.unc.edu.ar\/extension\/wp-content\/uploads\/sites\/2\/2025\/05\/separadores-programas_Mesa-de-trabajo-1-copia-2-300x46.jpg 300w, https:\/\/ffyh.unc.edu.ar\/extension\/wp-content\/uploads\/sites\/2\/2025\/05\/separadores-programas_Mesa-de-trabajo-1-copia-2-1024x157.jpg 1024w, https:\/\/ffyh.unc.edu.ar\/extension\/wp-content\/uploads\/sites\/2\/2025\/05\/separadores-programas_Mesa-de-trabajo-1-copia-2-768x118.jpg 768w, https:\/\/ffyh.unc.edu.ar\/extension\/wp-content\/uploads\/sites\/2\/2025\/05\/separadores-programas_Mesa-de-trabajo-1-copia-2-1536x235.jpg 1536w, https:\/\/ffyh.unc.edu.ar\/extension\/wp-content\/uploads\/sites\/2\/2025\/05\/separadores-programas_Mesa-de-trabajo-1-copia-2-2048x314.jpg 2048w\" sizes=\"(max-width: 2560px) 100vw, 2560px\" \/><\/a><\/p>\n<p>Desde la secci\u00f3n <a href=\"https:\/\/ffyh.unc.edu.ar\/extension\/formularios\/\">\u00abReglamentos y formularios\u00bb<\/a> pod\u00e9s acceder tambi\u00e9n al Formulario de Informe Anual, al Formulario de Informe Final y a la Grilla de evaluaci\u00f3n de programas.<\/p>\n<h5><a href=\"https:\/\/ffyh.unc.edu.ar\/extension\/programas\/prigramas-04\/\" rel=\"attachment wp-att-8642\"><img loading=\"lazy\" decoding=\"async\" class=\"wp-image-8642 size-large aligncenter\" src=\"http:\/\/ffyh.unc.edu.ar\/extension\/wp-content\/uploads\/sites\/2\/2025\/07\/prigramas-04-1024x113.jpg\" alt=\"\" width=\"800\" height=\"88\" srcset=\"https:\/\/ffyh.unc.edu.ar\/extension\/wp-content\/uploads\/sites\/2\/2025\/07\/prigramas-04-1024x113.jpg 1024w, https:\/\/ffyh.unc.edu.ar\/extension\/wp-content\/uploads\/sites\/2\/2025\/07\/prigramas-04-300x33.jpg 300w, https:\/\/ffyh.unc.edu.ar\/extension\/wp-content\/uploads\/sites\/2\/2025\/07\/prigramas-04-768x85.jpg 768w, https:\/\/ffyh.unc.edu.ar\/extension\/wp-content\/uploads\/sites\/2\/2025\/07\/prigramas-04-1536x170.jpg 1536w, https:\/\/ffyh.unc.edu.ar\/extension\/wp-content\/uploads\/sites\/2\/2025\/07\/prigramas-04-2048x226.jpg 2048w\" sizes=\"(max-width: 800px) 100vw, 800px\" \/><\/a><\/h5>\n<h3>Filosofar con ni\u00f1xs en territorio<\/h3>\n<p>Coordinador General: Sergio Ra\u00fal Andrade<\/p>\n<p style=\"text-align: center\"><a href=\"https:\/\/taplink.cc\/filosofar.con.ninxs\"><img loading=\"lazy\" decoding=\"async\" class=\"wp-image-8180 alignleft\" src=\"http:\/\/ffyh.unc.edu.ar\/extension\/wp-content\/uploads\/sites\/2\/2025\/05\/filosofar.png\" alt=\"\" width=\"300\" height=\"300\" srcset=\"https:\/\/ffyh.unc.edu.ar\/extension\/wp-content\/uploads\/sites\/2\/2025\/05\/filosofar.png 300w, https:\/\/ffyh.unc.edu.ar\/extension\/wp-content\/uploads\/sites\/2\/2025\/05\/filosofar-150x150.png 150w\" sizes=\"(max-width: 300px) 100vw, 300px\" \/><\/a><\/p>\n<p>Filosofar con Ni\u00f1xs es un Proyecto investigativo y de intervenci\u00f3n pedag\u00f3gica que indaga en los procesos del pensar de y con ni\u00f1xs sobre una disciplina no presente en la curr\u00edcula escolar, que permite una mirada interrogativa sobre los propios procesos de todxs lxs sujetxs que participan de sus experiencias. As\u00ed tambi\u00e9n, realiza acciones en espacios sociocomunitarios en forma continua y eventual. Experiencias indagativas y de intervenci\u00f3n que, en las edades con las cuales se plantea el filosofar, con las caracter\u00edsticas de involucrar a lxs distintxs sujetxs de la comunidad educativa en espacios de intervenci\u00f3n -dentro y fuera de la escuela-, no encuentra referencias, por lo menos en la Provincia de C\u00f3rdoba.<\/p>\n<p>Como Proyecto realiza sus intervenciones y propuestas desde 1995 en forma ininterrumpida. Si bien las problematizaciones se construyen en los territorios con lxs sujetxs e instituciones u organizaciones sociales implicadas, el trabajo dentro del Programa ha tematizado fuertemente: la Educaci\u00f3n Sexual Integral, la educaci\u00f3n pol\u00edtica de las infancias y la politizaci\u00f3n de las acciones de todxs en pr\u00e1cticas educativas, la Educaci\u00f3n Ambiental Integral, entre otras. Estas tem\u00e1ticas fueron problematizadas en las propuestas de formaci\u00f3n continua que se realizaron en el desarrollo del per\u00edodo informado.<\/p>\n<hr \/>\n<h3>Programa en Promoci\u00f3n y Animaci\u00f3n a la Lectura y a la Escritura (PROPALE)<\/h3>\n<p>Coordinadora General: Dra. Susana Mar\u00eda G\u00f3mez<a href=\"https:\/\/www.instagram.com\/propaleando\"><br \/>\n<img loading=\"lazy\" decoding=\"async\" class=\"wp-image-6919 size-full alignleft\" src=\"http:\/\/ffyh.unc.edu.ar\/extension\/wp-content\/uploads\/sites\/2\/2024\/08\/logo_propale.jpeg\" alt=\"\" width=\"563\" height=\"209\" srcset=\"https:\/\/ffyh.unc.edu.ar\/extension\/wp-content\/uploads\/sites\/2\/2024\/08\/logo_propale.jpeg 563w, https:\/\/ffyh.unc.edu.ar\/extension\/wp-content\/uploads\/sites\/2\/2024\/08\/logo_propale-300x111.jpeg 300w\" sizes=\"(max-width: 563px) 100vw, 563px\" \/><\/a><\/p>\n<p>PROPALE trabaja en cuatro l\u00edneas centrales:<\/p>\n<p>a) Animaci\u00f3n a la lectura como pr\u00e1ctica social y comunitaria a partir de la formaci\u00f3n profesional en Letras y en carreras afines; se busca orientar y dise\u00f1ar acciones espec\u00edficas situadas en territorios e instituciones en trabajo conjunto con la comunidad.<\/p>\n<p>b) Difusi\u00f3n de la literatura destinada a la infancia y juventudes, tambi\u00e9n la literatura en general, sosteniendo la lectura literaria en tanto es un aporte necesario en la participaci\u00f3n en la vida cultural.<\/p>\n<p>c) Compartir la libre expresi\u00f3n de las ideas en las comunidades y para el desarrollo de la expresi\u00f3n verbal art\u00edstica como actuaci\u00f3n productora de sentidos sobre s\u00ed y en la sociedad, especialmente en los ni\u00f1os y j\u00f3venes y dise\u00f1o y creaci\u00f3n de oportunidades de lectura en barrios y centros comunitarios urbanos o rurales dando acceso a bienes literarios y a los valores simb\u00f3licos del compartir el arte; d) la preservaci\u00f3n y difusi\u00f3n de la historia de la LIJ en el Fondo Malicha C. de Leguizam\u00f3n en nuestra Biblioteca, parte del patrimonio cultural material e intangible de la ciudad en actividades abiertas.<\/p>\n","protected":false},"excerpt":{"rendered":"<p>Los Programas de Extensi\u00f3n forman parte de los lineamientos estrat\u00e9gicos de intervenci\u00f3n de la Secretar\u00eda de Extensi\u00f3n de la FFyH<\/p>\n","protected":false},"author":3,"featured_media":0,"parent":0,"menu_order":0,"comment_status":"closed","ping_status":"closed","template":"","meta":{"_acf_changed":false,"saved_in_kubio":false,"colormag_page_container_layout":"default_layout","colormag_page_sidebar_layout":"default_layout","footnotes":""},"class_list":["post-8179","page","type-page","status-publish","hentry"],"acf":[],"kubio_ai_page_context":{"short_desc":"","purpose":"general"},"yoast_head":"<!-- This site is optimized with the Yoast SEO plugin v27.1.1 - https:\/\/yoast.com\/product\/yoast-seo-wordpress\/ -->\n<title>Programas - Secretar\u00eda de Extensi\u00f3n<\/title>\n<meta name=\"robots\" content=\"index, follow, max-snippet:-1, max-image-preview:large, max-video-preview:-1\" \/>\n<link rel=\"canonical\" href=\"https:\/\/ffyh.unc.edu.ar\/extension\/programas\/\" \/>\n<meta property=\"og:locale\" content=\"es_ES\" \/>\n<meta property=\"og:type\" content=\"article\" \/>\n<meta property=\"og:title\" content=\"Programas - Secretar\u00eda de Extensi\u00f3n\" \/>\n<meta property=\"og:description\" content=\"Los Programas de Extensi\u00f3n forman parte de los lineamientos estrat\u00e9gicos de intervenci\u00f3n de la Secretar\u00eda de Extensi\u00f3n de la FFyH\" \/>\n<meta property=\"og:url\" content=\"https:\/\/ffyh.unc.edu.ar\/extension\/programas\/\" \/>\n<meta property=\"og:site_name\" content=\"Secretar\u00eda de Extensi\u00f3n\" \/>\n<meta property=\"article:publisher\" content=\"https:\/\/www.facebook.com\/extensionffyh\" \/>\n<meta property=\"article:modified_time\" content=\"2025-07-22T15:42:03+00:00\" \/>\n<meta property=\"og:image\" content=\"https:\/\/ffyh.unc.edu.ar\/extension\/wp-content\/uploads\/sites\/2\/2025\/05\/separadores-programas_Mesa-de-trabajo-1-copia-scaled.jpg\" \/>\n\t<meta property=\"og:image:width\" content=\"2560\" \/>\n\t<meta property=\"og:image:height\" content=\"392\" \/>\n\t<meta property=\"og:image:type\" content=\"image\/jpeg\" \/>\n<meta name=\"twitter:card\" content=\"summary_large_image\" \/>\n<meta name=\"twitter:label1\" content=\"Tiempo de lectura\" \/>\n\t<meta name=\"twitter:data1\" content=\"4 minutos\" \/>\n<script type=\"application\/ld+json\" class=\"yoast-schema-graph\">{\"@context\":\"https:\/\/schema.org\",\"@graph\":[{\"@type\":\"WebPage\",\"@id\":\"https:\/\/ffyh.unc.edu.ar\/extension\/programas\/\",\"url\":\"https:\/\/ffyh.unc.edu.ar\/extension\/programas\/\",\"name\":\"Programas - Secretar\u00eda de Extensi\u00f3n\",\"isPartOf\":{\"@id\":\"https:\/\/ffyh.unc.edu.ar\/extension\/#website\"},\"primaryImageOfPage\":{\"@id\":\"https:\/\/ffyh.unc.edu.ar\/extension\/programas\/#primaryimage\"},\"image\":{\"@id\":\"https:\/\/ffyh.unc.edu.ar\/extension\/programas\/#primaryimage\"},\"thumbnailUrl\":\"http:\/\/ffyh.unc.edu.ar\/extension\/wp-content\/uploads\/sites\/2\/2025\/05\/separadores-programas_Mesa-de-trabajo-1-copia-scaled.jpg\",\"datePublished\":\"2025-05-07T14:24:34+00:00\",\"dateModified\":\"2025-07-22T15:42:03+00:00\",\"breadcrumb\":{\"@id\":\"https:\/\/ffyh.unc.edu.ar\/extension\/programas\/#breadcrumb\"},\"inLanguage\":\"es\",\"potentialAction\":[{\"@type\":\"ReadAction\",\"target\":[\"https:\/\/ffyh.unc.edu.ar\/extension\/programas\/\"]}]},{\"@type\":\"ImageObject\",\"inLanguage\":\"es\",\"@id\":\"https:\/\/ffyh.unc.edu.ar\/extension\/programas\/#primaryimage\",\"url\":\"https:\/\/ffyh.unc.edu.ar\/extension\/wp-content\/uploads\/sites\/2\/2025\/05\/separadores-programas_Mesa-de-trabajo-1-copia-scaled.jpg\",\"contentUrl\":\"https:\/\/ffyh.unc.edu.ar\/extension\/wp-content\/uploads\/sites\/2\/2025\/05\/separadores-programas_Mesa-de-trabajo-1-copia-scaled.jpg\",\"width\":2560,\"height\":392},{\"@type\":\"BreadcrumbList\",\"@id\":\"https:\/\/ffyh.unc.edu.ar\/extension\/programas\/#breadcrumb\",\"itemListElement\":[{\"@type\":\"ListItem\",\"position\":1,\"name\":\"Portada\",\"item\":\"https:\/\/ffyh.unc.edu.ar\/extension\/\"},{\"@type\":\"ListItem\",\"position\":2,\"name\":\"Programas\"}]},{\"@type\":\"WebSite\",\"@id\":\"https:\/\/ffyh.unc.edu.ar\/extension\/#website\",\"url\":\"https:\/\/ffyh.unc.edu.ar\/extension\/\",\"name\":\"Secretar\u00eda de Extensi\u00f3n\",\"description\":\"Facultad de Filosof\u00eda y Humanidades - Universidad Nacional de C\u00f3rdoba\",\"publisher\":{\"@id\":\"https:\/\/ffyh.unc.edu.ar\/extension\/#organization\"},\"potentialAction\":[{\"@type\":\"SearchAction\",\"target\":{\"@type\":\"EntryPoint\",\"urlTemplate\":\"https:\/\/ffyh.unc.edu.ar\/extension\/?s={search_term_string}\"},\"query-input\":{\"@type\":\"PropertyValueSpecification\",\"valueRequired\":true,\"valueName\":\"search_term_string\"}}],\"inLanguage\":\"es\"},{\"@type\":\"Organization\",\"@id\":\"https:\/\/ffyh.unc.edu.ar\/extension\/#organization\",\"name\":\"Secretar\u00eda de Extensi\u00f3n - Facultad de Filosof\u00eda y Humanidades - Universidad Nacional de C\u00f3rdoba\",\"url\":\"https:\/\/ffyh.unc.edu.ar\/extension\/\",\"logo\":{\"@type\":\"ImageObject\",\"inLanguage\":\"es\",\"@id\":\"https:\/\/ffyh.unc.edu.ar\/extension\/#\/schema\/logo\/image\/\",\"url\":\"https:\/\/ffyh.unc.edu.ar\/extension\/wp-content\/uploads\/sites\/2\/2018\/08\/logo-extension-chico.jpg\",\"contentUrl\":\"https:\/\/ffyh.unc.edu.ar\/extension\/wp-content\/uploads\/sites\/2\/2018\/08\/logo-extension-chico.jpg\",\"width\":314,\"height\":119,\"caption\":\"Secretar\u00eda de Extensi\u00f3n - Facultad de Filosof\u00eda y Humanidades - Universidad Nacional de C\u00f3rdoba\"},\"image\":{\"@id\":\"https:\/\/ffyh.unc.edu.ar\/extension\/#\/schema\/logo\/image\/\"},\"sameAs\":[\"https:\/\/www.facebook.com\/extensionffyh\",\"https:\/\/www.instagram.com\/extensionffyh\/\",\"https:\/\/www.youtube.com\/channel\/UCTgN4nvMQE7ktBcgujEI-EA\"]}]}<\/script>\n<!-- \/ Yoast SEO plugin. -->","yoast_head_json":{"title":"Programas - Secretar\u00eda de Extensi\u00f3n","robots":{"index":"index","follow":"follow","max-snippet":"max-snippet:-1","max-image-preview":"max-image-preview:large","max-video-preview":"max-video-preview:-1"},"canonical":"https:\/\/ffyh.unc.edu.ar\/extension\/programas\/","og_locale":"es_ES","og_type":"article","og_title":"Programas - Secretar\u00eda de Extensi\u00f3n","og_description":"Los Programas de Extensi\u00f3n forman parte de los lineamientos estrat\u00e9gicos de intervenci\u00f3n de la Secretar\u00eda de Extensi\u00f3n de la FFyH","og_url":"https:\/\/ffyh.unc.edu.ar\/extension\/programas\/","og_site_name":"Secretar\u00eda de Extensi\u00f3n","article_publisher":"https:\/\/www.facebook.com\/extensionffyh","article_modified_time":"2025-07-22T15:42:03+00:00","og_image":[{"width":2560,"height":392,"url":"https:\/\/ffyh.unc.edu.ar\/extension\/wp-content\/uploads\/sites\/2\/2025\/05\/separadores-programas_Mesa-de-trabajo-1-copia-scaled.jpg","type":"image\/jpeg"}],"twitter_card":"summary_large_image","twitter_misc":{"Tiempo de lectura":"4 minutos"},"schema":{"@context":"https:\/\/schema.org","@graph":[{"@type":"WebPage","@id":"https:\/\/ffyh.unc.edu.ar\/extension\/programas\/","url":"https:\/\/ffyh.unc.edu.ar\/extension\/programas\/","name":"Programas - Secretar\u00eda de Extensi\u00f3n","isPartOf":{"@id":"https:\/\/ffyh.unc.edu.ar\/extension\/#website"},"primaryImageOfPage":{"@id":"https:\/\/ffyh.unc.edu.ar\/extension\/programas\/#primaryimage"},"image":{"@id":"https:\/\/ffyh.unc.edu.ar\/extension\/programas\/#primaryimage"},"thumbnailUrl":"http:\/\/ffyh.unc.edu.ar\/extension\/wp-content\/uploads\/sites\/2\/2025\/05\/separadores-programas_Mesa-de-trabajo-1-copia-scaled.jpg","datePublished":"2025-05-07T14:24:34+00:00","dateModified":"2025-07-22T15:42:03+00:00","breadcrumb":{"@id":"https:\/\/ffyh.unc.edu.ar\/extension\/programas\/#breadcrumb"},"inLanguage":"es","potentialAction":[{"@type":"ReadAction","target":["https:\/\/ffyh.unc.edu.ar\/extension\/programas\/"]}]},{"@type":"ImageObject","inLanguage":"es","@id":"https:\/\/ffyh.unc.edu.ar\/extension\/programas\/#primaryimage","url":"https:\/\/ffyh.unc.edu.ar\/extension\/wp-content\/uploads\/sites\/2\/2025\/05\/separadores-programas_Mesa-de-trabajo-1-copia-scaled.jpg","contentUrl":"https:\/\/ffyh.unc.edu.ar\/extension\/wp-content\/uploads\/sites\/2\/2025\/05\/separadores-programas_Mesa-de-trabajo-1-copia-scaled.jpg","width":2560,"height":392},{"@type":"BreadcrumbList","@id":"https:\/\/ffyh.unc.edu.ar\/extension\/programas\/#breadcrumb","itemListElement":[{"@type":"ListItem","position":1,"name":"Portada","item":"https:\/\/ffyh.unc.edu.ar\/extension\/"},{"@type":"ListItem","position":2,"name":"Programas"}]},{"@type":"WebSite","@id":"https:\/\/ffyh.unc.edu.ar\/extension\/#website","url":"https:\/\/ffyh.unc.edu.ar\/extension\/","name":"Secretar\u00eda de Extensi\u00f3n","description":"Facultad de Filosof\u00eda y Humanidades - Universidad Nacional de C\u00f3rdoba","publisher":{"@id":"https:\/\/ffyh.unc.edu.ar\/extension\/#organization"},"potentialAction":[{"@type":"SearchAction","target":{"@type":"EntryPoint","urlTemplate":"https:\/\/ffyh.unc.edu.ar\/extension\/?s={search_term_string}"},"query-input":{"@type":"PropertyValueSpecification","valueRequired":true,"valueName":"search_term_string"}}],"inLanguage":"es"},{"@type":"Organization","@id":"https:\/\/ffyh.unc.edu.ar\/extension\/#organization","name":"Secretar\u00eda de Extensi\u00f3n - Facultad de Filosof\u00eda y Humanidades - Universidad Nacional de C\u00f3rdoba","url":"https:\/\/ffyh.unc.edu.ar\/extension\/","logo":{"@type":"ImageObject","inLanguage":"es","@id":"https:\/\/ffyh.unc.edu.ar\/extension\/#\/schema\/logo\/image\/","url":"https:\/\/ffyh.unc.edu.ar\/extension\/wp-content\/uploads\/sites\/2\/2018\/08\/logo-extension-chico.jpg","contentUrl":"https:\/\/ffyh.unc.edu.ar\/extension\/wp-content\/uploads\/sites\/2\/2018\/08\/logo-extension-chico.jpg","width":314,"height":119,"caption":"Secretar\u00eda de Extensi\u00f3n - Facultad de Filosof\u00eda y Humanidades - Universidad Nacional de C\u00f3rdoba"},"image":{"@id":"https:\/\/ffyh.unc.edu.ar\/extension\/#\/schema\/logo\/image\/"},"sameAs":["https:\/\/www.facebook.com\/extensionffyh","https:\/\/www.instagram.com\/extensionffyh\/","https:\/\/www.youtube.com\/channel\/UCTgN4nvMQE7ktBcgujEI-EA"]}]}},"_links":{"self":[{"href":"https:\/\/ffyh.unc.edu.ar\/extension\/wp-json\/wp\/v2\/pages\/8179","targetHints":{"allow":["GET"]}}],"collection":[{"href":"https:\/\/ffyh.unc.edu.ar\/extension\/wp-json\/wp\/v2\/pages"}],"about":[{"href":"https:\/\/ffyh.unc.edu.ar\/extension\/wp-json\/wp\/v2\/types\/page"}],"author":[{"embeddable":true,"href":"https:\/\/ffyh.unc.edu.ar\/extension\/wp-json\/wp\/v2\/users\/3"}],"replies":[{"embeddable":true,"href":"https:\/\/ffyh.unc.edu.ar\/extension\/wp-json\/wp\/v2\/comments?post=8179"}],"version-history":[{"count":4,"href":"https:\/\/ffyh.unc.edu.ar\/extension\/wp-json\/wp\/v2\/pages\/8179\/revisions"}],"predecessor-version":[{"id":8645,"href":"https:\/\/ffyh.unc.edu.ar\/extension\/wp-json\/wp\/v2\/pages\/8179\/revisions\/8645"}],"wp:attachment":[{"href":"https:\/\/ffyh.unc.edu.ar\/extension\/wp-json\/wp\/v2\/media?parent=8179"}],"curies":[{"name":"wp","href":"https:\/\/api.w.org\/{rel}","templated":true}]}}