{"id":8634,"date":"2025-07-22T15:25:24","date_gmt":"2025-07-22T15:25:24","guid":{"rendered":"https:\/\/ffyh.unc.edu.ar\/extension\/?page_id=8634"},"modified":"2025-07-22T15:26:59","modified_gmt":"2025-07-22T15:26:59","slug":"proyectos-2023","status":"publish","type":"page","link":"https:\/\/ffyh.unc.edu.ar\/extension\/proyectos-2023\/","title":{"rendered":"Proyectos 2023"},"content":{"rendered":"<h5>A\u00f1o 2023<\/h5>\n<p><a href=\"http:\/\/ffyh.unc.edu.ar\/extension\/wp-content\/uploads\/sites\/2\/2024\/04\/Raices.-Narrativas-e-historias-de-la-escuela-albergue-Obispo-Salguero.pdf\" target=\"_blank\" rel=\"noopener\">\u201cRa\u00edces\u201d. Narrativas e historias de la escuela albergue Obispo Salguero<\/a><\/p>\n<p><a href=\"http:\/\/ffyh.unc.edu.ar\/extension\/wp-content\/uploads\/sites\/2\/2024\/04\/Ciencias-Sociales-y-cultura-visual-en-las-aulas-de-nivel-primario-produccion-de-recursos-aulicos.pdf\" target=\"_blank\" rel=\"noopener\">Ciencias Sociales y cultura visual en las aulas de nivel primario producci\u00f3n de recursos \u00e1ulicos<\/a><\/p>\n<p><a href=\"http:\/\/ffyh.unc.edu.ar\/extension\/wp-content\/uploads\/sites\/2\/2024\/04\/Conectando-saberes-online-creacion-de-contenidos-y-piezas-comunicacionales-desde-una-perspectiva-antropologica-para-las-redes-sociales-del-Programa-de-Arqueologia-Publica.pdf\" target=\"_blank\" rel=\"noopener\">Conectando saberes online, creaci\u00f3n de contenidos y piezas comunicacionales desde una perspectiva antropol\u00f3gica para las redes sociales del Programa de Arqueolog\u00eda P\u00fablica<\/a><\/p>\n<p><a href=\"http:\/\/ffyh.unc.edu.ar\/extension\/wp-content\/uploads\/sites\/2\/2024\/04\/El-archivo-de-Familiares.-Puesta-en-valor-patrimonial-y-rescate-documental-del-acervo-de-un-organismo-de-derechos-humanos-local.pdf\" target=\"_blank\" rel=\"noopener\">El archivo de Familiares. Puesta en valor patrimonial y rescate documental del acervo de un organismo de derechos humanos local<\/a><\/p>\n<p><a href=\"http:\/\/ffyh.unc.edu.ar\/extension\/wp-content\/uploads\/sites\/2\/2024\/04\/El-cine-llega-al-barrio.-Mujeres-migrantes-y-derecho-a-la-cultura.pdf\" target=\"_blank\" rel=\"noopener\">El cine llega al barrio. Mujeres migrantes y derecho a la cultura<\/a><\/p>\n<p><a href=\"http:\/\/ffyh.unc.edu.ar\/extension\/wp-content\/uploads\/sites\/2\/2024\/04\/Experiencias-y-sentidos-de-les-alumnes-del-nivel-secundario-del-Instituto-de-Educacion-Especial-A.Re_.N.pdf\" target=\"_blank\" rel=\"noopener\">Experiencias y sentidos de les alumnes del nivel secundario del Instituto de Educaci\u00f3n Especial A.Re.N.A<\/a><\/p>\n<p><a href=\"http:\/\/ffyh.unc.edu.ar\/extension\/wp-content\/uploads\/sites\/2\/2024\/04\/Intersecciones-dialogos-y-reflexiones-en-torno-a-las-practicas-arqueologicas-en-el-sur-de-Punilla.pdf\" target=\"_blank\" rel=\"noopener\">Intersecciones, di\u00e1logos y reflexiones en torno a las pr\u00e1cticas arqueol\u00f3gicas en el sur de Punilla, C\u00f3rdoba<\/a><\/p>\n<p><a href=\"http:\/\/ffyh.unc.edu.ar\/extension\/wp-content\/uploads\/sites\/2\/2024\/04\/La-socializacion-de-memorias-como-herramienta-para-democratizar-el-pasado.-Aportes-para-la-recuperacion-de-la-experiencia-insiliar-en-un-archivo-historico-oral.pdf\" target=\"_blank\" rel=\"noopener\">La socializaci\u00f3n de memorias como herramienta para democratizar el pasado. Aportes para la recuperaci\u00f3n de la experiencia insiliar en un archivo hist\u00f3rico \u2013 oral<\/a><\/p>\n<p><a href=\"http:\/\/ffyh.unc.edu.ar\/extension\/wp-content\/uploads\/sites\/2\/2024\/04\/Relatos-y-experiencias-de-juego.pdf\" target=\"_blank\" rel=\"noopener\">Relatos y experiencias de juego de los\/as ni\u00f1os\/as del Jard\u00edn Primer Teniente \u00c1vila de Barrio Parque Republica. Aproximaciones a la intervenci\u00f3n en la formaci\u00f3n de pedagogo en clave interdisciplinaria<\/a><\/p>\n<p><a href=\"http:\/\/ffyh.unc.edu.ar\/extension\/wp-content\/uploads\/sites\/2\/2024\/04\/Taller-de-lectura-y-escritura-de-cartas-La-palabra-como-experiencia.pdf\" target=\"_blank\" rel=\"noopener\">Taller de lectura y escritura de cartas La palabra como experiencia<\/a><\/p>\n<p><a href=\"http:\/\/ffyh.unc.edu.ar\/extension\/wp-content\/uploads\/sites\/2\/2024\/04\/Un-Refugio-para-el-Museo-1.pdf\" target=\"_blank\" rel=\"noopener\">Un Refugio para el Museo. Aporte del apoyo pedag\u00f3gico de tutor\u00edas, armado y gesti\u00f3n de Muestras Museogr\u00e1ficas y material gr\u00e1fico con fines pedag\u00f3gicos en el CENMA que funciona en el Refugio Libertad de Jos\u00e9 de la Quintana<\/a><\/p>\n","protected":false},"excerpt":{"rendered":"<p>A\u00f1o 2023 \u201cRa\u00edces\u201d. Narrativas e historias de la escuela albergue Obispo Salguero Ciencias Sociales y cultura visual en las aulas<\/p>\n","protected":false},"author":3,"featured_media":0,"parent":0,"menu_order":0,"comment_status":"closed","ping_status":"closed","template":"","meta":{"_acf_changed":false,"saved_in_kubio":false,"colormag_page_container_layout":"default_layout","colormag_page_sidebar_layout":"default_layout","footnotes":""},"class_list":["post-8634","page","type-page","status-publish","hentry"],"acf":[],"kubio_ai_page_context":{"short_desc":"","purpose":"general"},"yoast_head":"<!-- This site is optimized with the Yoast SEO plugin v27.1.1 - https:\/\/yoast.com\/product\/yoast-seo-wordpress\/ -->\n<title>Proyectos 2023 - Secretar\u00eda de Extensi\u00f3n<\/title>\n<meta name=\"robots\" content=\"index, follow, max-snippet:-1, max-image-preview:large, max-video-preview:-1\" \/>\n<link rel=\"canonical\" href=\"https:\/\/ffyh.unc.edu.ar\/extension\/proyectos-2023\/\" \/>\n<meta property=\"og:locale\" content=\"es_ES\" \/>\n<meta property=\"og:type\" content=\"article\" \/>\n<meta property=\"og:title\" content=\"Proyectos 2023 - Secretar\u00eda de Extensi\u00f3n\" \/>\n<meta property=\"og:description\" content=\"A\u00f1o 2023 \u201cRa\u00edces\u201d. Narrativas e historias de la escuela albergue Obispo Salguero Ciencias Sociales y cultura visual en las aulas\" \/>\n<meta property=\"og:url\" content=\"https:\/\/ffyh.unc.edu.ar\/extension\/proyectos-2023\/\" \/>\n<meta property=\"og:site_name\" content=\"Secretar\u00eda de Extensi\u00f3n\" \/>\n<meta property=\"article:publisher\" content=\"https:\/\/www.facebook.com\/extensionffyh\" \/>\n<meta property=\"article:modified_time\" content=\"2025-07-22T15:26:59+00:00\" \/>\n<meta name=\"twitter:card\" content=\"summary_large_image\" \/>\n<meta name=\"twitter:label1\" content=\"Tiempo de lectura\" \/>\n\t<meta name=\"twitter:data1\" content=\"1 minuto\" \/>\n<script type=\"application\/ld+json\" class=\"yoast-schema-graph\">{\"@context\":\"https:\/\/schema.org\",\"@graph\":[{\"@type\":\"WebPage\",\"@id\":\"https:\/\/ffyh.unc.edu.ar\/extension\/proyectos-2023\/\",\"url\":\"https:\/\/ffyh.unc.edu.ar\/extension\/proyectos-2023\/\",\"name\":\"Proyectos 2023 - Secretar\u00eda de Extensi\u00f3n\",\"isPartOf\":{\"@id\":\"https:\/\/ffyh.unc.edu.ar\/extension\/#website\"},\"datePublished\":\"2025-07-22T15:25:24+00:00\",\"dateModified\":\"2025-07-22T15:26:59+00:00\",\"breadcrumb\":{\"@id\":\"https:\/\/ffyh.unc.edu.ar\/extension\/proyectos-2023\/#breadcrumb\"},\"inLanguage\":\"es\",\"potentialAction\":[{\"@type\":\"ReadAction\",\"target\":[\"https:\/\/ffyh.unc.edu.ar\/extension\/proyectos-2023\/\"]}]},{\"@type\":\"BreadcrumbList\",\"@id\":\"https:\/\/ffyh.unc.edu.ar\/extension\/proyectos-2023\/#breadcrumb\",\"itemListElement\":[{\"@type\":\"ListItem\",\"position\":1,\"name\":\"Portada\",\"item\":\"https:\/\/ffyh.unc.edu.ar\/extension\/\"},{\"@type\":\"ListItem\",\"position\":2,\"name\":\"Proyectos 2023\"}]},{\"@type\":\"WebSite\",\"@id\":\"https:\/\/ffyh.unc.edu.ar\/extension\/#website\",\"url\":\"https:\/\/ffyh.unc.edu.ar\/extension\/\",\"name\":\"Secretar\u00eda de Extensi\u00f3n\",\"description\":\"Facultad de Filosof\u00eda y Humanidades - Universidad Nacional de C\u00f3rdoba\",\"publisher\":{\"@id\":\"https:\/\/ffyh.unc.edu.ar\/extension\/#organization\"},\"potentialAction\":[{\"@type\":\"SearchAction\",\"target\":{\"@type\":\"EntryPoint\",\"urlTemplate\":\"https:\/\/ffyh.unc.edu.ar\/extension\/?s={search_term_string}\"},\"query-input\":{\"@type\":\"PropertyValueSpecification\",\"valueRequired\":true,\"valueName\":\"search_term_string\"}}],\"inLanguage\":\"es\"},{\"@type\":\"Organization\",\"@id\":\"https:\/\/ffyh.unc.edu.ar\/extension\/#organization\",\"name\":\"Secretar\u00eda de Extensi\u00f3n - Facultad de Filosof\u00eda y Humanidades - Universidad Nacional de C\u00f3rdoba\",\"url\":\"https:\/\/ffyh.unc.edu.ar\/extension\/\",\"logo\":{\"@type\":\"ImageObject\",\"inLanguage\":\"es\",\"@id\":\"https:\/\/ffyh.unc.edu.ar\/extension\/#\/schema\/logo\/image\/\",\"url\":\"https:\/\/ffyh.unc.edu.ar\/extension\/wp-content\/uploads\/sites\/2\/2018\/08\/logo-extension-chico.jpg\",\"contentUrl\":\"https:\/\/ffyh.unc.edu.ar\/extension\/wp-content\/uploads\/sites\/2\/2018\/08\/logo-extension-chico.jpg\",\"width\":314,\"height\":119,\"caption\":\"Secretar\u00eda de Extensi\u00f3n - Facultad de Filosof\u00eda y Humanidades - Universidad Nacional de C\u00f3rdoba\"},\"image\":{\"@id\":\"https:\/\/ffyh.unc.edu.ar\/extension\/#\/schema\/logo\/image\/\"},\"sameAs\":[\"https:\/\/www.facebook.com\/extensionffyh\",\"https:\/\/www.instagram.com\/extensionffyh\/\",\"https:\/\/www.youtube.com\/channel\/UCTgN4nvMQE7ktBcgujEI-EA\"]}]}<\/script>\n<!-- \/ Yoast SEO plugin. -->","yoast_head_json":{"title":"Proyectos 2023 - Secretar\u00eda de Extensi\u00f3n","robots":{"index":"index","follow":"follow","max-snippet":"max-snippet:-1","max-image-preview":"max-image-preview:large","max-video-preview":"max-video-preview:-1"},"canonical":"https:\/\/ffyh.unc.edu.ar\/extension\/proyectos-2023\/","og_locale":"es_ES","og_type":"article","og_title":"Proyectos 2023 - Secretar\u00eda de Extensi\u00f3n","og_description":"A\u00f1o 2023 \u201cRa\u00edces\u201d. Narrativas e historias de la escuela albergue Obispo Salguero Ciencias Sociales y cultura visual en las aulas","og_url":"https:\/\/ffyh.unc.edu.ar\/extension\/proyectos-2023\/","og_site_name":"Secretar\u00eda de Extensi\u00f3n","article_publisher":"https:\/\/www.facebook.com\/extensionffyh","article_modified_time":"2025-07-22T15:26:59+00:00","twitter_card":"summary_large_image","twitter_misc":{"Tiempo de lectura":"1 minuto"},"schema":{"@context":"https:\/\/schema.org","@graph":[{"@type":"WebPage","@id":"https:\/\/ffyh.unc.edu.ar\/extension\/proyectos-2023\/","url":"https:\/\/ffyh.unc.edu.ar\/extension\/proyectos-2023\/","name":"Proyectos 2023 - Secretar\u00eda de Extensi\u00f3n","isPartOf":{"@id":"https:\/\/ffyh.unc.edu.ar\/extension\/#website"},"datePublished":"2025-07-22T15:25:24+00:00","dateModified":"2025-07-22T15:26:59+00:00","breadcrumb":{"@id":"https:\/\/ffyh.unc.edu.ar\/extension\/proyectos-2023\/#breadcrumb"},"inLanguage":"es","potentialAction":[{"@type":"ReadAction","target":["https:\/\/ffyh.unc.edu.ar\/extension\/proyectos-2023\/"]}]},{"@type":"BreadcrumbList","@id":"https:\/\/ffyh.unc.edu.ar\/extension\/proyectos-2023\/#breadcrumb","itemListElement":[{"@type":"ListItem","position":1,"name":"Portada","item":"https:\/\/ffyh.unc.edu.ar\/extension\/"},{"@type":"ListItem","position":2,"name":"Proyectos 2023"}]},{"@type":"WebSite","@id":"https:\/\/ffyh.unc.edu.ar\/extension\/#website","url":"https:\/\/ffyh.unc.edu.ar\/extension\/","name":"Secretar\u00eda de Extensi\u00f3n","description":"Facultad de Filosof\u00eda y Humanidades - Universidad Nacional de C\u00f3rdoba","publisher":{"@id":"https:\/\/ffyh.unc.edu.ar\/extension\/#organization"},"potentialAction":[{"@type":"SearchAction","target":{"@type":"EntryPoint","urlTemplate":"https:\/\/ffyh.unc.edu.ar\/extension\/?s={search_term_string}"},"query-input":{"@type":"PropertyValueSpecification","valueRequired":true,"valueName":"search_term_string"}}],"inLanguage":"es"},{"@type":"Organization","@id":"https:\/\/ffyh.unc.edu.ar\/extension\/#organization","name":"Secretar\u00eda de Extensi\u00f3n - Facultad de Filosof\u00eda y Humanidades - Universidad Nacional de C\u00f3rdoba","url":"https:\/\/ffyh.unc.edu.ar\/extension\/","logo":{"@type":"ImageObject","inLanguage":"es","@id":"https:\/\/ffyh.unc.edu.ar\/extension\/#\/schema\/logo\/image\/","url":"https:\/\/ffyh.unc.edu.ar\/extension\/wp-content\/uploads\/sites\/2\/2018\/08\/logo-extension-chico.jpg","contentUrl":"https:\/\/ffyh.unc.edu.ar\/extension\/wp-content\/uploads\/sites\/2\/2018\/08\/logo-extension-chico.jpg","width":314,"height":119,"caption":"Secretar\u00eda de Extensi\u00f3n - Facultad de Filosof\u00eda y Humanidades - Universidad Nacional de C\u00f3rdoba"},"image":{"@id":"https:\/\/ffyh.unc.edu.ar\/extension\/#\/schema\/logo\/image\/"},"sameAs":["https:\/\/www.facebook.com\/extensionffyh","https:\/\/www.instagram.com\/extensionffyh\/","https:\/\/www.youtube.com\/channel\/UCTgN4nvMQE7ktBcgujEI-EA"]}]}},"_links":{"self":[{"href":"https:\/\/ffyh.unc.edu.ar\/extension\/wp-json\/wp\/v2\/pages\/8634","targetHints":{"allow":["GET"]}}],"collection":[{"href":"https:\/\/ffyh.unc.edu.ar\/extension\/wp-json\/wp\/v2\/pages"}],"about":[{"href":"https:\/\/ffyh.unc.edu.ar\/extension\/wp-json\/wp\/v2\/types\/page"}],"author":[{"embeddable":true,"href":"https:\/\/ffyh.unc.edu.ar\/extension\/wp-json\/wp\/v2\/users\/3"}],"replies":[{"embeddable":true,"href":"https:\/\/ffyh.unc.edu.ar\/extension\/wp-json\/wp\/v2\/comments?post=8634"}],"version-history":[{"count":1,"href":"https:\/\/ffyh.unc.edu.ar\/extension\/wp-json\/wp\/v2\/pages\/8634\/revisions"}],"predecessor-version":[{"id":8636,"href":"https:\/\/ffyh.unc.edu.ar\/extension\/wp-json\/wp\/v2\/pages\/8634\/revisions\/8636"}],"wp:attachment":[{"href":"https:\/\/ffyh.unc.edu.ar\/extension\/wp-json\/wp\/v2\/media?parent=8634"}],"curies":[{"name":"wp","href":"https:\/\/api.w.org\/{rel}","templated":true}]}}