{"id":8637,"date":"2025-07-22T15:27:29","date_gmt":"2025-07-22T15:27:29","guid":{"rendered":"https:\/\/ffyh.unc.edu.ar\/extension\/?page_id=8637"},"modified":"2025-07-22T15:27:29","modified_gmt":"2025-07-22T15:27:29","slug":"proyectos-2022","status":"publish","type":"page","link":"https:\/\/ffyh.unc.edu.ar\/extension\/proyectos-2022\/","title":{"rendered":"Proyectos 2022"},"content":{"rendered":"<h5><strong>A\u00f1o 2022<\/strong><\/h5>\n<p><a href=\"http:\/\/ffyh.unc.edu.ar\/extension\/wp-content\/uploads\/sites\/2\/2022\/12\/Salvaguarda-del-periodico-La-idea-patrimonio-cultural-de-Cruz-del-Eje.pdf\" target=\"_blank\" rel=\"noopener\">Salvaguarda del peri\u00f3dico \u201cLa idea\u201d, patrimonio cultural de Cruz del Eje. Segunda Parte<\/a><\/p>\n<p><a href=\"http:\/\/ffyh.unc.edu.ar\/extension\/wp-content\/uploads\/sites\/2\/2022\/12\/Comunicacion-y-formacion-con-perspectiva-de-genero.-Derechos-y-problematicas-fundamentales-en-el-contexto-actual.pdf\" target=\"_blank\" rel=\"noopener\">Comunicaci\u00f3n y formaci\u00f3n con perspectiva de g\u00e9nero. Derechos y problem\u00e1ticas fundamentales en el contexto actual<\/a><\/p>\n<p><a href=\"http:\/\/ffyh.unc.edu.ar\/extension\/wp-content\/uploads\/sites\/2\/2022\/12\/Jovenes-y-Memoria-en-el-espacio-para-la-Memoria-Campo-de-la-Ribera.pdf\" target=\"_blank\" rel=\"noopener\">J\u00f3venes y Memoria en el espacio para la Memoria Campo de la Ribera<\/a><\/p>\n<p><a href=\"http:\/\/ffyh.unc.edu.ar\/extension\/wp-content\/uploads\/sites\/2\/2022\/12\/Acompanando-el-ordenamiento-territorial-participativo-en-la-Comuna-de-Villa-Cerro-Azul-Cordoba.pdf\" target=\"_blank\" rel=\"noopener\">Acompa\u00f1ando el ordenamiento territorial participativo en la Comuna de Villa Cerro Azul, C\u00f3rdoba<\/a><\/p>\n<p><a href=\"http:\/\/ffyh.unc.edu.ar\/extension\/wp-content\/uploads\/sites\/2\/2022\/12\/Patrimonio-Documental-y-Memoria.pdf\" target=\"_blank\" rel=\"noopener\">Patrimonio Documental y Memoria. Miradas desde la Archivolog\u00eda<\/a><\/p>\n<p><a href=\"http:\/\/ffyh.unc.edu.ar\/extension\/wp-content\/uploads\/sites\/2\/2022\/12\/Intersecciones-dialogos-y-reflexiones-en-torno-a-las-practicas-arqueologicas-en-el-sur-de-Punilla-Cordoba.pdf\" target=\"_blank\" rel=\"noopener\">Intersecciones, di\u00e1logos y reflexiones en torno a las pr\u00e1cticas arqueol\u00f3gicas en el sur de Punilla, C\u00f3rdoba<\/a><\/p>\n<p><a href=\"http:\/\/ffyh.unc.edu.ar\/extension\/wp-content\/uploads\/sites\/2\/2022\/12\/El-cine-llega-al-barrio.pdf\" target=\"_blank\" rel=\"noopener\">El cine llega al barrio. Mujeres migrantes y derecho a la cultura<\/a><\/p>\n<p><a href=\"http:\/\/ffyh.unc.edu.ar\/extension\/wp-content\/uploads\/sites\/2\/2022\/12\/Fortaleciendo-derechos-linguisticos-en-comunidades-de-personas-refugiadas-asiladas-y-migrantes.pdf\" target=\"_blank\" rel=\"noopener\">Fortaleciendo derechos ling\u00fc\u00edsticos en comunidades de personas refugiadas, asiladas y migrantes<\/a><\/p>\n<p><a href=\"http:\/\/ffyh.unc.edu.ar\/extension\/wp-content\/uploads\/sites\/2\/2022\/12\/Desafios-y-oportunidades-de-la-nueva-normalidad_-articulando-la-practica-en-bibliotecas-y-la-ensenanza-de-la-bibliotecologia.pdf\" target=\"_blank\" rel=\"noopener\">Desaf\u00edos y oportunidades de la nueva normalidad: articulando la pr\u00e1ctica en bibliotecas y la ense\u00f1anza de la bibliotecolog\u00eda<\/a><\/p>\n<p><a href=\"http:\/\/ffyh.unc.edu.ar\/extension\/wp-content\/uploads\/sites\/2\/2022\/12\/Ciclo-Historias-de-Otono-e-Historias-de-Verano.pdf\" target=\"_blank\" rel=\"noopener\">Ciclo Historias de Oto\u00f1o e Historias de Verano. Cursos de Historia para adultos mayores<\/a><\/p>\n<p><a href=\"http:\/\/ffyh.unc.edu.ar\/extension\/wp-content\/uploads\/sites\/2\/2022\/12\/Ciclo-historias-de-invierno-e-historias-de-primavera.pdf\" target=\"_blank\" rel=\"noopener\">Ciclo historias de invierno e historias de primavera. Cursos de Historia para adultos mayores<\/a><\/p>\n<p><a href=\"http:\/\/ffyh.unc.edu.ar\/extension\/wp-content\/uploads\/sites\/2\/2022\/12\/Encuentros-de-escritura-y-lectura-en-el-marco-de-la-EPJA.pdf\" target=\"_blank\" rel=\"noopener\">Encuentros de escritura y lectura en el marco de la EPJA<\/a><\/p>\n<p><a href=\"http:\/\/ffyh.unc.edu.ar\/extension\/wp-content\/uploads\/sites\/2\/2022\/12\/Materiales-audiovisuales-para-Educacion-Tecnologica-Coleccionistas-de-artefactos.pdf\" target=\"_blank\" rel=\"noopener\">Materiales audiovisuales para Educaci\u00f3n Tecnol\u00f3gica- Coleccionistas de artefactos<\/a><\/p>\n<p><a href=\"http:\/\/ffyh.unc.edu.ar\/extension\/wp-content\/uploads\/sites\/2\/2022\/12\/Ninez-y-derechos-en-territorio_-espacio-sociopedagogico-de-acompanamiento-a-las-trayectorias-educativas-en-Villa-Cornu.pdf\" target=\"_blank\" rel=\"noopener\">Ni\u00f1ez y derechos en territorio: espacio sociopedag\u00f3gico de acompa\u00f1amiento a las trayectorias educativas en Villa Corn\u00fa<\/a><\/p>\n","protected":false},"excerpt":{"rendered":"<p>A\u00f1o 2022 Salvaguarda del peri\u00f3dico \u201cLa idea\u201d, patrimonio cultural de Cruz del Eje. Segunda Parte Comunicaci\u00f3n y formaci\u00f3n con perspectiva<\/p>\n","protected":false},"author":3,"featured_media":0,"parent":0,"menu_order":0,"comment_status":"closed","ping_status":"closed","template":"","meta":{"_acf_changed":false,"saved_in_kubio":false,"colormag_page_container_layout":"default_layout","colormag_page_sidebar_layout":"default_layout","footnotes":""},"class_list":["post-8637","page","type-page","status-publish","hentry"],"acf":[],"kubio_ai_page_context":{"short_desc":"","purpose":"general"},"yoast_head":"<!-- This site is optimized with the Yoast SEO plugin v27.1.1 - https:\/\/yoast.com\/product\/yoast-seo-wordpress\/ -->\n<title>Proyectos 2022 - Secretar\u00eda de Extensi\u00f3n<\/title>\n<meta name=\"robots\" content=\"index, follow, max-snippet:-1, max-image-preview:large, max-video-preview:-1\" \/>\n<link rel=\"canonical\" href=\"https:\/\/ffyh.unc.edu.ar\/extension\/proyectos-2022\/\" \/>\n<meta property=\"og:locale\" content=\"es_ES\" \/>\n<meta property=\"og:type\" content=\"article\" \/>\n<meta property=\"og:title\" content=\"Proyectos 2022 - Secretar\u00eda de Extensi\u00f3n\" \/>\n<meta property=\"og:description\" content=\"A\u00f1o 2022 Salvaguarda del peri\u00f3dico \u201cLa idea\u201d, patrimonio cultural de Cruz del Eje. Segunda Parte Comunicaci\u00f3n y formaci\u00f3n con perspectiva\" \/>\n<meta property=\"og:url\" content=\"https:\/\/ffyh.unc.edu.ar\/extension\/proyectos-2022\/\" \/>\n<meta property=\"og:site_name\" content=\"Secretar\u00eda de Extensi\u00f3n\" \/>\n<meta property=\"article:publisher\" content=\"https:\/\/www.facebook.com\/extensionffyh\" \/>\n<meta name=\"twitter:card\" content=\"summary_large_image\" \/>\n<meta name=\"twitter:label1\" content=\"Tiempo de lectura\" \/>\n\t<meta name=\"twitter:data1\" content=\"1 minuto\" \/>\n<script type=\"application\/ld+json\" class=\"yoast-schema-graph\">{\"@context\":\"https:\/\/schema.org\",\"@graph\":[{\"@type\":\"WebPage\",\"@id\":\"https:\/\/ffyh.unc.edu.ar\/extension\/proyectos-2022\/\",\"url\":\"https:\/\/ffyh.unc.edu.ar\/extension\/proyectos-2022\/\",\"name\":\"Proyectos 2022 - Secretar\u00eda de Extensi\u00f3n\",\"isPartOf\":{\"@id\":\"https:\/\/ffyh.unc.edu.ar\/extension\/#website\"},\"datePublished\":\"2025-07-22T15:27:29+00:00\",\"breadcrumb\":{\"@id\":\"https:\/\/ffyh.unc.edu.ar\/extension\/proyectos-2022\/#breadcrumb\"},\"inLanguage\":\"es\",\"potentialAction\":[{\"@type\":\"ReadAction\",\"target\":[\"https:\/\/ffyh.unc.edu.ar\/extension\/proyectos-2022\/\"]}]},{\"@type\":\"BreadcrumbList\",\"@id\":\"https:\/\/ffyh.unc.edu.ar\/extension\/proyectos-2022\/#breadcrumb\",\"itemListElement\":[{\"@type\":\"ListItem\",\"position\":1,\"name\":\"Portada\",\"item\":\"https:\/\/ffyh.unc.edu.ar\/extension\/\"},{\"@type\":\"ListItem\",\"position\":2,\"name\":\"Proyectos 2022\"}]},{\"@type\":\"WebSite\",\"@id\":\"https:\/\/ffyh.unc.edu.ar\/extension\/#website\",\"url\":\"https:\/\/ffyh.unc.edu.ar\/extension\/\",\"name\":\"Secretar\u00eda de Extensi\u00f3n\",\"description\":\"Facultad de Filosof\u00eda y Humanidades - Universidad Nacional de C\u00f3rdoba\",\"publisher\":{\"@id\":\"https:\/\/ffyh.unc.edu.ar\/extension\/#organization\"},\"potentialAction\":[{\"@type\":\"SearchAction\",\"target\":{\"@type\":\"EntryPoint\",\"urlTemplate\":\"https:\/\/ffyh.unc.edu.ar\/extension\/?s={search_term_string}\"},\"query-input\":{\"@type\":\"PropertyValueSpecification\",\"valueRequired\":true,\"valueName\":\"search_term_string\"}}],\"inLanguage\":\"es\"},{\"@type\":\"Organization\",\"@id\":\"https:\/\/ffyh.unc.edu.ar\/extension\/#organization\",\"name\":\"Secretar\u00eda de Extensi\u00f3n - Facultad de Filosof\u00eda y Humanidades - Universidad Nacional de C\u00f3rdoba\",\"url\":\"https:\/\/ffyh.unc.edu.ar\/extension\/\",\"logo\":{\"@type\":\"ImageObject\",\"inLanguage\":\"es\",\"@id\":\"https:\/\/ffyh.unc.edu.ar\/extension\/#\/schema\/logo\/image\/\",\"url\":\"https:\/\/ffyh.unc.edu.ar\/extension\/wp-content\/uploads\/sites\/2\/2018\/08\/logo-extension-chico.jpg\",\"contentUrl\":\"https:\/\/ffyh.unc.edu.ar\/extension\/wp-content\/uploads\/sites\/2\/2018\/08\/logo-extension-chico.jpg\",\"width\":314,\"height\":119,\"caption\":\"Secretar\u00eda de Extensi\u00f3n - Facultad de Filosof\u00eda y Humanidades - Universidad Nacional de C\u00f3rdoba\"},\"image\":{\"@id\":\"https:\/\/ffyh.unc.edu.ar\/extension\/#\/schema\/logo\/image\/\"},\"sameAs\":[\"https:\/\/www.facebook.com\/extensionffyh\",\"https:\/\/www.instagram.com\/extensionffyh\/\",\"https:\/\/www.youtube.com\/channel\/UCTgN4nvMQE7ktBcgujEI-EA\"]}]}<\/script>\n<!-- \/ Yoast SEO plugin. -->","yoast_head_json":{"title":"Proyectos 2022 - Secretar\u00eda de Extensi\u00f3n","robots":{"index":"index","follow":"follow","max-snippet":"max-snippet:-1","max-image-preview":"max-image-preview:large","max-video-preview":"max-video-preview:-1"},"canonical":"https:\/\/ffyh.unc.edu.ar\/extension\/proyectos-2022\/","og_locale":"es_ES","og_type":"article","og_title":"Proyectos 2022 - Secretar\u00eda de Extensi\u00f3n","og_description":"A\u00f1o 2022 Salvaguarda del peri\u00f3dico \u201cLa idea\u201d, patrimonio cultural de Cruz del Eje. Segunda Parte Comunicaci\u00f3n y formaci\u00f3n con perspectiva","og_url":"https:\/\/ffyh.unc.edu.ar\/extension\/proyectos-2022\/","og_site_name":"Secretar\u00eda de Extensi\u00f3n","article_publisher":"https:\/\/www.facebook.com\/extensionffyh","twitter_card":"summary_large_image","twitter_misc":{"Tiempo de lectura":"1 minuto"},"schema":{"@context":"https:\/\/schema.org","@graph":[{"@type":"WebPage","@id":"https:\/\/ffyh.unc.edu.ar\/extension\/proyectos-2022\/","url":"https:\/\/ffyh.unc.edu.ar\/extension\/proyectos-2022\/","name":"Proyectos 2022 - Secretar\u00eda de Extensi\u00f3n","isPartOf":{"@id":"https:\/\/ffyh.unc.edu.ar\/extension\/#website"},"datePublished":"2025-07-22T15:27:29+00:00","breadcrumb":{"@id":"https:\/\/ffyh.unc.edu.ar\/extension\/proyectos-2022\/#breadcrumb"},"inLanguage":"es","potentialAction":[{"@type":"ReadAction","target":["https:\/\/ffyh.unc.edu.ar\/extension\/proyectos-2022\/"]}]},{"@type":"BreadcrumbList","@id":"https:\/\/ffyh.unc.edu.ar\/extension\/proyectos-2022\/#breadcrumb","itemListElement":[{"@type":"ListItem","position":1,"name":"Portada","item":"https:\/\/ffyh.unc.edu.ar\/extension\/"},{"@type":"ListItem","position":2,"name":"Proyectos 2022"}]},{"@type":"WebSite","@id":"https:\/\/ffyh.unc.edu.ar\/extension\/#website","url":"https:\/\/ffyh.unc.edu.ar\/extension\/","name":"Secretar\u00eda de Extensi\u00f3n","description":"Facultad de Filosof\u00eda y Humanidades - Universidad Nacional de C\u00f3rdoba","publisher":{"@id":"https:\/\/ffyh.unc.edu.ar\/extension\/#organization"},"potentialAction":[{"@type":"SearchAction","target":{"@type":"EntryPoint","urlTemplate":"https:\/\/ffyh.unc.edu.ar\/extension\/?s={search_term_string}"},"query-input":{"@type":"PropertyValueSpecification","valueRequired":true,"valueName":"search_term_string"}}],"inLanguage":"es"},{"@type":"Organization","@id":"https:\/\/ffyh.unc.edu.ar\/extension\/#organization","name":"Secretar\u00eda de Extensi\u00f3n - Facultad de Filosof\u00eda y Humanidades - Universidad Nacional de C\u00f3rdoba","url":"https:\/\/ffyh.unc.edu.ar\/extension\/","logo":{"@type":"ImageObject","inLanguage":"es","@id":"https:\/\/ffyh.unc.edu.ar\/extension\/#\/schema\/logo\/image\/","url":"https:\/\/ffyh.unc.edu.ar\/extension\/wp-content\/uploads\/sites\/2\/2018\/08\/logo-extension-chico.jpg","contentUrl":"https:\/\/ffyh.unc.edu.ar\/extension\/wp-content\/uploads\/sites\/2\/2018\/08\/logo-extension-chico.jpg","width":314,"height":119,"caption":"Secretar\u00eda de Extensi\u00f3n - Facultad de Filosof\u00eda y Humanidades - Universidad Nacional de C\u00f3rdoba"},"image":{"@id":"https:\/\/ffyh.unc.edu.ar\/extension\/#\/schema\/logo\/image\/"},"sameAs":["https:\/\/www.facebook.com\/extensionffyh","https:\/\/www.instagram.com\/extensionffyh\/","https:\/\/www.youtube.com\/channel\/UCTgN4nvMQE7ktBcgujEI-EA"]}]}},"_links":{"self":[{"href":"https:\/\/ffyh.unc.edu.ar\/extension\/wp-json\/wp\/v2\/pages\/8637","targetHints":{"allow":["GET"]}}],"collection":[{"href":"https:\/\/ffyh.unc.edu.ar\/extension\/wp-json\/wp\/v2\/pages"}],"about":[{"href":"https:\/\/ffyh.unc.edu.ar\/extension\/wp-json\/wp\/v2\/types\/page"}],"author":[{"embeddable":true,"href":"https:\/\/ffyh.unc.edu.ar\/extension\/wp-json\/wp\/v2\/users\/3"}],"replies":[{"embeddable":true,"href":"https:\/\/ffyh.unc.edu.ar\/extension\/wp-json\/wp\/v2\/comments?post=8637"}],"version-history":[{"count":1,"href":"https:\/\/ffyh.unc.edu.ar\/extension\/wp-json\/wp\/v2\/pages\/8637\/revisions"}],"predecessor-version":[{"id":8639,"href":"https:\/\/ffyh.unc.edu.ar\/extension\/wp-json\/wp\/v2\/pages\/8637\/revisions\/8639"}],"wp:attachment":[{"href":"https:\/\/ffyh.unc.edu.ar\/extension\/wp-json\/wp\/v2\/media?parent=8637"}],"curies":[{"name":"wp","href":"https:\/\/api.w.org\/{rel}","templated":true}]}}