{"id":9109,"date":"2025-09-19T12:48:31","date_gmt":"2025-09-19T12:48:31","guid":{"rendered":"https:\/\/ffyh.unc.edu.ar\/extension\/?page_id=9109"},"modified":"2025-09-22T12:03:38","modified_gmt":"2025-09-22T12:03:38","slug":"jornadas-de-extension","status":"publish","type":"page","link":"https:\/\/ffyh.unc.edu.ar\/extension\/jornadas-de-extension\/","title":{"rendered":""},"content":{"rendered":"<p><a href=\"https:\/\/ffyh.unc.edu.ar\/extension\/jornadas-de-extension\/pagina-jornadasextension\/\" rel=\"attachment wp-att-9110\"><img loading=\"lazy\" decoding=\"async\" class=\"alignnone wp-image-9110 size-full\" src=\"http:\/\/ffyh.unc.edu.ar\/extension\/wp-content\/uploads\/sites\/2\/2025\/09\/pagina-jornadasextension.jpg\" alt=\"\" width=\"2318\" height=\"123\" srcset=\"https:\/\/ffyh.unc.edu.ar\/extension\/wp-content\/uploads\/sites\/2\/2025\/09\/pagina-jornadasextension.jpg 2318w, https:\/\/ffyh.unc.edu.ar\/extension\/wp-content\/uploads\/sites\/2\/2025\/09\/pagina-jornadasextension-300x16.jpg 300w, https:\/\/ffyh.unc.edu.ar\/extension\/wp-content\/uploads\/sites\/2\/2025\/09\/pagina-jornadasextension-1024x54.jpg 1024w, https:\/\/ffyh.unc.edu.ar\/extension\/wp-content\/uploads\/sites\/2\/2025\/09\/pagina-jornadasextension-768x41.jpg 768w, https:\/\/ffyh.unc.edu.ar\/extension\/wp-content\/uploads\/sites\/2\/2025\/09\/pagina-jornadasextension-1536x82.jpg 1536w, https:\/\/ffyh.unc.edu.ar\/extension\/wp-content\/uploads\/sites\/2\/2025\/09\/pagina-jornadasextension-2048x109.jpg 2048w\" sizes=\"(max-width: 2318px) 100vw, 2318px\" \/><\/a><\/p>\n<p>La extensi\u00f3n universitaria se constituy\u00f3 desde sus inicios como un espacio singular, a trav\u00e9s del cual quienes hacemos la universidad p\u00fablica cotidianamente \u2014docentes, estudiantes, egresades y nodocentes\u2014, producimos conocimiento de manera colaborativa con la sociedad a la cual pertenecemos.\u00a0Las Jornadas de Extensi\u00f3n de la Facultad de Filosof\u00eda y Humanidades que cada dos a\u00f1os organiza nuestra Secretar\u00eda tienen por objeto compartir miradas, reflexiones y experiencias extensionistas para seguir edificando no s\u00f3lo la universidad que queremos, sino tambi\u00e9n la universidad que deseamos.<\/p>\n<p>Desde una mirada situada en el paradigma de la extensi\u00f3n cr\u00edtica y que honra la historia de rebeld\u00eda de los reformistas del 18, las jornadas invitan a cuestionar el modo en el que entendemos los conocimientos, c\u00f3mo concebimos la formaci\u00f3n de profesionales y cu\u00e1l es la funci\u00f3n social de la universidad p\u00fablica.\u00a0 A trav\u00e9s de este evento pretendemos generar un espacio de discusi\u00f3n y socializaci\u00f3n de las diversas experiencias y reflexiones extensionistas, as\u00ed como tambi\u00e9n poner en di\u00e1logo los distintos modos y decisiones te\u00f3rico-pol\u00edticas que se ponen en juego en nuestras\u00a0 pr\u00e1cticas.<\/p>\n<p>Comprendemos la extensi\u00f3n como un modo de construcci\u00f3n conjunta de conocimientos y problem\u00e1ticas, a partir de las cuales se crean v\u00ednculos con otres sujetes sociales y territorios. Entendemos que este abordaje implica necesariamente un proceso de trabajo complejo en el cual se tensionan saberes y estructuras disciplinares e institucionales y que se encuentra articulado de modo integral con la investigaci\u00f3n y la ense\u00f1anza.<\/p>\n<p>Las 1\u00b0 Jornadas de extensi\u00f3n tuvieron lugar el 24 y 25 de agosto de 2023 y llevaron por t\u00edtulo: \u201cPensar y hacer extensi\u00f3n en la universidad p\u00fablica: pol\u00edtica, comunidad y territorios\u201d. La segunda edici\u00f3n se realiz\u00f3 el 4 y 5 de junio y se denomin\u00f3 \u00abDefender lo p\u00fablico desde la Extensi\u00f3n Universitaria\u00bb.<\/p>\n<blockquote><p>Desde <a href=\"https:\/\/ffyh.unc.edu.ar\/extension\/category\/jornadas-de-extension\/\">aqu\u00ed<\/a> se puede acceder a todas las novedades sobre las Jornadas de Extensi\u00f3n.<\/p><\/blockquote>\n<p>&nbsp;<\/p>\n","protected":false},"excerpt":{"rendered":"<p>La extensi\u00f3n universitaria se constituy\u00f3 desde sus inicios como un espacio singular, a trav\u00e9s del cual quienes hacemos la universidad<\/p>\n","protected":false},"author":3,"featured_media":0,"parent":0,"menu_order":0,"comment_status":"closed","ping_status":"closed","template":"","meta":{"_acf_changed":false,"saved_in_kubio":false,"colormag_page_container_layout":"default_layout","colormag_page_sidebar_layout":"default_layout","footnotes":""},"class_list":["post-9109","page","type-page","status-publish","hentry"],"acf":[],"kubio_ai_page_context":{"short_desc":"","purpose":"general"},"yoast_head":"<!-- This site is optimized with the Yoast SEO plugin v27.1.1 - https:\/\/yoast.com\/product\/yoast-seo-wordpress\/ -->\n<title>- Secretar\u00eda de Extensi\u00f3n<\/title>\n<meta name=\"robots\" content=\"index, follow, max-snippet:-1, max-image-preview:large, max-video-preview:-1\" \/>\n<link rel=\"canonical\" href=\"https:\/\/ffyh.unc.edu.ar\/extension\/jornadas-de-extension\/\" \/>\n<meta property=\"og:locale\" content=\"es_ES\" \/>\n<meta property=\"og:type\" content=\"article\" \/>\n<meta property=\"og:title\" content=\"- Secretar\u00eda de Extensi\u00f3n\" \/>\n<meta property=\"og:description\" content=\"La extensi\u00f3n universitaria se constituy\u00f3 desde sus inicios como un espacio singular, a trav\u00e9s del cual quienes hacemos la universidad\" \/>\n<meta property=\"og:url\" content=\"https:\/\/ffyh.unc.edu.ar\/extension\/jornadas-de-extension\/\" \/>\n<meta property=\"og:site_name\" content=\"Secretar\u00eda de Extensi\u00f3n\" \/>\n<meta property=\"article:publisher\" content=\"https:\/\/www.facebook.com\/extensionffyh\" \/>\n<meta property=\"article:modified_time\" content=\"2025-09-22T12:03:38+00:00\" \/>\n<meta property=\"og:image\" content=\"https:\/\/ffyh.unc.edu.ar\/extension\/wp-content\/uploads\/sites\/2\/2025\/09\/pagina-jornadasextension.jpg\" \/>\n\t<meta property=\"og:image:width\" content=\"2318\" \/>\n\t<meta property=\"og:image:height\" content=\"123\" \/>\n\t<meta property=\"og:image:type\" content=\"image\/jpeg\" \/>\n<meta name=\"twitter:card\" content=\"summary_large_image\" \/>\n<meta name=\"twitter:label1\" content=\"Tiempo de lectura\" \/>\n\t<meta name=\"twitter:data1\" content=\"2 minutos\" \/>\n<script type=\"application\/ld+json\" class=\"yoast-schema-graph\">{\"@context\":\"https:\/\/schema.org\",\"@graph\":[{\"@type\":\"WebPage\",\"@id\":\"https:\/\/ffyh.unc.edu.ar\/extension\/jornadas-de-extension\/\",\"url\":\"https:\/\/ffyh.unc.edu.ar\/extension\/jornadas-de-extension\/\",\"name\":\"- Secretar\u00eda de Extensi\u00f3n\",\"isPartOf\":{\"@id\":\"https:\/\/ffyh.unc.edu.ar\/extension\/#website\"},\"primaryImageOfPage\":{\"@id\":\"https:\/\/ffyh.unc.edu.ar\/extension\/jornadas-de-extension\/#primaryimage\"},\"image\":{\"@id\":\"https:\/\/ffyh.unc.edu.ar\/extension\/jornadas-de-extension\/#primaryimage\"},\"thumbnailUrl\":\"http:\/\/ffyh.unc.edu.ar\/extension\/wp-content\/uploads\/sites\/2\/2025\/09\/pagina-jornadasextension.jpg\",\"datePublished\":\"2025-09-19T12:48:31+00:00\",\"dateModified\":\"2025-09-22T12:03:38+00:00\",\"inLanguage\":\"es\",\"potentialAction\":[{\"@type\":\"ReadAction\",\"target\":[\"https:\/\/ffyh.unc.edu.ar\/extension\/jornadas-de-extension\/\"]}]},{\"@type\":\"ImageObject\",\"inLanguage\":\"es\",\"@id\":\"https:\/\/ffyh.unc.edu.ar\/extension\/jornadas-de-extension\/#primaryimage\",\"url\":\"https:\/\/ffyh.unc.edu.ar\/extension\/wp-content\/uploads\/sites\/2\/2025\/09\/pagina-jornadasextension.jpg\",\"contentUrl\":\"https:\/\/ffyh.unc.edu.ar\/extension\/wp-content\/uploads\/sites\/2\/2025\/09\/pagina-jornadasextension.jpg\",\"width\":2318,\"height\":123},{\"@type\":\"WebSite\",\"@id\":\"https:\/\/ffyh.unc.edu.ar\/extension\/#website\",\"url\":\"https:\/\/ffyh.unc.edu.ar\/extension\/\",\"name\":\"Secretar\u00eda de Extensi\u00f3n\",\"description\":\"Facultad de Filosof\u00eda y Humanidades - Universidad Nacional de C\u00f3rdoba\",\"publisher\":{\"@id\":\"https:\/\/ffyh.unc.edu.ar\/extension\/#organization\"},\"potentialAction\":[{\"@type\":\"SearchAction\",\"target\":{\"@type\":\"EntryPoint\",\"urlTemplate\":\"https:\/\/ffyh.unc.edu.ar\/extension\/?s={search_term_string}\"},\"query-input\":{\"@type\":\"PropertyValueSpecification\",\"valueRequired\":true,\"valueName\":\"search_term_string\"}}],\"inLanguage\":\"es\"},{\"@type\":\"Organization\",\"@id\":\"https:\/\/ffyh.unc.edu.ar\/extension\/#organization\",\"name\":\"Secretar\u00eda de Extensi\u00f3n - Facultad de Filosof\u00eda y Humanidades - Universidad Nacional de C\u00f3rdoba\",\"url\":\"https:\/\/ffyh.unc.edu.ar\/extension\/\",\"logo\":{\"@type\":\"ImageObject\",\"inLanguage\":\"es\",\"@id\":\"https:\/\/ffyh.unc.edu.ar\/extension\/#\/schema\/logo\/image\/\",\"url\":\"https:\/\/ffyh.unc.edu.ar\/extension\/wp-content\/uploads\/sites\/2\/2018\/08\/logo-extension-chico.jpg\",\"contentUrl\":\"https:\/\/ffyh.unc.edu.ar\/extension\/wp-content\/uploads\/sites\/2\/2018\/08\/logo-extension-chico.jpg\",\"width\":314,\"height\":119,\"caption\":\"Secretar\u00eda de Extensi\u00f3n - Facultad de Filosof\u00eda y Humanidades - Universidad Nacional de C\u00f3rdoba\"},\"image\":{\"@id\":\"https:\/\/ffyh.unc.edu.ar\/extension\/#\/schema\/logo\/image\/\"},\"sameAs\":[\"https:\/\/www.facebook.com\/extensionffyh\",\"https:\/\/www.instagram.com\/extensionffyh\/\",\"https:\/\/www.youtube.com\/channel\/UCTgN4nvMQE7ktBcgujEI-EA\"]}]}<\/script>\n<!-- \/ Yoast SEO plugin. -->","yoast_head_json":{"title":"- Secretar\u00eda de Extensi\u00f3n","robots":{"index":"index","follow":"follow","max-snippet":"max-snippet:-1","max-image-preview":"max-image-preview:large","max-video-preview":"max-video-preview:-1"},"canonical":"https:\/\/ffyh.unc.edu.ar\/extension\/jornadas-de-extension\/","og_locale":"es_ES","og_type":"article","og_title":"- Secretar\u00eda de Extensi\u00f3n","og_description":"La extensi\u00f3n universitaria se constituy\u00f3 desde sus inicios como un espacio singular, a trav\u00e9s del cual quienes hacemos la universidad","og_url":"https:\/\/ffyh.unc.edu.ar\/extension\/jornadas-de-extension\/","og_site_name":"Secretar\u00eda de Extensi\u00f3n","article_publisher":"https:\/\/www.facebook.com\/extensionffyh","article_modified_time":"2025-09-22T12:03:38+00:00","og_image":[{"width":2318,"height":123,"url":"https:\/\/ffyh.unc.edu.ar\/extension\/wp-content\/uploads\/sites\/2\/2025\/09\/pagina-jornadasextension.jpg","type":"image\/jpeg"}],"twitter_card":"summary_large_image","twitter_misc":{"Tiempo de lectura":"2 minutos"},"schema":{"@context":"https:\/\/schema.org","@graph":[{"@type":"WebPage","@id":"https:\/\/ffyh.unc.edu.ar\/extension\/jornadas-de-extension\/","url":"https:\/\/ffyh.unc.edu.ar\/extension\/jornadas-de-extension\/","name":"- Secretar\u00eda de Extensi\u00f3n","isPartOf":{"@id":"https:\/\/ffyh.unc.edu.ar\/extension\/#website"},"primaryImageOfPage":{"@id":"https:\/\/ffyh.unc.edu.ar\/extension\/jornadas-de-extension\/#primaryimage"},"image":{"@id":"https:\/\/ffyh.unc.edu.ar\/extension\/jornadas-de-extension\/#primaryimage"},"thumbnailUrl":"http:\/\/ffyh.unc.edu.ar\/extension\/wp-content\/uploads\/sites\/2\/2025\/09\/pagina-jornadasextension.jpg","datePublished":"2025-09-19T12:48:31+00:00","dateModified":"2025-09-22T12:03:38+00:00","inLanguage":"es","potentialAction":[{"@type":"ReadAction","target":["https:\/\/ffyh.unc.edu.ar\/extension\/jornadas-de-extension\/"]}]},{"@type":"ImageObject","inLanguage":"es","@id":"https:\/\/ffyh.unc.edu.ar\/extension\/jornadas-de-extension\/#primaryimage","url":"https:\/\/ffyh.unc.edu.ar\/extension\/wp-content\/uploads\/sites\/2\/2025\/09\/pagina-jornadasextension.jpg","contentUrl":"https:\/\/ffyh.unc.edu.ar\/extension\/wp-content\/uploads\/sites\/2\/2025\/09\/pagina-jornadasextension.jpg","width":2318,"height":123},{"@type":"WebSite","@id":"https:\/\/ffyh.unc.edu.ar\/extension\/#website","url":"https:\/\/ffyh.unc.edu.ar\/extension\/","name":"Secretar\u00eda de Extensi\u00f3n","description":"Facultad de Filosof\u00eda y Humanidades - Universidad Nacional de C\u00f3rdoba","publisher":{"@id":"https:\/\/ffyh.unc.edu.ar\/extension\/#organization"},"potentialAction":[{"@type":"SearchAction","target":{"@type":"EntryPoint","urlTemplate":"https:\/\/ffyh.unc.edu.ar\/extension\/?s={search_term_string}"},"query-input":{"@type":"PropertyValueSpecification","valueRequired":true,"valueName":"search_term_string"}}],"inLanguage":"es"},{"@type":"Organization","@id":"https:\/\/ffyh.unc.edu.ar\/extension\/#organization","name":"Secretar\u00eda de Extensi\u00f3n - Facultad de Filosof\u00eda y Humanidades - Universidad Nacional de C\u00f3rdoba","url":"https:\/\/ffyh.unc.edu.ar\/extension\/","logo":{"@type":"ImageObject","inLanguage":"es","@id":"https:\/\/ffyh.unc.edu.ar\/extension\/#\/schema\/logo\/image\/","url":"https:\/\/ffyh.unc.edu.ar\/extension\/wp-content\/uploads\/sites\/2\/2018\/08\/logo-extension-chico.jpg","contentUrl":"https:\/\/ffyh.unc.edu.ar\/extension\/wp-content\/uploads\/sites\/2\/2018\/08\/logo-extension-chico.jpg","width":314,"height":119,"caption":"Secretar\u00eda de Extensi\u00f3n - Facultad de Filosof\u00eda y Humanidades - Universidad Nacional de C\u00f3rdoba"},"image":{"@id":"https:\/\/ffyh.unc.edu.ar\/extension\/#\/schema\/logo\/image\/"},"sameAs":["https:\/\/www.facebook.com\/extensionffyh","https:\/\/www.instagram.com\/extensionffyh\/","https:\/\/www.youtube.com\/channel\/UCTgN4nvMQE7ktBcgujEI-EA"]}]}},"_links":{"self":[{"href":"https:\/\/ffyh.unc.edu.ar\/extension\/wp-json\/wp\/v2\/pages\/9109","targetHints":{"allow":["GET"]}}],"collection":[{"href":"https:\/\/ffyh.unc.edu.ar\/extension\/wp-json\/wp\/v2\/pages"}],"about":[{"href":"https:\/\/ffyh.unc.edu.ar\/extension\/wp-json\/wp\/v2\/types\/page"}],"author":[{"embeddable":true,"href":"https:\/\/ffyh.unc.edu.ar\/extension\/wp-json\/wp\/v2\/users\/3"}],"replies":[{"embeddable":true,"href":"https:\/\/ffyh.unc.edu.ar\/extension\/wp-json\/wp\/v2\/comments?post=9109"}],"version-history":[{"count":4,"href":"https:\/\/ffyh.unc.edu.ar\/extension\/wp-json\/wp\/v2\/pages\/9109\/revisions"}],"predecessor-version":[{"id":9124,"href":"https:\/\/ffyh.unc.edu.ar\/extension\/wp-json\/wp\/v2\/pages\/9109\/revisions\/9124"}],"wp:attachment":[{"href":"https:\/\/ffyh.unc.edu.ar\/extension\/wp-json\/wp\/v2\/media?parent=9109"}],"curies":[{"name":"wp","href":"https:\/\/api.w.org\/{rel}","templated":true}]}}