{"id":10,"date":"2014-05-27T16:35:21","date_gmt":"2014-05-27T16:35:21","guid":{"rendered":"http:\/\/www.ffyh.unc.edu.ar\/ciffyh\/femges\/?page_id=10"},"modified":"2014-05-27T16:35:21","modified_gmt":"2014-05-27T16:35:21","slug":"historia","status":"publish","type":"page","link":"https:\/\/ffyh.unc.edu.ar\/femges\/historia\/","title":{"rendered":"Historia"},"content":{"rendered":"<p style=\"text-align: left\"><a href=\"http:\/\/ffyh.unc.edu.ar\/femges\/wp-content\/uploads\/sites\/20\/2014\/05\/ni-una-menos-silueta-mujer-historia-femges.jpg\"><img loading=\"lazy\" decoding=\"async\" class=\"alignnone size-full wp-image-93\" src=\"http:\/\/ffyh.unc.edu.ar\/femges\/wp-content\/uploads\/sites\/20\/2014\/05\/ni-una-menos-silueta-mujer-historia-femges.jpg\" alt=\"ni-una-menos silueta mujer historia femges\" width=\"642\" height=\"366\" srcset=\"https:\/\/ffyh.unc.edu.ar\/femges\/wp-content\/uploads\/sites\/20\/2014\/05\/ni-una-menos-silueta-mujer-historia-femges.jpg 642w, https:\/\/ffyh.unc.edu.ar\/femges\/wp-content\/uploads\/sites\/20\/2014\/05\/ni-una-menos-silueta-mujer-historia-femges-300x171.jpg 300w\" sizes=\"auto, (max-width: 642px) 100vw, 642px\" \/><\/a><\/p>\n<p style=\"text-align: justify\">\n<h4 style=\"text-align: justify\"><strong>Desde el a\u00f1o 2014, el \u00c1rea FemGeS<\/strong>, perteneciente al CIFFyH de la UNC, se institucionaliz\u00f3 como resultado de las diversas acciones llevadas a cabo por el Programa Interdisciplinario de Estudios de Mujer y G\u00e9nero (PIEMG).<\/h4>\n<h4 style=\"text-align: justify\">El Programa Interdisciplinario de Estudios de Mujer y G\u00e9nero (o PIEMG) naci\u00f3 como lugar de encuentro de docentes e investigadorxs del CIFFyH, interesadxs en las tem\u00e1ticas y problem\u00e1ticas que, espec\u00edfica o prioritariamente, alcanzan a las mujeres.<\/h4>\n<h4 style=\"text-align: justify\"><strong>La creaci\u00f3n del FemGeS<\/strong> se basa en una trayectoria local de trabajo, reflexi\u00f3n e intercambio que ha crecido a lo largo de los a\u00f1os. El objetivo rector es, desde sus inicios como Programa Interdisciplinario de Estudios de Mujer y G\u00e9nero (PIEMG), analizar con conciencia cr\u00edtica los m\u00faltiples aspectos de las vidas, las historias y los saberes de las mujeres y de otras\/os sujetos que carecen de representaci\u00f3n pol\u00edtica, para contribuir a construir una sociedad m\u00e1s equitativa y justa.<\/h4>\n<h4 style=\"text-align: justify\">Como universitarixs, quienes integramos el FemGeS asumimos la responsabilidad social de promover el desarrollo de saberes y estrategias que contribuyan a la profunda transformaci\u00f3n de pr\u00e1cticas sociales injustas, desiguales y pol\u00edticas inequitativas.<\/h4>\n<h4 style=\"text-align: justify\">Antes de convertirse en \u00c1rea FemGeS, el PIEMG organiz\u00f3 desde 2001 a 2005 las Jornadas de Discurso Social y Construcci\u00f3n de Identidades: Mujer y G\u00e9nero, conjuntamente con el CEA (Centro de Estudios Avanzados de la Universidad Nacional de C\u00f3rdoba) y CISCSA (Centro de Intercambio y Servicios Cono Sur Argentina). Estas Jornadas fueron espacio de encuentro entre investigador*s del pa\u00eds y del exterior, un foro de debate sobre las problem\u00e1ticas de mujer y g\u00e9nero y tambi\u00e9n una instancia de difusi\u00f3n de conocimientos.<\/h4>\n<h4 style=\"text-align: justify\">En el a\u00f1o 2006 las mismas instituciones co-organizaron las VIII Jornadas Nacionales de Historia de las Mujeres y III Congreso Iberoamericano de Estudios de G\u00e9nero, a las que asistieron m\u00e1s de 800 personas -no s\u00f3lo acad\u00e9micxs sino tambi\u00e9n miembros de instituciones estatales y ONGs nacionales y extranjeras. Dicho evento cont\u00f3 con el financiamiento de FONCyT, UNIFEM, CONICET, Agencia de Cooperaci\u00f3n Espa\u00f1ola y la Agencia C\u00f3rdoba Ciencia.<\/h4>\n<h4 style=\"text-align: justify\">En el a\u00f1o 2009, el PIEMG co-organiz\u00f3 con el Programa de G\u00e9nero de la Secretar\u00eda de Extensi\u00f3n Universitaria de la UNC, el <em><strong>I Congreso Interdisciplinario sobre G\u00e9nero y Sociedad: Debates y pr\u00e1cticas en torno a Violencias de g\u00e9nero<\/strong><\/em>. Su objetivo fue promover el intercambio de saberes y pr\u00e1cticas entre los espacios acad\u00e9micos, las instituciones p\u00fablicas y\u00a0las organizaciones de la sociedad civil, para articular esfuerzos tendientes a la\u00a0erradicaci\u00f3n de las violencias de g\u00e9nero. Al congreso asistieron m\u00e1s de 300 personas, y en este caso tambi\u00e9n se trat\u00f3 no s\u00f3lo de acad\u00e9micxs sino tambi\u00e9n de miembros de instituciones estatales y ONGs de Argentina y otros pa\u00edses \u2013como Brasil, M\u00e9xico y Mozambique.<\/h4>\n<h4 style=\"text-align: justify\">A partir del a\u00f1o 2014, el PIEMG se convierte en el \u00c1rea FemGeS del CIFFyH (UNC).<\/h4>\n","protected":false},"excerpt":{"rendered":"<p>Desde el a\u00f1o 2014, el \u00c1rea FemGeS, perteneciente al CIFFyH de la UNC, se institucionaliz\u00f3 como resultado de las diversas acciones llevadas a cabo por el Programa Interdisciplinario de Estudios &hellip; <\/p>\n","protected":false},"author":1,"featured_media":0,"parent":0,"menu_order":0,"comment_status":"open","ping_status":"open","template":"","meta":{"_acf_changed":false,"footnotes":""},"class_list":["post-10","page","type-page","status-publish","hentry"],"acf":[],"_links":{"self":[{"href":"https:\/\/ffyh.unc.edu.ar\/femges\/wp-json\/wp\/v2\/pages\/10","targetHints":{"allow":["GET"]}}],"collection":[{"href":"https:\/\/ffyh.unc.edu.ar\/femges\/wp-json\/wp\/v2\/pages"}],"about":[{"href":"https:\/\/ffyh.unc.edu.ar\/femges\/wp-json\/wp\/v2\/types\/page"}],"author":[{"embeddable":true,"href":"https:\/\/ffyh.unc.edu.ar\/femges\/wp-json\/wp\/v2\/users\/1"}],"replies":[{"embeddable":true,"href":"https:\/\/ffyh.unc.edu.ar\/femges\/wp-json\/wp\/v2\/comments?post=10"}],"version-history":[{"count":0,"href":"https:\/\/ffyh.unc.edu.ar\/femges\/wp-json\/wp\/v2\/pages\/10\/revisions"}],"wp:attachment":[{"href":"https:\/\/ffyh.unc.edu.ar\/femges\/wp-json\/wp\/v2\/media?parent=10"}],"curies":[{"name":"wp","href":"https:\/\/api.w.org\/{rel}","templated":true}]}}