{"id":156,"date":"2015-11-17T18:45:41","date_gmt":"2015-11-17T18:45:41","guid":{"rendered":"http:\/\/www.ffyh.unc.edu.ar\/ciffyh\/femges\/?page_id=156"},"modified":"2015-11-17T18:45:41","modified_gmt":"2015-11-17T18:45:41","slug":"internacionales","status":"publish","type":"page","link":"https:\/\/ffyh.unc.edu.ar\/femges\/internacionales\/","title":{"rendered":"Internacionales"},"content":{"rendered":"<p>&nbsp;<\/p>\n<p><a href=\"http:\/\/ffyh.unc.edu.ar\/femges\/wp-content\/uploads\/sites\/20\/2015\/11\/igualdad-equidad.jpg\"><img loading=\"lazy\" decoding=\"async\" class=\"aligncenter size-large wp-image-178\" src=\"http:\/\/ffyh.unc.edu.ar\/femges\/wp-content\/uploads\/sites\/20\/2015\/11\/igualdad-equidad-1024x547.jpg\" alt=\"igualdad-equidad\" width=\"1024\" height=\"547\" srcset=\"https:\/\/ffyh.unc.edu.ar\/femges\/wp-content\/uploads\/sites\/20\/2015\/11\/igualdad-equidad-1024x547.jpg 1024w, https:\/\/ffyh.unc.edu.ar\/femges\/wp-content\/uploads\/sites\/20\/2015\/11\/igualdad-equidad-300x160.jpg 300w, https:\/\/ffyh.unc.edu.ar\/femges\/wp-content\/uploads\/sites\/20\/2015\/11\/igualdad-equidad-768x410.jpg 768w\" sizes=\"auto, (max-width: 1024px) 100vw, 1024px\" \/><\/a><\/p>\n<p>&nbsp;<\/p>\n<p>&nbsp;<\/p>\n<p><span style=\"color: #f71b77\"><strong>LEGISLACI\u00d3N INTERNACIONAL<\/strong><\/span><\/p>\n<p><span style=\"color: #f71b77\"><strong>CONVENIOS Y ACUERDOS INTERNACIONALES<\/strong><\/span><\/p>\n<p>&nbsp;<\/p>\n<hr \/>\n<p>&nbsp;<\/p>\n<p><strong>Convenci\u00f3n para la Eliminaci\u00f3n de todas las Formas de Discriminaci\u00f3n contra la Mujer. <\/strong><br \/>\nLa Constituci\u00f3n Nacional, en el cap\u00edtulo cuarto, art\u00edculo 75, inciso 22, establece que los Tratados de Derechos Humanos tienen jerarqu\u00eda constitucional. Entre ellos se encuentra la\u00a0<strong>Convenci\u00f3n sobre la Eliminaci\u00f3n de Todas las Formas de Discriminaci\u00f3n contra la Mujer<\/strong>. (Aprobada por la Asamblea General de las Naciones Unidas. Ratificada por Ley N\u00ba 23.179 del a\u00f1o 1985.<\/p>\n<p><strong><span style=\"color: #f71b77\"><a style=\"color: #f71b77\" href=\"http:\/\/www.cnm.gov.ar\/LegInternacional\/ConvencionEliminacionTodasFormasDeDiscriminacionContraLaMujer.pdf\">Texto completo<\/a><\/span><\/strong><\/p>\n<p>&nbsp;<\/p>\n<p><strong>CEDAW<\/strong>. Informe sobre el cumplimiento de la\u00a0<strong>Convenci\u00f3n sobre la Eliminaci\u00f3n de todas las Formas de Discriminaci\u00f3n contra la Mujer<\/strong>\u00a0presentado por la Rep\u00fablica Argentina en 1997.<\/p>\n<p><strong><span style=\"color: #f71b77\"><a style=\"color: #f71b77\" href=\"http:\/\/www.cnm.gov.ar\/LegInternacional\/InformeCumplimientoConvencionEliminacionTodasFormasDiscriminacionContraMujer_CEDAW1997.pdf\">Texto completo<\/a><\/span><\/strong><\/p>\n<p>&nbsp;<\/p>\n<p><strong>CONVENCI\u00d3N DE BELEM DO PAR\u00c1. <\/strong>Convenci\u00f3n Interamericana para Prevenir, Sancionar y Erradicar la Violencia Contra la Mujer. Ratificada por Ley N\u00ba 24.632 del a\u00f1o 1996.<\/p>\n<p><strong><span style=\"color: #f71b77\"><a style=\"color: #f71b77\" href=\"http:\/\/www.cnm.gov.ar\/LegInternacional\/ConvencionInteramericanaDeBelemDoPara.pdf\">Texto completo<\/a><\/span><\/strong><\/p>\n<p>&nbsp;<\/p>\n<p><strong>Informe de la Cuarta Conferencia Mundial sobre la Mujer. Naciones Unidas<\/strong>, Beijing, 4 a 15 de septiembre de 1995.<\/p>\n<p><strong><span style=\"color: #f71b77\"><a style=\"color: #f71b77\" href=\"http:\/\/www.cnm.gov.ar\/LegInternacional\/BeijingPlataformaDeAccion.pdf\">Texto completo<\/a><\/span><\/strong><\/p>\n<p><strong><span style=\"color: #f71b77\"><a style=\"color: #f71b77\" href=\"http:\/\/www.un.org\/womenwatch\/daw\/beijing\/platform\/\">English Version<\/a><\/span><\/strong><\/p>\n","protected":false},"excerpt":{"rendered":"<p>&nbsp; &nbsp; &nbsp; LEGISLACI\u00d3N INTERNACIONAL CONVENIOS Y ACUERDOS INTERNACIONALES &nbsp; &nbsp; Convenci\u00f3n para la Eliminaci\u00f3n de todas las Formas de Discriminaci\u00f3n contra la Mujer. La Constituci\u00f3n Nacional, en el cap\u00edtulo &hellip; <\/p>\n","protected":false},"author":15,"featured_media":0,"parent":0,"menu_order":0,"comment_status":"open","ping_status":"open","template":"","meta":{"_acf_changed":false,"footnotes":""},"class_list":["post-156","page","type-page","status-publish","hentry"],"acf":[],"_links":{"self":[{"href":"https:\/\/ffyh.unc.edu.ar\/femges\/wp-json\/wp\/v2\/pages\/156","targetHints":{"allow":["GET"]}}],"collection":[{"href":"https:\/\/ffyh.unc.edu.ar\/femges\/wp-json\/wp\/v2\/pages"}],"about":[{"href":"https:\/\/ffyh.unc.edu.ar\/femges\/wp-json\/wp\/v2\/types\/page"}],"author":[{"embeddable":true,"href":"https:\/\/ffyh.unc.edu.ar\/femges\/wp-json\/wp\/v2\/users\/15"}],"replies":[{"embeddable":true,"href":"https:\/\/ffyh.unc.edu.ar\/femges\/wp-json\/wp\/v2\/comments?post=156"}],"version-history":[{"count":0,"href":"https:\/\/ffyh.unc.edu.ar\/femges\/wp-json\/wp\/v2\/pages\/156\/revisions"}],"wp:attachment":[{"href":"https:\/\/ffyh.unc.edu.ar\/femges\/wp-json\/wp\/v2\/media?parent=156"}],"curies":[{"name":"wp","href":"https:\/\/api.w.org\/{rel}","templated":true}]}}