{"id":158,"date":"2015-11-17T18:46:06","date_gmt":"2015-11-17T18:46:06","guid":{"rendered":"http:\/\/www.ffyh.unc.edu.ar\/ciffyh\/femges\/?page_id=158"},"modified":"2015-11-17T18:46:06","modified_gmt":"2015-11-17T18:46:06","slug":"nacionales","status":"publish","type":"page","link":"https:\/\/ffyh.unc.edu.ar\/femges\/nacionales\/","title":{"rendered":"Nacionales"},"content":{"rendered":"<p><a href=\"http:\/\/ffyh.unc.edu.ar\/femges\/wp-content\/uploads\/sites\/20\/2015\/11\/shutterstock_173268653.jpg\"><img loading=\"lazy\" decoding=\"async\" class=\"aligncenter size-full wp-image-179\" src=\"http:\/\/ffyh.unc.edu.ar\/femges\/wp-content\/uploads\/sites\/20\/2015\/11\/shutterstock_173268653.jpg\" alt=\"shutterstock_173268653\" width=\"1000\" height=\"750\" srcset=\"https:\/\/ffyh.unc.edu.ar\/femges\/wp-content\/uploads\/sites\/20\/2015\/11\/shutterstock_173268653.jpg 1000w, https:\/\/ffyh.unc.edu.ar\/femges\/wp-content\/uploads\/sites\/20\/2015\/11\/shutterstock_173268653-300x225.jpg 300w, https:\/\/ffyh.unc.edu.ar\/femges\/wp-content\/uploads\/sites\/20\/2015\/11\/shutterstock_173268653-768x576.jpg 768w\" sizes=\"auto, (max-width: 1000px) 100vw, 1000px\" \/><\/a><\/p>\n<p>&nbsp;<\/p>\n<p><strong><span style=\"color: #f71169\">NACIONALES<\/span><\/strong><\/p>\n<p>&nbsp;<\/p>\n<p><strong>Derechos de la mujer en la Constituci\u00f3n Nacional: <\/strong>Informe sobre la normativa relacionada con los derechos de la mujer que se incorpor\u00f3 a la Constituci\u00f3n Nacional en la reforma de 1994.<\/p>\n<p><strong><span style=\"color: #f71169\"><a style=\"color: #f71169\" href=\"http:\/\/www.cnm.gov.ar\/LegNacional\/DerechosMujerEnConstitucionReformada.pdf\">Texto completo<\/a><\/span><\/strong><\/p>\n<p><strong>\u00a0<\/strong><\/p>\n<p><strong>Ley 26.873. Lactancia Materna. Promoci\u00f3n y Concientizaci\u00f3n P\u00fablica.<\/strong><br \/>\nPromueve la concientizaci\u00f3n y establece acciones de promoci\u00f3n de la lactancia materna exclusiva y pr\u00e1cticas \u00f3ptimas de alimentaci\u00f3n de ni\u00f1os\/as.<\/p>\n<p><strong><span style=\"color: #f71169\"><a style=\"color: #f71169\" href=\"http:\/\/www.cnm.gov.ar\/LegNacional\/Ley_26873.pdf\">Texto completo<\/a><\/span><\/strong><\/p>\n<p><strong>\u00a0<\/strong><\/p>\n<p><strong>Ley 26.862. Acceso integral a los procedimientos y t\u00e9cnicas m\u00e9dico-asistenciales de reproducci\u00f3n m\u00e9dicamente asistida. <\/strong>Regula que el tratamiento sea un servicio del Plan M\u00e9dico Obligatorio, elimina l\u00edmites de edad e incluye en las pr\u00e1cticas a parejas del mismo sexo.<\/p>\n<p><strong><span style=\"color: #f71169\"><a style=\"color: #f71169\" href=\"http:\/\/www.cnm.gov.ar\/LegNacional\/Ley_26862.pdf\">Texto completo<\/a><\/span><\/strong><\/p>\n<p><strong>\u00a0<\/strong><\/p>\n<p><strong>Ley 26.844. \u00abR\u00e9gimen especial de contrato de trabajo para el personal de casas particulares\u00bb reglamentada por el decreto 467\/2014<\/strong><br \/>\nCrea el nuevo r\u00e9gimen de contrato de trabajo para el personal de casas particulares igualando sus derechos con las\/os dem\u00e1s trabajadoras\/es en relaci\u00f3n de dependencia.<\/p>\n<p><strong><span style=\"color: #f71169\"><a style=\"color: #f71169\" href=\"http:\/\/www.cnm.gov.ar\/LegNacional\/Ley_26844.pdf\">Texto completo Ley 26.844<\/a><\/span><\/strong><\/p>\n<p><strong><span style=\"color: #f71169\"><a style=\"color: #f71169\" href=\"http:\/\/www.cnm.gov.ar\/LegNacional\/Decreto_467_2014.pdf\">Texto completo Dec. 467\/2014<\/a><\/span><\/strong><\/p>\n<p><strong>\u00a0<\/strong><\/p>\n<p><strong>Ley 26.842. Sobre prevenci\u00f3n y sanci\u00f3n de la trata de personas y asistencia a sus v\u00edctimas.<\/strong><br \/>\nComplementaria a la Ley 26.364, otorga m\u00e1s derechos a las v\u00edctimas de trata, aumenta las condenas y crea el Consejo Federal contra la Trata de Personas.<\/p>\n<p><strong><span style=\"color: #f71169\"><a style=\"color: #f71169\" href=\"http:\/\/www.cnm.gov.ar\/LegNacional\/Ley_26842.pdf\">Texto completo<\/a><\/span><\/strong><\/p>\n<p><strong>\u00a0<\/strong><\/p>\n<p><strong>Ley 26.743. Identidad de G\u00e9nero. <\/strong>Establ\u00e9cese el derecho a la identidad de g\u00e9nero de las personas.<\/p>\n<p><strong><span style=\"color: #f71169\"><a style=\"color: #f71169\" href=\"http:\/\/www.cnm.gov.ar\/LegNacional\/Ley_26743.pdf\">Texto completo<\/a><\/span><\/strong><\/p>\n<p><strong>\u00a0<\/strong><\/p>\n<p><strong>Ley 26.618. Sobre Matrimonio Civil. <\/strong>C\u00f3digo Civil. Modificaci\u00f3n.<\/p>\n<p><strong><span style=\"color: #f71169\"><a style=\"color: #f71169\" href=\"http:\/\/www.cnm.gov.ar\/LegNacional\/Ley_26618.pdf\">Texto completo<\/a><\/span><\/strong><\/p>\n<p><strong>\u00a0<\/strong><\/p>\n<p><strong>Ley 26.472. R\u00e9gimen de Prisi\u00f3n domiciliaria y Ejecuci\u00f3n Penal. <\/strong>Prev\u00e9 entre las personas que pueden tener este beneficio a las mujeres embarazadas y con ni\u00f1os menores de 5 a\u00f1os.<\/p>\n<p><strong><span style=\"color: #f71169\"><a style=\"color: #f71169\" href=\"http:\/\/www.cnm.gov.ar\/LegNacional\/Ley_26472.pdf\">Texto completo<\/a><\/span><\/strong><\/p>\n<p>&nbsp;<\/p>\n<p><strong>Decreto 936\/2011. Erradicaci\u00f3n de la difusi\u00f3n de mensajes e im\u00e1genes que estimulen o fomenten la explotaci\u00f3n sexual. <\/strong>Complementario a las Leyes 26.485 de Protecci\u00f3n Integral Para Prevenir, Erradicar y Sancionar la Violencia contra las Mujeres en los \u00e1mbitos en que desarrollen sus relaciones interpersonales, 26.522. Servicios de comunicaci\u00f3n audiovisual y 26.364. Prevenci\u00f3n y sanci\u00f3n de la trata de personas y asistencia a sus v\u00edctimas.<\/p>\n<p><strong><span style=\"color: #f71169\"><a style=\"color: #f71169\" href=\"http:\/\/www.cnm.gov.ar\/LegNacional\/Decreto_936_2011.pdf\">Texto completo<\/a><\/span><\/strong><\/p>\n<p><strong>\u00a0<\/strong><\/p>\n<p><strong>Ley 26.522. Servicios de Comunicaci\u00f3n Audiovisual. <\/strong>Promueve el tratamiento igualitario y no estereotipado en los medios, evitando la discriminaci\u00f3n por raz\u00f3n de g\u00e9nero u orientaci\u00f3n sexual.<\/p>\n<p><strong><span style=\"color: #f71169\"><a style=\"color: #f71169\" href=\"http:\/\/www.cnm.gov.ar\/LegNacional\/Ley_26522.pdf\">Texto completo<\/a><\/span><\/strong><\/p>\n<p><strong>\u00a0<\/strong><\/p>\n<p><strong>Decreto 1.011\/2010<\/strong>, reglamentario de la Ley 26.485.\u00a0Protecci\u00f3n integral para prevenir, sancionar y erradicar la violencia contra las mujeres en los \u00e1mbitos en que desarrollen sus relaciones interpersonales.<\/p>\n<p><strong><span style=\"color: #f71169\"><a style=\"color: #f71169\" href=\"http:\/\/www.cnm.gov.ar\/LegNacional\/Ley_26485_decreto_1011.pdf\">Texto completo<\/a><\/span><\/strong><\/p>\n<p><strong>\u00a0<\/strong><\/p>\n<p><strong>Ley 26.364. Prevenci\u00f3n y sanci\u00f3n de la trata de personas y asistencia a sus v\u00edctimas.<\/strong><br \/>\nProtege los derechos de las v\u00edctimas de trata y promueve la lucha contra la trata de personas.<br \/>\n<strong><span style=\"color: #f71169\"><a style=\"color: #f71169\" href=\"http:\/\/www.cnm.gov.ar\/LegNacional\/Ley_26364.pdf\">Texto completo<\/a><\/span><\/strong><\/p>\n<p><strong>\u00a0<\/strong><\/p>\n<p><strong>Ley 26.061. Protecci\u00f3n Integral de los Derechos de las Ni\u00f1as, Ni\u00f1os y Adolescentes. <\/strong><\/p>\n<p><strong><span style=\"color: #f71169\"><a style=\"color: #f71169\" href=\"http:\/\/www.cnm.gov.ar\/LegNacional\/Ley_26061.pdf\">Texto completo<\/a><\/span><\/strong><\/p>\n<p><strong>\u00a0<\/strong><\/p>\n<p><strong>Ley 24.716. Licencia para madres trabajadoras en relaci\u00f3n de dependencia a consecuencia de nacimiento de un hijo\/a con s\u00edndrome de down.<\/strong><\/p>\n<p><strong><span style=\"color: #f71169\"><a style=\"color: #f71169\" href=\"http:\/\/www.cnm.gov.ar\/LegNacional\/Ley_24716.pdf\">Texto completo<\/a><\/span><\/strong><\/p>\n<p><strong>\u00a0<\/strong><\/p>\n<p><strong>Ley 23.179<\/strong>\u00a0Aprobaci\u00f3n de la\u00a0<a href=\"http:\/\/www.cnm.gov.ar\/LegInternacional\/LegislacionInternacional.html\">Convenci\u00f3n sobre la Eliminaci\u00f3n de Todas las Formas de Discriminaci\u00f3n contra la Mujer<\/a>.<\/p>\n<p><strong><span style=\"color: #f71169\"><a style=\"color: #f71169\" href=\"http:\/\/www.cnm.gov.ar\/LegNacional\/LEY_23179.pdf\">Texto completo<\/a><\/span><\/strong><\/p>\n<p><strong>\u00a0<\/strong><\/p>\n<p><strong>LEY 24.012<\/strong><strong>\u00a0 Cupo Femenino. Decreto 1.246\/2000<\/strong>, reglamentario de la Ley 24.012 de <strong>Cupo Femenino<\/strong>.<\/p>\n<p><strong><span style=\"color: #f71169\"><a style=\"color: #f71169\" href=\"http:\/\/www.cnm.gov.ar\/LegNacional\/Ley24012_decreto1246.pdf\">Texto completo<\/a><\/span><\/strong><\/p>\n<p><strong>\u00a0<\/strong><\/p>\n<p><strong>Decreto 2.385\/93<\/strong>\u00a0<strong>Acoso sexual en la Administraci\u00f3n P\u00fablica Nacional<\/strong>.<\/p>\n<p><strong><span style=\"color: #f71169\"><a style=\"color: #f71169\" href=\"http:\/\/www.cnm.gov.ar\/LegNacional\/DECRETO_2385.pdf\">Texto completo<\/a><\/span><\/strong><\/p>\n<p><strong>\u00a0<\/strong><\/p>\n<p><strong>Ley 24.417<\/strong>\u00a0 Protecci\u00f3n contra la Violencia Familiar. <strong>Decreto 235\/96<\/strong>, reglamentario de la Ley 24.417 de Protecci\u00f3n contra la Violencia Familiar.<\/p>\n<p><strong><span style=\"color: #f71169\"><a style=\"color: #f71169\" href=\"http:\/\/www.cnm.gov.ar\/LegNacional\/Ley24417_decreto235.pdf\">Texto completo<\/a><\/span><\/strong><\/p>\n<p><strong>\u00a0<\/strong><\/p>\n<p><strong>Ley 24.785<\/strong>\u00a0Instituci\u00f3n del D\u00eda Nacional de los Derechos Pol\u00edticos de las Mujeres.<\/p>\n<p><strong><span style=\"color: #f71169\"><a style=\"color: #f71169\" href=\"http:\/\/www.cnm.gov.ar\/LegNacional\/LEY%2024785.pdf\">Texto completo<\/a><\/span><\/strong><\/p>\n<p><strong>\u00a0<\/strong><\/p>\n<p><strong>Ley 24.821<\/strong>\u00a0 Instituci\u00f3n del D\u00eda de la Mujer Destacada.<\/p>\n<p><strong><span style=\"color: #f71169\"><a style=\"color: #f71169\" href=\"http:\/\/www.cnm.gov.ar\/LegNacional\/LEY%2024821.pdf\">Texto completo<\/a><\/span><\/strong><\/p>\n<p><strong>\u00a0<\/strong><\/p>\n<p><strong>Ley 24.828<\/strong>\u00a0 Incorporaci\u00f3n de las Amas de Casa al Sistema Integrado de Jubilaciones y Pensiones.<\/p>\n<p><strong><span style=\"color: #f71169\"><a style=\"color: #f71169\" href=\"http:\/\/www.cnm.gov.ar\/LegNacional\/LEY%2024828.pdf\">Texto completo<\/a><\/span><\/strong><\/p>\n<p><strong>\u00a0<\/strong><\/p>\n<p><strong>Decreto 1.363\/97 <\/strong>Igualdad de Trato entre Agentes de la Administraci\u00f3n P\u00fablica Nacional.<br \/>\n<strong><span style=\"color: #f71169\"><a style=\"color: #f71169\" href=\"http:\/\/www.cnm.gov.ar\/LegNacional\/DECRETO%201363.pdf\">Texto completo<\/a><\/span><\/strong><\/p>\n<p><strong>\u00a0<\/strong><\/p>\n<p><strong>Decreto 254\/98 &#8211;\u00a0<\/strong>Plan para la Igualdad de Oportunidades entre Varones y Mujeres en el Mundo Laboral.<\/p>\n<p><strong><span style=\"color: #f71169\"><a style=\"color: #f71169\" href=\"http:\/\/www.cnm.gov.ar\/LegNacional\/DECRETO%20254.pdf\">Texto completo<\/a><\/span><\/strong><\/p>\n<p><strong>\u00a0<\/strong><\/p>\n<p><strong>Ley 25.013<\/strong>, R\u00e9gimen de reforma laboral. En su Art. 11 referido a despido discriminatorio, fue derogado por la ley 25.877 de \u00abOrdenamiento del r\u00e9gimen laboral\u00bb<\/p>\n<p><strong><span style=\"color: #f71169\"><a style=\"color: #f71169\" href=\"http:\/\/www.cnm.gov.ar\/LegNacional\/Ley_25013.pdf\">Texto completo Ley 25.013<\/a><\/span><\/strong><\/p>\n<p><strong><span style=\"color: #f71169\"><a style=\"color: #f71169\" href=\"http:\/\/www.cnm.gov.ar\/LegNacional\/Ley_25877.pdf\">Texto completo Ley 25.877<\/a><\/span><\/strong><\/p>\n<p><strong>\u00a0<\/strong><\/p>\n<p><strong>Ley 25.087 <\/strong><strong>Delitos contra la Integridad Sexual<\/strong>. C\u00f3digo Penal. Modificaci\u00f3n.<\/p>\n<p><strong><span style=\"color: #f71169\"><a style=\"color: #f71169\" href=\"http:\/\/www.cnm.gov.ar\/LegNacional\/LEY%2025087.pdf\">Texto completo<\/a><\/span><\/strong><\/p>\n<p><strong>\u00a0<\/strong><\/p>\n<p><strong>Ley 25.239<\/strong>, T\u00edtulo XVIII. R\u00e9gimen Especial de Seguridad Social para Empleados\/as del Servicio Dom\u00e9stico.<\/p>\n<p><strong>Decreto 485\/2000<\/strong>, reglamentario de la Ley 25.239, T\u00edtulo XVIII. R\u00e9gimen Especial de Seguridad Social para Empleados\/as del Servicio Dom\u00e9stico.<\/p>\n<p><strong>Decreto 290\/2001<\/strong>, modificatorio del Decreto 485\/2000. R\u00e9gimen Especial de Seguridad Social para Empleados\/as del Servicio Dom\u00e9stico.<\/p>\n<p><strong>Decreto 291\/2001<\/strong>\u00a0&#8211; Campa\u00f1a de Difusi\u00f3n del R\u00e9gimen Especial de Seguridad Social para Empleados\/as del Servicio Dom\u00e9stico.<\/p>\n<p><strong><span style=\"color: #f71169\"><a style=\"color: #f71169\" href=\"http:\/\/www.cnm.gov.ar\/LegNacional\/Ley25239yDecretos.pdf\">Texto completo<\/a><\/span><\/strong><\/p>\n<p><strong>\u00a0<\/strong><\/p>\n<p><strong>Ley 25.250<\/strong>, T\u00edtulo I, Art\u00edculos 2\u00ba y 3\u00ba. Reforma Laboral: Est\u00edmulo al Empleo Estable: Incorporaci\u00f3n de Dos Incentivos para el Empleo de Mujeres.<\/p>\n<p><strong><span style=\"color: #f71169\"><a style=\"color: #f71169\" href=\"http:\/\/www.cnm.gov.ar\/LegNacional\/LEY%2025250.pdf\">Texto completo<\/a><\/span><\/strong><\/p>\n<p><strong>\u00a0<\/strong><\/p>\n<p><strong>Ley 25.273<\/strong>\u00a0de creaci\u00f3n de un Sistema de Inasistencias Justificadas por razones de Gravidez.<\/p>\n<p><strong><span style=\"color: #f71169\"><a style=\"color: #f71169\" href=\"http:\/\/www.cnm.gov.ar\/LegNacional\/LEY%2025273.pdf\">Texto completo<\/a><\/span><\/strong><\/p>\n<p><strong>\u00a0<\/strong><\/p>\n<p><strong>Ley 25.543<\/strong>\u00a0Test <strong>Diagn\u00f3stico del Virus de Inmunodeficiencia Humana a toda Mujer Embarazada<\/strong>.<\/p>\n<p><strong><span style=\"color: #f71169\"><a style=\"color: #f71169\" href=\"http:\/\/www.cnm.gov.ar\/LegNacional\/Ley25543.pdf\">Texto completo<\/a><\/span><\/strong><\/p>\n<p><strong>\u00a0<\/strong><\/p>\n<p><strong>Ley 25.584<\/strong>\u00a0<strong>Prohibici\u00f3n en establecimientos de educaci\u00f3n p\u00fablica de acciones que impidan el inicio o continuidad del ciclo escolar a alumnas embarazadas<\/strong> o madres en per\u00edodo de lactancia.<\/p>\n<p><strong><span style=\"color: #f71169\"><a style=\"color: #f71169\" href=\"http:\/\/www.cnm.gov.ar\/LegNacional\/Ley%2025584.pdf\">Texto completo<\/a><\/span><\/strong><\/p>\n<p><strong>\u00a0<\/strong><\/p>\n<p><strong>Ley 25.808<\/strong>\u00a0de modificaci\u00f3n del Art\u00edculo 1\u00ba de la Ley 25.584 &#8211; Prohibici\u00f3n en establecimientos de educaci\u00f3n p\u00fablica de acciones que impidan el inicio o continuidad del ciclo escolar a alumnas embarazadas o madres en per\u00edodo de lactancia.<\/p>\n<p><strong><span style=\"color: #f71169\"><a style=\"color: #f71169\" href=\"http:\/\/www.cnm.gov.ar\/LegNacional\/Ley%2025808.pdf\">Texto completo<\/a><\/span><\/strong><\/p>\n<p><strong>\u00a0<\/strong><\/p>\n<p><strong>Ley 25.673<\/strong>\u00a0de creaci\u00f3n del Programa Nacional de Salud Sexual y Procreaci\u00f3n Responsable. <strong>Decreto 1.282\/2003<\/strong>, <strong>reglamentario<\/strong> de la Ley 25.673 de creaci\u00f3n del Programa Nacional de Salud Sexual y Procreaci\u00f3n Responsable. <strong>Declaraci\u00f3n de repudio<\/strong>\u00a0a medida cautelar contra Programa Nacional de Salud Sexual y Procreaci\u00f3n Responsable.<\/p>\n<p><strong><span style=\"color: #f71169\"><a style=\"color: #f71169\" href=\"http:\/\/www.cnm.gov.ar\/LegNacional\/Ley%2025673yDecretos.pdf\">Texto completo<\/a><\/span><\/strong><\/p>\n<p><strong>\u00a0<\/strong><\/p>\n<p><strong>Ley 25.674<\/strong>\u00a0Participaci\u00f3n Femenina en las Unidades de Negociaci\u00f3n Colectiva de las Condiciones Laborales (Cupo Sindical Femenino).<strong>Decreto 514\/2003<\/strong>, reglamentario de la Ley 25.674 de Participaci\u00f3n Femenina en las Unidades de Negociaci\u00f3n Colectiva de las Condiciones Laborales (Cupo Sindical Femenino).<\/p>\n<p><strong><span style=\"color: #f71169\"><a style=\"color: #f71169\" href=\"http:\/\/www.cnm.gov.ar\/LegNacional\/Ley%2025674yDecreto.pdf\">Texto completo<\/a><\/span><\/strong><\/p>\n<p><strong>\u00a0<\/strong><\/p>\n<p><strong>Ley 25.929<\/strong>\u00a0Derechos de Padres e Hijos durante el Proceso de Nacimiento. Declaraci\u00f3n de Inter\u00e9s del Sistema Nacional de Informaci\u00f3n Mujer, por parte del Senado de la Naci\u00f3n.<br \/>\n<strong>Declaraci\u00f3n sobre difusi\u00f3n del Parto Humanizado<\/strong><\/p>\n<p><strong><span style=\"color: #f71169\"><a style=\"color: #f71169\" href=\"http:\/\/www.cnm.gov.ar\/LegNacional\/LEY%2025929.pdf\">Texto completo<\/a><\/span><\/strong><\/p>\n<p><strong>\u00a0<\/strong><\/p>\n<p><strong>Declaraci\u00f3n de Inter\u00e9s del Sistema Nacional de Informaci\u00f3n Mujer<\/strong>, por parte del Senado de la Naci\u00f3n.<\/p>\n<p><strong><span style=\"color: #f71169\"><a style=\"color: #f71169\" href=\"http:\/\/www.cnm.gov.ar\/LegNacional\/SNIM.pdf\">Texto completo<\/a><\/span><\/strong><\/p>\n<p><strong>\u00a0<\/strong><\/p>\n<p><strong>Ley 26.130<\/strong>\u00a0R\u00e9gimen para las <strong>Intervenciones de Contracepci\u00f3n Quir\u00fargica, Ligadura de Trompas y Vasectom\u00eda<\/strong>.<\/p>\n<p><strong><span style=\"color: #f71169\"><a style=\"color: #f71169\" href=\"http:\/\/www.cnm.gov.ar\/LegNacional\/Ley%2026130.pdf\">Texto completo<\/a><\/span><\/strong><\/p>\n<p><strong>\u00a0<\/strong><\/p>\n<p><strong>Ley 26.150<\/strong>\u00a0 Programa Nacional de <strong>Educaci\u00f3n Sexual Integral<\/strong>.<\/p>\n<p><strong><span style=\"color: #f71169\"><a style=\"color: #f71169\" href=\"http:\/\/www.cnm.gov.ar\/LegNacional\/Ley%2026150.pdf\">Texto completo<\/a><\/span><\/strong><\/p>\n<p><strong>\u00a0<\/strong><\/p>\n<p><strong>Ley 26.171<\/strong>\u00a0Protocolo Facultativo de la Convenci\u00f3n sobre Eliminaci\u00f3n de todas las Formas de Discriminaci\u00f3n contra la Mujer, adoptado por la Asamblea General de la Organizaci\u00f3n de las Naciones Unidas el 6 de octubre de 1999. <strong>Ratificaci\u00f3n y declaraci\u00f3n del Protocolo Facultativo<\/strong>.<\/p>\n<p><strong><span style=\"color: #f71169\"><a style=\"color: #f71169\" href=\"http:\/\/www.cnm.gov.ar\/LegNacional\/Ley%2026171.pdf\">Texto completo<\/a><\/span><\/strong><\/p>\n<p><strong>\u00a0<\/strong><\/p>\n<p><strong>Ley 27.039<\/strong>\u00a0Fondo Especial de <strong>Difusi\u00f3n de la Lucha contra la Violencia de G\u00e9nero. L\u00ednea Telef\u00f3nica gratuita Nacional 144<\/strong>.<\/p>\n<p><strong><span style=\"color: #f71169\"><a style=\"color: #f71169\" href=\"http:\/\/www.cnm.gov.ar\/LegNacional\/ley27039%20(1).pdf\">Texto completo<\/a><\/span><\/strong><\/p>\n<p>&nbsp;<\/p>\n<p style=\"text-align: center\"><span style=\"color: #f71169\"><strong>PROVINCIALES<\/strong><\/span><\/p>\n<p><strong>Ley 9283. Ley de Violencia Familiar de la Provincia de C\u00f3rdoba.<\/strong><\/p>\n<p><strong><span style=\"color: #f71169\"><a style=\"color: #f71169\" href=\"http:\/\/ffyh.unc.edu.ar\/femges\/wp-content\/uploads\/sites\/20\/2015\/11\/9283-procedimiento.pdf\">Texto completo<\/a><\/span><\/strong><\/p>\n<p>&nbsp;<\/p>\n","protected":false},"excerpt":{"rendered":"<p>&nbsp; NACIONALES &nbsp; Derechos de la mujer en la Constituci\u00f3n Nacional: Informe sobre la normativa relacionada con los derechos de la mujer que se incorpor\u00f3 a la Constituci\u00f3n Nacional en &hellip; <\/p>\n","protected":false},"author":15,"featured_media":0,"parent":0,"menu_order":0,"comment_status":"open","ping_status":"open","template":"","meta":{"_acf_changed":false,"footnotes":""},"class_list":["post-158","page","type-page","status-publish","hentry"],"acf":[],"_links":{"self":[{"href":"https:\/\/ffyh.unc.edu.ar\/femges\/wp-json\/wp\/v2\/pages\/158","targetHints":{"allow":["GET"]}}],"collection":[{"href":"https:\/\/ffyh.unc.edu.ar\/femges\/wp-json\/wp\/v2\/pages"}],"about":[{"href":"https:\/\/ffyh.unc.edu.ar\/femges\/wp-json\/wp\/v2\/types\/page"}],"author":[{"embeddable":true,"href":"https:\/\/ffyh.unc.edu.ar\/femges\/wp-json\/wp\/v2\/users\/15"}],"replies":[{"embeddable":true,"href":"https:\/\/ffyh.unc.edu.ar\/femges\/wp-json\/wp\/v2\/comments?post=158"}],"version-history":[{"count":0,"href":"https:\/\/ffyh.unc.edu.ar\/femges\/wp-json\/wp\/v2\/pages\/158\/revisions"}],"wp:attachment":[{"href":"https:\/\/ffyh.unc.edu.ar\/femges\/wp-json\/wp\/v2\/media?parent=158"}],"curies":[{"name":"wp","href":"https:\/\/api.w.org\/{rel}","templated":true}]}}