{"id":160,"date":"2015-11-17T18:51:24","date_gmt":"2015-11-17T18:51:24","guid":{"rendered":"http:\/\/www.ffyh.unc.edu.ar\/ciffyh\/femges\/?page_id=160"},"modified":"2015-11-17T18:51:24","modified_gmt":"2015-11-17T18:51:24","slug":"en-la-unc","status":"publish","type":"page","link":"https:\/\/ffyh.unc.edu.ar\/femges\/en-la-unc\/","title":{"rendered":"En la UNC"},"content":{"rendered":"<p><a href=\"http:\/\/ffyh.unc.edu.ar\/femges\/wp-content\/uploads\/sites\/20\/2015\/11\/unc-pabellon-arg.jpg\"><img loading=\"lazy\" decoding=\"async\" class=\"aligncenter size-full wp-image-168\" src=\"http:\/\/ffyh.unc.edu.ar\/femges\/wp-content\/uploads\/sites\/20\/2015\/11\/unc-pabellon-arg.jpg\" alt=\"unc pabellon arg\" width=\"900\" height=\"353\" srcset=\"https:\/\/ffyh.unc.edu.ar\/femges\/wp-content\/uploads\/sites\/20\/2015\/11\/unc-pabellon-arg.jpg 900w, https:\/\/ffyh.unc.edu.ar\/femges\/wp-content\/uploads\/sites\/20\/2015\/11\/unc-pabellon-arg-300x118.jpg 300w, https:\/\/ffyh.unc.edu.ar\/femges\/wp-content\/uploads\/sites\/20\/2015\/11\/unc-pabellon-arg-768x301.jpg 768w\" sizes=\"auto, (max-width: 900px) 100vw, 900px\" \/><\/a><\/p>\n<p>&nbsp;<\/p>\n<hr \/>\n<p>&nbsp;<\/p>\n<p>&nbsp;<\/p>\n<ul>\n<li>\n<h4><span style=\"color: #f71184\"><strong>Ordenanza 09\/11 HCS (UNC)<\/strong><\/span>. Universidad Nacional de C\u00f3rdoba es\u00a0<strong>Instituci\u00f3n libre de discriminaci\u00f3n<\/strong> por expresi\u00f3n u ejercicio de la identidad de g\u00e9nero.<\/h4>\n<\/li>\n<\/ul>\n<h4 style=\"text-align: center\"><strong><span style=\"color: #f71184\"><a style=\"color: #f71184\" href=\"http:\/\/ffyh.unc.edu.ar\/femges\/wp-content\/uploads\/sites\/20\/2015\/11\/OHCS_9_2011.pdf\">DESCARGAR<\/a>\u00a0(+)<\/span><\/strong><\/h4>\n<ul>\n<li>\n<h4><strong><span style=\"color: #f71184\">Ordenanza HCS 02\/2011<\/span><\/strong>: Ampliaci\u00f3n de la <strong>licencia por Maternidad y Paternidad<\/strong> en la Administraci\u00f3n P\u00fablica Nacional.<\/h4>\n<\/li>\n<\/ul>\n<h4 style=\"text-align: center\"><strong><span style=\"color: #f71184\"><a style=\"color: #f71184\" href=\"http:\/\/ffyh.unc.edu.ar\/femges\/wp-content\/uploads\/sites\/20\/2015\/11\/ohcs-2-2011-ampliaci\u00f3n-licencias-mater-y-pater.pdf\">DESCARGAR (+)<\/a><\/span><\/strong><\/h4>\n<p>&nbsp;<\/p>\n<p>&nbsp;<\/p>\n<p>&nbsp;<\/p>\n","protected":false},"excerpt":{"rendered":"<p>&nbsp; &nbsp; &nbsp; Ordenanza 09\/11 HCS (UNC). Universidad Nacional de C\u00f3rdoba es\u00a0Instituci\u00f3n libre de discriminaci\u00f3n por expresi\u00f3n u ejercicio de la identidad de g\u00e9nero. DESCARGAR\u00a0(+) Ordenanza HCS 02\/2011: Ampliaci\u00f3n de &hellip; <\/p>\n","protected":false},"author":15,"featured_media":0,"parent":0,"menu_order":0,"comment_status":"open","ping_status":"open","template":"","meta":{"_acf_changed":false,"footnotes":""},"class_list":["post-160","page","type-page","status-publish","hentry"],"acf":[],"_links":{"self":[{"href":"https:\/\/ffyh.unc.edu.ar\/femges\/wp-json\/wp\/v2\/pages\/160","targetHints":{"allow":["GET"]}}],"collection":[{"href":"https:\/\/ffyh.unc.edu.ar\/femges\/wp-json\/wp\/v2\/pages"}],"about":[{"href":"https:\/\/ffyh.unc.edu.ar\/femges\/wp-json\/wp\/v2\/types\/page"}],"author":[{"embeddable":true,"href":"https:\/\/ffyh.unc.edu.ar\/femges\/wp-json\/wp\/v2\/users\/15"}],"replies":[{"embeddable":true,"href":"https:\/\/ffyh.unc.edu.ar\/femges\/wp-json\/wp\/v2\/comments?post=160"}],"version-history":[{"count":0,"href":"https:\/\/ffyh.unc.edu.ar\/femges\/wp-json\/wp\/v2\/pages\/160\/revisions"}],"wp:attachment":[{"href":"https:\/\/ffyh.unc.edu.ar\/femges\/wp-json\/wp\/v2\/media?parent=160"}],"curies":[{"name":"wp","href":"https:\/\/api.w.org\/{rel}","templated":true}]}}