{"id":213,"date":"2016-02-22T17:17:35","date_gmt":"2016-02-22T17:17:35","guid":{"rendered":"http:\/\/www.ffyh.unc.edu.ar\/ciffyh\/femges\/?page_id=213"},"modified":"2018-09-18T02:39:06","modified_gmt":"2018-09-18T02:39:06","slug":"v-congreso-2018","status":"publish","type":"page","link":"https:\/\/ffyh.unc.edu.ar\/femges\/v-congreso-2018\/","title":{"rendered":"5\u00b0 Congreso G\u00e9nero y Sociedad"},"content":{"rendered":"<p><img loading=\"lazy\" decoding=\"async\" class=\"wp-image-428 aligncenter\" src=\"http:\/\/ffyh.unc.edu.ar\/femges\/wp-content\/uploads\/sites\/20\/2018\/07\/membrete-300x119.jpg\" alt=\"\" width=\"542\" height=\"215\" srcset=\"https:\/\/ffyh.unc.edu.ar\/femges\/wp-content\/uploads\/sites\/20\/2018\/07\/membrete-300x119.jpg 300w, https:\/\/ffyh.unc.edu.ar\/femges\/wp-content\/uploads\/sites\/20\/2018\/07\/membrete-768x306.jpg 768w, https:\/\/ffyh.unc.edu.ar\/femges\/wp-content\/uploads\/sites\/20\/2018\/07\/membrete-1024x408.jpg 1024w\" sizes=\"auto, (max-width: 542px) 100vw, 542px\" \/><\/p>\n<h1 class=\"post-title entry-title\" style=\"text-align: left\"><\/h1>\n<h1 class=\"post-title entry-title\" style=\"text-align: left\"><span style=\"color: #f70c76\"><span style=\"color: #f70c76\">5to CONGRESO: \u201cDesarticular entramados de exclusi\u00f3n\u00a0y violencias, tramar emancipaciones colectivas\u201d<\/span><\/span><\/h1>\n<h4 style=\"text-align: justify\">El \u00c1rea Femges (CIFFyH), el Programa y Doctorado de Estudios de G\u00e9nero (CEA), y el Programa de Extensi\u00f3n \u00abMujeres, diversidad sexual, salud y derechos\u00bb, de la UNC, presentan el 5<strong>\u00ba Congreso de G\u00e9nero y Sociedad<\/strong>, denominado: \u00a0<strong>\u201cDesarticular entramados de exclusi\u00f3n y violencias, tramar emancipaciones colectivas\u201d.<\/strong><\/h4>\n<h4 style=\"text-align: justify\">Tendr\u00e1 lugar en la Universidad Nacional de C\u00f3rdoba (UNC) en Ciudad Universitaria, el\u00a0pr\u00f3ximo 19<strong>, 20 y 21 de septiembre de 2018.<\/strong><\/h4>\n<p style=\"text-align: left\">Una renovada y fortalecida ofensiva neoliberal se est\u00e1 manifestando en lo econ\u00f3mico, pol\u00edtico y social tanto a nivel internacional, latinoamericano y argentino.<\/p>\n<p>Este <em>retorno<\/em> recupera el ya tan conocido corrimiento del Estado de sus deberes como garante y promotor de los derechos de sus ciudadanxs e insiste en sus fracasos y efectos devastadores. A ello se agrega, una vez m\u00e1s, el progresivo saqueo, despojo y privatizaci\u00f3n de los bienes naturales que son <em>bienes comunes<\/em>, la explotaci\u00f3n del trabajo y el control de los cuerpos, dejando en evidencia el entramado complejo que conforman capitalismo, racismo y heteropatriarcado. Contexto, vale decir, en donde los sectores conservadores organizados y la derecha como matriz sociocultural emergen y se instalan con sus intereses, discursos y pr\u00e1cticas en las distintas instituciones sociales, en los discursos medi\u00e1ticos y en la comunidad en su conjunto. Resulta urgente entonces pensar y profundizar los aportes cr\u00edticos de los feminismos y los movimientos LGTB+ en este contexto.<\/p>\n<p>A partir del lema del congreso, entendemos que en esta trama, las articulaciones de los poderes del mercado y del Estado implican mayores situaciones de exclusi\u00f3n y violencia sobre los cuerpos de las mujeres y de las personas LGTB+ en sus intersecciones jer\u00e1rquicas (de clase, de etnia, de estatus migratorio, de edad\u2026). Tales situaciones nos desaf\u00edan a pensar y actuar en consecuencia. De esto se trata. De pensar c\u00f3mo crear fisuras y desarticulaciones en estos entramados y tambi\u00e9n, una distancia reflexiva para una clara acci\u00f3n pol\u00edtica y colectiva. Se impone, as\u00ed, la necesidad de construir espacios de encuentro, de imaginaci\u00f3n colectiva y de debate como el que proponemos para tejer, una y otra vez, las emancipaciones que nuestro presente reclama.<\/p>\n<p><a href=\"https:\/\/drive.google.com\/file\/d\/1zwuktwjP8Kxk2XIU6M19myeJjhkzEfZQ\/view?usp=sharing\">1\u00b0 Circular<\/a><\/p>\n<p><a href=\"https:\/\/drive.google.com\/file\/d\/1wDjJmEymcF8cX-K-66RlrnrQ9ADjjLAf\/view?usp=sharing\">2\u00b0 Circular<\/a><\/p>\n<p><a href=\"https:\/\/drive.google.com\/file\/d\/1u4yJWmZoasavlTPlXdXTyBh2Eu0si51a\/view?usp=sharing\">3\u00b0 Circular<\/a><\/p>\n<h3 style=\"text-align: center\"><strong><span style=\"color: #e0098a\">EJES TEM\u00c1TICOS DEL EVENTO:\u00a0<\/span><\/strong><span style=\"color: #ff0000\"><em>(208 trabajos aprobados conformar\u00e1n diferentes Mesas de ponencias sobre estos ejes):<\/em><\/span><\/h3>\n<ol>\n<li><strong> Cuerpos y sexualidades en las p<\/strong><strong>r\u00e1cticas y discursos art\u00edstico-culturales <\/strong><\/li>\n<li><strong>Medios e industrias culturales en la producci\u00f3n de g\u00e9nero y sexualidades<\/strong><\/li>\n<li><strong> Feminismos, movimientos de mujeres, activismos LGTB+ y disidencia sexual<\/strong><\/li>\n<li><strong> Trabajo, econom\u00eda, mercado y afectos<\/strong><\/li>\n<li><strong> Violencias de g\u00e9nero: sus entramados y posibles (des)articulaciones<\/strong><\/li>\n<li><strong> Cuerpos y territorios: racializaci\u00f3n, enclasamiento y generizaci\u00f3n<\/strong><\/li>\n<li><strong> Derechos sexuales y (no)reproductivos. Derecho al aborto.<\/strong><\/li>\n<li><strong> Sexualidad(es): regulaciones y disidencias<\/strong><\/li>\n<\/ol>\n<h4 style=\"text-align: justify\"><span style=\"color: #e009a0\"><strong>DIRIGIDO A<\/strong><\/span>:<\/h4>\n<p>Docentes, investigadorxs, egresadxs y estudiantes universitarixs, activistas, integrantes de movimientos sociales, de instituciones p\u00fablicas y de organizaciones de la sociedad civil, de Argentina y otros pa\u00edses de Am\u00e9rica Latina.<\/p>\n<h4 style=\"text-align: center\"><span style=\"text-decoration: underline\"><strong><span style=\"color: #e0098a;text-decoration: underline\">ACTIVIDADES CENTRALES:<\/span><\/strong><\/span><\/h4>\n<h4 style=\"text-align: center\"><span style=\"color: #e0098a\"><strong>Panel de Apertura:\u00a0Econom\u00eda y trabajo: miradas feministas\u00a0<\/strong><\/span><\/h4>\n<h4 style=\"text-align: justify\"><span style=\"color: #9e08cc\"><strong>D\u00eda y lugar: Mi\u00e9rcoles 19 de septiembre. De 18 a 20 horas. Aula 6<\/strong><strong>. Pabell\u00f3n Venezuela. Ciudad Universitaria, UNC.<\/strong><\/span><\/h4>\n<h3 style=\"text-align: center\"><strong style=\"font-size: 2rem\"><span style=\"color: #e0098a\">Panel:<\/span><\/strong><span style=\"color: #e0098a\"><strong>\u00a0Activismos feministas frente a los conservadurismos pol\u00edticos y religiosos<\/strong><\/span><\/h3>\n<h4><span style=\"color: #9e08cc\"><strong>D\u00eda y lugar: Jueves 20 de septiembre. De 18 a 20 horas. Lugar:\u00a0<\/strong><span lang=\"ES-AR\" style=\"font-family: 'Arial','sans-serif';background: white\">Aula 6, Pabell\u00f3n Venezuela<\/span><span lang=\"ES-AR\" style=\"font-family: Arial, sans-serif\">. Ciudad Universitaria, UNC.<\/span><\/span><\/h4>\n<h4><strong>\u00a0<\/strong><\/h4>\n<hr \/>\n<h2 style=\"text-align: center\"><span style=\"color: #f0168a\"><strong>Inscripciones y pagos durante el evento<\/strong><\/span><\/h2>\n<h2 style=\"text-align: center\"><span style=\"color: #800080\"><strong>PROGRAMA:\u00a0<\/strong><\/span><a href=\"https:\/\/drive.google.com\/open?id=1qtlSfXNqfcN2ctIphzrRa5iHYmHozRvb\"><span style=\"color: #800080\"><b>Aqu\u00ed<\/b><\/span><\/a><\/h2>\n<hr \/>\n<h6 style=\"text-align: justify\"><strong>CONSULTAS<\/strong>: generoysociedad2018@gmail.com<\/h6>\n<p>Y en nuestra p\u00e1gina de Facebook encontrar\u00e1 tambi\u00e9n novedades y entrevistas: <a href=\"https:\/\/www.facebook.com\/Congreso-G%C3%A9nero-y-Sociedad-234191920659255\/\">Congreso G\u00e9nero y Sociedad<\/a><\/p>\n<h1 style=\"text-align: center\"><\/h1>\n","protected":false},"excerpt":{"rendered":"<p>5to CONGRESO: \u201cDesarticular entramados de exclusi\u00f3n\u00a0y violencias, tramar emancipaciones colectivas\u201d El \u00c1rea Femges (CIFFyH), el Programa y Doctorado de Estudios de G\u00e9nero (CEA), y el Programa de Extensi\u00f3n \u00abMujeres, diversidad &hellip; <\/p>\n","protected":false},"author":15,"featured_media":0,"parent":0,"menu_order":0,"comment_status":"open","ping_status":"open","template":"","meta":{"_acf_changed":false,"footnotes":""},"class_list":["post-213","page","type-page","status-publish","hentry"],"acf":[],"_links":{"self":[{"href":"https:\/\/ffyh.unc.edu.ar\/femges\/wp-json\/wp\/v2\/pages\/213","targetHints":{"allow":["GET"]}}],"collection":[{"href":"https:\/\/ffyh.unc.edu.ar\/femges\/wp-json\/wp\/v2\/pages"}],"about":[{"href":"https:\/\/ffyh.unc.edu.ar\/femges\/wp-json\/wp\/v2\/types\/page"}],"author":[{"embeddable":true,"href":"https:\/\/ffyh.unc.edu.ar\/femges\/wp-json\/wp\/v2\/users\/15"}],"replies":[{"embeddable":true,"href":"https:\/\/ffyh.unc.edu.ar\/femges\/wp-json\/wp\/v2\/comments?post=213"}],"version-history":[{"count":7,"href":"https:\/\/ffyh.unc.edu.ar\/femges\/wp-json\/wp\/v2\/pages\/213\/revisions"}],"predecessor-version":[{"id":459,"href":"https:\/\/ffyh.unc.edu.ar\/femges\/wp-json\/wp\/v2\/pages\/213\/revisions\/459"}],"wp:attachment":[{"href":"https:\/\/ffyh.unc.edu.ar\/femges\/wp-json\/wp\/v2\/media?parent=213"}],"curies":[{"name":"wp","href":"https:\/\/api.w.org\/{rel}","templated":true}]}}