{"id":254,"date":"2016-04-23T19:22:06","date_gmt":"2016-04-23T19:22:06","guid":{"rendered":"http:\/\/www.ffyh.unc.edu.ar\/ciffyh\/femges\/?page_id=254"},"modified":"2016-04-23T19:22:06","modified_gmt":"2016-04-23T19:22:06","slug":"protocoloscartillas","status":"publish","type":"page","link":"https:\/\/ffyh.unc.edu.ar\/femges\/protocoloscartillas\/","title":{"rendered":"Protocolos\/Cartillas"},"content":{"rendered":"<h3><a href=\"http:\/\/ffyh.unc.edu.ar\/femges\/wp-content\/uploads\/sites\/20\/2016\/04\/poster-we-can-do-it.gif\"><img loading=\"lazy\" decoding=\"async\" class=\"aligncenter size-full wp-image-260\" src=\"http:\/\/ffyh.unc.edu.ar\/femges\/wp-content\/uploads\/sites\/20\/2016\/04\/poster-we-can-do-it.gif\" alt=\"poster we can do it\" width=\"620\" height=\"300\" \/><\/a><\/h3>\n<h4><\/h4>\n<h4><a href=\"http:\/\/www.unc.edu.ar\/extension\/vinculacion\/genero\/legislacion-vigente-sobre-genero\/cartillas\/Consejerias%20propuesta.pdf\">Consejer\u00edas En Salud Sexual Y Salud Reproductiva | Propuesta De Dise\u00f1o, Organizaci\u00f3n E Implementaci\u00f3n<\/a><\/h4>\n<h4><a href=\"http:\/\/www.unc.edu.ar\/extension\/vinculacion\/genero\/legislacion-vigente-sobre-genero\/cartillas\/Ligadura%20tubaria.pdf\">Ligadura Tubaria<\/a><\/h4>\n<h4><a href=\"http:\/\/www.unc.edu.ar\/extension\/vinculacion\/genero\/legislacion-vigente-sobre-genero\/cartillas\/vasectomia.pdf\">Anticoncepci\u00f3n Quir\u00fargica Varones | Vasectom\u00eda<\/a><\/h4>\n<h4><a href=\"http:\/\/www.unc.edu.ar\/extension\/vinculacion\/genero\/legislacion-vigente-sobre-genero\/cartillas\/educacion%20sexual%20integral%20%20educacion%20secundaria.pdf\">Educaci\u00f3n Sexual Integral para la Educaci\u00f3n Secundaria<\/a><\/h4>\n<h4><a href=\"http:\/\/www.unc.edu.ar\/extension\/vinculacion\/genero\/legislacion-vigente-sobre-genero\/cartillas\/identidades-diversas.pdf\">Identidades diversas los mismos derechos<\/a><\/h4>\n<h4><a href=\"http:\/\/www.unc.edu.ar\/extension\/vinculacion\/genero\/legislacion-vigente-sobre-genero\/cartillas\/revista-cual-es-tu-pregunta.pdf\">Revista Cual es tu pregunta<\/a><\/h4>\n<h4><a href=\"http:\/\/www.unc.edu.ar\/extension\/vinculacion\/genero\/legislacion-vigente-sobre-genero\/cartillas\/revista-para-charlar-en-familia.pdf\">Revista para charlar en familia<\/a><\/h4>\n<h4><a href=\"http:\/\/www.unc.edu.ar\/extension\/vinculacion\/genero\/legislacion-vigente-sobre-genero\/protocolos\/Guia_Tecnica_para_la_Atencion_Integral_de_los_Abortos_No_Punibles.pdf\">\u00a0Gu\u00eda T\u00e9cnica Para La Atenci\u00f3n Integral De Los Abortos No Punibles<\/a><\/h4>\n<h4><a href=\"http:\/\/www.unc.edu.ar\/extension\/vinculacion\/genero\/legislacion-vigente-sobre-genero\/protocolos\/protocolo%20ABORTO_NO_PUNIBLE_PROCEDIMIENTO_CORDOBA.pdf\">Protocolo aborto no punible | Procedimiento C\u00f3rdoba<\/a><\/h4>\n<h4><a href=\"http:\/\/www.unc.edu.ar\/extension\/vinculacion\/genero\/legislacion-vigente-sobre-genero\/protocolos\/Protocolo%20Nacional%20para%20atencion%20a%20victimas%20de%20violacion.pdf\">Protocolo Para La Atenci\u00f3n Integral De Personas V\u00edctimas De Violaciones Sexuales<\/a><\/h4>\n","protected":false},"excerpt":{"rendered":"<p>Consejer\u00edas En Salud Sexual Y Salud Reproductiva | Propuesta De Dise\u00f1o, Organizaci\u00f3n E Implementaci\u00f3n Ligadura Tubaria Anticoncepci\u00f3n Quir\u00fargica Varones | Vasectom\u00eda Educaci\u00f3n Sexual Integral para la Educaci\u00f3n Secundaria Identidades diversas &hellip; <\/p>\n","protected":false},"author":15,"featured_media":0,"parent":0,"menu_order":0,"comment_status":"closed","ping_status":"closed","template":"","meta":{"_acf_changed":false,"footnotes":""},"class_list":["post-254","page","type-page","status-publish","hentry"],"acf":[],"_links":{"self":[{"href":"https:\/\/ffyh.unc.edu.ar\/femges\/wp-json\/wp\/v2\/pages\/254","targetHints":{"allow":["GET"]}}],"collection":[{"href":"https:\/\/ffyh.unc.edu.ar\/femges\/wp-json\/wp\/v2\/pages"}],"about":[{"href":"https:\/\/ffyh.unc.edu.ar\/femges\/wp-json\/wp\/v2\/types\/page"}],"author":[{"embeddable":true,"href":"https:\/\/ffyh.unc.edu.ar\/femges\/wp-json\/wp\/v2\/users\/15"}],"replies":[{"embeddable":true,"href":"https:\/\/ffyh.unc.edu.ar\/femges\/wp-json\/wp\/v2\/comments?post=254"}],"version-history":[{"count":0,"href":"https:\/\/ffyh.unc.edu.ar\/femges\/wp-json\/wp\/v2\/pages\/254\/revisions"}],"wp:attachment":[{"href":"https:\/\/ffyh.unc.edu.ar\/femges\/wp-json\/wp\/v2\/media?parent=254"}],"curies":[{"name":"wp","href":"https:\/\/api.w.org\/{rel}","templated":true}]}}