{"id":30,"date":"2014-05-27T16:45:13","date_gmt":"2014-05-27T16:45:13","guid":{"rendered":"http:\/\/www.ffyh.unc.edu.ar\/ciffyh\/femges\/?page_id=30"},"modified":"2018-07-08T22:42:24","modified_gmt":"2018-07-08T22:42:24","slug":"i-congreso-genero-y-sociedad-debates-y-practicas-en-torno-a-violencia-de-genero","status":"publish","type":"page","link":"https:\/\/ffyh.unc.edu.ar\/femges\/congreso-genero-y-sociedad\/i-congreso-genero-y-sociedad-debates-y-practicas-en-torno-a-violencia-de-genero\/","title":{"rendered":"Sobre el Congreso"},"content":{"rendered":"<p><a href=\"http:\/\/ffyh.unc.edu.ar\/femges\/wp-content\/uploads\/sites\/20\/2014\/05\/congreso-genero-y-sociedad.jpg\"><img loading=\"lazy\" decoding=\"async\" class=\"aligncenter size-large wp-image-119\" src=\"http:\/\/ffyh.unc.edu.ar\/femges\/wp-content\/uploads\/sites\/20\/2014\/05\/congreso-genero-y-sociedad-1024x568.jpg\" alt=\"congreso genero y sociedad\" width=\"1024\" height=\"568\" srcset=\"https:\/\/ffyh.unc.edu.ar\/femges\/wp-content\/uploads\/sites\/20\/2014\/05\/congreso-genero-y-sociedad-1024x568.jpg 1024w, https:\/\/ffyh.unc.edu.ar\/femges\/wp-content\/uploads\/sites\/20\/2014\/05\/congreso-genero-y-sociedad-300x167.jpg 300w, https:\/\/ffyh.unc.edu.ar\/femges\/wp-content\/uploads\/sites\/20\/2014\/05\/congreso-genero-y-sociedad-768x426.jpg 768w, https:\/\/ffyh.unc.edu.ar\/femges\/wp-content\/uploads\/sites\/20\/2014\/05\/congreso-genero-y-sociedad.jpg 1099w\" sizes=\"auto, (max-width: 1024px) 100vw, 1024px\" \/><\/a><\/p>\n<p>&nbsp;<\/p>\n<p style=\"text-align: justify\">Cada 2 a\u00f1os, el\u00a0<span style=\"color: #f7166d\"><strong>\u00c1rea Femges<\/strong><\/span>\u00a0 del Centro de Investigaciones de la Facultad de Filosof\u00eda y Humanidades <span style=\"color: #f7166d\"><strong>(CIFFyH)<\/strong><\/span>\u00a0y otrxs actores de la\u00a0Universidad Nacional de C\u00f3rdoba\u00a0como el\u00a0<span style=\"color: #f7166d\"><strong>Programa de G\u00e9nero<\/strong>\u00a0<strong>de la<\/strong>\u00a0<strong>Secretar\u00eda de Extensi\u00f3n Universitaria (SEU)<\/strong><\/span>, organizamos el\u00a0<strong><span style=\"color: #f7166d\">Congreso de G\u00e9nero y Sociedad.<\/span><\/strong><\/p>\n<p style=\"text-align: justify\">Sus\u00a0<span style=\"color: #f7076b\"><strong>objetivos<\/strong>\u00a0<\/span>son promover el intercambio de saberes y pr\u00e1cticas entre los espacios acad\u00e9micos, las instituciones p\u00fablicas y\u00a0las organizaciones de la sociedad civil, para articular esfuerzos tendientes a erradicar las violencias de g\u00e9nero, as\u00ed como tambi\u00e9n a poner en dialogo diversas posturas y enfoques en torno a los v\u00ednculos entre las sociedades y sus problem\u00e1ticas en torno a las sexualidades, las identidades de g\u00e9nero, y actividades feministas.<\/p>\n<p style=\"text-align: justify\">Adem\u00e1s se intenta <span style=\"color: #f7076b\"><strong>promover, visibilizar y exponer diferentes actividades<\/strong><\/span> que ponen en evidencia el trabajo de extensi\u00f3n realizado en nuestra Universidad Nacional de C\u00f3rdoba, junto con diversos espacios e instituciones sociales locales, de Argentina y de otros lugares del mundo.<\/p>\n<p style=\"text-align: justify\">Se constituye adem\u00e1s, como un <span style=\"color: #f7076b\"><strong>espacio de dialogo entre diferentes miembrxs<\/strong><\/span> de instituciones estatales y ONG\u2019s de C\u00f3rdoba, Argentina y otros pa\u00edses de Latinoam\u00e9rica.<\/p>\n<p style=\"text-align: justify\"><strong><span style=\"color: #f7076b\">LA PR\u00d3XIMA EDICI\u00d3N SE REALIZAR\u00c1 EN SEPTIEMBRE DE 2018.<\/span><\/strong><\/p>\n","protected":false},"excerpt":{"rendered":"<p>&nbsp; Cada 2 a\u00f1os, el\u00a0\u00c1rea Femges\u00a0 del Centro de Investigaciones de la Facultad de Filosof\u00eda y Humanidades (CIFFyH)\u00a0y otrxs actores de la\u00a0Universidad Nacional de C\u00f3rdoba\u00a0como el\u00a0Programa de G\u00e9nero\u00a0de la\u00a0Secretar\u00eda de &hellip; <\/p>\n","protected":false},"author":1,"featured_media":0,"parent":28,"menu_order":0,"comment_status":"open","ping_status":"open","template":"","meta":{"_acf_changed":false,"footnotes":""},"class_list":["post-30","page","type-page","status-publish","hentry"],"acf":[],"_links":{"self":[{"href":"https:\/\/ffyh.unc.edu.ar\/femges\/wp-json\/wp\/v2\/pages\/30","targetHints":{"allow":["GET"]}}],"collection":[{"href":"https:\/\/ffyh.unc.edu.ar\/femges\/wp-json\/wp\/v2\/pages"}],"about":[{"href":"https:\/\/ffyh.unc.edu.ar\/femges\/wp-json\/wp\/v2\/types\/page"}],"author":[{"embeddable":true,"href":"https:\/\/ffyh.unc.edu.ar\/femges\/wp-json\/wp\/v2\/users\/1"}],"replies":[{"embeddable":true,"href":"https:\/\/ffyh.unc.edu.ar\/femges\/wp-json\/wp\/v2\/comments?post=30"}],"version-history":[{"count":1,"href":"https:\/\/ffyh.unc.edu.ar\/femges\/wp-json\/wp\/v2\/pages\/30\/revisions"}],"predecessor-version":[{"id":430,"href":"https:\/\/ffyh.unc.edu.ar\/femges\/wp-json\/wp\/v2\/pages\/30\/revisions\/430"}],"up":[{"embeddable":true,"href":"https:\/\/ffyh.unc.edu.ar\/femges\/wp-json\/wp\/v2\/pages\/28"}],"wp:attachment":[{"href":"https:\/\/ffyh.unc.edu.ar\/femges\/wp-json\/wp\/v2\/media?parent=30"}],"curies":[{"name":"wp","href":"https:\/\/api.w.org\/{rel}","templated":true}]}}