{"id":32,"date":"2014-05-27T16:45:36","date_gmt":"2014-05-27T16:45:36","guid":{"rendered":"http:\/\/www.ffyh.unc.edu.ar\/ciffyh\/femges\/?page_id=32"},"modified":"2014-05-27T16:45:36","modified_gmt":"2014-05-27T16:45:36","slug":"ii-congreso-genero-y-sociedad-lo-personal-es-politico","status":"publish","type":"page","link":"https:\/\/ffyh.unc.edu.ar\/femges\/congreso-genero-y-sociedad\/ii-congreso-genero-y-sociedad-lo-personal-es-politico\/","title":{"rendered":"Objetivos del Congreso"},"content":{"rendered":"<p style=\"text-align: justify\">\n<p style=\"text-align: justify\">El <strong><span style=\"color: #fa078d\">Congreso G\u00e9nero y Sociedad<\/span><\/strong>, que se realiza <strong><span style=\"color: #fa078d\">bianualmente<\/span><\/strong>, responde, en cada edici\u00f3n, a tem\u00e1ticas puntuales, definidas y planteadas por lxs organizadxres.<\/p>\n<p style=\"text-align: justify\">Si bien los objetivos generales del Congreso son siempre los mismos, con\u00a0cada edici\u00f3n, se establecen l\u00edneas tem\u00e1ticas puntuales y ejes de trabajos espec\u00edficos, en base a las diferentes problem\u00e1ticas que la sociedad va definiendo y en torno a las diferentes discusiones que se dan en el \u00e1mbito acad\u00e9mico\u00a0sobre los estudios de feminismos, g\u00e9neros y sexualidades.<\/p>\n<p style=\"text-align: justify\">\n<p style=\"text-align: justify\"><span style=\"color: #fa078d\"><strong>La pr\u00f3xima edici\u00f3n se realizar\u00e1 en el 2016.<\/strong><\/span><\/p>\n","protected":false},"excerpt":{"rendered":"<p>El Congreso G\u00e9nero y Sociedad, que se realiza bianualmente, responde, en cada edici\u00f3n, a tem\u00e1ticas puntuales, definidas y planteadas por lxs organizadxres. Si bien los objetivos generales del Congreso son &hellip; <\/p>\n","protected":false},"author":1,"featured_media":0,"parent":28,"menu_order":0,"comment_status":"open","ping_status":"open","template":"","meta":{"_acf_changed":false,"footnotes":""},"class_list":["post-32","page","type-page","status-publish","hentry"],"acf":[],"_links":{"self":[{"href":"https:\/\/ffyh.unc.edu.ar\/femges\/wp-json\/wp\/v2\/pages\/32","targetHints":{"allow":["GET"]}}],"collection":[{"href":"https:\/\/ffyh.unc.edu.ar\/femges\/wp-json\/wp\/v2\/pages"}],"about":[{"href":"https:\/\/ffyh.unc.edu.ar\/femges\/wp-json\/wp\/v2\/types\/page"}],"author":[{"embeddable":true,"href":"https:\/\/ffyh.unc.edu.ar\/femges\/wp-json\/wp\/v2\/users\/1"}],"replies":[{"embeddable":true,"href":"https:\/\/ffyh.unc.edu.ar\/femges\/wp-json\/wp\/v2\/comments?post=32"}],"version-history":[{"count":0,"href":"https:\/\/ffyh.unc.edu.ar\/femges\/wp-json\/wp\/v2\/pages\/32\/revisions"}],"up":[{"embeddable":true,"href":"https:\/\/ffyh.unc.edu.ar\/femges\/wp-json\/wp\/v2\/pages\/28"}],"wp:attachment":[{"href":"https:\/\/ffyh.unc.edu.ar\/femges\/wp-json\/wp\/v2\/media?parent=32"}],"curies":[{"name":"wp","href":"https:\/\/api.w.org\/{rel}","templated":true}]}}