{"id":60,"date":"2014-08-20T16:35:18","date_gmt":"2014-08-20T16:35:18","guid":{"rendered":"http:\/\/www.ffyh.unc.edu.ar\/ciffyh\/femges\/?page_id=60"},"modified":"2014-08-20T16:35:18","modified_gmt":"2014-08-20T16:35:18","slug":"revista-polemicas-feministas","status":"publish","type":"page","link":"https:\/\/ffyh.unc.edu.ar\/femges\/revista-polemicas-feministas\/","title":{"rendered":"Revista Pol\u00e9micas Feministas"},"content":{"rendered":"<h2><a href=\"http:\/\/ffyh.unc.edu.ar\/femges\/wp-content\/uploads\/sites\/20\/2014\/08\/revista-polemicas-feministas.png\"><img loading=\"lazy\" decoding=\"async\" class=\"aligncenter size-full wp-image-172\" src=\"http:\/\/ffyh.unc.edu.ar\/femges\/wp-content\/uploads\/sites\/20\/2014\/08\/revista-polemicas-feministas.png\" alt=\"revista polemicas feministas\" width=\"1000\" height=\"307\" srcset=\"https:\/\/ffyh.unc.edu.ar\/femges\/wp-content\/uploads\/sites\/20\/2014\/08\/revista-polemicas-feministas.png 1000w, https:\/\/ffyh.unc.edu.ar\/femges\/wp-content\/uploads\/sites\/20\/2014\/08\/revista-polemicas-feministas-300x92.png 300w, https:\/\/ffyh.unc.edu.ar\/femges\/wp-content\/uploads\/sites\/20\/2014\/08\/revista-polemicas-feministas-768x236.png 768w\" sizes=\"auto, (max-width: 1000px) 100vw, 1000px\" \/><\/a><\/h2>\n<h2><strong><span style=\"color: #f70a75\">Pol\u00e9micas Feministas<\/span><\/strong><\/h2>\n<h2><strong><span style=\"color: #f70a75\">Revista del \u00c1rea Feminismos, G\u00e9nero y Sexualidades (FemGeS)<\/span><\/strong><\/h2>\n<p>&nbsp;<\/p>\n<p style=\"text-align: justify\"><strong><span style=\"color: #f70a75\">Pol\u00e9micas Feministas<\/span><\/strong> es una\u00a0revista anual editada por el\u00a0\u00c1rea Feminismos, G\u00e9nero y Sexualidades (FemGeS)\u00a0del Centro de Investigaciones \u00a0Mar\u00eda Saleme de Burnichon de la Facultad de Filosof\u00eda y Humanidades de la Universidad Nacional de C\u00f3rdoba (CIFFYH-UNC).<\/p>\n<p style=\"text-align: justify\">\n<p style=\"text-align: justify\"><strong><span style=\"color: #f70a75\">Pol\u00e9micas Feministas<\/span><\/strong> pretende ser una revista de difusi\u00f3n y discusi\u00f3n de los aportes y las transformaciones que los estudios de g\u00e9nero, los estudios <em>queer<\/em> y los feminismos (en plural) han producido y producen en el pensamiento contempor\u00e1neo. A su vez, tiene como motivaci\u00f3n el poder constituirse en una plataforma para la construcci\u00f3n cr\u00edtica de conocimientos en estos campos, como as\u00ed tambi\u00e9n, en una herramienta de comunicaci\u00f3n que vincule los diferentes espacios acad\u00e9micos, pol\u00edticos y sociales donde estos saberes y pr\u00e1cticas se construyen.<\/p>\n<p style=\"text-align: justify\">\n<p style=\"text-align: justify\">El primer n\u00famero fue lanzado como edici\u00f3n del PIEMG (Programa Interdisciplinario de Estudios de Mujer y G\u00e9nero) y, en su segundo n\u00famero, la revista ya fue editada por el\u00a0\u00c1rea FemGeS.<\/p>\n<p style=\"text-align: justify\">\n<p style=\"text-align: justify\">Pasamos, asimismo, de una versi\u00f3n impresa, a una versi\u00f3n digital de la Revista, que se encuentra en el <strong>Repositorio Institucional de la Universidad<\/strong>.<\/p>\n<p>&nbsp;<\/p>\n<p>&nbsp;<\/p>\n<p style=\"text-align: center\"><span style=\"text-decoration: underline\"><strong><span style=\"color: #f70a75\"><a style=\"color: #f70a75;text-decoration: underline\" href=\"http:\/\/revistas.unc.edu.ar\/index.php\/polemicasfeminista\/\">PARA INGRESAR AL REPOSITORIO DIGITAL DE LA UNC, CLICK AQU\u00cd (+)<\/a><\/span><\/strong><\/span><\/p>\n<p>&nbsp;<\/p>\n<p>&nbsp;<\/p>\n<p>&nbsp;<\/p>\n<p>&nbsp;<\/p>\n","protected":false},"excerpt":{"rendered":"<p>Pol\u00e9micas Feministas Revista del \u00c1rea Feminismos, G\u00e9nero y Sexualidades (FemGeS) &nbsp; Pol\u00e9micas Feministas es una\u00a0revista anual editada por el\u00a0\u00c1rea Feminismos, G\u00e9nero y Sexualidades (FemGeS)\u00a0del Centro de Investigaciones \u00a0Mar\u00eda Saleme de &hellip; <\/p>\n","protected":false},"author":1,"featured_media":0,"parent":0,"menu_order":0,"comment_status":"open","ping_status":"open","template":"","meta":{"_acf_changed":false,"footnotes":""},"class_list":["post-60","page","type-page","status-publish","hentry"],"acf":[],"_links":{"self":[{"href":"https:\/\/ffyh.unc.edu.ar\/femges\/wp-json\/wp\/v2\/pages\/60","targetHints":{"allow":["GET"]}}],"collection":[{"href":"https:\/\/ffyh.unc.edu.ar\/femges\/wp-json\/wp\/v2\/pages"}],"about":[{"href":"https:\/\/ffyh.unc.edu.ar\/femges\/wp-json\/wp\/v2\/types\/page"}],"author":[{"embeddable":true,"href":"https:\/\/ffyh.unc.edu.ar\/femges\/wp-json\/wp\/v2\/users\/1"}],"replies":[{"embeddable":true,"href":"https:\/\/ffyh.unc.edu.ar\/femges\/wp-json\/wp\/v2\/comments?post=60"}],"version-history":[{"count":0,"href":"https:\/\/ffyh.unc.edu.ar\/femges\/wp-json\/wp\/v2\/pages\/60\/revisions"}],"wp:attachment":[{"href":"https:\/\/ffyh.unc.edu.ar\/femges\/wp-json\/wp\/v2\/media?parent=60"}],"curies":[{"name":"wp","href":"https:\/\/api.w.org\/{rel}","templated":true}]}}