{"id":78,"date":"2015-11-03T18:43:04","date_gmt":"2015-11-03T18:43:04","guid":{"rendered":"http:\/\/www.ffyh.unc.edu.ar\/ciffyh\/femges\/?page_id=78"},"modified":"2018-10-18T00:51:09","modified_gmt":"2018-10-18T00:51:09","slug":"actividades","status":"publish","type":"page","link":"https:\/\/ffyh.unc.edu.ar\/femges\/actividades\/","title":{"rendered":"Actividades"},"content":{"rendered":"<p>El equipo de Investigaci\u00f3n,\u00a0Afectividad y pr\u00e1cticas de educaci\u00f3n sexual. Construcci\u00f3n de sexualidades en escuelas secundarias,\u00a0dirigido por Marina Tomasini y radicado en el \u00c1rea Feminismos, G\u00e9nero y Sexualidades (FemGeS), del CIFFyH, UNC, comparte la publicaci\u00f3n de la <a href=\"https:\/\/drive.google.com\/file\/d\/1sPXpU_pLJq1hLsONsVE8cAEgBFCVVIbM\/view?usp=sharing\">Gu\u00eda\u00a0(DES)ARMAR EL G\u00c9NERO Y LA SEXUALIDAD. HERRAMIENTAS PARA EL DEBATE Y LA ORGANIZACI\u00d3N JUVENIL<\/a>.\u00a0El material propone pistas y herramientas para crear espacios de reflexi\u00f3n sobre las identidades, los cuerpos, deseos y experiencias de g\u00e9nero y sexualidad. Pretende colaborar con Centros de Estudiantes de escuelas u otros grupos de j\u00f3venes, en\u00a0la generaci\u00f3n y fortalecimiento de espacios de participaci\u00f3n y organizaci\u00f3n que fomenten pr\u00e1cticas de cuidado, responsabilidad y solidaridad relacionadas con las problem\u00e1ticas y necesidades de conocimiento actuales de les j\u00f3venes.<\/p>\n","protected":false},"excerpt":{"rendered":"<p>El equipo de Investigaci\u00f3n,\u00a0Afectividad y pr\u00e1cticas de educaci\u00f3n sexual. Construcci\u00f3n de sexualidades en escuelas secundarias,\u00a0dirigido por Marina Tomasini y radicado en el \u00c1rea Feminismos, G\u00e9nero y Sexualidades (FemGeS), del CIFFyH, &hellip; <\/p>\n","protected":false},"author":1,"featured_media":0,"parent":0,"menu_order":0,"comment_status":"open","ping_status":"open","template":"","meta":{"_acf_changed":false,"footnotes":""},"class_list":["post-78","page","type-page","status-publish","hentry"],"acf":[],"_links":{"self":[{"href":"https:\/\/ffyh.unc.edu.ar\/femges\/wp-json\/wp\/v2\/pages\/78","targetHints":{"allow":["GET"]}}],"collection":[{"href":"https:\/\/ffyh.unc.edu.ar\/femges\/wp-json\/wp\/v2\/pages"}],"about":[{"href":"https:\/\/ffyh.unc.edu.ar\/femges\/wp-json\/wp\/v2\/types\/page"}],"author":[{"embeddable":true,"href":"https:\/\/ffyh.unc.edu.ar\/femges\/wp-json\/wp\/v2\/users\/1"}],"replies":[{"embeddable":true,"href":"https:\/\/ffyh.unc.edu.ar\/femges\/wp-json\/wp\/v2\/comments?post=78"}],"version-history":[{"count":1,"href":"https:\/\/ffyh.unc.edu.ar\/femges\/wp-json\/wp\/v2\/pages\/78\/revisions"}],"predecessor-version":[{"id":463,"href":"https:\/\/ffyh.unc.edu.ar\/femges\/wp-json\/wp\/v2\/pages\/78\/revisions\/463"}],"wp:attachment":[{"href":"https:\/\/ffyh.unc.edu.ar\/femges\/wp-json\/wp\/v2\/media?parent=78"}],"curies":[{"name":"wp","href":"https:\/\/api.w.org\/{rel}","templated":true}]}}