{"id":8,"date":"2014-05-27T16:35:01","date_gmt":"2014-05-27T16:35:01","guid":{"rendered":"http:\/\/www.ffyh.unc.edu.ar\/ciffyh\/femges\/?page_id=8"},"modified":"2018-09-14T17:45:34","modified_gmt":"2018-09-14T17:45:34","slug":"quienes-somos","status":"publish","type":"page","link":"https:\/\/ffyh.unc.edu.ar\/femges\/quienes-somos\/","title":{"rendered":"FemGeS"},"content":{"rendered":"<p style=\"text-align: justify\"><a href=\"http:\/\/ffyh.unc.edu.ar\/femges\/wp-content\/uploads\/sites\/20\/2014\/05\/chica-unc-mural-gorilas.jpg\"><img loading=\"lazy\" decoding=\"async\" class=\"alignnone size-full wp-image-97\" src=\"http:\/\/ffyh.unc.edu.ar\/femges\/wp-content\/uploads\/sites\/20\/2014\/05\/chica-unc-mural-gorilas.jpg\" alt=\"chica unc mural gorilas\" width=\"663\" height=\"328\" srcset=\"https:\/\/ffyh.unc.edu.ar\/femges\/wp-content\/uploads\/sites\/20\/2014\/05\/chica-unc-mural-gorilas.jpg 663w, https:\/\/ffyh.unc.edu.ar\/femges\/wp-content\/uploads\/sites\/20\/2014\/05\/chica-unc-mural-gorilas-300x148.jpg 300w\" sizes=\"auto, (max-width: 663px) 100vw, 663px\" \/><\/a><\/p>\n<h4 style=\"text-align: justify\">El <strong>\u00c1rea Feminismos, G\u00e9nero y Sexualidades (FemGeS)<\/strong> de la UNC est\u00e1 conformada por docentes-investigadorxs, adscriptxs, ayudantes alumnxs y becarixs de diversas disciplinas, nucleados en distintos proyectos de investigaci\u00f3n, radicados en el Centro de Investigaciones \u201cMar\u00eda Saleme de Burnichon\u201d (CIFFyH), de la Facultad de Filosof\u00eda y Humanidades (FFyH) de la UNC.<\/h4>\n<h4 style=\"text-align: justify\">El nombre del \u00e1rea (Feminismos, G\u00e9neros y Sexualidades) supone el reconocimiento de tres grandes campos de estudio que, en las \u00faltimas d\u00e9cadas, se intersectan y dialogan continuamente en torno a cuestiones sociales, te\u00f3ricas y metodol\u00f3gicas, provocando reconfiguraciones de conocimientos y pr\u00e1cticas sociales.<\/h4>\n<h4 style=\"text-align: justify\"><strong>El FemGeS<\/strong> desarrolla una extendida agenda de actividades acad\u00e9micas que incluyen:<\/h4>\n<ul style=\"text-align: justify\">\n<li>\n<h4>La investigaci\u00f3n como actividad principal, contribuyendo a la formaci\u00f3n a nivel de grado y posgrado en la Facultad de Filosof\u00eda y Humanidades (FFyH) as\u00ed como en otras Facultades, de nuestra Universidad Nacional.<\/h4>\n<\/li>\n<\/ul>\n<ul style=\"text-align: justify\">\n<li>\n<h4>La promoci\u00f3n y la difusi\u00f3n de trabajos acad\u00e9micos y de debates, mediante la organizaci\u00f3n del Congreso <em>G\u00e9nero y Sociedad<\/em> editado de forma bianual<em>,\u00a0<\/em>as\u00ed como a trav\u00e9s de la publicaci\u00f3n de la revista\u00a0<em>Pol\u00e9micas Feministas<\/em>.<\/h4>\n<\/li>\n<\/ul>\n<ul style=\"text-align: justify\">\n<li>\n<h4>Desarrolla, junto con otros espacios de g\u00e9nero de la UNC, actividades de difusi\u00f3n y divulgaci\u00f3n del conocimiento cient\u00edfico, as\u00ed como la organizaci\u00f3n de debates p\u00fablicos con el fin de contribuir, desde una perspectiva feminista y de g\u00e9nero, al reconocimiento de los derechos humanos, y a la transformaci\u00f3n de pr\u00e1cticas sociales injustas y desiguales.<\/h4>\n<\/li>\n<\/ul>\n<ul>\n<li style=\"text-align: justify\">\n<h4>Articula, junto a diferentes actores universitarios, diversas acciones orientadas a la construcci\u00f3n de pol\u00edticas universitarias inclusivas y equitativas en materia de g\u00e9nero.<\/h4>\n<\/li>\n<\/ul>\n","protected":false},"excerpt":{"rendered":"<p>El \u00c1rea Feminismos, G\u00e9nero y Sexualidades (FemGeS) de la UNC est\u00e1 conformada por docentes-investigadorxs, adscriptxs, ayudantes alumnxs y becarixs de diversas disciplinas, nucleados en distintos proyectos de investigaci\u00f3n, radicados en &hellip; <\/p>\n","protected":false},"author":15,"featured_media":0,"parent":0,"menu_order":0,"comment_status":"open","ping_status":"closed","template":"","meta":{"_acf_changed":false,"footnotes":""},"class_list":["post-8","page","type-page","status-publish","hentry"],"acf":[],"_links":{"self":[{"href":"https:\/\/ffyh.unc.edu.ar\/femges\/wp-json\/wp\/v2\/pages\/8","targetHints":{"allow":["GET"]}}],"collection":[{"href":"https:\/\/ffyh.unc.edu.ar\/femges\/wp-json\/wp\/v2\/pages"}],"about":[{"href":"https:\/\/ffyh.unc.edu.ar\/femges\/wp-json\/wp\/v2\/types\/page"}],"author":[{"embeddable":true,"href":"https:\/\/ffyh.unc.edu.ar\/femges\/wp-json\/wp\/v2\/users\/15"}],"replies":[{"embeddable":true,"href":"https:\/\/ffyh.unc.edu.ar\/femges\/wp-json\/wp\/v2\/comments?post=8"}],"version-history":[{"count":1,"href":"https:\/\/ffyh.unc.edu.ar\/femges\/wp-json\/wp\/v2\/pages\/8\/revisions"}],"predecessor-version":[{"id":453,"href":"https:\/\/ffyh.unc.edu.ar\/femges\/wp-json\/wp\/v2\/pages\/8\/revisions\/453"}],"wp:attachment":[{"href":"https:\/\/ffyh.unc.edu.ar\/femges\/wp-json\/wp\/v2\/media?parent=8"}],"curies":[{"name":"wp","href":"https:\/\/api.w.org\/{rel}","templated":true}]}}