{"id":183,"date":"2023-03-23T13:48:12","date_gmt":"2023-03-23T12:48:12","guid":{"rendered":"https:\/\/ffyh.unc.edu.ar\/genero\/?page_id=183"},"modified":"2025-09-08T18:44:01","modified_gmt":"2025-09-08T16:44:01","slug":"cartillas-informativas-vih","status":"publish","type":"page","link":"https:\/\/ffyh.unc.edu.ar\/genero\/cartillas-informativas-vih\/","title":{"rendered":"Cartillas informativas | \u201cVIHsibilizar\u201d y \u201cVivir con VIH es pol\u00edtico\u201d"},"content":{"rendered":"<p>Las Cartillas \u201c<a href=\"http:\/\/ffyh.unc.edu.ar\/genero\/wp-content\/uploads\/sites\/34\/2025\/09\/VIHsibilizar-cartilla-1-final.pdf\" target=\"_blank\" rel=\"noopener\">VIHsibilizar<\/a>\u201d y \u201c<a href=\"http:\/\/ffyh.unc.edu.ar\/genero\/wp-content\/uploads\/sites\/34\/2025\/09\/Vivir-con-VIH-es-politico-cartilla-2-final.pdf\" target=\"_blank\" rel=\"noopener\">Vivir con VIH es pol\u00edtico<\/a>\u201d son un Proyecto realizado desde el Programa de G\u00e9nero, Sexualidades y Educaci\u00f3n Sexual Integral en conjunto con activistas seropositives de la Red Argentina de J\u00f3venes y Adolescentes Positivxs (RAJAP) y cuenta con la colaboraci\u00f3n del \u00c1rea de Formaci\u00f3n en G\u00e9nero, Sexualidades y ESI de la Facultad de Filosof\u00eda y Humanidades de la Universidad Nacional de C\u00f3rdoba.<\/p>\n<p><!--more--><\/p>\n<a href=\"https:\/\/ffyh.unc.edu.ar\/genero\/wp-content\/uploads\/sites\/34\/2025\/09\/VIHsibilizar-cartilla-1-final.pdf\" class=\"pdfemb-viewer\" style=\"\" data-width=\"max\" data-height=\"max\" data-toolbar=\"bottom\" data-toolbar-fixed=\"off\">VIHsibilizar - cartilla 1 final<\/a>\n<hr \/>\n<a href=\"https:\/\/ffyh.unc.edu.ar\/genero\/wp-content\/uploads\/sites\/34\/2025\/09\/Vivir-con-VIH-es-politico-cartilla-2-final.pdf\" class=\"pdfemb-viewer\" style=\"\" data-width=\"max\" data-height=\"max\" data-toolbar=\"bottom\" data-toolbar-fixed=\"off\">Vivir con VIH es pol\u00edtico - cartilla 2 final<\/a>\n","protected":false},"excerpt":{"rendered":"<p>Las Cartillas \u201cVIHsibilizar\u201d y \u201cVivir con VIH es pol\u00edtico\u201d son un Proyecto realizado desde el Programa de G\u00e9nero, Sexualidades y Educaci\u00f3n Sexual Integral en conjunto con activistas seropositives de la Red Argentina de J\u00f3venes y Adolescentes Positivxs (RAJAP) y cuenta con la colaboraci\u00f3n del \u00c1rea de Formaci\u00f3n en G\u00e9nero, Sexualidades y ESI de la Facultad &hellip; <\/p>\n<p><a class=\"more-link btn\" href=\"https:\/\/ffyh.unc.edu.ar\/genero\/cartillas-informativas-vih\/\">Seguir leyendo<\/a><\/p>\n","protected":false},"author":2,"featured_media":184,"parent":0,"menu_order":0,"comment_status":"closed","ping_status":"closed","template":"","meta":{"_acf_changed":false,"footnotes":""},"class_list":["post-183","page","type-page","status-publish","has-post-thumbnail","hentry","nodate","item-wrap"],"acf":[],"_links":{"self":[{"href":"https:\/\/ffyh.unc.edu.ar\/genero\/wp-json\/wp\/v2\/pages\/183","targetHints":{"allow":["GET"]}}],"collection":[{"href":"https:\/\/ffyh.unc.edu.ar\/genero\/wp-json\/wp\/v2\/pages"}],"about":[{"href":"https:\/\/ffyh.unc.edu.ar\/genero\/wp-json\/wp\/v2\/types\/page"}],"author":[{"embeddable":true,"href":"https:\/\/ffyh.unc.edu.ar\/genero\/wp-json\/wp\/v2\/users\/2"}],"replies":[{"embeddable":true,"href":"https:\/\/ffyh.unc.edu.ar\/genero\/wp-json\/wp\/v2\/comments?post=183"}],"version-history":[{"count":10,"href":"https:\/\/ffyh.unc.edu.ar\/genero\/wp-json\/wp\/v2\/pages\/183\/revisions"}],"predecessor-version":[{"id":533,"href":"https:\/\/ffyh.unc.edu.ar\/genero\/wp-json\/wp\/v2\/pages\/183\/revisions\/533"}],"wp:featuredmedia":[{"embeddable":true,"href":"https:\/\/ffyh.unc.edu.ar\/genero\/wp-json\/wp\/v2\/media\/184"}],"wp:attachment":[{"href":"https:\/\/ffyh.unc.edu.ar\/genero\/wp-json\/wp\/v2\/media?parent=183"}],"curies":[{"name":"wp","href":"https:\/\/api.w.org\/{rel}","templated":true}]}}