{"id":30,"date":"2022-09-26T19:47:00","date_gmt":"2022-09-26T17:47:00","guid":{"rendered":"https:\/\/ffyh.unc.edu.ar\/genero\/?page_id=30"},"modified":"2026-03-17T17:03:29","modified_gmt":"2026-03-17T16:03:29","slug":"programa-de-genero-sexualidades-y-esi","status":"publish","type":"page","link":"https:\/\/ffyh.unc.edu.ar\/genero\/programa-de-genero-sexualidades-y-esi\/","title":{"rendered":"Programa de G\u00e9nero, Sexualidades y ESI"},"content":{"rendered":"<p><strong><img loading=\"lazy\" decoding=\"async\" class=\"alignright wp-image-76\" src=\"http:\/\/ffyh.unc.edu.ar\/genero\/wp-content\/uploads\/sites\/34\/2022\/09\/Mesa-de-trabajo-13-300x138.jpg\" alt=\"\" width=\"400\" height=\"184\" srcset=\"https:\/\/ffyh.unc.edu.ar\/genero\/wp-content\/uploads\/sites\/34\/2022\/09\/Mesa-de-trabajo-13-300x138.jpg 300w, https:\/\/ffyh.unc.edu.ar\/genero\/wp-content\/uploads\/sites\/34\/2022\/09\/Mesa-de-trabajo-13-1024x470.jpg 1024w, https:\/\/ffyh.unc.edu.ar\/genero\/wp-content\/uploads\/sites\/34\/2022\/09\/Mesa-de-trabajo-13-768x353.jpg 768w, https:\/\/ffyh.unc.edu.ar\/genero\/wp-content\/uploads\/sites\/34\/2022\/09\/Mesa-de-trabajo-13-1536x705.jpg 1536w, https:\/\/ffyh.unc.edu.ar\/genero\/wp-content\/uploads\/sites\/34\/2022\/09\/Mesa-de-trabajo-13-750x344.jpg 750w, https:\/\/ffyh.unc.edu.ar\/genero\/wp-content\/uploads\/sites\/34\/2022\/09\/Mesa-de-trabajo-13.jpg 1801w\" sizes=\"auto, (max-width: 400px) 100vw, 400px\" \/><\/strong>Este Programa fue\u00a0aprobado por el Consejo Directivo de la Facultad de Filosof\u00eda y Humanidades en su sesi\u00f3n del 5 de noviembre de 2018. Se trata de un espacio institucional que se propone desarrollar l\u00edneas de acci\u00f3n que aborden diversas problem\u00e1ticas sociales vinculadas a g\u00e9nero, sexualidades y Educaci\u00f3n Sexual Integral, con el fin de construir de manera interdisciplinaria, desde perspectivas cr\u00edticas y con enfoque de derechos, herramientas, abordajes y estrategias de acci\u00f3n tendientes a promover una sociedad m\u00e1s justa, democr\u00e1tica y libre de discriminaci\u00f3n y violencias.<\/p>\n<p><!--more--><\/p>\n<p><span style=\"font-weight: 400\">El Programa <\/span><span style=\"font-weight: 400\">tiene une<\/span><span style=\"font-weight: 400\"> Coordinador\/a\/e<\/span>\u00a0<span style=\"font-weight: 400\">que ser\u00e1<\/span><span style=\"font-weight: 400\"> nombrade por el Consejo Directivo a propuesta del Decanato de la Facultad. <\/span><\/p>\n<p><strong>L\u00edneas de trabajo:<\/strong><\/p>\n<ul>\n<li>Difundir investigaciones, actividades de docencia y extensi\u00f3n que se articulen con los objetivos generales de este Programa.<\/li>\n<li>Sistematizar y articular informaci\u00f3n disponible en la Facultad de Filosof\u00eda y Humanidades vinculada a g\u00e9nero y sexualidades. o Desarrollar estrategias de sensibilizaci\u00f3n y acompa\u00f1amiento de la diversidad sexo-gen\u00e9rica, en vistas al cumplimiento de la ordenanza 9\/11 de la UNC y de la Ley nacional de Identidad de G\u00e9nero.<\/li>\n<li>Propiciar y organizar instancias de sensibilizaci\u00f3n y capacitaci\u00f3n para estudiantes docentes y no docentes sobre distintas problem\u00e1ticas vinculadas a g\u00e9nero y sexualidades.<\/li>\n<li>Generar espacios de participaci\u00f3n, con diversos actores institucionales, que posibiliten la construcci\u00f3n de estrategias, para el acompa\u00f1amiento de situaciones de violencias de g\u00e9nero que pudieran darse en nuestra Facultad.<\/li>\n<li>Facilitar la articulaci\u00f3n de situaciones de violencias de g\u00e9nero con el Plan de Acciones de la UNC.<\/li>\n<li>Promover la incorporaci\u00f3n de la perspectiva de g\u00e9nero en la formaci\u00f3n de grado, atendiendo a la implementaci\u00f3n de la Ley de Educaci\u00f3n Sexual integral.<\/li>\n<li>Participar en la organizaci\u00f3n de acciones que en nuestro contexto pudieran producirse que tiendan a reivindicaciones y ampliaci\u00f3n de derechos en materia de g\u00e9nero, sexualidades y educaci\u00f3n sexual integral.<\/li>\n<\/ul>\n<p><a href=\"http:\/\/www.digesto.unc.edu.ar\/ffyh\/honorable-consejo-directivo\/resolucion\/513_2018\/\" target=\"_blank\" rel=\"noopener\">Descargar Resoluci\u00f3n<\/a><\/p>\n<p><strong>Coordinadora:<\/strong> <span style=\"font-weight: 400\">\u00a0Madgalena Uz\u00edn<\/span><\/p>\n<blockquote><p>Contacto: <a href=\"mailto:genero@ffyh.unc.edu.ar\">genero@ffyh.unc.edu.ar<\/a><\/p>\n<p>Mensajes por Whatsapp: 351 3593930<\/p><\/blockquote>\n","protected":false},"excerpt":{"rendered":"<p>Este Programa fue\u00a0aprobado por el Consejo Directivo de la Facultad de Filosof\u00eda y Humanidades en su sesi\u00f3n del 5 de noviembre de 2018. Se trata de un espacio institucional que se propone desarrollar l\u00edneas de acci\u00f3n que aborden diversas problem\u00e1ticas sociales vinculadas a g\u00e9nero, sexualidades y Educaci\u00f3n Sexual Integral, con el fin de construir de &hellip; <\/p>\n<p><a class=\"more-link btn\" href=\"https:\/\/ffyh.unc.edu.ar\/genero\/programa-de-genero-sexualidades-y-esi\/\">Seguir leyendo<\/a><\/p>\n","protected":false},"author":1,"featured_media":0,"parent":0,"menu_order":0,"comment_status":"closed","ping_status":"closed","template":"","meta":{"_acf_changed":false,"footnotes":""},"class_list":["post-30","page","type-page","status-publish","hentry","nodate","item-wrap"],"acf":[],"_links":{"self":[{"href":"https:\/\/ffyh.unc.edu.ar\/genero\/wp-json\/wp\/v2\/pages\/30","targetHints":{"allow":["GET"]}}],"collection":[{"href":"https:\/\/ffyh.unc.edu.ar\/genero\/wp-json\/wp\/v2\/pages"}],"about":[{"href":"https:\/\/ffyh.unc.edu.ar\/genero\/wp-json\/wp\/v2\/types\/page"}],"author":[{"embeddable":true,"href":"https:\/\/ffyh.unc.edu.ar\/genero\/wp-json\/wp\/v2\/users\/1"}],"replies":[{"embeddable":true,"href":"https:\/\/ffyh.unc.edu.ar\/genero\/wp-json\/wp\/v2\/comments?post=30"}],"version-history":[{"count":10,"href":"https:\/\/ffyh.unc.edu.ar\/genero\/wp-json\/wp\/v2\/pages\/30\/revisions"}],"predecessor-version":[{"id":599,"href":"https:\/\/ffyh.unc.edu.ar\/genero\/wp-json\/wp\/v2\/pages\/30\/revisions\/599"}],"wp:attachment":[{"href":"https:\/\/ffyh.unc.edu.ar\/genero\/wp-json\/wp\/v2\/media?parent=30"}],"curies":[{"name":"wp","href":"https:\/\/api.w.org\/{rel}","templated":true}]}}