{"id":34,"date":"2022-09-26T19:47:52","date_gmt":"2022-09-26T17:47:52","guid":{"rendered":"https:\/\/ffyh.unc.edu.ar\/genero\/?page_id=34"},"modified":"2025-08-14T16:13:29","modified_gmt":"2025-08-14T14:13:29","slug":"area-trans-travesti-y-no-binarie","status":"publish","type":"page","link":"https:\/\/ffyh.unc.edu.ar\/genero\/area-trans-travesti-y-no-binarie\/","title":{"rendered":"\u00c1rea Trans, Travesti y No binarie"},"content":{"rendered":"<p><strong><img loading=\"lazy\" decoding=\"async\" class=\"alignright wp-image-81\" src=\"http:\/\/ffyh.unc.edu.ar\/genero\/wp-content\/uploads\/sites\/34\/2022\/09\/WhatsApp-Image-2022-09-27-at-12.11.32.jpeg\" alt=\"\" width=\"400\" height=\"184\" srcset=\"https:\/\/ffyh.unc.edu.ar\/genero\/wp-content\/uploads\/sites\/34\/2022\/09\/WhatsApp-Image-2022-09-27-at-12.11.32.jpeg 1280w, https:\/\/ffyh.unc.edu.ar\/genero\/wp-content\/uploads\/sites\/34\/2022\/09\/WhatsApp-Image-2022-09-27-at-12.11.32-300x138.jpeg 300w, https:\/\/ffyh.unc.edu.ar\/genero\/wp-content\/uploads\/sites\/34\/2022\/09\/WhatsApp-Image-2022-09-27-at-12.11.32-1024x470.jpeg 1024w, https:\/\/ffyh.unc.edu.ar\/genero\/wp-content\/uploads\/sites\/34\/2022\/09\/WhatsApp-Image-2022-09-27-at-12.11.32-768x353.jpeg 768w, https:\/\/ffyh.unc.edu.ar\/genero\/wp-content\/uploads\/sites\/34\/2022\/09\/WhatsApp-Image-2022-09-27-at-12.11.32-750x345.jpeg 750w\" sizes=\"auto, (max-width: 400px) 100vw, 400px\" \/><\/strong>Como parte de su proyecto institucional, la Facultad de Filosof\u00eda y Humanidades cre\u00f3 el \u00c1rea Trans, Travesti y G\u00e9nero No Binarie en octubre de 2019, dos a\u00f1os despu\u00e9s de haber puesto en marcha el Programa de G\u00e9nero, Sexualidades y Educaci\u00f3n Sexual Integral.<\/p>\n<p>\u201cEl \u00c1rea surge a partir de la campa\u00f1a de la cual forma parte la Facultad de Filosof\u00eda y Humanidades, el Centro de Estudiantes de la Facultad, que conduce Estudiantes al Frente, y a trav\u00e9s del trabajo militante que vengo haciendo dentro del \u00e1mbito universitario desde el a\u00f1o 1997\u201d, se\u00f1alaba Ivanna Aguilera en 2019 para una <a href=\"https:\/\/ffyh.unc.edu.ar\/alfilo\/la-inclusion-es-la-llave-de-una-vida-plena\/\" target=\"_blank\" rel=\"noopener\">entrevista de la Revista Alfilo.<\/a><\/p>\n<p>Despu\u00e9s de casi tres d\u00e9cadas de batallar por el reconocimiento de la poblaci\u00f3n trans y travesti, el \u00c1rea es una realidad y su coordinadora va apuntando los objetivos: \u201cinformar y visualizar la problem\u00e1tica porque vemos que no hay personas trans y travesti estudiando. Es muy dif\u00edcil que salgan formadores de este lugar. Entonces, una de mis tareas es esa, visibilizar la falta de personas trans a nivel educativo, la falta de acceso que hay y, en el caso de haber acceso, acompa\u00f1ar a esas personas con los problemas que se encuentran en la universidad, instituci\u00f3n que no escapa a lo que es el com\u00fan de la sociedad\u201d.<\/p>\n<p>\u201cEl \u00c1rea ya est\u00e1 creada y esperamos seguir con el trabajo con la gesti\u00f3n que sea, lo importante es el \u00c1rea, un espacio que no exist\u00eda y que es muy importante. Ahora, no s\u00f3lo importa que siga, sino que crezca, que se potencie, que no se frene ni se estanque lo que arrancamos. Hay que ponerle pila, siempre con la mejor predisposici\u00f3n, porque el desaf\u00edo es que brille cada vez m\u00e1s, no que pase desapercibida\u201d, aseguraba Ivanna.<\/p>\n<p>En la universidad existe la <a href=\"http:\/\/ffyh.unc.edu.ar\/alfilo\/wp-content\/uploads\/sites\/11\/2020\/03\/OHCS_9_2011_0.pdf\" target=\"_blank\" rel=\"noopener noreferrer\">Ordenanza 09\/11 de derecho a la identidad y expresividad de g\u00e9nero<\/a> y \u00a0\u201cel \u00c1rea tambi\u00e9n brega para que se cumplan las ordenanzas y que nadie pueda quedar por fuera de los derechos que tanto nos cost\u00f3 conseguir\u201d, continuaba.<\/p>\n<p>La coordinaci\u00f3n con el Programa de G\u00e9nero, Sexualidades y Educaci\u00f3n Sexual es otro de los desaf\u00edos del \u00c1rea:. Dec\u00eda Ivanna: \u201cApuntamos a capacitar y generar acompa\u00f1amiento de pibxs que vienen a estudiar. Hoy tenemos una cantidad importante de personas trans y no binaries dentro de la universidad que no saben c\u00f3mo manejarse, c\u00f3mo hacer los tr\u00e1mites, porque en esas dependencias no hay personal capacitado para afrontar la problem\u00e1tica que trae el compa\u00f1ero o la compa\u00f1era. Somos un interlocutor entre las dos partes\u00bb.<\/p>\n<p><strong>Descargar Resoluci\u00f3n<\/strong><\/p>\n<p><!--more--><\/p>\n<blockquote><p><strong>Contacto:<\/strong> <a href=\"mailto:area.trans@ffyh.unc.edu.ar\">area.trans@ffyh.unc.edu.ar<\/a><\/p><\/blockquote>\n","protected":false},"excerpt":{"rendered":"<p>Como parte de su proyecto institucional, la Facultad de Filosof\u00eda y Humanidades cre\u00f3 el \u00c1rea Trans, Travesti y G\u00e9nero No Binarie en octubre de 2019, dos a\u00f1os despu\u00e9s de haber puesto en marcha el Programa de G\u00e9nero, Sexualidades y Educaci\u00f3n Sexual Integral. \u201cEl \u00c1rea surge a partir de la campa\u00f1a de la cual forma parte &hellip; <\/p>\n<p><a class=\"more-link btn\" href=\"https:\/\/ffyh.unc.edu.ar\/genero\/area-trans-travesti-y-no-binarie\/\">Seguir leyendo<\/a><\/p>\n","protected":false},"author":1,"featured_media":0,"parent":0,"menu_order":0,"comment_status":"closed","ping_status":"closed","template":"","meta":{"_acf_changed":false,"footnotes":""},"class_list":["post-34","page","type-page","status-publish","hentry","nodate","item-wrap"],"acf":[],"_links":{"self":[{"href":"https:\/\/ffyh.unc.edu.ar\/genero\/wp-json\/wp\/v2\/pages\/34","targetHints":{"allow":["GET"]}}],"collection":[{"href":"https:\/\/ffyh.unc.edu.ar\/genero\/wp-json\/wp\/v2\/pages"}],"about":[{"href":"https:\/\/ffyh.unc.edu.ar\/genero\/wp-json\/wp\/v2\/types\/page"}],"author":[{"embeddable":true,"href":"https:\/\/ffyh.unc.edu.ar\/genero\/wp-json\/wp\/v2\/users\/1"}],"replies":[{"embeddable":true,"href":"https:\/\/ffyh.unc.edu.ar\/genero\/wp-json\/wp\/v2\/comments?post=34"}],"version-history":[{"count":7,"href":"https:\/\/ffyh.unc.edu.ar\/genero\/wp-json\/wp\/v2\/pages\/34\/revisions"}],"predecessor-version":[{"id":525,"href":"https:\/\/ffyh.unc.edu.ar\/genero\/wp-json\/wp\/v2\/pages\/34\/revisions\/525"}],"wp:attachment":[{"href":"https:\/\/ffyh.unc.edu.ar\/genero\/wp-json\/wp\/v2\/media?parent=34"}],"curies":[{"name":"wp","href":"https:\/\/api.w.org\/{rel}","templated":true}]}}