{"id":37,"date":"2022-09-26T19:48:33","date_gmt":"2022-09-26T17:48:33","guid":{"rendered":"https:\/\/ffyh.unc.edu.ar\/genero\/?page_id=37"},"modified":"2025-08-14T16:14:41","modified_gmt":"2025-08-14T14:14:41","slug":"area-de-formacion-en-genero-sexualidades-y-esi","status":"publish","type":"page","link":"https:\/\/ffyh.unc.edu.ar\/genero\/area-de-formacion-en-genero-sexualidades-y-esi\/","title":{"rendered":"\u00c1rea de Formaci\u00f3n en G\u00e9nero, Sexualidades y ESI"},"content":{"rendered":"<p><img loading=\"lazy\" decoding=\"async\" class=\"alignright wp-image-59\" src=\"http:\/\/ffyh.unc.edu.ar\/genero\/wp-content\/uploads\/sites\/34\/2022\/09\/area-formacion-genero-sex-esi-e1661867654944-300x193.jpeg\" alt=\"\" width=\"400\" height=\"257\" srcset=\"https:\/\/ffyh.unc.edu.ar\/genero\/wp-content\/uploads\/sites\/34\/2022\/09\/area-formacion-genero-sex-esi-e1661867654944-300x193.jpeg 300w, https:\/\/ffyh.unc.edu.ar\/genero\/wp-content\/uploads\/sites\/34\/2022\/09\/area-formacion-genero-sex-esi-e1661867654944-1024x658.jpeg 1024w, https:\/\/ffyh.unc.edu.ar\/genero\/wp-content\/uploads\/sites\/34\/2022\/09\/area-formacion-genero-sex-esi-e1661867654944-768x493.jpeg 768w, https:\/\/ffyh.unc.edu.ar\/genero\/wp-content\/uploads\/sites\/34\/2022\/09\/area-formacion-genero-sex-esi-e1661867654944-750x482.jpeg 750w, https:\/\/ffyh.unc.edu.ar\/genero\/wp-content\/uploads\/sites\/34\/2022\/09\/area-formacion-genero-sex-esi-e1661867654944.jpeg 1280w\" sizes=\"auto, (max-width: 400px) 100vw, 400px\" \/>El \u00c1rea se sit\u00faa en articulaci\u00f3n con el Programa de G\u00e9nero, Sexualidades y ESI y el \u00c1rea Trans, Travesti y No binarie, con quienes se contin\u00faa en la proyecci\u00f3n de \u201cpropiciar y organizar instancias de sensibilizaci\u00f3n y capacitaci\u00f3n\u201d de car\u00e1cter <i>interclaustros<\/i>\u00a0en diversos temas. Adem\u00e1s, se encuentra abierta al di\u00e1logo con las Escuelas y Departamentos, en cuanto pueden sumar aportes disciplinarios espec\u00edficos a las tareas que convoca la perspectiva de g\u00e9nero.<\/p>\n<p><!--more--><\/p>\n<p>Asimismo, se ve tambi\u00e9n interpelada a la sistematizaci\u00f3n de informaci\u00f3n sobre g\u00e9neros y sexualidades, al igual que a la difusi\u00f3n de actividades de estas tem\u00e1ticas en los tres ejes fundamentales de la comunidad universitaria: investigaci\u00f3n, docencia y extensi\u00f3n. En relaci\u00f3n con estos objetivos, se vislumbra en vinculaci\u00f3n con el \u00c1rea FemGeS y con el Consejo Asesor de Investigaci\u00f3n, como tambi\u00e9n con Programas que tienen por horizonte una perspectiva de derechos inclusiva que dialoga y enmarca los proyectos de esta \u00c1rea, y en articulaci\u00f3n con el trabajo de las distintas Secretar\u00edas.<\/p>\n<p>Los objetivos generales del \u00c1rea ser\u00e1n promover la formaci\u00f3n en g\u00e9nero, sexualidades y ESI desde una perspectiva interdisciplinaria e interclaustros que redunde en la integralidad de las funciones universitarias \u2014docencia, investigaci\u00f3n, extensi\u00f3n\u2014 que realizamos en la FFyH y articular y propiciar actividades para la transversalizaci\u00f3n de la perspectiva de g\u00e9nero como herramienta de comprensi\u00f3n e intervenci\u00f3n en las pr\u00e1cticas educativas de grado y posgrado.<\/p>\n<p>Finalmente, se propone aportar en la conformaci\u00f3n de una comunidad universitaria atenta a las demandas en materia de g\u00e9nero y sexualidades, con un horizonte de igualdad y no homogeneizaci\u00f3n, reparaci\u00f3n y reivindicaci\u00f3n de deseos y derechos en esta tem\u00e1tica.<\/p>\n<p><strong>Descargar Resoluci\u00f3n<\/strong><\/p>\n<blockquote><p><strong>Contacto<\/strong>:\u00a0<a href=\"mailto:areaformaciongenero@ffyh.unc.edu.ar\">areaformaciongenero@ffyh.unc.edu.ar<\/a><\/p>\n<p>Instagram: <a href=\"https:\/\/www.instagram.com\/areafgs_ffyh\/\" target=\"_blank\" rel=\"noopener\">https:\/\/www.instagram.com\/areafgs_ffyh\/<\/a><\/p><\/blockquote>\n","protected":false},"excerpt":{"rendered":"<p>El \u00c1rea se sit\u00faa en articulaci\u00f3n con el Programa de G\u00e9nero, Sexualidades y ESI y el \u00c1rea Trans, Travesti y No binarie, con quienes se contin\u00faa en la proyecci\u00f3n de \u201cpropiciar y organizar instancias de sensibilizaci\u00f3n y capacitaci\u00f3n\u201d de car\u00e1cter interclaustros\u00a0en diversos temas. Adem\u00e1s, se encuentra abierta al di\u00e1logo con las Escuelas y Departamentos, en &hellip; <\/p>\n<p><a class=\"more-link btn\" href=\"https:\/\/ffyh.unc.edu.ar\/genero\/area-de-formacion-en-genero-sexualidades-y-esi\/\">Seguir leyendo<\/a><\/p>\n","protected":false},"author":1,"featured_media":0,"parent":0,"menu_order":0,"comment_status":"closed","ping_status":"closed","template":"","meta":{"_acf_changed":false,"footnotes":""},"class_list":["post-37","page","type-page","status-publish","hentry","nodate","item-wrap"],"acf":[],"_links":{"self":[{"href":"https:\/\/ffyh.unc.edu.ar\/genero\/wp-json\/wp\/v2\/pages\/37","targetHints":{"allow":["GET"]}}],"collection":[{"href":"https:\/\/ffyh.unc.edu.ar\/genero\/wp-json\/wp\/v2\/pages"}],"about":[{"href":"https:\/\/ffyh.unc.edu.ar\/genero\/wp-json\/wp\/v2\/types\/page"}],"author":[{"embeddable":true,"href":"https:\/\/ffyh.unc.edu.ar\/genero\/wp-json\/wp\/v2\/users\/1"}],"replies":[{"embeddable":true,"href":"https:\/\/ffyh.unc.edu.ar\/genero\/wp-json\/wp\/v2\/comments?post=37"}],"version-history":[{"count":9,"href":"https:\/\/ffyh.unc.edu.ar\/genero\/wp-json\/wp\/v2\/pages\/37\/revisions"}],"predecessor-version":[{"id":528,"href":"https:\/\/ffyh.unc.edu.ar\/genero\/wp-json\/wp\/v2\/pages\/37\/revisions\/528"}],"wp:attachment":[{"href":"https:\/\/ffyh.unc.edu.ar\/genero\/wp-json\/wp\/v2\/media?parent=37"}],"curies":[{"name":"wp","href":"https:\/\/api.w.org\/{rel}","templated":true}]}}