{"id":43,"date":"2022-09-26T19:51:26","date_gmt":"2022-09-26T17:51:26","guid":{"rendered":"https:\/\/ffyh.unc.edu.ar\/genero\/?page_id=43"},"modified":"2026-03-17T17:03:17","modified_gmt":"2026-03-17T16:03:17","slug":"contactos","status":"publish","type":"page","link":"https:\/\/ffyh.unc.edu.ar\/genero\/contactos\/","title":{"rendered":"Contactos"},"content":{"rendered":"<h3>Programa de G\u00e9nero, Sexualidades y ESI<\/h3>\n<h3>\u00c1rea de Formaci\u00f3n en G\u00e9nero, Sexualidades y ESI<\/h3>\n<p>Coordinadorx: Dra. Magdalena Uz\u00edn<\/p>\n<p><strong>D\u00edas y Horarios de atenci\u00f3n:<\/strong><br \/>\nlunes, mi\u00e9rcoles y viernes de 11 a 15 hs.<br \/>\nPlanta Baja, Pabell\u00f3n Residencial.<\/p>\n<p>Correo electr\u00f3nico: <a href=\"mailto:genero@ffyh.unc.edu.ar\" target=\"_blank\" rel=\"noopener\">genero@ffyh.unc.edu.ar<\/a><\/p>\n<p>Mensajes por Whatsapp: 351 3593930<\/p>\n<hr \/>\n<h3>Espacio de Asesoramiento en Violencia de G\u00e9nero<\/h3>\n<p>Lic. Daniela Bustos<\/p>\n<p><strong>D\u00edas y Horarios de atenci\u00f3n:<\/strong><br \/>\n\u2666 Martes de 9 a 12 hs<br \/>\n\u2666 Jueves de 13 a 16 hs<br \/>\n\u2666 Viernes de 9 a 12 hs.<br \/>\nPlanta Baja, Pabell\u00f3n Residencial.<\/p>\n<p>Para m\u00e1s informaci\u00f3n y coordinaci\u00f3n de encuentros: <a href=\"mailto:genero@ffyh.unc.edu.ar\" target=\"_blank\" rel=\"noopener\">genero@ffyh.unc.edu.ar<\/a><\/p>\n<h3>\u00c1rea Trans, Travesti y No binarie<\/h3>\n<div>Ivanna Aguilera<\/div>\n<div><\/div>\n<div>Contacto:\u00a0<a href=\"mailto:area.trans@ffyh.unc.edu.ar\" target=\"_blank\" rel=\"noopener\">area.trans@ffyh.unc.edu.ar<\/a><\/div>\n","protected":false},"excerpt":{"rendered":"<p>Programa de G\u00e9nero, Sexualidades y ESI \u00c1rea de Formaci\u00f3n en G\u00e9nero, Sexualidades y ESI Coordinadorx: Dra. Magdalena Uz\u00edn D\u00edas y Horarios de atenci\u00f3n: lunes, mi\u00e9rcoles y viernes de 11 a 15 hs. Planta Baja, Pabell\u00f3n Residencial. Correo electr\u00f3nico: genero@ffyh.unc.edu.ar Mensajes por Whatsapp: 351 3593930 Espacio de Asesoramiento en Violencia de G\u00e9nero Lic. Daniela Bustos D\u00edas &hellip; <\/p>\n<p><a class=\"more-link btn\" href=\"https:\/\/ffyh.unc.edu.ar\/genero\/contactos\/\">Seguir leyendo<\/a><\/p>\n","protected":false},"author":1,"featured_media":0,"parent":0,"menu_order":0,"comment_status":"closed","ping_status":"closed","template":"","meta":{"_acf_changed":false,"footnotes":""},"class_list":["post-43","page","type-page","status-publish","hentry","nodate","item-wrap"],"acf":[],"_links":{"self":[{"href":"https:\/\/ffyh.unc.edu.ar\/genero\/wp-json\/wp\/v2\/pages\/43","targetHints":{"allow":["GET"]}}],"collection":[{"href":"https:\/\/ffyh.unc.edu.ar\/genero\/wp-json\/wp\/v2\/pages"}],"about":[{"href":"https:\/\/ffyh.unc.edu.ar\/genero\/wp-json\/wp\/v2\/types\/page"}],"author":[{"embeddable":true,"href":"https:\/\/ffyh.unc.edu.ar\/genero\/wp-json\/wp\/v2\/users\/1"}],"replies":[{"embeddable":true,"href":"https:\/\/ffyh.unc.edu.ar\/genero\/wp-json\/wp\/v2\/comments?post=43"}],"version-history":[{"count":15,"href":"https:\/\/ffyh.unc.edu.ar\/genero\/wp-json\/wp\/v2\/pages\/43\/revisions"}],"predecessor-version":[{"id":598,"href":"https:\/\/ffyh.unc.edu.ar\/genero\/wp-json\/wp\/v2\/pages\/43\/revisions\/598"}],"wp:attachment":[{"href":"https:\/\/ffyh.unc.edu.ar\/genero\/wp-json\/wp\/v2\/media?parent=43"}],"curies":[{"name":"wp","href":"https:\/\/api.w.org\/{rel}","templated":true}]}}