{"id":539,"date":"2025-09-22T17:52:14","date_gmt":"2025-09-22T15:52:14","guid":{"rendered":"https:\/\/ffyh.unc.edu.ar\/genero\/?page_id=539"},"modified":"2026-03-17T17:03:41","modified_gmt":"2026-03-17T16:03:41","slug":"espacio-de-asesoramiento-en-violencia-de-genero","status":"publish","type":"page","link":"https:\/\/ffyh.unc.edu.ar\/genero\/espacio-de-asesoramiento-en-violencia-de-genero\/","title":{"rendered":"Espacio de Asesoramiento en Violencia de G\u00e9nero"},"content":{"rendered":"<p><strong>D\u00edas y Horarios de Atenci\u00f3n Presencial<\/strong><\/p>\n<ul>\n<li>Martes 9 a 12 hs<\/li>\n<li>Jueves 13 a 16 hs<\/li>\n<li>Viernes 9 a 12 hs<\/li>\n<\/ul>\n<p>Planta Baja &#8211; Pabell\u00f3n Residencial<\/p>\n<p>Programa de G\u00e9neros, Sexualidades y Educaci\u00f3n Sexual Integral &#8211; FFyH.<\/p>\n<p>Para solicitar informaci\u00f3n y turno previo: <a href=\"mailto:genero@ffyh.unc.edu.ar\">genero@ffyh.unc.edu.ar<\/a><\/p>\n<p>Mensajes por Whatsapp: 351 3593930<\/p>\n<p><strong>Profesional a cargo:<br \/>\n<\/strong>Lic. Daniela Bustos<br \/>\nMP 12938<\/p>\n<blockquote><p><em>\u00bfQu\u00e9 es el espacio de Asesoramiento?<\/em><\/p><\/blockquote>\n<p>Este espacio est\u00e1 pensado para la recepci\u00f3n, escucha, acompa\u00f1amiento y asesoramiento de situaciones de violencias por razones de g\u00e9neros, abierta a toda la comunidad de la FFyH. Est\u00e1 bajo la coordinaci\u00f3n del Programa de G\u00e9neros, Sexualidades y Educaci\u00f3n Sexual Integral de la FFyH y trabaja en articulaci\u00f3n con las distintas \u00e1reas de la Unidad Acad\u00e9mica en particular y de \u00e1reas diversas y propias de la UNC.<\/p>\n<p>El espacio se caracteriza por ser confidencial, abierto y atravesado por la perspectiva de G\u00e9neros y Derechos Humanos.<\/p>\n<blockquote><p><em>Objetivos<\/em><\/p><\/blockquote>\n<ul>\n<li>Brindar un asesoramiento a situaciones de violencias por razones de g\u00e9nero que puedan darse en el marco de la din\u00e1mica institucional-universitaria.<\/li>\n<li>Asesorar y orientar respecto a los abordajes posibles en el marco de las situaciones planteadas que pueden darse dentro o fuera del \u00e1mbito de la UNC, en su posible acompa\u00f1amiento, derivaci\u00f3n, etc.<\/li>\n<\/ul>\n<h3><strong><u>Ante situaciones de Violencias de G\u00e9nero<\/u><\/strong><\/h3>\n<ul>\n<li>L\u00ednea 144, nacional y gratuita los 365 d\u00edas del a\u00f1o<\/li>\n<li>En C\u00f3rdoba: Polo Integral de la Mujer<\/li>\n<\/ul>\n<p>Entre R\u00edos 680, B\u00ba Centro<\/p>\n<p>3518141400\u200b &#8211; Todos los d\u00edas, las 24 hs.<\/p>\n<p>+Info: <a href=\"https:\/\/www.cba.gov.ar\/mujer\/polo-integral-de-la-mujer\/\" target=\"_blank\" rel=\"noopener\">https:\/\/www.cba.gov.ar\/mujer\/polo-integral-de-la-mujer\/<\/a><\/p>\n<ul>\n<li>Unidad Central de Pol\u00edticas de G\u00e9nero &#8211; Plan de Acciones y Herramientas para prevenir, atender y sancionar las Violencias de G\u00e9nero en el \u00e1mbito de la UNC<\/li>\n<\/ul>\n<p><a href=\"mailto:violenciasdegenero@rectorado.unc.edu.ar\">violenciasdegenero@rectorado.unc.edu.ar<\/a><\/p>\n<p><u>Whatsapp:<\/u> 351 652 1473<\/p>\n<p><u>Tel\u00e9fono:<\/u> 0351 \u2013 5353629<\/p>\n<p><u>+info: <\/u><a href=\"https:\/\/www.unc.edu.ar\/g%C3%A9nero\/plan-de-acciones-y-herramientas-para-prevenir-atender-y-sancionar-las-violencias-de-g%C3%A9nero-en\" target=\"_blank\" rel=\"noopener\">https:\/\/www.unc.edu.ar\/g%C3%A9nero\/plan-de-acciones-y-herramientas-para-prevenir-atender-y-sancionar-las-violencias-de-g%C3%A9nero-en<\/a><\/p>\n<p><strong>Estos espacios se gu\u00edan por los siguientes principios:<\/strong><\/p>\n<ul>\n<li><strong> Gratuidad<\/strong><\/li>\n<li><strong> Respeto<\/strong><\/li>\n<li><strong> Confidencialidad<\/strong><\/li>\n<li><strong> Contenci\u00f3n<\/strong><\/li>\n<li><strong> No revictimizaci\u00f3n<\/strong><\/li>\n<li><strong> Diligencia y celeridad<\/strong><\/li>\n<\/ul>\n<h3><strong><u>Preguntas Frecuentes<\/u><\/strong><\/h3>\n<p><strong><em>\u00bfA qui\u00e9n est\u00e1 dirigido el Espacio de Asesoramiento y ante qu\u00e9 situaciones?<\/em><\/strong><\/p>\n<p>El espacio est\u00e1 destinado a toda persona que forme parte de la comunidad de la FFyH, en sus diversos claustros y dependencias.<\/p>\n<p>Las situaciones que se asesoran y acompa\u00f1an, est\u00e1n vinculadas a Violencias por Razones de G\u00e9nero (en adelante VDG), que puedan darse dentro del \u00e1mbito de la UNC as\u00ed como situaciones que se den por fuera del \u00e1mbito universitario.<\/p>\n<p><strong><em>\u00bfAnte qu\u00e9 situaciones puedo consultar al espacio?<\/em><\/strong><\/p>\n<p>Pod\u00e9s consultar por situaciones presentes o pasadas que impliquen:<\/p>\n<ul>\n<li>Mensajes, palabras, valores o s\u00edmbolos que transmitan y reproduzcan dominaci\u00f3n, desigualdad, humillaci\u00f3n y discriminaci\u00f3n.<\/li>\n<li>Da\u00f1o emocional y disminuci\u00f3n de la autoestima a trav\u00e9s de la culpabilizaci\u00f3n, la coerci\u00f3n verbal, insultos, indiferencia y\/o ridiculizaci\u00f3n, hostigamiento.<\/li>\n<li>Tambi\u00e9n la limitaci\u00f3n del derecho de circulaci\u00f3n, vigilancia, sumisi\u00f3n, persecuci\u00f3n.<\/li>\n<li>Maltratos o agresiones contra tu cuerpo por m\u00e1s leve que te parezcan, desde un empuj\u00f3n, tir\u00f3n de pelo, un golpe.<\/li>\n<li>Vulneraci\u00f3n a tu vida sexual, con o sin acceso genital, cualquier pr\u00e1ctica que te fuerce o no te permita decidir en relaci\u00f3n a tu cuerpo.<\/li>\n<li>Tambi\u00e9n comentarios o conductas con connotaci\u00f3n sexual no deseados o consentidos.<\/li>\n<li>Requerimientos sexuales que impliquen promesas de trato preferencial o amenazas para quien las reciba.<\/li>\n<li>Situaciones de acoso sexual.<\/li>\n<li>L\u00edmites a tu libertad en relaci\u00f3n a tus recursos econ\u00f3micos\/patrimoniales, como control de tus ingresos, retenci\u00f3n\/destrucci\u00f3n de tus objetos, documentos personales y\/o instrumentos de trabajo, etc.<\/li>\n<li>Intimidaci\u00f3n contra tu cuerpo da\u00f1ando el ambiente donde te encontr\u00e1s, o permaneciendo en el mismo espacio gener\u00e1ndote incomodidad, tambi\u00e9n que arroje\/destruya tus objetos personales.<\/li>\n<li>Tambi\u00e9n pod\u00e9s consultar ante cualquier otra situaci\u00f3n que aunque no est\u00e9 contemplada en las mencionadas pueda generarte incomodidad o malestar y dificulte tu vida universitaria.<\/li>\n<\/ul>\n<p><strong><em>\u00bfMediante qu\u00e9 medio puedo consultar o solicitar informaci\u00f3n del Espacio?<\/em><\/strong><\/p>\n<p>A trav\u00e9s del correo institucional <a href=\"mailto:genero@ffyh.unc.edu.ar\">genero@ffyh.unc.edu.ar<\/a>, o de manera presencial (con preferencia cita previa) los d\u00edas de atenci\u00f3n: Martes 9 a 12 hs, Jueves 13 a 16 hs y Viernes 9 a 12 hs.<\/p>\n<p><strong><em>\u00bfPuedo consultar sobre situaciones de otras personas?<\/em><\/strong><\/p>\n<p>S\u00ed, podemos brindar un asesoramiento a situaciones que no acontecen en primera persona pero que requieren de escucha y acceso a la informaci\u00f3n.<\/p>\n<p><strong><em>\u00bfAcercarse al espacio implica hacer una denuncia?<\/em><\/strong><\/p>\n<p>No. Pod\u00e9s acercarte a consultar sobre una situaci\u00f3n, conversar al respecto y evacuar dudas sin que esto implique realizar una denuncia o llevar a cabo una acci\u00f3n de otro tipo. El objetivo del Espacio es construir con la persona consultante la estrategia de intervenci\u00f3n acorde a sus necesidades. Adem\u00e1s, desde el Espacio nunca se llevar\u00e1n a cabo acciones sin consentimiento de la persona consultante.<\/p>\n<p><strong><em>Si me acerco al espacio de Asesoramiento, \u00bfqui\u00e9n toma conocimiento de la situaci\u00f3n?<\/em><\/strong><\/p>\n<p>El espacio es de car\u00e1cter confidencial y toda informaci\u00f3n ser\u00e1 detallada, compartida y conversada, sobre todo aquellas herramientas institucionales existentes para el abordaje de la VDG. En caso de que corresponda, se conversar\u00e1 respecto al consentimiento sobre la informaci\u00f3n brindada, para mejorar las derivaciones, acompa\u00f1amientos. intervenciones y asesoramientos posibles.<\/p>\n<p><strong><em>\u00bfExisten lugares para realizar denuncias por VDG dentro de la UNC?<\/em><\/strong><\/p>\n<p>S\u00ed. El P<strong>lan de Acciones y Herramientas para prevenir, atender y sancionar las Violencias de G\u00e9nero en el \u00e1mbito de la UNC <\/strong>(Resoluci\u00f3n Honorable Consejo Superior 1011\/15) tiene como objetivo central la promoci\u00f3n en la comunidad universitaria de un ambiente libre de violencias de g\u00e9nero y discriminaci\u00f3n de cualquier tipo por razones de g\u00e9nero y\/o identidad sexual.<\/p>\n<p>La iniciativa est\u00e1 destinada a toda la comunidad de la Universidad Nacional de C\u00f3rdoba.<\/p>\n<p>El Plan de Acciones es coordinado por la Unidad Central de Pol\u00edticas de G\u00e9nero, Defensor\u00eda de la Comunidad Universitaria y la Secretar\u00eda de Bienestar Universitario y Modernizaci\u00f3n.<\/p>\n<p>Podes ponerte en contacto por las siguientes v\u00edas:<\/p>\n<p>E-mail: <a href=\"mailto:violenciasdegenero@rectorado.unc.edu.ar\">violenciasdegenero@rectorado.unc.edu.ar<\/a><\/p>\n<p>Instagram: <a href=\"https:\/\/www.instagram.com\/plandeaccionesunc\/\" target=\"_blank\" rel=\"noopener\">@plandeaccionesunc<\/a><\/p>\n<p>Whatsapp: 351 652 1473<\/p>\n<p>Tel\u00e9fono: 0351 \u2013 5353629<\/p>\n","protected":false},"excerpt":{"rendered":"<p>D\u00edas y Horarios de Atenci\u00f3n Presencial Martes 9 a 12 hs Jueves 13 a 16 hs Viernes 9 a 12 hs Planta Baja &#8211; Pabell\u00f3n Residencial Programa de G\u00e9neros, Sexualidades y Educaci\u00f3n Sexual Integral &#8211; FFyH. Para solicitar informaci\u00f3n y turno previo: genero@ffyh.unc.edu.ar Mensajes por Whatsapp: 351 3593930 Profesional a cargo: Lic. Daniela Bustos MP &hellip; <\/p>\n<p><a class=\"more-link btn\" href=\"https:\/\/ffyh.unc.edu.ar\/genero\/espacio-de-asesoramiento-en-violencia-de-genero\/\">Seguir leyendo<\/a><\/p>\n","protected":false},"author":2,"featured_media":0,"parent":0,"menu_order":0,"comment_status":"closed","ping_status":"closed","template":"","meta":{"_acf_changed":false,"footnotes":""},"class_list":["post-539","page","type-page","status-publish","hentry","nodate","item-wrap"],"acf":[],"_links":{"self":[{"href":"https:\/\/ffyh.unc.edu.ar\/genero\/wp-json\/wp\/v2\/pages\/539","targetHints":{"allow":["GET"]}}],"collection":[{"href":"https:\/\/ffyh.unc.edu.ar\/genero\/wp-json\/wp\/v2\/pages"}],"about":[{"href":"https:\/\/ffyh.unc.edu.ar\/genero\/wp-json\/wp\/v2\/types\/page"}],"author":[{"embeddable":true,"href":"https:\/\/ffyh.unc.edu.ar\/genero\/wp-json\/wp\/v2\/users\/2"}],"replies":[{"embeddable":true,"href":"https:\/\/ffyh.unc.edu.ar\/genero\/wp-json\/wp\/v2\/comments?post=539"}],"version-history":[{"count":3,"href":"https:\/\/ffyh.unc.edu.ar\/genero\/wp-json\/wp\/v2\/pages\/539\/revisions"}],"predecessor-version":[{"id":600,"href":"https:\/\/ffyh.unc.edu.ar\/genero\/wp-json\/wp\/v2\/pages\/539\/revisions\/600"}],"wp:attachment":[{"href":"https:\/\/ffyh.unc.edu.ar\/genero\/wp-json\/wp\/v2\/media?parent=539"}],"curies":[{"name":"wp","href":"https:\/\/api.w.org\/{rel}","templated":true}]}}