{"id":3809,"date":"2022-04-11T19:36:27","date_gmt":"2022-04-11T19:36:27","guid":{"rendered":"https:\/\/ffyh.unc.edu.ar\/historia\/?page_id=3809"},"modified":"2024-12-05T21:14:08","modified_gmt":"2024-12-05T21:14:08","slug":"jornadas-conhistoria","status":"publish","type":"page","link":"https:\/\/ffyh.unc.edu.ar\/historia\/jornadas-conhistoria\/","title":{"rendered":"Jornadas ConHistoria"},"content":{"rendered":"<p>&nbsp;<\/p>\n<p>&nbsp;<\/p>\n<table style=\"border-collapse: collapse;width: 100.347%\">\n<tbody>\n<tr style=\"border-color: #000000;border-style: solid\">\n<td style=\"width: 49.3163%\"><span style=\"font-size: 18pt\"><strong>ConHistoria #1<\/strong> <\/span><\/p>\n<p>21 al 25 de octubre de 2019<\/p>\n<p><a href=\"https:\/\/ffyh.unc.edu.ar\/historia\/jornadas-conhistoria\/conhistoria-1\/\">Ir a la p\u00e1gina del evento<\/a><\/td>\n<td style=\"width: 105.67%\"><a href=\"https:\/\/ffyh.unc.edu.ar\/historia\/jornadas-conhistoria\/conhistoria-1\/\"><img data-recalc-dims=\"1\" decoding=\"async\" data-attachment-id=\"3827\" data-permalink=\"https:\/\/ffyh.unc.edu.ar\/historia\/jornadas-conhistoria\/logo-conhistoria1-e1565810195192\/\" data-orig-file=\"https:\/\/i0.wp.com\/ffyh.unc.edu.ar\/historia\/wp-content\/uploads\/sites\/37\/2022\/04\/Logo-ConHistoria1-e1565810195192.jpg?fit=2251%2C1114&amp;ssl=1\" data-orig-size=\"2251,1114\" data-comments-opened=\"0\" data-image-meta=\"{&quot;aperture&quot;:&quot;0&quot;,&quot;credit&quot;:&quot;&quot;,&quot;camera&quot;:&quot;&quot;,&quot;caption&quot;:&quot;&quot;,&quot;created_timestamp&quot;:&quot;0&quot;,&quot;copyright&quot;:&quot;&quot;,&quot;focal_length&quot;:&quot;0&quot;,&quot;iso&quot;:&quot;0&quot;,&quot;shutter_speed&quot;:&quot;0&quot;,&quot;title&quot;:&quot;&quot;,&quot;orientation&quot;:&quot;1&quot;}\" data-image-title=\"Logo-ConHistoria1-e1565810195192\" data-image-description=\"\" data-image-caption=\"\" data-medium-file=\"https:\/\/i0.wp.com\/ffyh.unc.edu.ar\/historia\/wp-content\/uploads\/sites\/37\/2022\/04\/Logo-ConHistoria1-e1565810195192.jpg?fit=300%2C148&amp;ssl=1\" data-large-file=\"https:\/\/i0.wp.com\/ffyh.unc.edu.ar\/historia\/wp-content\/uploads\/sites\/37\/2022\/04\/Logo-ConHistoria1-e1565810195192.jpg?fit=1000%2C495&amp;ssl=1\" class=\"aligncenter wp-image-3827 size-medium\" src=\"https:\/\/i0.wp.com\/ffyh.unc.edu.ar\/historia\/wp-content\/uploads\/sites\/37\/2022\/04\/Logo-ConHistoria1-e1565810195192-300x148.jpg?resize=300%2C148\" alt=\"\" width=\"300\" height=\"148\" srcset=\"https:\/\/i0.wp.com\/ffyh.unc.edu.ar\/historia\/wp-content\/uploads\/sites\/37\/2022\/04\/Logo-ConHistoria1-e1565810195192.jpg?resize=300%2C148&amp;ssl=1 300w, https:\/\/i0.wp.com\/ffyh.unc.edu.ar\/historia\/wp-content\/uploads\/sites\/37\/2022\/04\/Logo-ConHistoria1-e1565810195192.jpg?resize=1024%2C507&amp;ssl=1 1024w, https:\/\/i0.wp.com\/ffyh.unc.edu.ar\/historia\/wp-content\/uploads\/sites\/37\/2022\/04\/Logo-ConHistoria1-e1565810195192.jpg?resize=768%2C380&amp;ssl=1 768w, https:\/\/i0.wp.com\/ffyh.unc.edu.ar\/historia\/wp-content\/uploads\/sites\/37\/2022\/04\/Logo-ConHistoria1-e1565810195192.jpg?resize=1536%2C760&amp;ssl=1 1536w, https:\/\/i0.wp.com\/ffyh.unc.edu.ar\/historia\/wp-content\/uploads\/sites\/37\/2022\/04\/Logo-ConHistoria1-e1565810195192.jpg?resize=2048%2C1014&amp;ssl=1 2048w, https:\/\/i0.wp.com\/ffyh.unc.edu.ar\/historia\/wp-content\/uploads\/sites\/37\/2022\/04\/Logo-ConHistoria1-e1565810195192.jpg?resize=600%2C297&amp;ssl=1 600w\" sizes=\"(max-width: 300px) 100vw, 300px\" \/><\/a><\/td>\n<\/tr>\n<tr style=\"border-color: #000000;border-style: solid\">\n<td style=\"width: 49.3163%\"><span style=\"font-size: 18pt\"><strong>ConHistoria #2<\/strong><\/span><\/p>\n<p>21 al 25 de junio de 2021<\/p>\n<p>Ir a la p\u00e1gina del evento<\/td>\n<td style=\"width: 105.67%\"><a href=\"https:\/\/ffyh.unc.edu.ar\/historia\/jornadas-conhistoria\/conhistoria-2\/\"><img data-recalc-dims=\"1\" fetchpriority=\"high\" decoding=\"async\" data-attachment-id=\"3017\" data-permalink=\"https:\/\/ffyh.unc.edu.ar\/historia\/jornadas-conhistoria\/conhistoria-2\/logo-ch2\/\" data-orig-file=\"https:\/\/i0.wp.com\/ffyh.unc.edu.ar\/historia\/wp-content\/uploads\/sites\/37\/2021\/06\/LOGO-CH2-e1622516734262.jpeg?fit=1027%2C595&amp;ssl=1\" data-orig-size=\"1027,595\" data-comments-opened=\"0\" data-image-meta=\"{&quot;aperture&quot;:&quot;0&quot;,&quot;credit&quot;:&quot;&quot;,&quot;camera&quot;:&quot;&quot;,&quot;caption&quot;:&quot;&quot;,&quot;created_timestamp&quot;:&quot;0&quot;,&quot;copyright&quot;:&quot;&quot;,&quot;focal_length&quot;:&quot;0&quot;,&quot;iso&quot;:&quot;0&quot;,&quot;shutter_speed&quot;:&quot;0&quot;,&quot;title&quot;:&quot;&quot;,&quot;orientation&quot;:&quot;0&quot;}\" data-image-title=\"LOGO CH#2\" data-image-description=\"\" data-image-caption=\"\" data-medium-file=\"https:\/\/i0.wp.com\/ffyh.unc.edu.ar\/historia\/wp-content\/uploads\/sites\/37\/2021\/06\/LOGO-CH2-e1622516734262.jpeg?fit=300%2C174&amp;ssl=1\" data-large-file=\"https:\/\/i0.wp.com\/ffyh.unc.edu.ar\/historia\/wp-content\/uploads\/sites\/37\/2021\/06\/LOGO-CH2-e1622516734262.jpeg?fit=1000%2C579&amp;ssl=1\" class=\"aligncenter wp-image-3017 size-medium\" src=\"https:\/\/i0.wp.com\/ffyh.unc.edu.ar\/historia\/wp-content\/uploads\/sites\/37\/2021\/06\/LOGO-CH2-e1622516734262-300x174.jpeg?resize=300%2C174\" alt=\"\" width=\"300\" height=\"174\" srcset=\"https:\/\/i0.wp.com\/ffyh.unc.edu.ar\/historia\/wp-content\/uploads\/sites\/37\/2021\/06\/LOGO-CH2-e1622516734262.jpeg?resize=300%2C174&amp;ssl=1 300w, https:\/\/i0.wp.com\/ffyh.unc.edu.ar\/historia\/wp-content\/uploads\/sites\/37\/2021\/06\/LOGO-CH2-e1622516734262.jpeg?resize=1024%2C593&amp;ssl=1 1024w, https:\/\/i0.wp.com\/ffyh.unc.edu.ar\/historia\/wp-content\/uploads\/sites\/37\/2021\/06\/LOGO-CH2-e1622516734262.jpeg?resize=768%2C445&amp;ssl=1 768w, https:\/\/i0.wp.com\/ffyh.unc.edu.ar\/historia\/wp-content\/uploads\/sites\/37\/2021\/06\/LOGO-CH2-e1622516734262.jpeg?resize=518%2C300&amp;ssl=1 518w, https:\/\/i0.wp.com\/ffyh.unc.edu.ar\/historia\/wp-content\/uploads\/sites\/37\/2021\/06\/LOGO-CH2-e1622516734262.jpeg?w=1027&amp;ssl=1 1027w\" sizes=\"(max-width: 300px) 100vw, 300px\" \/><\/a><\/td>\n<\/tr>\n<tr style=\"border-color: #000000;border-style: solid\">\n<td style=\"width: 49.3163%\"><span style=\"font-size: 18pt\"><strong>ConHistoria #3<\/strong><\/span><\/p>\n<p>26 al 30 de junio de 2023<\/p>\n<p>Ir a la p\u00e1gina del evento<\/td>\n<td style=\"width: 105.67%\"><a href=\"https:\/\/ffyh.unc.edu.ar\/historia\/jornadas-conhistoria\/conhistoria-3\/\"><img data-recalc-dims=\"1\" decoding=\"async\" data-attachment-id=\"5291\" data-permalink=\"https:\/\/ffyh.unc.edu.ar\/historia\/jornadas-conhistoria\/bannerch3_mail\/\" data-orig-file=\"https:\/\/i0.wp.com\/ffyh.unc.edu.ar\/historia\/wp-content\/uploads\/sites\/37\/2023\/05\/bannerch3_mail.jpg?fit=720%2C259&amp;ssl=1\" data-orig-size=\"720,259\" data-comments-opened=\"0\" data-image-meta=\"{&quot;aperture&quot;:&quot;0&quot;,&quot;credit&quot;:&quot;&quot;,&quot;camera&quot;:&quot;&quot;,&quot;caption&quot;:&quot;&quot;,&quot;created_timestamp&quot;:&quot;0&quot;,&quot;copyright&quot;:&quot;&quot;,&quot;focal_length&quot;:&quot;0&quot;,&quot;iso&quot;:&quot;0&quot;,&quot;shutter_speed&quot;:&quot;0&quot;,&quot;title&quot;:&quot;&quot;,&quot;orientation&quot;:&quot;0&quot;}\" data-image-title=\"bannerch3_mail\" data-image-description=\"\" data-image-caption=\"\" data-medium-file=\"https:\/\/i0.wp.com\/ffyh.unc.edu.ar\/historia\/wp-content\/uploads\/sites\/37\/2023\/05\/bannerch3_mail.jpg?fit=300%2C108&amp;ssl=1\" data-large-file=\"https:\/\/i0.wp.com\/ffyh.unc.edu.ar\/historia\/wp-content\/uploads\/sites\/37\/2023\/05\/bannerch3_mail.jpg?fit=720%2C259&amp;ssl=1\" class=\"aligncenter wp-image-5291\" src=\"https:\/\/i0.wp.com\/ffyh.unc.edu.ar\/historia\/wp-content\/uploads\/sites\/37\/2023\/05\/bannerch3_mail.jpg?resize=423%2C152\" alt=\"\" width=\"423\" height=\"152\" srcset=\"https:\/\/i0.wp.com\/ffyh.unc.edu.ar\/historia\/wp-content\/uploads\/sites\/37\/2023\/05\/bannerch3_mail.jpg?w=720&amp;ssl=1 720w, https:\/\/i0.wp.com\/ffyh.unc.edu.ar\/historia\/wp-content\/uploads\/sites\/37\/2023\/05\/bannerch3_mail.jpg?resize=300%2C108&amp;ssl=1 300w, https:\/\/i0.wp.com\/ffyh.unc.edu.ar\/historia\/wp-content\/uploads\/sites\/37\/2023\/05\/bannerch3_mail.jpg?resize=600%2C216&amp;ssl=1 600w\" sizes=\"(max-width: 423px) 100vw, 423px\" \/><\/a><\/td>\n<\/tr>\n<tr style=\"border-color: #000000;border-style: solid\">\n<td style=\"width: 49.3163%\"><span style=\"font-size: 18pt\"><strong>ConHistoria #4<\/strong><\/span><\/p>\n<p>23 al 27 de junio de 2025<\/p>\n<p>Ir a la p\u00e1gina del evento<\/td>\n<td style=\"width: 105.67%\"><a href=\"https:\/\/ffyh.unc.edu.ar\/historia\/jornadas-conhistoria\/conhistoria-4\/\" rel=\"noopener\"><img data-recalc-dims=\"1\" loading=\"lazy\" decoding=\"async\" data-attachment-id=\"6381\" data-permalink=\"https:\/\/ffyh.unc.edu.ar\/historia\/jornadas-conhistoria\/logo-conhistoria-4-recorte\/\" data-orig-file=\"https:\/\/i0.wp.com\/ffyh.unc.edu.ar\/historia\/wp-content\/uploads\/sites\/37\/2024\/12\/logo-conhistoria-4-recorte.jpg?fit=2048%2C896&amp;ssl=1\" data-orig-size=\"2048,896\" data-comments-opened=\"0\" data-image-meta=\"{&quot;aperture&quot;:&quot;0&quot;,&quot;credit&quot;:&quot;&quot;,&quot;camera&quot;:&quot;&quot;,&quot;caption&quot;:&quot;&quot;,&quot;created_timestamp&quot;:&quot;0&quot;,&quot;copyright&quot;:&quot;&quot;,&quot;focal_length&quot;:&quot;0&quot;,&quot;iso&quot;:&quot;0&quot;,&quot;shutter_speed&quot;:&quot;0&quot;,&quot;title&quot;:&quot;&quot;,&quot;orientation&quot;:&quot;0&quot;}\" data-image-title=\"logo conhistoria 4 recorte\" data-image-description=\"\" data-image-caption=\"\" data-medium-file=\"https:\/\/i0.wp.com\/ffyh.unc.edu.ar\/historia\/wp-content\/uploads\/sites\/37\/2024\/12\/logo-conhistoria-4-recorte.jpg?fit=300%2C131&amp;ssl=1\" data-large-file=\"https:\/\/i0.wp.com\/ffyh.unc.edu.ar\/historia\/wp-content\/uploads\/sites\/37\/2024\/12\/logo-conhistoria-4-recorte.jpg?fit=1000%2C438&amp;ssl=1\" class=\"size-medium wp-image-6381 aligncenter\" src=\"https:\/\/i0.wp.com\/ffyh.unc.edu.ar\/historia\/wp-content\/uploads\/sites\/37\/2024\/12\/logo-conhistoria-4-recorte.jpg?resize=300%2C131\" alt=\"\" width=\"300\" height=\"131\" srcset=\"https:\/\/i0.wp.com\/ffyh.unc.edu.ar\/historia\/wp-content\/uploads\/sites\/37\/2024\/12\/logo-conhistoria-4-recorte.jpg?resize=300%2C131&amp;ssl=1 300w, https:\/\/i0.wp.com\/ffyh.unc.edu.ar\/historia\/wp-content\/uploads\/sites\/37\/2024\/12\/logo-conhistoria-4-recorte.jpg?resize=1024%2C448&amp;ssl=1 1024w, https:\/\/i0.wp.com\/ffyh.unc.edu.ar\/historia\/wp-content\/uploads\/sites\/37\/2024\/12\/logo-conhistoria-4-recorte.jpg?resize=768%2C336&amp;ssl=1 768w, https:\/\/i0.wp.com\/ffyh.unc.edu.ar\/historia\/wp-content\/uploads\/sites\/37\/2024\/12\/logo-conhistoria-4-recorte.jpg?resize=1536%2C672&amp;ssl=1 1536w, https:\/\/i0.wp.com\/ffyh.unc.edu.ar\/historia\/wp-content\/uploads\/sites\/37\/2024\/12\/logo-conhistoria-4-recorte.jpg?resize=600%2C263&amp;ssl=1 600w, https:\/\/i0.wp.com\/ffyh.unc.edu.ar\/historia\/wp-content\/uploads\/sites\/37\/2024\/12\/logo-conhistoria-4-recorte.jpg?w=2048&amp;ssl=1 2048w\" sizes=\"(max-width: 300px) 100vw, 300px\" \/><\/a><\/td>\n<\/tr>\n<\/tbody>\n<\/table>\n","protected":false},"excerpt":{"rendered":"<p>&nbsp; &nbsp; ConHistoria #1 21 al 25 de octubre de 2019 Ir a la p\u00e1gina del evento ConHistoria #2 21 al 25 de junio de 2021 Ir a la p\u00e1gina del evento ConHistoria #3 26 al 30 de junio de 2023 Ir a la p\u00e1gina del evento ConHistoria #4 23 al 27 de junio de&#8230; <\/p>\n<div class=\"link-more\"><a href=\"https:\/\/ffyh.unc.edu.ar\/historia\/jornadas-conhistoria\/\">Lea m\u00e1s<\/a><\/div>\n","protected":false},"author":34,"featured_media":0,"parent":0,"menu_order":30,"comment_status":"closed","ping_status":"closed","template":"","meta":{"_acf_changed":false,"_monsterinsights_skip_tracking":false,"_monsterinsights_sitenote_active":false,"_monsterinsights_sitenote_note":"","_monsterinsights_sitenote_category":0,"footnotes":""},"class_list":["post-3809","page","type-page","status-publish","hentry"],"acf":[],"jetpack_sharing_enabled":true,"_links":{"self":[{"href":"https:\/\/ffyh.unc.edu.ar\/historia\/wp-json\/wp\/v2\/pages\/3809","targetHints":{"allow":["GET"]}}],"collection":[{"href":"https:\/\/ffyh.unc.edu.ar\/historia\/wp-json\/wp\/v2\/pages"}],"about":[{"href":"https:\/\/ffyh.unc.edu.ar\/historia\/wp-json\/wp\/v2\/types\/page"}],"author":[{"embeddable":true,"href":"https:\/\/ffyh.unc.edu.ar\/historia\/wp-json\/wp\/v2\/users\/34"}],"replies":[{"embeddable":true,"href":"https:\/\/ffyh.unc.edu.ar\/historia\/wp-json\/wp\/v2\/comments?post=3809"}],"version-history":[{"count":11,"href":"https:\/\/ffyh.unc.edu.ar\/historia\/wp-json\/wp\/v2\/pages\/3809\/revisions"}],"predecessor-version":[{"id":6395,"href":"https:\/\/ffyh.unc.edu.ar\/historia\/wp-json\/wp\/v2\/pages\/3809\/revisions\/6395"}],"wp:attachment":[{"href":"https:\/\/ffyh.unc.edu.ar\/historia\/wp-json\/wp\/v2\/media?parent=3809"}],"curies":[{"name":"wp","href":"https:\/\/api.w.org\/{rel}","templated":true}]}}