{"id":3817,"date":"2022-04-11T19:48:45","date_gmt":"2022-04-11T19:48:45","guid":{"rendered":"https:\/\/ffyh.unc.edu.ar\/historia\/?page_id=3817"},"modified":"2022-04-11T19:51:54","modified_gmt":"2022-04-11T19:51:54","slug":"conhistoria-1","status":"publish","type":"page","link":"https:\/\/ffyh.unc.edu.ar\/historia\/jornadas-conhistoria\/conhistoria-1\/","title":{"rendered":"ConHistoria #1"},"content":{"rendered":"<p style=\"text-align: center\"><a href=\"https:\/\/i0.wp.com\/blogs.ffyh.unc.edu.ar\/escueladehistoria\/files\/2019\/08\/Logo-ConHistoria1-e1565810195192.png?ssl=1\"><img data-recalc-dims=\"1\" loading=\"lazy\" decoding=\"async\" class=\"aligncenter size-full wp-image-1933\" src=\"https:\/\/i0.wp.com\/blogs.ffyh.unc.edu.ar\/escueladehistoria\/files\/2019\/08\/Logo-ConHistoria1-e1565810195192.png?resize=1000%2C495&#038;ssl=1\" alt=\"\" width=\"1000\" height=\"495\" \/><\/a><b><i>\u201cLa formaci\u00f3n de investigadores en Historia en la Universidad P\u00fablica\u201d<\/i><\/b><\/p>\n<p style=\"text-align: center\" align=\"center\">Pabell\u00f3n Espa\u00f1a, Ciudad Universitaria, C\u00f3rdoba, 21 al 25 de octubre de 2019<\/p>\n<h2 style=\"text-align: center\"><a href=\"https:\/\/blogs.ffyh.unc.edu.ar\/escueladehistoria\/files\/2019\/10\/Programa-ConHISTORIA1-octubre-2019.pdf\"><strong><span style=\"color: #ad0909\">Programa de las Jornadas<\/span><\/strong><\/a><\/h2>\n<h2 style=\"text-align: center\"><a href=\"https:\/\/ffyh.unc.edu.ar\/historia\/jornadas-conhistoria\/conhistoria-1\/posteres-conhistoria-1\/\"><span style=\"color: #8f1515\"><strong><span style=\"color: #991717\"><span style=\"color: #ad0909\">P\u00f3steres<\/span><\/span><\/strong><\/span><\/a><\/h2>\n<p><strong>ConHistoria #1 <\/strong>se propone reflexionar acerca de la pr\u00e1ctica investigativa en Historia, la formaci\u00f3n de j\u00f3venes historiadorxs y los planes de estudio de grado y posgrado. Las actividades est\u00e1n distribuidas en distintos horarios durante una semana, abordando como lema inicial la problem\u00e1tica de la formaci\u00f3n de investigadorxs en el contexto de situaci\u00f3n de la Educaci\u00f3n P\u00fablica a nivel local, nacional y regional.<\/p>\n<h2><span style=\"color: #ad0909\"><strong><span style=\"color: #ad0909\">Conferencias y mesas de di\u00e1logo<\/span><\/strong><\/span><\/h2>\n<p><a href=\"https:\/\/i0.wp.com\/blogs.ffyh.unc.edu.ar\/escueladehistoria\/files\/2019\/10\/Mesa-de-trabajo-1.jpg?ssl=1\"><img data-recalc-dims=\"1\" loading=\"lazy\" decoding=\"async\" class=\"wp-image-2006 aligncenter\" src=\"https:\/\/i0.wp.com\/blogs.ffyh.unc.edu.ar\/escueladehistoria\/files\/2019\/10\/Mesa-de-trabajo-1.jpg?resize=465%2C465&#038;ssl=1\" alt=\"\" width=\"465\" height=\"465\" \/><\/a><\/p>\n\n<p>&nbsp;<\/p>\n<p><b>Lunes 21\/10, 18hs. Pabell\u00f3n Espa\u00f1a: <\/b><\/p>\n<p style=\"padding-left: 40px\"><a href=\"https:\/\/blogs.ffyh.unc.edu.ar\/escueladehistoria\/files\/2019\/10\/Ansaldi_ConHistoria.jpg\"><strong><span style=\"color: #ad0909\">Conferencia inaugural<\/span><\/strong><\/a>: <strong><i>Sobre una forma de hacer historia que no es la nuestra. Improvisaciones sobre el escenario (como los m\u00fasicos de jazz)<\/i><\/strong>, Waldo Ansaldi<\/p>\n<p><b>Martes 22\/10, 18hs. Sala A, Pabell\u00f3n Residencial<\/b><\/p>\n<p style=\"padding-left: 40px\"><a href=\"https:\/\/blogs.ffyh.unc.edu.ar\/escueladehistoria\/files\/2019\/10\/TArrag\u00f3_ConHistoria.jpg\"><strong><span style=\"color: #ad0909\">Conversatorio <\/span><\/strong><\/a>con Myriam Tarrag\u00f3 (IDECU-Conicet, UBA): <strong><i>Mujeres que hicieron pre-historia: charla con Mriam Tarrag\u00f3<\/i><\/strong>, coordina: Valeria Franco Salvi.<\/p>\n<p><b>Mi\u00e9rcoles 23\/10, 18 hs. Auditorio Chavez, Pabell\u00f3n Venezuela<\/b><\/p>\n<p style=\"padding-left: 40px\"><a href=\"https:\/\/blogs.ffyh.unc.edu.ar\/escueladehistoria\/files\/2019\/10\/Mesa_ConHistoria.jpg\"><strong><span style=\"color: #ad0909\">Mesa de di\u00e1logo<\/span><\/strong><\/a>: \u201c<strong><i>La formaci\u00f3n de investigadorxs en Humanidades y Ciencias Sociales: Universidad P\u00fablica y Sistema Nacional de Ciencia y Tecnolog\u00eda<\/i><\/strong>\u201d<\/p>\n<p style=\"padding-left: 120px\">&#8211; Marta Bonaudo (ISHIR-Conicet, UNR)<\/p>\n<p style=\"padding-left: 120px\">&#8211; Silvia Palomeque (IDH-Conicet, UNC)<\/p>\n<p style=\"padding-left: 120px\">&#8211; Myriam Tarrag\u00f3 (IDECU-Conicet, UBA)<\/p>\n<p><b>Jueves 24\/10, 10 hs. Sala A, Pabell\u00f3n Residencial<\/b><\/p>\n<p style=\"padding-left: 40px\"><a href=\"https:\/\/blogs.ffyh.unc.edu.ar\/escueladehistoria\/files\/2019\/10\/Tarrag\u00f3_TallerDoctorado.jpg\"><strong><span style=\"color: #ad0909\">Conferencia en el taller de doctorado<\/span><\/strong><\/a>: \u201c<strong><i>La corrupci\u00f3n pol\u00edtica como problema en el siglo XIX. Registros y an\u00e1lisis en Europa y en Am\u00e9rica Latina<\/i><\/strong>\u201d, Marta Bonaudo (ISHIR-Conicet, UNR)<\/p>\n<p><b>Jueves 24\/10, 16 a 18 hs. Aula Magna, Pabell\u00f3n Espa\u00f1a<br \/>\n<\/b><\/p>\n<p style=\"padding-left: 40px\"><a href=\"https:\/\/blogs.ffyh.unc.edu.ar\/escueladehistoria\/files\/2019\/10\/74431789_427157147999318_8274865459136823296_n.jpg\"><span style=\"color: #940d0d\"><strong><span style=\"color: #940d0d\"><span style=\"color: #ad0909\">Panel de egresadxs<\/span><\/span><\/strong><\/span><\/a>: \u201c<strong><i>Otras formas de hacer historia: patrimonio, museos, archivos, espacios de memoria<\/i><\/strong>\u201d<\/p>\n<p style=\"padding-left: 120px\">&#8211; Mar\u00eda Fernanda Vasallo (Directora del Museo de Balnearia &#8211; <em>Investiga Cultura <\/em>Posta de Sinsacate)<\/p>\n<p style=\"padding-left: 120px\">-Gisela Vargas Ibarrra (\u00c1rea de Educaci\u00f3n del Museo de Antropolog\u00eda, FFyH, UNC)<\/p>\n<p style=\"padding-left: 120px\">-Marcelo Guardatti Fern\u00e1ndez (Museo Cachicoya, Laguna Larga, C\u00f3rdoba)<\/p>\n<p style=\"padding-left: 120px\">-Marcos Kary (Archivo Provincial de la Memoria)<\/p>\n<p style=\"padding-left: 120px\"><strong>Coordina<\/strong>: Agust\u00edn Minatti<\/p>\n<p><b>Viernes, 25\/10, 18 hs. Auditorio Chavez, Pabell\u00f3n Venezuela<\/b><\/p>\n<p style=\"padding-left: 40px\"><span lang=\"es\"><a href=\"https:\/\/blogs.ffyh.unc.edu.ar\/escueladehistoria\/files\/2019\/10\/Chiaramonte_ConHistoria.jpg\"><strong><span style=\"color: #ad0909\">Conferencia de cierre<\/span><\/strong><\/a>: <\/span><strong><i>La antigua constituci\u00f3n en la Hispanoam\u00e9rica de las independencias<\/i><\/strong>, Jos\u00e9 Carlos Chiaramonte<\/p>\n<h2><\/h2>\n<p>&nbsp;<\/p>\n","protected":false},"excerpt":{"rendered":"<p>\u201cLa formaci\u00f3n de investigadores en Historia en la Universidad P\u00fablica\u201d Pabell\u00f3n Espa\u00f1a, Ciudad Universitaria, C\u00f3rdoba, 21 al 25 de octubre de 2019 Programa de las Jornadas P\u00f3steres ConHistoria #1 se propone reflexionar acerca de la pr\u00e1ctica investigativa en Historia, la formaci\u00f3n de j\u00f3venes historiadorxs y los planes de estudio de grado y posgrado. Las actividades&#8230; <\/p>\n<div class=\"link-more\"><a href=\"https:\/\/ffyh.unc.edu.ar\/historia\/jornadas-conhistoria\/conhistoria-1\/\">Lea m\u00e1s<\/a><\/div>\n","protected":false},"author":34,"featured_media":0,"parent":3809,"menu_order":1,"comment_status":"closed","ping_status":"closed","template":"","meta":{"_acf_changed":false,"saved_in_kubio":false,"_monsterinsights_skip_tracking":false,"_monsterinsights_sitenote_active":false,"_monsterinsights_sitenote_note":"","_monsterinsights_sitenote_category":0,"footnotes":""},"class_list":["post-3817","page","type-page","status-publish","hentry"],"acf":[],"kubio_ai_page_context":{"short_desc":"","purpose":"general"},"jetpack_sharing_enabled":true,"_links":{"self":[{"href":"https:\/\/ffyh.unc.edu.ar\/historia\/wp-json\/wp\/v2\/pages\/3817","targetHints":{"allow":["GET"]}}],"collection":[{"href":"https:\/\/ffyh.unc.edu.ar\/historia\/wp-json\/wp\/v2\/pages"}],"about":[{"href":"https:\/\/ffyh.unc.edu.ar\/historia\/wp-json\/wp\/v2\/types\/page"}],"author":[{"embeddable":true,"href":"https:\/\/ffyh.unc.edu.ar\/historia\/wp-json\/wp\/v2\/users\/34"}],"replies":[{"embeddable":true,"href":"https:\/\/ffyh.unc.edu.ar\/historia\/wp-json\/wp\/v2\/comments?post=3817"}],"version-history":[{"count":2,"href":"https:\/\/ffyh.unc.edu.ar\/historia\/wp-json\/wp\/v2\/pages\/3817\/revisions"}],"predecessor-version":[{"id":3821,"href":"https:\/\/ffyh.unc.edu.ar\/historia\/wp-json\/wp\/v2\/pages\/3817\/revisions\/3821"}],"up":[{"embeddable":true,"href":"https:\/\/ffyh.unc.edu.ar\/historia\/wp-json\/wp\/v2\/pages\/3809"}],"wp:attachment":[{"href":"https:\/\/ffyh.unc.edu.ar\/historia\/wp-json\/wp\/v2\/media?parent=3817"}],"curies":[{"name":"wp","href":"https:\/\/api.w.org\/{rel}","templated":true}]}}