{"id":4139,"date":"2022-07-28T18:04:40","date_gmt":"2022-07-28T18:04:40","guid":{"rendered":"https:\/\/ffyh.unc.edu.ar\/historia\/?page_id=4139"},"modified":"2025-06-13T18:53:08","modified_gmt":"2025-06-13T18:53:08","slug":"monge","status":"publish","type":"page","link":"https:\/\/ffyh.unc.edu.ar\/historia\/nuestrxs-docentes\/monge\/","title":{"rendered":"Julia Monge"},"content":{"rendered":"<table style=\"border-collapse: collapse;width: 100%\">\n<tbody>\n<tr>\n<td style=\"text-align: justify\" colspan=\"2\"><img data-recalc-dims=\"1\" loading=\"lazy\" decoding=\"async\" data-attachment-id=\"4971\" data-permalink=\"https:\/\/ffyh.unc.edu.ar\/historia\/nuestrxs-docentes\/monge\/perfil\/\" data-orig-file=\"https:\/\/i0.wp.com\/ffyh.unc.edu.ar\/historia\/wp-content\/uploads\/sites\/37\/2022\/09\/perfil-e1662388948106.jpg?fit=474%2C474&amp;ssl=1\" data-orig-size=\"474,474\" data-comments-opened=\"0\" data-image-meta=\"{&quot;aperture&quot;:&quot;3.5&quot;,&quot;credit&quot;:&quot;&quot;,&quot;camera&quot;:&quot;Canon EOS 1100D&quot;,&quot;caption&quot;:&quot;&quot;,&quot;created_timestamp&quot;:&quot;1435949039&quot;,&quot;copyright&quot;:&quot;&quot;,&quot;focal_length&quot;:&quot;20&quot;,&quot;iso&quot;:&quot;320&quot;,&quot;shutter_speed&quot;:&quot;0.025&quot;,&quot;title&quot;:&quot;&quot;,&quot;orientation&quot;:&quot;1&quot;}\" data-image-title=\"perfil\" data-image-description=\"\" data-image-caption=\"\" data-medium-file=\"https:\/\/i0.wp.com\/ffyh.unc.edu.ar\/historia\/wp-content\/uploads\/sites\/37\/2022\/09\/perfil-e1662388948106.jpg?fit=300%2C300&amp;ssl=1\" data-large-file=\"https:\/\/i0.wp.com\/ffyh.unc.edu.ar\/historia\/wp-content\/uploads\/sites\/37\/2022\/09\/perfil-e1662388948106.jpg?fit=474%2C474&amp;ssl=1\" class=\"alignleft size-thumbnail wp-image-4971\" src=\"https:\/\/i0.wp.com\/ffyh.unc.edu.ar\/historia\/wp-content\/uploads\/sites\/37\/2022\/09\/perfil-e1662388948106-150x150.jpg?resize=150%2C150\" alt=\"\" width=\"150\" height=\"150\" srcset=\"https:\/\/i0.wp.com\/ffyh.unc.edu.ar\/historia\/wp-content\/uploads\/sites\/37\/2022\/09\/perfil-e1662388948106.jpg?resize=150%2C150&amp;ssl=1 150w, https:\/\/i0.wp.com\/ffyh.unc.edu.ar\/historia\/wp-content\/uploads\/sites\/37\/2022\/09\/perfil-e1662388948106.jpg?resize=300%2C300&amp;ssl=1 300w, https:\/\/i0.wp.com\/ffyh.unc.edu.ar\/historia\/wp-content\/uploads\/sites\/37\/2022\/09\/perfil-e1662388948106.jpg?w=474&amp;ssl=1 474w\" sizes=\"(max-width: 150px) 100vw, 150px\" \/>Licenciada en Filosof\u00eda (UNL) y Doctora en Filosof\u00eda (UNC). Profesora adjunta concursada de la\u00a0 c\u00e1tedra Introducci\u00f3n a la problem\u00e1tica filos\u00f3fica de la carrera de Historia y Profesora a cargo de las c\u00e1tedras de Filosof\u00eda (I y II) en la Facultad de Cs. M\u00e9dicas, carrera de Enfermer\u00eda.<br \/>\nFue becaria doctoral y posdoctoral del CONICET y es miembro desde 2011 de un Grupo de\u00a0 Investigaci\u00f3n sobre fuentes y recepciones de la filosof\u00eda de F. Nietzsche, en torno a<br \/>\nproblem\u00e1ticas sobre las relaciones entre historia y filosof\u00eda y la cr\u00edtica de la cultura y del<br \/>\nconocimiento (subsidio SECyT-UNC, Dir. Dr. Sergio S\u00e1nchez). Sus temas de investigaci\u00f3n est\u00e1n vinculados a la filosof\u00eda pr\u00e1ctica (filosof\u00eda pol\u00edtica, \u00e9tica y de la historia) y la filosof\u00eda<br \/>\ncontempor\u00e1nea (en especial el pensamiento de M. Foucault y sus derivaciones en los debates actuales), sobre los que ha dictado cursos de posgrado y desarrollado formaci\u00f3n de estudiantes, presentado exposiciones en eventos cient\u00edficos acad\u00e9micos y publicado cap\u00edtulos de libros y art\u00edculos en revistas especializadas, tanto en el \u00e1mbito nacional como internacional.<br \/>\nEs miembro del comit\u00e9 editorial de la revista E+E. Estudios de Extensi\u00f3n en Humanidades de la FFyH. Ha coordinado y dictado varios talleres de extensi\u00f3n en la C\u00e1rcel de mujeres de Bouwer y ha participado asimismo de proyectos de extensi\u00f3n de la FCM acerca de promoci\u00f3n de derechos de madres e infancias en las Residencias para madres pertenecientes a los Hospitales de la ciudad de C\u00f3rdoba.<\/td>\n<\/tr>\n<tr>\n<td style=\"width: 0.491159%\" colspan=\"2\">Contacto: <a href=\"mailto:julia.monge@unc.edu.ar\">julia.monge@unc.edu.ar<\/a><\/td>\n<\/tr>\n<\/tbody>\n<\/table>\n","protected":false},"excerpt":{"rendered":"<p>Licenciada en Filosof\u00eda (UNL) y Doctora en Filosof\u00eda (UNC). Profesora adjunta concursada de la\u00a0 c\u00e1tedra Introducci\u00f3n a la problem\u00e1tica filos\u00f3fica de la carrera de Historia y Profesora a cargo de las c\u00e1tedras de Filosof\u00eda (I y II) en la Facultad de Cs. M\u00e9dicas, carrera de Enfermer\u00eda. Fue becaria doctoral y posdoctoral del CONICET y es&#8230; <\/p>\n<div class=\"link-more\"><a href=\"https:\/\/ffyh.unc.edu.ar\/historia\/nuestrxs-docentes\/monge\/\">Lea m\u00e1s<\/a><\/div>\n","protected":false},"author":34,"featured_media":0,"parent":4089,"menu_order":0,"comment_status":"closed","ping_status":"closed","template":"","meta":{"_acf_changed":false,"saved_in_kubio":false,"_monsterinsights_skip_tracking":false,"_monsterinsights_sitenote_active":false,"_monsterinsights_sitenote_note":"","_monsterinsights_sitenote_category":0,"footnotes":""},"class_list":["post-4139","page","type-page","status-publish","hentry"],"acf":[],"kubio_ai_page_context":{"short_desc":"","purpose":"general"},"jetpack_sharing_enabled":true,"_links":{"self":[{"href":"https:\/\/ffyh.unc.edu.ar\/historia\/wp-json\/wp\/v2\/pages\/4139","targetHints":{"allow":["GET"]}}],"collection":[{"href":"https:\/\/ffyh.unc.edu.ar\/historia\/wp-json\/wp\/v2\/pages"}],"about":[{"href":"https:\/\/ffyh.unc.edu.ar\/historia\/wp-json\/wp\/v2\/types\/page"}],"author":[{"embeddable":true,"href":"https:\/\/ffyh.unc.edu.ar\/historia\/wp-json\/wp\/v2\/users\/34"}],"replies":[{"embeddable":true,"href":"https:\/\/ffyh.unc.edu.ar\/historia\/wp-json\/wp\/v2\/comments?post=4139"}],"version-history":[{"count":6,"href":"https:\/\/ffyh.unc.edu.ar\/historia\/wp-json\/wp\/v2\/pages\/4139\/revisions"}],"predecessor-version":[{"id":6575,"href":"https:\/\/ffyh.unc.edu.ar\/historia\/wp-json\/wp\/v2\/pages\/4139\/revisions\/6575"}],"up":[{"embeddable":true,"href":"https:\/\/ffyh.unc.edu.ar\/historia\/wp-json\/wp\/v2\/pages\/4089"}],"wp:attachment":[{"href":"https:\/\/ffyh.unc.edu.ar\/historia\/wp-json\/wp\/v2\/media?parent=4139"}],"curies":[{"name":"wp","href":"https:\/\/api.w.org\/{rel}","templated":true}]}}