{"id":4149,"date":"2022-07-28T18:09:36","date_gmt":"2022-07-28T18:09:36","guid":{"rendered":"https:\/\/ffyh.unc.edu.ar\/historia\/?page_id=4149"},"modified":"2024-12-17T14:17:30","modified_gmt":"2024-12-17T14:17:30","slug":"ortiz","status":"publish","type":"page","link":"https:\/\/ffyh.unc.edu.ar\/historia\/nuestrxs-docentes\/ortiz\/","title":{"rendered":"Mar\u00eda Laura Ortiz"},"content":{"rendered":"<table style=\"border-collapse: collapse;width: 100%\">\n<tbody>\n<tr>\n<td colspan=\"2\">\n<p style=\"text-align: justify\"><img data-recalc-dims=\"1\" loading=\"lazy\" decoding=\"async\" data-attachment-id=\"4664\" data-permalink=\"https:\/\/ffyh.unc.edu.ar\/historia\/nuestrxs-docentes\/ortiz\/ortiz_foto-2\/\" data-orig-file=\"https:\/\/i0.wp.com\/ffyh.unc.edu.ar\/historia\/wp-content\/uploads\/sites\/37\/2022\/07\/Ortiz_foto-1.jpg?fit=299%2C300&amp;ssl=1\" data-orig-size=\"299,300\" data-comments-opened=\"0\" data-image-meta=\"{&quot;aperture&quot;:&quot;0&quot;,&quot;credit&quot;:&quot;&quot;,&quot;camera&quot;:&quot;&quot;,&quot;caption&quot;:&quot;&quot;,&quot;created_timestamp&quot;:&quot;1658960999&quot;,&quot;copyright&quot;:&quot;&quot;,&quot;focal_length&quot;:&quot;0&quot;,&quot;iso&quot;:&quot;0&quot;,&quot;shutter_speed&quot;:&quot;0&quot;,&quot;title&quot;:&quot;&quot;,&quot;orientation&quot;:&quot;1&quot;}\" data-image-title=\"Ortiz_foto\" data-image-description=\"\" data-image-caption=\"\" data-medium-file=\"https:\/\/i0.wp.com\/ffyh.unc.edu.ar\/historia\/wp-content\/uploads\/sites\/37\/2022\/07\/Ortiz_foto-1.jpg?fit=299%2C300&amp;ssl=1\" data-large-file=\"https:\/\/i0.wp.com\/ffyh.unc.edu.ar\/historia\/wp-content\/uploads\/sites\/37\/2022\/07\/Ortiz_foto-1.jpg?fit=299%2C300&amp;ssl=1\" class=\"alignleft size-thumbnail wp-image-4664\" src=\"https:\/\/i0.wp.com\/ffyh.unc.edu.ar\/historia\/wp-content\/uploads\/sites\/37\/2022\/07\/Ortiz_foto-1.jpg?resize=150%2C150\" alt=\"\" width=\"150\" height=\"150\" srcset=\"https:\/\/i0.wp.com\/ffyh.unc.edu.ar\/historia\/wp-content\/uploads\/sites\/37\/2022\/07\/Ortiz_foto-1.jpg?resize=150%2C150&amp;ssl=1 150w, https:\/\/i0.wp.com\/ffyh.unc.edu.ar\/historia\/wp-content\/uploads\/sites\/37\/2022\/07\/Ortiz_foto-1.jpg?w=299&amp;ssl=1 299w\" sizes=\"(max-width: 150px) 100vw, 150px\" \/>Profesora Adjunta concursada en \u00abIntroducci\u00f3n a la Historia\u00bb y Profesora Asistente interina en \u00abTaller de Aplicaci\u00f3n\u00bb. Es doctora por la Universidad de Buenos Aires (UBA), con menci\u00f3n en Historia. Tambi\u00e9n es profesora y licenciada en Historia, egresada en la Universidad Nacional de C\u00f3rdoba (UNC).<\/p>\n<p style=\"text-align: justify\">Ha sido consejera por el claustro de profesores asistentes en el Consejo de Escuela de Historia y consejera por la Escuela de Historia en el Consejo Asesor de Extensi\u00f3n de la FFyH. Actualmente se desempe\u00f1a como Subsecretaria de Posgrado de la FFyH, UNC.<\/p>\n<p style=\"text-align: justify\">Est\u00e1 a cargo del dictado del seminario \u201cIntroducci\u00f3n a la Historia oral\u201d y colabora en el \u201cSeminario para la elaboraci\u00f3n del Trabajo Final de Licenciatura\u201d (Escuela de Historia, Facultad de Filosof\u00eda y Humanidades -FFyH-, UNC). Ha dictado cursos de posgrado en la FFyH y en la Facultad de Ciencias Sociales de la UNC.<\/p>\n<p style=\"text-align: justify\">Es miembro de la Asociaci\u00f3n de Historia Oral de la Rep\u00fablica Argentina (AHORA). Participa de la Red Internacional sobre Procesos represivos, empresas, trabajadores y sindicatos y de la Red de Investigaci\u00f3n sobre Violencia, Esclarecimiento y Memoria (RIVEM).<\/p>\n<p style=\"text-align: justify\">Es autora del libro <i>Con los vientos del Cordobazo. Los trabajadores clasistas en tiempos de violencia y represi\u00f3n<\/i> (C\u00f3rdoba: Editorial UNC, 2019). Tambi\u00e9n ha publicado cap\u00edtulos de libros y art\u00edculos en revistas especializadas de Argentina, Brasil, Chile, M\u00e9xico, Canad\u00e1 y Espa\u00f1a; abordando cuestiones vinculadas al mundo obrero en C\u00f3rdoba durante los a\u00f1os setenta, el clasismo, la cultura obrera, la historia oral, memorias de la represi\u00f3n, violencia pol\u00edtica y terrorismo de Estado.<\/p>\n<p style=\"text-align: justify\">Es formadora y evaluadora de tesistas de grado y posgrado. Ha realizado actividades de extensi\u00f3n universitaria, participando en proyectos colectivos vinculados a la historia oral, el sindicalismo, el trabajo cooperativo y el trabajo con adultos mayores. Ha organizado y dictado cursos de capacitaci\u00f3n para docentes de nivel primario, secundario y terciario. Ha participado en la producci\u00f3n de materiales did\u00e1cticos orientados a la ense\u00f1anza de la historia en nivel medio y superior no universitario.\u00a0Actualmente dirige el proyecto de investigaci\u00f3n \u201cHistoria oral e historia reciente de C\u00f3rdoba. Pr\u00e1cticas, experiencias, teor\u00eda y metodolog\u00eda\u201d radicado en el \u00e1rea Historia del Centro de Investigaciones de la FFyH, UNC. Tambi\u00e9n integra el programa \u201cPol\u00edtica, sociedad y cultura en la historia reciente de C\u00f3rdoba\u201d dirigido por la Dra. Alicia Servetto y radicado en el Centro de Estudios Avanzados (CEA) de la FSoc, UNC.<\/p>\n<\/td>\n<\/tr>\n<tr>\n<td style=\"width: 0.491159%\" colspan=\"2\">Contacto: <a href=\"mailto:laura.ortiz@unc.edu.ar\">laura.ortiz@unc.edu.ar<\/a><\/td>\n<\/tr>\n<\/tbody>\n<\/table>\n","protected":false},"excerpt":{"rendered":"<p>Profesora Adjunta concursada en \u00abIntroducci\u00f3n a la Historia\u00bb y Profesora Asistente interina en \u00abTaller de Aplicaci\u00f3n\u00bb. Es doctora por la Universidad de Buenos Aires (UBA), con menci\u00f3n en Historia. Tambi\u00e9n es profesora y licenciada en Historia, egresada en la Universidad Nacional de C\u00f3rdoba (UNC). Ha sido consejera por el claustro de profesores asistentes en el&#8230; <\/p>\n<div class=\"link-more\"><a href=\"https:\/\/ffyh.unc.edu.ar\/historia\/nuestrxs-docentes\/ortiz\/\">Lea m\u00e1s<\/a><\/div>\n","protected":false},"author":34,"featured_media":0,"parent":4089,"menu_order":0,"comment_status":"closed","ping_status":"closed","template":"","meta":{"_acf_changed":false,"saved_in_kubio":false,"_monsterinsights_skip_tracking":false,"_monsterinsights_sitenote_active":false,"_monsterinsights_sitenote_note":"","_monsterinsights_sitenote_category":0,"footnotes":""},"class_list":["post-4149","page","type-page","status-publish","hentry"],"acf":[],"kubio_ai_page_context":{"short_desc":"","purpose":"general"},"jetpack_sharing_enabled":true,"_links":{"self":[{"href":"https:\/\/ffyh.unc.edu.ar\/historia\/wp-json\/wp\/v2\/pages\/4149","targetHints":{"allow":["GET"]}}],"collection":[{"href":"https:\/\/ffyh.unc.edu.ar\/historia\/wp-json\/wp\/v2\/pages"}],"about":[{"href":"https:\/\/ffyh.unc.edu.ar\/historia\/wp-json\/wp\/v2\/types\/page"}],"author":[{"embeddable":true,"href":"https:\/\/ffyh.unc.edu.ar\/historia\/wp-json\/wp\/v2\/users\/34"}],"replies":[{"embeddable":true,"href":"https:\/\/ffyh.unc.edu.ar\/historia\/wp-json\/wp\/v2\/comments?post=4149"}],"version-history":[{"count":10,"href":"https:\/\/ffyh.unc.edu.ar\/historia\/wp-json\/wp\/v2\/pages\/4149\/revisions"}],"predecessor-version":[{"id":6443,"href":"https:\/\/ffyh.unc.edu.ar\/historia\/wp-json\/wp\/v2\/pages\/4149\/revisions\/6443"}],"up":[{"embeddable":true,"href":"https:\/\/ffyh.unc.edu.ar\/historia\/wp-json\/wp\/v2\/pages\/4089"}],"wp:attachment":[{"href":"https:\/\/ffyh.unc.edu.ar\/historia\/wp-json\/wp\/v2\/media?parent=4149"}],"curies":[{"name":"wp","href":"https:\/\/api.w.org\/{rel}","templated":true}]}}