{"id":4166,"date":"2022-07-28T18:13:27","date_gmt":"2022-07-28T18:13:27","guid":{"rendered":"https:\/\/ffyh.unc.edu.ar\/historia\/?page_id=4166"},"modified":"2022-11-16T18:33:44","modified_gmt":"2022-11-16T18:33:44","slug":"molar","status":"publish","type":"page","link":"https:\/\/ffyh.unc.edu.ar\/historia\/nuestrxs-docentes\/molar\/","title":{"rendered":"Roc\u00edo Mar\u00eda Molar"},"content":{"rendered":"<table style=\"border-collapse: collapse;width: 100%\">\n<tbody>\n<tr>\n<td colspan=\"2\">\n<p style=\"text-align: justify\"><img data-recalc-dims=\"1\" loading=\"lazy\" decoding=\"async\" data-attachment-id=\"4530\" data-permalink=\"https:\/\/ffyh.unc.edu.ar\/historia\/nuestrxs-docentes\/molar\/molar_foto\/\" data-orig-file=\"https:\/\/i0.wp.com\/ffyh.unc.edu.ar\/historia\/wp-content\/uploads\/sites\/37\/2022\/07\/Molar_foto.jpg?fit=343%2C343&amp;ssl=1\" data-orig-size=\"343,343\" data-comments-opened=\"0\" data-image-meta=\"{&quot;aperture&quot;:&quot;0&quot;,&quot;credit&quot;:&quot;&quot;,&quot;camera&quot;:&quot;&quot;,&quot;caption&quot;:&quot;&quot;,&quot;created_timestamp&quot;:&quot;1658961042&quot;,&quot;copyright&quot;:&quot;&quot;,&quot;focal_length&quot;:&quot;0&quot;,&quot;iso&quot;:&quot;0&quot;,&quot;shutter_speed&quot;:&quot;0&quot;,&quot;title&quot;:&quot;&quot;,&quot;orientation&quot;:&quot;1&quot;}\" data-image-title=\"Molar_foto\" data-image-description=\"\" data-image-caption=\"\" data-medium-file=\"https:\/\/i0.wp.com\/ffyh.unc.edu.ar\/historia\/wp-content\/uploads\/sites\/37\/2022\/07\/Molar_foto.jpg?fit=300%2C300&amp;ssl=1\" data-large-file=\"https:\/\/i0.wp.com\/ffyh.unc.edu.ar\/historia\/wp-content\/uploads\/sites\/37\/2022\/07\/Molar_foto.jpg?fit=343%2C343&amp;ssl=1\" class=\"size-thumbnail wp-image-4530 alignleft\" src=\"https:\/\/i0.wp.com\/ffyh.unc.edu.ar\/historia\/wp-content\/uploads\/sites\/37\/2022\/07\/Molar_foto.jpg?resize=150%2C150\" alt=\"\" width=\"150\" height=\"150\" srcset=\"https:\/\/i0.wp.com\/ffyh.unc.edu.ar\/historia\/wp-content\/uploads\/sites\/37\/2022\/07\/Molar_foto.jpg?resize=150%2C150&amp;ssl=1 150w, https:\/\/i0.wp.com\/ffyh.unc.edu.ar\/historia\/wp-content\/uploads\/sites\/37\/2022\/07\/Molar_foto.jpg?resize=300%2C300&amp;ssl=1 300w, https:\/\/i0.wp.com\/ffyh.unc.edu.ar\/historia\/wp-content\/uploads\/sites\/37\/2022\/07\/Molar_foto.jpg?w=343&amp;ssl=1 343w\" sizes=\"(max-width: 150px) 100vw, 150px\" \/>Profesora Asistente interina en Prehistoria y Arqueolog\u00eda. Es Licenciada en Historia y Doctora en Ciencias Antropol\u00f3gicas, especialista en el estudio del manejo de recursos vegetales y de las pr\u00e1cticas alimenticias llevadas a cabo por las primeras sociedades aldeanas que habitaron el noroeste argentino en el primer milenio de la Era.<\/p>\n<p style=\"text-align: justify\">Ha publicado distintos art\u00edculos con referato, relacionados a su tema de investigaci\u00f3n, entre los que se destacan <i>\u201cProcesar, consumir y construir. Una aproximaci\u00f3n desde la alimentaci\u00f3n a la construcci\u00f3n y reproducci\u00f3n de la cotidianeidad en sociedades aldeanas tempranas del primer milenio D.C. en el Valle de Taf\u00ed\u201d<\/i>, <i>\u201cPr\u00e1cticas Alimenticias de Grupos Aldeanos Tempranos en Anfama, Tucum\u00e1n, Argentina\u201d, \u201cVegetable storage practices and the reproduction of household autonomy in early villaje contexts from Northwest Argentina<\/i>\u201d (en coautor\u00eda con J. Salazar) y \u201c<i>Alimentaci\u00f3n y reproducci\u00f3n social: biograf\u00eda de alimentos en contextos aldeanos tempranos del valle de Taf\u00ed (2000 AP-1000 AP)\u201d<\/i>. Adem\u00e1s posee numerosos trabajos y cap\u00edtulos de libro como coautora, cuyas tem\u00e1ticas se vinculan al estudio del surgimiento y consolidaci\u00f3n de las sociedades aldeanas tempranas y de las m\u00faltiples esferas que conciernen a la cotidianeidad de estos grupos.<\/p>\n<p style=\"text-align: justify\">Desde el a\u00f1o 2012 forma parte de distintos proyectos de extensi\u00f3n e investigaci\u00f3n (como estudiante y becaria) orientados tanto al estudio de las sociedades aldeanas tempranas como otros referentes a problem\u00e1ticas vinculadas a las comunidades ind\u00edgenas actuales y al patrimonio hist\u00f3rico-arqueol\u00f3gico.<\/p>\n<\/td>\n<\/tr>\n<tr>\n<td style=\"width: 25%\" colspan=\"2\">Contacto: <a href=\"mailto:rociomolar@unc.edu.ar\">rociomolar@unc.edu.ar<\/a><\/p>\n<p>ACADEMIA: <a href=\"https:\/\/cordoba.academia.edu\/RocioMolar\">https:\/\/cordoba.academia.edu\/RocioMolar<\/a><br \/>\nORCID: <a href=\"https:\/\/orcid.org\/0000-0003-3487-0816\">https:\/\/orcid.org\/0000-0003-3487-0816<\/a><\/td>\n<\/tr>\n<\/tbody>\n<\/table>\n","protected":false},"excerpt":{"rendered":"<p>Profesora Asistente interina en Prehistoria y Arqueolog\u00eda. Es Licenciada en Historia y Doctora en Ciencias Antropol\u00f3gicas, especialista en el estudio del manejo de recursos vegetales y de las pr\u00e1cticas alimenticias llevadas a cabo por las primeras sociedades aldeanas que habitaron el noroeste argentino en el primer milenio de la Era. Ha publicado distintos art\u00edculos con&#8230; <\/p>\n<div class=\"link-more\"><a href=\"https:\/\/ffyh.unc.edu.ar\/historia\/nuestrxs-docentes\/molar\/\">Lea m\u00e1s<\/a><\/div>\n","protected":false},"author":34,"featured_media":0,"parent":4089,"menu_order":0,"comment_status":"closed","ping_status":"closed","template":"","meta":{"_acf_changed":false,"saved_in_kubio":false,"_monsterinsights_skip_tracking":false,"_monsterinsights_sitenote_active":false,"_monsterinsights_sitenote_note":"","_monsterinsights_sitenote_category":0,"footnotes":""},"class_list":["post-4166","page","type-page","status-publish","hentry"],"acf":[],"kubio_ai_page_context":{"short_desc":"","purpose":"general"},"jetpack_sharing_enabled":true,"_links":{"self":[{"href":"https:\/\/ffyh.unc.edu.ar\/historia\/wp-json\/wp\/v2\/pages\/4166","targetHints":{"allow":["GET"]}}],"collection":[{"href":"https:\/\/ffyh.unc.edu.ar\/historia\/wp-json\/wp\/v2\/pages"}],"about":[{"href":"https:\/\/ffyh.unc.edu.ar\/historia\/wp-json\/wp\/v2\/types\/page"}],"author":[{"embeddable":true,"href":"https:\/\/ffyh.unc.edu.ar\/historia\/wp-json\/wp\/v2\/users\/34"}],"replies":[{"embeddable":true,"href":"https:\/\/ffyh.unc.edu.ar\/historia\/wp-json\/wp\/v2\/comments?post=4166"}],"version-history":[{"count":11,"href":"https:\/\/ffyh.unc.edu.ar\/historia\/wp-json\/wp\/v2\/pages\/4166\/revisions"}],"predecessor-version":[{"id":5061,"href":"https:\/\/ffyh.unc.edu.ar\/historia\/wp-json\/wp\/v2\/pages\/4166\/revisions\/5061"}],"up":[{"embeddable":true,"href":"https:\/\/ffyh.unc.edu.ar\/historia\/wp-json\/wp\/v2\/pages\/4089"}],"wp:attachment":[{"href":"https:\/\/ffyh.unc.edu.ar\/historia\/wp-json\/wp\/v2\/media?parent=4166"}],"curies":[{"name":"wp","href":"https:\/\/api.w.org\/{rel}","templated":true}]}}