{"id":4168,"date":"2022-07-28T18:14:11","date_gmt":"2022-07-28T18:14:11","guid":{"rendered":"https:\/\/ffyh.unc.edu.ar\/historia\/?page_id=4168"},"modified":"2023-02-17T17:46:55","modified_gmt":"2023-02-17T17:46:55","slug":"seri","status":"publish","type":"page","link":"https:\/\/ffyh.unc.edu.ar\/historia\/nuestrxs-docentes\/seri\/","title":{"rendered":"Andrea Seri"},"content":{"rendered":"<table style=\"border-collapse: collapse;width: 100%\">\n<tbody>\n<tr>\n<td style=\"text-align: justify\" colspan=\"2\">Profesora Adjunta por concurso de Historia Antigua General de la UNC. Doctora en Estudios del Cercano Oriente Antiguo (especializaci\u00f3n en Asiriolog\u00eda) por la Universidad de Michigan en Ann Arbor. Master en Estudios de Asia y \u00c1frica (especializaci\u00f3n en Medio Oriente) por el Colegio de M\u00e9xico. Licenciada y Profesora de Historia por la Universidad Nacional de Rosario.<\/p>\n<p>Antecedentes docentes: en la Universidad de Harvard, dictado de cursos en el Departamento de Estudios en Lenguas y Civilizaciones del Cercano Oriente Antiguo (2006-2008) y en la Universidad de Chicago, Departamento de Lenguas y Civilizaciones del Cercano Oriente Antiguo (2008-2013). Investigadora del Oriental Institute de la Universidad de Chicago (2008-2013). Autora de los libros <em>Local Power in Old Babylonian Mesopotamia<\/em> (Londres 2006; segunda edici\u00f3n 2012), <em>The House of Prisoners: Slavery and State in Uruk during the Revolt against Samsu-iluna<\/em> (Boston-Berlin, 2013), y ha co-editado con C. Faraone <em>Imagined Beginnings: Ancient Cosmogonies, Theogonies and Anthropogonies in the Eastern Mediterranean<\/em>. Publicaci\u00f3n de art\u00edculos especializados en revistas nacionales e internacionales. Evaluadora y revisora de libros y publicaciones peri\u00f3dicas internacionales. Directora de Proyectos de Investigaci\u00f3n (Consolidar) de la Secretar\u00eda de Ciencia y T\u00e9cnica de la Universidad Nacional de C\u00f3rdoba.<\/td>\n<\/tr>\n<tr>\n<td style=\"width: 0.491159%\" colspan=\"2\">Contacto: <a href=\"mailto:aseri@unc.edu.ar\" target=\"_blank\" rel=\"noopener\">aseri@ffyh.unc.edu.ar<\/a><\/td>\n<\/tr>\n<\/tbody>\n<\/table>\n","protected":false},"excerpt":{"rendered":"<p>Profesora Adjunta por concurso de Historia Antigua General de la UNC. Doctora en Estudios del Cercano Oriente Antiguo (especializaci\u00f3n en Asiriolog\u00eda) por la Universidad de Michigan en Ann Arbor. Master en Estudios de Asia y \u00c1frica (especializaci\u00f3n en Medio Oriente) por el Colegio de M\u00e9xico. Licenciada y Profesora de Historia por la Universidad Nacional de&#8230; <\/p>\n<div class=\"link-more\"><a href=\"https:\/\/ffyh.unc.edu.ar\/historia\/nuestrxs-docentes\/seri\/\">Lea m\u00e1s<\/a><\/div>\n","protected":false},"author":34,"featured_media":0,"parent":4089,"menu_order":0,"comment_status":"closed","ping_status":"closed","template":"","meta":{"_acf_changed":false,"_monsterinsights_skip_tracking":false,"_monsterinsights_sitenote_active":false,"_monsterinsights_sitenote_note":"","_monsterinsights_sitenote_category":0,"footnotes":""},"class_list":["post-4168","page","type-page","status-publish","hentry"],"acf":[],"jetpack_sharing_enabled":true,"_links":{"self":[{"href":"https:\/\/ffyh.unc.edu.ar\/historia\/wp-json\/wp\/v2\/pages\/4168","targetHints":{"allow":["GET"]}}],"collection":[{"href":"https:\/\/ffyh.unc.edu.ar\/historia\/wp-json\/wp\/v2\/pages"}],"about":[{"href":"https:\/\/ffyh.unc.edu.ar\/historia\/wp-json\/wp\/v2\/types\/page"}],"author":[{"embeddable":true,"href":"https:\/\/ffyh.unc.edu.ar\/historia\/wp-json\/wp\/v2\/users\/34"}],"replies":[{"embeddable":true,"href":"https:\/\/ffyh.unc.edu.ar\/historia\/wp-json\/wp\/v2\/comments?post=4168"}],"version-history":[{"count":11,"href":"https:\/\/ffyh.unc.edu.ar\/historia\/wp-json\/wp\/v2\/pages\/4168\/revisions"}],"predecessor-version":[{"id":5234,"href":"https:\/\/ffyh.unc.edu.ar\/historia\/wp-json\/wp\/v2\/pages\/4168\/revisions\/5234"}],"up":[{"embeddable":true,"href":"https:\/\/ffyh.unc.edu.ar\/historia\/wp-json\/wp\/v2\/pages\/4089"}],"wp:attachment":[{"href":"https:\/\/ffyh.unc.edu.ar\/historia\/wp-json\/wp\/v2\/media?parent=4168"}],"curies":[{"name":"wp","href":"https:\/\/api.w.org\/{rel}","templated":true}]}}