{"id":4170,"date":"2022-07-28T18:15:40","date_gmt":"2022-07-28T18:15:40","guid":{"rendered":"https:\/\/ffyh.unc.edu.ar\/historia\/?page_id=4170"},"modified":"2023-02-17T17:47:34","modified_gmt":"2023-02-17T17:47:34","slug":"morenoleoni","status":"publish","type":"page","link":"https:\/\/ffyh.unc.edu.ar\/historia\/nuestrxs-docentes\/morenoleoni\/","title":{"rendered":"\u00c1lvaro M. Moreno Leoni"},"content":{"rendered":"<table style=\"border-collapse: collapse;width: 100%\">\n<tbody>\n<tr>\n<td colspan=\"2\">\n<p style=\"text-align: justify\"><img data-recalc-dims=\"1\" loading=\"lazy\" decoding=\"async\" data-attachment-id=\"4540\" data-permalink=\"https:\/\/ffyh.unc.edu.ar\/historia\/nuestrxs-docentes\/morenoleoni\/morenoleoni_foto\/\" data-orig-file=\"https:\/\/i0.wp.com\/ffyh.unc.edu.ar\/historia\/wp-content\/uploads\/sites\/37\/2022\/07\/MorenoLeoni_foto.jpg?fit=345%2C346&amp;ssl=1\" data-orig-size=\"345,346\" data-comments-opened=\"0\" data-image-meta=\"{&quot;aperture&quot;:&quot;0&quot;,&quot;credit&quot;:&quot;&quot;,&quot;camera&quot;:&quot;&quot;,&quot;caption&quot;:&quot;&quot;,&quot;created_timestamp&quot;:&quot;1658961051&quot;,&quot;copyright&quot;:&quot;&quot;,&quot;focal_length&quot;:&quot;0&quot;,&quot;iso&quot;:&quot;0&quot;,&quot;shutter_speed&quot;:&quot;0&quot;,&quot;title&quot;:&quot;&quot;,&quot;orientation&quot;:&quot;1&quot;}\" data-image-title=\"MorenoLeoni_foto\" data-image-description=\"\" data-image-caption=\"\" data-medium-file=\"https:\/\/i0.wp.com\/ffyh.unc.edu.ar\/historia\/wp-content\/uploads\/sites\/37\/2022\/07\/MorenoLeoni_foto.jpg?fit=300%2C300&amp;ssl=1\" data-large-file=\"https:\/\/i0.wp.com\/ffyh.unc.edu.ar\/historia\/wp-content\/uploads\/sites\/37\/2022\/07\/MorenoLeoni_foto.jpg?fit=345%2C346&amp;ssl=1\" class=\"alignleft size-thumbnail wp-image-4540\" src=\"https:\/\/i0.wp.com\/ffyh.unc.edu.ar\/historia\/wp-content\/uploads\/sites\/37\/2022\/07\/MorenoLeoni_foto.jpg?resize=150%2C150\" alt=\"\" width=\"150\" height=\"150\" srcset=\"https:\/\/i0.wp.com\/ffyh.unc.edu.ar\/historia\/wp-content\/uploads\/sites\/37\/2022\/07\/MorenoLeoni_foto.jpg?resize=150%2C150&amp;ssl=1 150w, https:\/\/i0.wp.com\/ffyh.unc.edu.ar\/historia\/wp-content\/uploads\/sites\/37\/2022\/07\/MorenoLeoni_foto.jpg?resize=300%2C300&amp;ssl=1 300w, https:\/\/i0.wp.com\/ffyh.unc.edu.ar\/historia\/wp-content\/uploads\/sites\/37\/2022\/07\/MorenoLeoni_foto.jpg?resize=299%2C300&amp;ssl=1 299w, https:\/\/i0.wp.com\/ffyh.unc.edu.ar\/historia\/wp-content\/uploads\/sites\/37\/2022\/07\/MorenoLeoni_foto.jpg?w=345&amp;ssl=1 345w\" sizes=\"(max-width: 150px) 100vw, 150px\" \/>Profesor Asistente por concurso en Historia Antigua. Es Doctor en Historia por la Universidad Nacional de C\u00f3rdoba. Tambi\u00e9n es Profesor Adjunto por concurso de \u201cSociedades Antiguas\u201d en la Universidad Nacional de R\u00edo Cuarto y se desempe\u00f1a como Investigador Adjunto del CONICET.\u00a0 Ha sido becario Jacobi en la Comisi\u00f3n de Historia Antigua y Epigraf\u00eda del Instituto Arqueol\u00f3gico Alem\u00e1n (M\u00fanich) (2012) y ha realizado estancias de investigaci\u00f3n en las Universidades de Erfurt (2009) y de Besanz\u00f3n (2014). Tambi\u00e9n ha sido becario posdoctoral de la UNAM en el Instituto de Investigaciones Filol\u00f3gicas (M\u00e9xico, 2013-2014). Su campo de investigaci\u00f3n gira en torno a la historia del mundo helen\u00edstico y sus historiograf\u00edas. Particularmente, ha estudiado las <i>Historias<\/i> de Polibio, el federalismo aqueo helen\u00edstico y la historiograf\u00eda contempor\u00e1nea sobre el Mediterr\u00e1neo oriental entre los siglos IV-I a.C.<\/p>\n<p style=\"text-align: justify\">Ha impartido cursos de grado y posgrado en universidades de Argentina, M\u00e9xico y Chile y ha publicado m\u00e1s de treinta art\u00edculos sobre historia e historiograf\u00eda antiguas en el Reino Unido, Italia, Espa\u00f1a, Portugal, M\u00e9xico, Chile, Brasil y Argentina. Es autor del libro <i>Entre Roma y el Mundo Griego. Memoria, autorrepresentaci\u00f3n y did\u00e1ctica del poder en las <\/i>Historias <i>de Polibio <\/i>(2017). Ha sido coeditor asimismo de diversos vol\u00famenes colectivos de historiograf\u00eda sobre la Antig\u00fcedad cl\u00e1sica. Entre estos \u00faltimos, se destacan <i>Historiograf\u00eda moderna y mundo antiguo (1850-1970)<\/i> (2018) y <i>La Antig\u00fcedad tiranizada. Libertad, imperio y civilizaci\u00f3n en la historiograf\u00eda occidental sobre el mundo cl\u00e1sico<\/i> (2022).<\/p>\n<p style=\"text-align: justify\">Actualmente dirige el proyecto de investigaci\u00f3n \u201cLibertad, imperio y civilizaci\u00f3n en la historiograf\u00eda cl\u00e1sica sobre el mundo antiguo, siglos XIX y XX\u201d (SECYT-UNC, PID \u201cConsolidar\u201d, 2018-2022), que nuclea a investigadores argentinos, mexicanos y espa\u00f1oles. Participa activamente como investigador en proyectos financiados por instituciones argentinas, espa\u00f1olas y mexicanas. Ha dirigido y dirige tesis de posgrado y trabajos finales en historia en torno a las tem\u00e1ticas de historia griega cl\u00e1sica y helen\u00edstica e historiograf\u00eda y recepci\u00f3n del mundo antiguo.<\/p>\n<\/td>\n<\/tr>\n<tr>\n<td style=\"width: 0.491159%\" colspan=\"2\">Contacto: <a href=\"mailto:alvaro.moreno@unc.edu.ar\">alvaro.moreno@unc.edu.ar<\/a><\/p>\n<p>ACADEMIA.EDU: <a href=\"https:\/\/unrc.academia.edu\/%C3%81lvaroMorenoLeoni\">https:\/\/unrc.academia.edu\/%C3%81lvaroMorenoLeoni<\/a><br \/>\nORCID: <a href=\"https:\/\/orcid.org\/0000-0002-4427-9934\">https:\/\/orcid.org\/0000-0002-4427-9934<\/a><\/td>\n<\/tr>\n<\/tbody>\n<\/table>\n","protected":false},"excerpt":{"rendered":"<p>Profesor Asistente por concurso en Historia Antigua. Es Doctor en Historia por la Universidad Nacional de C\u00f3rdoba. Tambi\u00e9n es Profesor Adjunto por concurso de \u201cSociedades Antiguas\u201d en la Universidad Nacional de R\u00edo Cuarto y se desempe\u00f1a como Investigador Adjunto del CONICET.\u00a0 Ha sido becario Jacobi en la Comisi\u00f3n de Historia Antigua y Epigraf\u00eda del Instituto&#8230; <\/p>\n<div class=\"link-more\"><a href=\"https:\/\/ffyh.unc.edu.ar\/historia\/nuestrxs-docentes\/morenoleoni\/\">Lea m\u00e1s<\/a><\/div>\n","protected":false},"author":34,"featured_media":0,"parent":4089,"menu_order":0,"comment_status":"closed","ping_status":"closed","template":"","meta":{"_acf_changed":false,"saved_in_kubio":false,"_monsterinsights_skip_tracking":false,"_monsterinsights_sitenote_active":false,"_monsterinsights_sitenote_note":"","_monsterinsights_sitenote_category":0,"footnotes":""},"class_list":["post-4170","page","type-page","status-publish","hentry"],"acf":[],"kubio_ai_page_context":{"short_desc":"","purpose":"general"},"jetpack_sharing_enabled":true,"_links":{"self":[{"href":"https:\/\/ffyh.unc.edu.ar\/historia\/wp-json\/wp\/v2\/pages\/4170","targetHints":{"allow":["GET"]}}],"collection":[{"href":"https:\/\/ffyh.unc.edu.ar\/historia\/wp-json\/wp\/v2\/pages"}],"about":[{"href":"https:\/\/ffyh.unc.edu.ar\/historia\/wp-json\/wp\/v2\/types\/page"}],"author":[{"embeddable":true,"href":"https:\/\/ffyh.unc.edu.ar\/historia\/wp-json\/wp\/v2\/users\/34"}],"replies":[{"embeddable":true,"href":"https:\/\/ffyh.unc.edu.ar\/historia\/wp-json\/wp\/v2\/comments?post=4170"}],"version-history":[{"count":9,"href":"https:\/\/ffyh.unc.edu.ar\/historia\/wp-json\/wp\/v2\/pages\/4170\/revisions"}],"predecessor-version":[{"id":4539,"href":"https:\/\/ffyh.unc.edu.ar\/historia\/wp-json\/wp\/v2\/pages\/4170\/revisions\/4539"}],"up":[{"embeddable":true,"href":"https:\/\/ffyh.unc.edu.ar\/historia\/wp-json\/wp\/v2\/pages\/4089"}],"wp:attachment":[{"href":"https:\/\/ffyh.unc.edu.ar\/historia\/wp-json\/wp\/v2\/media?parent=4170"}],"curies":[{"name":"wp","href":"https:\/\/api.w.org\/{rel}","templated":true}]}}