{"id":4176,"date":"2022-07-28T18:18:00","date_gmt":"2022-07-28T18:18:00","guid":{"rendered":"https:\/\/ffyh.unc.edu.ar\/historia\/?page_id=4176"},"modified":"2022-08-03T21:36:40","modified_gmt":"2022-08-03T21:36:40","slug":"yomaha","status":"publish","type":"page","link":"https:\/\/ffyh.unc.edu.ar\/historia\/nuestrxs-docentes\/yomaha\/","title":{"rendered":"Silvana Lorena Yomaha"},"content":{"rendered":"<table style=\"border-collapse: collapse;width: 100%\">\n<tbody>\n<tr>\n<td colspan=\"2\">\n<p style=\"text-align: justify\"><img data-recalc-dims=\"1\" decoding=\"async\" data-attachment-id=\"4742\" data-permalink=\"https:\/\/ffyh.unc.edu.ar\/historia\/nuestrxs-docentes\/yomaha\/yomaha_foto\/\" data-orig-file=\"https:\/\/i0.wp.com\/ffyh.unc.edu.ar\/historia\/wp-content\/uploads\/sites\/37\/2022\/07\/Yomaha_foto.jpg?fit=780%2C780&amp;ssl=1\" data-orig-size=\"780,780\" data-comments-opened=\"0\" data-image-meta=\"{&quot;aperture&quot;:&quot;0&quot;,&quot;credit&quot;:&quot;&quot;,&quot;camera&quot;:&quot;&quot;,&quot;caption&quot;:&quot;&quot;,&quot;created_timestamp&quot;:&quot;1658961069&quot;,&quot;copyright&quot;:&quot;&quot;,&quot;focal_length&quot;:&quot;0&quot;,&quot;iso&quot;:&quot;0&quot;,&quot;shutter_speed&quot;:&quot;0&quot;,&quot;title&quot;:&quot;&quot;,&quot;orientation&quot;:&quot;1&quot;}\" data-image-title=\"Yomaha_foto\" data-image-description=\"\" data-image-caption=\"\" data-medium-file=\"https:\/\/i0.wp.com\/ffyh.unc.edu.ar\/historia\/wp-content\/uploads\/sites\/37\/2022\/07\/Yomaha_foto.jpg?fit=300%2C300&amp;ssl=1\" data-large-file=\"https:\/\/i0.wp.com\/ffyh.unc.edu.ar\/historia\/wp-content\/uploads\/sites\/37\/2022\/07\/Yomaha_foto.jpg?fit=780%2C780&amp;ssl=1\" class=\"alignleft size-thumbnail wp-image-4742\" src=\"https:\/\/i0.wp.com\/ffyh.unc.edu.ar\/historia\/wp-content\/uploads\/sites\/37\/2022\/07\/Yomaha_foto.jpg?resize=150%2C150\" alt=\"\" width=\"150\" height=\"150\" srcset=\"https:\/\/i0.wp.com\/ffyh.unc.edu.ar\/historia\/wp-content\/uploads\/sites\/37\/2022\/07\/Yomaha_foto.jpg?resize=150%2C150&amp;ssl=1 150w, https:\/\/i0.wp.com\/ffyh.unc.edu.ar\/historia\/wp-content\/uploads\/sites\/37\/2022\/07\/Yomaha_foto.jpg?resize=300%2C300&amp;ssl=1 300w, https:\/\/i0.wp.com\/ffyh.unc.edu.ar\/historia\/wp-content\/uploads\/sites\/37\/2022\/07\/Yomaha_foto.jpg?resize=768%2C768&amp;ssl=1 768w, https:\/\/i0.wp.com\/ffyh.unc.edu.ar\/historia\/wp-content\/uploads\/sites\/37\/2022\/07\/Yomaha_foto.jpg?w=780&amp;ssl=1 780w\" sizes=\"(max-width: 150px) 100vw, 150px\" \/>Profesora Asistente por concurso en Historia Antigua. Es Profesora, Licenciada y Doctora en Historia, Facultad de Filosof\u00eda y Humanidades Universidad Nacional de C\u00f3rdoba. Becaria postdoctoral IDACOR CONICET. Desde 2019 se desempe\u00f1a como Co Directora de la Misi\u00f3n: \u201cAmenmose Project. Theban Tomb 318 in Sheikh Abd el-Qurna, Luxor, Egypt\u201d. SCA Foreign Mission, Ministry of Antiquities. Supreme Council of Antiquities, Arab Republic of Egypt.<\/p>\n<p style=\"text-align: justify\">Es autora de numerosas publicaciones, entre las que se encuentran \u201cUna propuesta metodol\u00f3gica para el an\u00e1lisis de la epigraf\u00eda egipcia\u201d; \u201cAn\u00e1lisis de epigraf\u00eda egipcia: los talatat de Karnak\u201d; \u201cSimbolismo y materialidad en la religi\u00f3n egipcia\u201d; \u201cThe aesthetic of the feminine body in a tomb of the New Kingdom: TT49\u201d, co-autor\u00eda M.S. Catania; \u201cLa est\u00e9tica de lo femenino en las tumbas privadas del imperio egipcio\u201d en co- autor\u00eda con M. Silvana Catania; \u201cLa tumba como espacio ritual\u201d; \u201cLos rituales de ofrenda y la solarizaci\u00f3n del culto funerario en la tumba de Neferhotep (TT49)\u201d en co-autor\u00eda con Dra. M. Silvana Catania; \u201cLa iconolog\u00eda en el arte egipcio. Una aproximaci\u00f3n al estudio de los \u00edconos relacionados con la recompensa\u201d en co- autor\u00eda con M. Silvana Catania; \u201cEl sentido de la muerte: una interpretaci\u00f3n de las f\u00f3rmulas para la regeneraci\u00f3n en tumbas privadas del Imperio.\u201d<\/p>\n<p style=\"text-align: justify\">Actualmente es parte de dos proyectos de investigaci\u00f3n en curso: \u201cTradiciones antiguas y mundo moderno. Percepci\u00f3n y apropiaci\u00f3n de mitos, ritos y leyendas\u201d (SECyT \u2013 UNC) y \u201cConservaci\u00f3n y estudio de la tumba tebana de Amenmose, TT318 en Sheikh Abd el-Qurna, Luxor, Egipto\u201d (Instituto de Investigaciones en Humanidades y Ciencias Sociales UNLP-CONICET).<\/p>\n<\/td>\n<\/tr>\n<tr>\n<td style=\"width: 0.491159%\" colspan=\"2\">Contacto: <a href=\"mailto:silvana.yomaha@unc.edu.ar\">silvana.yomaha@unc.edu.ar<\/a><\/p>\n<p>ACADEMIA.EDU: <a href=\"https:\/\/cordoba.academia.edu\/SilvanaYomaha\">https:\/\/cordoba.academia.edu\/SilvanaYomaha<\/a><\/td>\n<\/tr>\n<\/tbody>\n<\/table>\n","protected":false},"excerpt":{"rendered":"<p>Profesora Asistente por concurso en Historia Antigua. Es Profesora, Licenciada y Doctora en Historia, Facultad de Filosof\u00eda y Humanidades Universidad Nacional de C\u00f3rdoba. Becaria postdoctoral IDACOR CONICET. Desde 2019 se desempe\u00f1a como Co Directora de la Misi\u00f3n: \u201cAmenmose Project. Theban Tomb 318 in Sheikh Abd el-Qurna, Luxor, Egypt\u201d. SCA Foreign Mission, Ministry of Antiquities. Supreme&#8230; <\/p>\n<div class=\"link-more\"><a href=\"https:\/\/ffyh.unc.edu.ar\/historia\/nuestrxs-docentes\/yomaha\/\">Lea m\u00e1s<\/a><\/div>\n","protected":false},"author":34,"featured_media":0,"parent":4089,"menu_order":0,"comment_status":"closed","ping_status":"closed","template":"","meta":{"_acf_changed":false,"_monsterinsights_skip_tracking":false,"_monsterinsights_sitenote_active":false,"_monsterinsights_sitenote_note":"","_monsterinsights_sitenote_category":0,"footnotes":""},"class_list":["post-4176","page","type-page","status-publish","hentry"],"acf":[],"jetpack_sharing_enabled":true,"_links":{"self":[{"href":"https:\/\/ffyh.unc.edu.ar\/historia\/wp-json\/wp\/v2\/pages\/4176","targetHints":{"allow":["GET"]}}],"collection":[{"href":"https:\/\/ffyh.unc.edu.ar\/historia\/wp-json\/wp\/v2\/pages"}],"about":[{"href":"https:\/\/ffyh.unc.edu.ar\/historia\/wp-json\/wp\/v2\/types\/page"}],"author":[{"embeddable":true,"href":"https:\/\/ffyh.unc.edu.ar\/historia\/wp-json\/wp\/v2\/users\/34"}],"replies":[{"embeddable":true,"href":"https:\/\/ffyh.unc.edu.ar\/historia\/wp-json\/wp\/v2\/comments?post=4176"}],"version-history":[{"count":5,"href":"https:\/\/ffyh.unc.edu.ar\/historia\/wp-json\/wp\/v2\/pages\/4176\/revisions"}],"predecessor-version":[{"id":4827,"href":"https:\/\/ffyh.unc.edu.ar\/historia\/wp-json\/wp\/v2\/pages\/4176\/revisions\/4827"}],"up":[{"embeddable":true,"href":"https:\/\/ffyh.unc.edu.ar\/historia\/wp-json\/wp\/v2\/pages\/4089"}],"wp:attachment":[{"href":"https:\/\/ffyh.unc.edu.ar\/historia\/wp-json\/wp\/v2\/media?parent=4176"}],"curies":[{"name":"wp","href":"https:\/\/api.w.org\/{rel}","templated":true}]}}