{"id":4178,"date":"2022-07-28T18:18:25","date_gmt":"2022-07-28T18:18:25","guid":{"rendered":"https:\/\/ffyh.unc.edu.ar\/historia\/?page_id=4178"},"modified":"2022-08-03T20:08:22","modified_gmt":"2022-08-03T20:08:22","slug":"becerra","status":"publish","type":"page","link":"https:\/\/ffyh.unc.edu.ar\/historia\/nuestrxs-docentes\/becerra\/","title":{"rendered":"Mar\u00eda Jos\u00e9 Becerra"},"content":{"rendered":"<table style=\"border-collapse: collapse;width: 100%\">\n<tbody>\n<tr>\n<td style=\"width: 100%\" colspan=\"2\">\n<p style=\"text-align: justify\"><img data-recalc-dims=\"1\" decoding=\"async\" data-attachment-id=\"4785\" data-permalink=\"https:\/\/ffyh.unc.edu.ar\/historia\/nuestrxs-docentes\/becerra\/becerra_foto\/\" data-orig-file=\"https:\/\/i0.wp.com\/ffyh.unc.edu.ar\/historia\/wp-content\/uploads\/sites\/37\/2022\/08\/Becerra_foto-e1659455914412.jpg?fit=610%2C610&amp;ssl=1\" data-orig-size=\"610,610\" data-comments-opened=\"0\" data-image-meta=\"{&quot;aperture&quot;:&quot;0&quot;,&quot;credit&quot;:&quot;&quot;,&quot;camera&quot;:&quot;&quot;,&quot;caption&quot;:&quot;&quot;,&quot;created_timestamp&quot;:&quot;0&quot;,&quot;copyright&quot;:&quot;&quot;,&quot;focal_length&quot;:&quot;0&quot;,&quot;iso&quot;:&quot;0&quot;,&quot;shutter_speed&quot;:&quot;0&quot;,&quot;title&quot;:&quot;&quot;,&quot;orientation&quot;:&quot;0&quot;}\" data-image-title=\"Becerra_foto\" data-image-description=\"\" data-image-caption=\"\" data-medium-file=\"https:\/\/i0.wp.com\/ffyh.unc.edu.ar\/historia\/wp-content\/uploads\/sites\/37\/2022\/08\/Becerra_foto-e1659455914412.jpg?fit=300%2C300&amp;ssl=1\" data-large-file=\"https:\/\/i0.wp.com\/ffyh.unc.edu.ar\/historia\/wp-content\/uploads\/sites\/37\/2022\/08\/Becerra_foto-e1659455914412.jpg?fit=610%2C610&amp;ssl=1\" class=\"alignleft size-thumbnail wp-image-4785\" src=\"https:\/\/i0.wp.com\/ffyh.unc.edu.ar\/historia\/wp-content\/uploads\/sites\/37\/2022\/08\/Becerra_foto-e1659455914412-150x150.jpg?resize=150%2C150\" alt=\"\" width=\"150\" height=\"150\" srcset=\"https:\/\/i0.wp.com\/ffyh.unc.edu.ar\/historia\/wp-content\/uploads\/sites\/37\/2022\/08\/Becerra_foto-e1659455914412.jpg?resize=150%2C150&amp;ssl=1 150w, https:\/\/i0.wp.com\/ffyh.unc.edu.ar\/historia\/wp-content\/uploads\/sites\/37\/2022\/08\/Becerra_foto-e1659455914412.jpg?resize=300%2C300&amp;ssl=1 300w, https:\/\/i0.wp.com\/ffyh.unc.edu.ar\/historia\/wp-content\/uploads\/sites\/37\/2022\/08\/Becerra_foto-e1659455914412.jpg?w=610&amp;ssl=1 610w\" sizes=\"(max-width: 150px) 100vw, 150px\" \/>Profesora Adjunta interina en Taller de Aplicaci\u00f3n, con concurso como Profesora Asistente en la misma c\u00e1tedra. Licenciada en Historia y Magister en Relaciones Internacionales por la UNC; Doctora en Relaciones Internacionales por la UNR. Las \u00e1reas de investigaci\u00f3n son Historia Contempor\u00e1nea de \u00c1frica; procesos de colonizaci\u00f3n e independencia en \u00c1frica; procesos de visibilizaci\u00f3n e identidad cultural de la di\u00e1spora africana en Am\u00e9rica Latina; patrimonio afrodescendiente en Am\u00e9rica Latina. Investigadora y Docente en la Universidad Nacional de C\u00f3rdoba y la Universidad Nacional de Tres de Febrero.<\/p>\n<p style=\"text-align: justify\">Es Coordinadora de la Especializaci\u00f3n de posgrado Estudios Afroamericanos y docente en el Doctorado y la Maestr\u00eda en Diversidad Cultural de la UNTREF. Se desempe\u00f1a, como profesora del curso regular de posgrado \u00abCultura y Pensamiento de los Pueblos Negros\u00bb de la Universidad Complutense de Madrid (Espa\u00f1a). Es Co-Directora del Programa de Estudios Africanos del CEA (FCS-UNC) y Coordinadora del Programa de Investigaci\u00f3n sobre Africa y su Di\u00e1spora en Am\u00e9rica Latina | AFRYDAL | CIECS (CONICET-UNC). Investigadora de la C\u00e1tedra UNESCO \u201cEst\u00e9tica y Sociolog\u00eda de la Alteridad y Diversidad Cultural Argentina\u201d | UNTREF. Forma parte de la Comisi\u00f3n del Doctorado en Diversidad Cultural (UNTREF), es miembro fundador del Grupo C\u00f3rdoba La Ruta del Esclavo | UNESCO y es consultora del Programa de Naciones Unidas para el Desarrollo (PNUD) en tem\u00e1ticas vinculadas a los derechos de los afrodescendientes. Se ha desempe\u00f1ado como docente invitada en universidades de Brasil, Colombia, Cuba, Espa\u00f1a, Marruecos, M\u00e9xico, Mozambique, Nicaragua, T\u00fanez, Venezuela y realizado trabajo de campo en Am\u00e9rica Latina y \u00c1frica. En el \u00e1mbito nacional imparti\u00f3 clases en la UCC, UNDAV, UNSa, UNR, UBA, entre otras. Ha publicado libros, art\u00edculos acad\u00e9micos, en editoriales de prestigio internacional como L&#8217;Harmattan, Routledge, PNUD, CLACSO, entre otras. Se desempe\u00f1\u00f3 como compilador de los libros <em>En procura de un nuevo relato identitario argentino. Memoria y legitimaci\u00f3n de nuestras ra\u00edces afrodescendientes. Recursos Did\u00e1cticos para la Ense\u00f1anza en las Aulas<\/em> (2014), <em>Las poblaciones afrodescendientes de Am\u00e9rica Latina y el Caribe. Pasado, presente y perspectivas desde el siglo XXI<\/em> (2012); editora de los libros <em>Am\u00e9rica Negra<\/em> (2021), <em>Miradas de \u00c1frica y de su di\u00e1spora en Am\u00e9rica Latina. Historias que nos interpelan <\/em>(2021), <em>\u00c1frica Diversa. Cuestionando los Estereotipos<\/em> (2020), <em>Los estudios afroamericanos y africanos en Am\u00e9rica Latina. Herencia, presencia y visiones del otro<\/em> (2008); entre otros.<\/p>\n<p style=\"text-align: justify\">Como analista especializada ha participado en producciones audiovisuales en el Canal Encuentro de la Tv P\u00fablica, en los Servicios de Radio y Televisi\u00f3n de la UNC; escritas y radiales: Revista \u00d1, Le Monde Diplomatique, Radio Tunis Cha\u00eene Internationale; entre otras.<\/p>\n<\/td>\n<\/tr>\n<tr>\n<td style=\"width: 100%\" colspan=\"2\">Contacto: <a href=\"mailto:mbecerra@ffyh.unc.edu.ar\" target=\"_blank\" rel=\"noopener\">mbecerra@ffyh.unc.edu.ar<\/a><\/td>\n<\/tr>\n<\/tbody>\n<\/table>\n","protected":false},"excerpt":{"rendered":"<p>Profesora Adjunta interina en Taller de Aplicaci\u00f3n, con concurso como Profesora Asistente en la misma c\u00e1tedra. Licenciada en Historia y Magister en Relaciones Internacionales por la UNC; Doctora en Relaciones Internacionales por la UNR. Las \u00e1reas de investigaci\u00f3n son Historia Contempor\u00e1nea de \u00c1frica; procesos de colonizaci\u00f3n e independencia en \u00c1frica; procesos de visibilizaci\u00f3n e identidad&#8230; <\/p>\n<div class=\"link-more\"><a href=\"https:\/\/ffyh.unc.edu.ar\/historia\/nuestrxs-docentes\/becerra\/\">Lea m\u00e1s<\/a><\/div>\n","protected":false},"author":34,"featured_media":0,"parent":4089,"menu_order":0,"comment_status":"closed","ping_status":"closed","template":"","meta":{"_acf_changed":false,"_monsterinsights_skip_tracking":false,"_monsterinsights_sitenote_active":false,"_monsterinsights_sitenote_note":"","_monsterinsights_sitenote_category":0,"footnotes":""},"class_list":["post-4178","page","type-page","status-publish","hentry"],"acf":[],"jetpack_sharing_enabled":true,"_links":{"self":[{"href":"https:\/\/ffyh.unc.edu.ar\/historia\/wp-json\/wp\/v2\/pages\/4178","targetHints":{"allow":["GET"]}}],"collection":[{"href":"https:\/\/ffyh.unc.edu.ar\/historia\/wp-json\/wp\/v2\/pages"}],"about":[{"href":"https:\/\/ffyh.unc.edu.ar\/historia\/wp-json\/wp\/v2\/types\/page"}],"author":[{"embeddable":true,"href":"https:\/\/ffyh.unc.edu.ar\/historia\/wp-json\/wp\/v2\/users\/34"}],"replies":[{"embeddable":true,"href":"https:\/\/ffyh.unc.edu.ar\/historia\/wp-json\/wp\/v2\/comments?post=4178"}],"version-history":[{"count":6,"href":"https:\/\/ffyh.unc.edu.ar\/historia\/wp-json\/wp\/v2\/pages\/4178\/revisions"}],"predecessor-version":[{"id":4811,"href":"https:\/\/ffyh.unc.edu.ar\/historia\/wp-json\/wp\/v2\/pages\/4178\/revisions\/4811"}],"up":[{"embeddable":true,"href":"https:\/\/ffyh.unc.edu.ar\/historia\/wp-json\/wp\/v2\/pages\/4089"}],"wp:attachment":[{"href":"https:\/\/ffyh.unc.edu.ar\/historia\/wp-json\/wp\/v2\/media?parent=4178"}],"curies":[{"name":"wp","href":"https:\/\/api.w.org\/{rel}","templated":true}]}}