{"id":4180,"date":"2022-07-28T18:18:46","date_gmt":"2022-07-28T18:18:46","guid":{"rendered":"https:\/\/ffyh.unc.edu.ar\/historia\/?page_id=4180"},"modified":"2024-08-15T15:00:10","modified_gmt":"2024-08-15T15:00:10","slug":"buffa","status":"publish","type":"page","link":"https:\/\/ffyh.unc.edu.ar\/historia\/nuestrxs-docentes\/buffa\/","title":{"rendered":"Diego Buffa"},"content":{"rendered":"<table style=\"border-collapse: collapse;width: 100%\">\n<tbody>\n<tr>\n<td style=\"width: 100%\" colspan=\"2\">\n<p style=\"text-align: justify\"><img data-recalc-dims=\"1\" loading=\"lazy\" decoding=\"async\" data-attachment-id=\"4778\" data-permalink=\"https:\/\/ffyh.unc.edu.ar\/historia\/nuestrxs-docentes\/buffa\/buffa_foto\/\" data-orig-file=\"https:\/\/i0.wp.com\/ffyh.unc.edu.ar\/historia\/wp-content\/uploads\/sites\/37\/2022\/08\/Buffa_foto-e1659455133547.jpg?fit=343%2C343&amp;ssl=1\" data-orig-size=\"343,343\" data-comments-opened=\"0\" data-image-meta=\"{&quot;aperture&quot;:&quot;0&quot;,&quot;credit&quot;:&quot;&quot;,&quot;camera&quot;:&quot;&quot;,&quot;caption&quot;:&quot;&quot;,&quot;created_timestamp&quot;:&quot;0&quot;,&quot;copyright&quot;:&quot;&quot;,&quot;focal_length&quot;:&quot;0&quot;,&quot;iso&quot;:&quot;0&quot;,&quot;shutter_speed&quot;:&quot;0&quot;,&quot;title&quot;:&quot;&quot;,&quot;orientation&quot;:&quot;0&quot;}\" data-image-title=\"Buffa_foto\" data-image-description=\"\" data-image-caption=\"\" data-medium-file=\"https:\/\/i0.wp.com\/ffyh.unc.edu.ar\/historia\/wp-content\/uploads\/sites\/37\/2022\/08\/Buffa_foto-e1659455133547.jpg?fit=300%2C300&amp;ssl=1\" data-large-file=\"https:\/\/i0.wp.com\/ffyh.unc.edu.ar\/historia\/wp-content\/uploads\/sites\/37\/2022\/08\/Buffa_foto-e1659455133547.jpg?fit=343%2C343&amp;ssl=1\" class=\"alignleft size-thumbnail wp-image-4778\" src=\"https:\/\/i0.wp.com\/ffyh.unc.edu.ar\/historia\/wp-content\/uploads\/sites\/37\/2022\/08\/Buffa_foto-e1659455133547-150x150.jpg?resize=150%2C150\" alt=\"\" width=\"150\" height=\"150\" srcset=\"https:\/\/i0.wp.com\/ffyh.unc.edu.ar\/historia\/wp-content\/uploads\/sites\/37\/2022\/08\/Buffa_foto-e1659455133547.jpg?resize=150%2C150&amp;ssl=1 150w, https:\/\/i0.wp.com\/ffyh.unc.edu.ar\/historia\/wp-content\/uploads\/sites\/37\/2022\/08\/Buffa_foto-e1659455133547.jpg?resize=300%2C300&amp;ssl=1 300w, https:\/\/i0.wp.com\/ffyh.unc.edu.ar\/historia\/wp-content\/uploads\/sites\/37\/2022\/08\/Buffa_foto-e1659455133547.jpg?w=343&amp;ssl=1 343w\" sizes=\"(max-width: 150px) 100vw, 150px\" \/>Profesor Adjunto concursado en Taller de Aplicaci\u00f3n y profesor Asistente por concurso en la c\u00e1tedra de Historia Contempor\u00e1nea de Asia y \u00c1frica. Licenciado en Historia y Magister en Relaciones Internacionales por la UNC; Doctor en Relaciones Internacionales por la UNR. Su \u00e1reas de trabajo son: Estado colonial e independiente en el \u00c1frica Subsahariana.\u00a0 An\u00e1lisis de conflictos, procesos de pacificaci\u00f3n y posconflictos en \u00c1frica Subsahariana. Estrategias de acercamiento entre los Estados latinoamericanos y africanos. La presencia de la di\u00e1spora africana en Am\u00e9rica Latina.<\/p>\n<p style=\"text-align: justify\">Es Investigador y Docente de la Universidad Nacional de C\u00f3rdoba y la Universidad Nacional de Tres de Febrero. Asimismo, se desempe\u00f1a, como profesor regular del Master \u00abCultura y Pensamiento de los Pueblos Negros\u00bb, en la Universidad Complutense de Madrid (UCM). Es Director del Programa de Estudios Africanos | CEA | FCS | UNC y del Programa de Investigaci\u00f3n sobre\u00a0 Africa y su Di\u00e1spora en Am\u00e9rica Latina | AFRYDAL | CIECS (CONICET-UNC) e investigador del Instituto de Arte y Ciencia de la Diversidad Cultural | IDEIA | UNTREF. Miembro del Consejo Acad\u00e9mico de la C\u00e1tedra UNESCO \u201cEst\u00e9tica y Sociolog\u00eda de la Alteridad y Diversidad Cultural Argentina\u201d, del Doctorado y la Maestr\u00eda Diversidad Cultural de la UNTREF. Asimismo se ha desempe\u00f1ado como miembro del Consejo Asesor del Doctorado en Historia | FFyH | UNC, y actualmente contin\u00faa como miembro del Consejo Acad\u00e9mico. Ha actuado como docente invitado en universidades de Brasil, Colombia, Cuba, Ecuador, Egipto, Espa\u00f1a, Marruecos, Mozambique, Nicaragua, T\u00fanez, Venezuela. Como investigador especialista en \u00c1frica y Afroam\u00e9rica ha ejercido como consultor del Programa de Naciones Unidas para el Desarrollo (PNUD) y realizado trabajo de campo Am\u00e9rica Latina y en \u00c1frica. En el \u00e1mbito nacional se ha desempe\u00f1ado como profesor invitado en la UNLP, UBA, UNR, UCC, UNVM, USAL, UNDV, UNSa, Instituto del Servicio Exterior de la Naci\u00f3n (ISEN), entre otras. Ha realizado estancias de investigaci\u00f3n en UAM | Espa\u00f1a (2018, 2012 y 2010); UFSJ | Brasil (2019); UCM | Espa\u00f1a (2021). Ha Publicado libros, art\u00edculos acad\u00e9micos, en editoriales de prestigio internacional como L&#8217;Harmattan, Routledge, PNUD, CLACSO, entre otras. Se desempe\u00f1\u00f3 como Compilador de los Libros <em>En procura de un nuevo relato identitario argentino. Memoria y legitimaci\u00f3n de nuestras ra\u00edces afrodescendientes. Recursos Did\u00e1cticos para la Ense\u00f1anza en las Aulas<\/em> (2014), <em>Las poblaciones afrodescendientes de Am\u00e9rica Latina y el Caribe. Pasado, presente y perspectivas desde el siglo XXI<\/em> (2012); Editor de los Libros <em>Am\u00e9rica Negra<\/em> (2021), <em>Miradas de Africa y de su di\u00e1spora en Am\u00e9rica Latina. Historias que nos interpelan <\/em>(2021), <em>Africa Diversa. Cuestionando los Estereotipos<\/em> (2020), <em>Los estudios afroamericanos y africanos en Am\u00e9rica Latina. Herencia, presencia y visiones del otro<\/em> (2008); Autor de Libro <em>El \u00c1frica Subsahariana en la pol\u00edtica Exterior Argentina. Las presidencias de Alfons\u00edn y Menem<\/em> (2006); entre otros.<\/p>\n<p style=\"text-align: justify\">Ha Participado como analista especializado en Estudios Africanos, en las emisoras de la Universidad Nacional de Colombia UN-Radio 98.5, Bogot\u00e1; 100.4 Medell\u00edn; 87.9 FM Radio Aranduk\u00e1, de la UNA (Paraguay); AM580,\u00a0 Radio Universidad | UNC; AM 1390, de la UNLP; Radio RTCI (T\u00fanez); en producciones audiovisuales | SRT | UNC; en producciones gr\u00e1ficas como la Revista \u00d1, La Izquierda Diario, Diario Clar\u00edn, La Voz del Interior, Le Monde diplomatique (Par\u00eds, France), Diario Granma (La Habana, Cuba), Jornal Brasil de Fato (S\u00e3o Paulo, Brasil), Peri\u00f3dico Panorama (Maracaibo, Venezuela), Afrik.com | Portail de l&#8217;Afrique et de sa diaspora sur (Paris, France), Noticias internacionales RT en Espa\u00f1ol (Mosc\u00fa-Rusia), entre otras.<\/p>\n<\/td>\n<\/tr>\n<tr>\n<td style=\"width: 100%\" colspan=\"2\">Contacto: <i>diego.buffa@unc.edu.ar <\/i><\/td>\n<\/tr>\n<\/tbody>\n<\/table>\n","protected":false},"excerpt":{"rendered":"<p>Profesor Adjunto concursado en Taller de Aplicaci\u00f3n y profesor Asistente por concurso en la c\u00e1tedra de Historia Contempor\u00e1nea de Asia y \u00c1frica. Licenciado en Historia y Magister en Relaciones Internacionales por la UNC; Doctor en Relaciones Internacionales por la UNR. Su \u00e1reas de trabajo son: Estado colonial e independiente en el \u00c1frica Subsahariana.\u00a0 An\u00e1lisis de&#8230; <\/p>\n<div class=\"link-more\"><a href=\"https:\/\/ffyh.unc.edu.ar\/historia\/nuestrxs-docentes\/buffa\/\">Lea m\u00e1s<\/a><\/div>\n","protected":false},"author":34,"featured_media":0,"parent":4089,"menu_order":0,"comment_status":"closed","ping_status":"closed","template":"","meta":{"_acf_changed":false,"saved_in_kubio":false,"_monsterinsights_skip_tracking":false,"_monsterinsights_sitenote_active":false,"_monsterinsights_sitenote_note":"","_monsterinsights_sitenote_category":0,"footnotes":""},"class_list":["post-4180","page","type-page","status-publish","hentry"],"acf":[],"kubio_ai_page_context":{"short_desc":"","purpose":"general"},"jetpack_sharing_enabled":true,"_links":{"self":[{"href":"https:\/\/ffyh.unc.edu.ar\/historia\/wp-json\/wp\/v2\/pages\/4180","targetHints":{"allow":["GET"]}}],"collection":[{"href":"https:\/\/ffyh.unc.edu.ar\/historia\/wp-json\/wp\/v2\/pages"}],"about":[{"href":"https:\/\/ffyh.unc.edu.ar\/historia\/wp-json\/wp\/v2\/types\/page"}],"author":[{"embeddable":true,"href":"https:\/\/ffyh.unc.edu.ar\/historia\/wp-json\/wp\/v2\/users\/34"}],"replies":[{"embeddable":true,"href":"https:\/\/ffyh.unc.edu.ar\/historia\/wp-json\/wp\/v2\/comments?post=4180"}],"version-history":[{"count":11,"href":"https:\/\/ffyh.unc.edu.ar\/historia\/wp-json\/wp\/v2\/pages\/4180\/revisions"}],"predecessor-version":[{"id":6135,"href":"https:\/\/ffyh.unc.edu.ar\/historia\/wp-json\/wp\/v2\/pages\/4180\/revisions\/6135"}],"up":[{"embeddable":true,"href":"https:\/\/ffyh.unc.edu.ar\/historia\/wp-json\/wp\/v2\/pages\/4089"}],"wp:attachment":[{"href":"https:\/\/ffyh.unc.edu.ar\/historia\/wp-json\/wp\/v2\/media?parent=4180"}],"curies":[{"name":"wp","href":"https:\/\/api.w.org\/{rel}","templated":true}]}}