{"id":4184,"date":"2022-07-28T18:20:07","date_gmt":"2022-07-28T18:20:07","guid":{"rendered":"https:\/\/ffyh.unc.edu.ar\/historia\/?page_id=4184"},"modified":"2022-08-03T20:03:40","modified_gmt":"2022-08-03T20:03:40","slug":"reynaberrotaran","status":"publish","type":"page","link":"https:\/\/ffyh.unc.edu.ar\/historia\/nuestrxs-docentes\/reynaberrotaran\/","title":{"rendered":"Denise Reyna Berrotar\u00e1n"},"content":{"rendered":"<table style=\"border-collapse: collapse;width: 100%\">\n<tbody>\n<tr>\n<td colspan=\"2\">\n<p style=\"text-align: justify\"><img data-recalc-dims=\"1\" loading=\"lazy\" decoding=\"async\" data-attachment-id=\"4706\" data-permalink=\"https:\/\/ffyh.unc.edu.ar\/historia\/nuestrxs-docentes\/reynaberrotaran\/reynaberrotaran_foto-2\/\" data-orig-file=\"https:\/\/i0.wp.com\/ffyh.unc.edu.ar\/historia\/wp-content\/uploads\/sites\/37\/2022\/07\/ReynaBerrotaran_foto-1.jpg?fit=301%2C302&amp;ssl=1\" data-orig-size=\"301,302\" data-comments-opened=\"0\" data-image-meta=\"{&quot;aperture&quot;:&quot;0&quot;,&quot;credit&quot;:&quot;&quot;,&quot;camera&quot;:&quot;&quot;,&quot;caption&quot;:&quot;&quot;,&quot;created_timestamp&quot;:&quot;1658961022&quot;,&quot;copyright&quot;:&quot;&quot;,&quot;focal_length&quot;:&quot;0&quot;,&quot;iso&quot;:&quot;0&quot;,&quot;shutter_speed&quot;:&quot;0&quot;,&quot;title&quot;:&quot;&quot;,&quot;orientation&quot;:&quot;1&quot;}\" data-image-title=\"ReynaBerrotaran_foto\" data-image-description=\"\" data-image-caption=\"\" data-medium-file=\"https:\/\/i0.wp.com\/ffyh.unc.edu.ar\/historia\/wp-content\/uploads\/sites\/37\/2022\/07\/ReynaBerrotaran_foto-1.jpg?fit=300%2C300&amp;ssl=1\" data-large-file=\"https:\/\/i0.wp.com\/ffyh.unc.edu.ar\/historia\/wp-content\/uploads\/sites\/37\/2022\/07\/ReynaBerrotaran_foto-1.jpg?fit=301%2C302&amp;ssl=1\" class=\"alignleft size-thumbnail wp-image-4706\" src=\"https:\/\/i0.wp.com\/ffyh.unc.edu.ar\/historia\/wp-content\/uploads\/sites\/37\/2022\/07\/ReynaBerrotaran_foto-1.jpg?resize=150%2C150\" alt=\"\" width=\"150\" height=\"150\" srcset=\"https:\/\/i0.wp.com\/ffyh.unc.edu.ar\/historia\/wp-content\/uploads\/sites\/37\/2022\/07\/ReynaBerrotaran_foto-1.jpg?resize=150%2C150&amp;ssl=1 150w, https:\/\/i0.wp.com\/ffyh.unc.edu.ar\/historia\/wp-content\/uploads\/sites\/37\/2022\/07\/ReynaBerrotaran_foto-1.jpg?resize=300%2C300&amp;ssl=1 300w, https:\/\/i0.wp.com\/ffyh.unc.edu.ar\/historia\/wp-content\/uploads\/sites\/37\/2022\/07\/ReynaBerrotaran_foto-1.jpg?resize=299%2C300&amp;ssl=1 299w, https:\/\/i0.wp.com\/ffyh.unc.edu.ar\/historia\/wp-content\/uploads\/sites\/37\/2022\/07\/ReynaBerrotaran_foto-1.jpg?w=301&amp;ssl=1 301w\" sizes=\"(max-width: 150px) 100vw, 150px\" \/>Profesora Asistente interina en \u201cIntroducci\u00f3n a la Historia\u201d y \u201cCurso de Nivelaci\u00f3n de Historia\u201d de las carreras de Profesorado y Licenciatura en Historia. Actualmente se desempe\u00f1a en el \u00c1rea de Inclusi\u00f3n Estudiantil a los Estudios Superiores dependiente de la Secretar\u00eda Acad\u00e9mica de la FFyH realizando funciones de seguimiento acad\u00e9mico del Programa de Apoyo y Mejoramiento a la Ense\u00f1anza de Grado y del Programa de Nivelaci\u00f3n y Articulaci\u00f3n con el nivel secundario. Es integrante del equipo de investigaci\u00f3n dirigido por la Dra. Marta Philp y Dr. Eduardo Escudero \u201cUsos del pasado en la Argentina contempor\u00e1nea: territorios de la historia, la pol\u00edtica y la memoria. Lecturas desde C\u00f3rdoba, Segunda Etapa\u201d radicado en el CIFFyH y del Programa de Investigaci\u00f3n \u201cHistoria Pol\u00edtica de C\u00f3rdoba\u201d dirigido por C\u00e9sar Tcach en el CEA-FCS.<\/p>\n<p style=\"text-align: justify\">Se especializa en la historia de la historiograf\u00eda de C\u00f3rdoba y Argentina mirada a trav\u00e9s de los v\u00ednculos entre historia, pol\u00edtica y memoria. Su Trabajo Final de Licenciatura vers\u00f3 sobre la trayectoria intelectual de Monse\u00f1or Pablo Cabrera (1857-1936) y los usos del pasado de la Iglesia Cat\u00f3lica en la escritura de la historia de C\u00f3rdoba. Se encuentra realizando su doctorado sobre la institucionalizaci\u00f3n de los estudios hist\u00f3ricos en esta ciudad a partir del an\u00e1lisis de caso del Instituto de Estudios Americanistas (1936-1987).<\/p>\n<p style=\"text-align: justify\">Tiene variadas publicaciones entre las que se destaca el libro en coautor\u00eda con Daniel Guzm\u00e1n \u201c<em>Redes Intelectuales entre provincias argentinas: Selecci\u00f3n de correspondencia de Andr\u00e9s Figueroa (Santiago del Estero) y Monse\u00f1or Pablo Cabrera (C\u00f3rdoba)\u201d<\/em>, co-gestionado por la Facultad de Filosof\u00eda y Humanidades y la Universidad Nacional de Santiago del Estero; art\u00edculos con referato como \u201cLos inicios del Instituto de Estudios Americanistas: primera etapa de publicaciones y modos de legitimaci\u00f3n pol\u00edtica\u201d, \u00abDoctor Honoris Causa a Monse\u00f1or Pablo Cabrera: las l\u00edneas historiogr\u00e1ficas de un homenaje\u00bb; y cap\u00edtulos de libro como \u201cMonse\u00f1or Pablo Cabrera: Obra historiogr\u00e1fica y sus usos del pasado\u201d, \u201cInstitucionalizarnos\u2026 \u00bfpara qu\u00e9? Reflexiones en torno a la creaci\u00f3n del Instituto de Estudios Americanistas (1936) en C\u00f3rdoba.\u201d, entre otros. Tambi\u00e9n ha realizado publicaciones para la divulgaci\u00f3n cient\u00edfica entre las que se destacan especialmente los cap\u00edtulos de \u201cLa historia como ciencia y memoria de las sociedades. Una mirada desde C\u00f3rdoba\u201d y \u201cEntre la modernizaci\u00f3n y la tradici\u00f3n. Sociedad, Econom\u00eda, Pol\u00edtica y Cultura en C\u00f3rdoba. 1870-1930\u201d para el material did\u00e1ctico Itinerarios. Recorridos por la Historia de C\u00f3rdoba elaborado por la Escuela de Historia y el Ministerio de Educaci\u00f3n de la Provincia, 2018.<\/p>\n<\/td>\n<\/tr>\n<tr>\n<td style=\"width: 0.491159%\" colspan=\"2\">Contacto: <a href=\"mailto:denise.reyna.berrotaran@unc.edu.ar\">denise.reyna.berrotaran@unc.edu.ar<\/a><\/td>\n<\/tr>\n<\/tbody>\n<\/table>\n","protected":false},"excerpt":{"rendered":"<p>Profesora Asistente interina en \u201cIntroducci\u00f3n a la Historia\u201d y \u201cCurso de Nivelaci\u00f3n de Historia\u201d de las carreras de Profesorado y Licenciatura en Historia. Actualmente se desempe\u00f1a en el \u00c1rea de Inclusi\u00f3n Estudiantil a los Estudios Superiores dependiente de la Secretar\u00eda Acad\u00e9mica de la FFyH realizando funciones de seguimiento acad\u00e9mico del Programa de Apoyo y Mejoramiento&#8230; <\/p>\n<div class=\"link-more\"><a href=\"https:\/\/ffyh.unc.edu.ar\/historia\/nuestrxs-docentes\/reynaberrotaran\/\">Lea m\u00e1s<\/a><\/div>\n","protected":false},"author":34,"featured_media":0,"parent":4089,"menu_order":0,"comment_status":"closed","ping_status":"closed","template":"","meta":{"_acf_changed":false,"saved_in_kubio":false,"_monsterinsights_skip_tracking":false,"_monsterinsights_sitenote_active":false,"_monsterinsights_sitenote_note":"","_monsterinsights_sitenote_category":0,"footnotes":""},"class_list":["post-4184","page","type-page","status-publish","hentry"],"acf":[],"kubio_ai_page_context":{"short_desc":"","purpose":"general"},"jetpack_sharing_enabled":true,"_links":{"self":[{"href":"https:\/\/ffyh.unc.edu.ar\/historia\/wp-json\/wp\/v2\/pages\/4184","targetHints":{"allow":["GET"]}}],"collection":[{"href":"https:\/\/ffyh.unc.edu.ar\/historia\/wp-json\/wp\/v2\/pages"}],"about":[{"href":"https:\/\/ffyh.unc.edu.ar\/historia\/wp-json\/wp\/v2\/types\/page"}],"author":[{"embeddable":true,"href":"https:\/\/ffyh.unc.edu.ar\/historia\/wp-json\/wp\/v2\/users\/34"}],"replies":[{"embeddable":true,"href":"https:\/\/ffyh.unc.edu.ar\/historia\/wp-json\/wp\/v2\/comments?post=4184"}],"version-history":[{"count":6,"href":"https:\/\/ffyh.unc.edu.ar\/historia\/wp-json\/wp\/v2\/pages\/4184\/revisions"}],"predecessor-version":[{"id":4807,"href":"https:\/\/ffyh.unc.edu.ar\/historia\/wp-json\/wp\/v2\/pages\/4184\/revisions\/4807"}],"up":[{"embeddable":true,"href":"https:\/\/ffyh.unc.edu.ar\/historia\/wp-json\/wp\/v2\/pages\/4089"}],"wp:attachment":[{"href":"https:\/\/ffyh.unc.edu.ar\/historia\/wp-json\/wp\/v2\/media?parent=4184"}],"curies":[{"name":"wp","href":"https:\/\/api.w.org\/{rel}","templated":true}]}}