{"id":4186,"date":"2022-07-28T18:21:07","date_gmt":"2022-07-28T18:21:07","guid":{"rendered":"https:\/\/ffyh.unc.edu.ar\/historia\/?page_id=4186"},"modified":"2022-08-03T20:15:03","modified_gmt":"2022-08-03T20:15:03","slug":"riveromd","status":"publish","type":"page","link":"https:\/\/ffyh.unc.edu.ar\/historia\/nuestrxs-docentes\/riveromd\/","title":{"rendered":"Mar\u00eda Dolores Rivero"},"content":{"rendered":"<table style=\"border-collapse: collapse;width: 100%\">\n<tbody>\n<tr>\n<td colspan=\"2\">\n<p style=\"text-align: justify\"><img data-recalc-dims=\"1\" loading=\"lazy\" decoding=\"async\" data-attachment-id=\"4801\" data-permalink=\"https:\/\/ffyh.unc.edu.ar\/historia\/nuestrxs-docentes\/riveromd\/rivero_foto\/\" data-orig-file=\"https:\/\/i0.wp.com\/ffyh.unc.edu.ar\/historia\/wp-content\/uploads\/sites\/37\/2022\/08\/Rivero_foto.png?fit=381%2C381&amp;ssl=1\" data-orig-size=\"381,381\" data-comments-opened=\"0\" data-image-meta=\"{&quot;aperture&quot;:&quot;0&quot;,&quot;credit&quot;:&quot;&quot;,&quot;camera&quot;:&quot;&quot;,&quot;caption&quot;:&quot;&quot;,&quot;created_timestamp&quot;:&quot;0&quot;,&quot;copyright&quot;:&quot;&quot;,&quot;focal_length&quot;:&quot;0&quot;,&quot;iso&quot;:&quot;0&quot;,&quot;shutter_speed&quot;:&quot;0&quot;,&quot;title&quot;:&quot;&quot;,&quot;orientation&quot;:&quot;0&quot;}\" data-image-title=\"Rivero_foto\" data-image-description=\"\" data-image-caption=\"\" data-medium-file=\"https:\/\/i0.wp.com\/ffyh.unc.edu.ar\/historia\/wp-content\/uploads\/sites\/37\/2022\/08\/Rivero_foto.png?fit=300%2C300&amp;ssl=1\" data-large-file=\"https:\/\/i0.wp.com\/ffyh.unc.edu.ar\/historia\/wp-content\/uploads\/sites\/37\/2022\/08\/Rivero_foto.png?fit=381%2C381&amp;ssl=1\" class=\"alignleft size-thumbnail wp-image-4801\" src=\"https:\/\/i0.wp.com\/ffyh.unc.edu.ar\/historia\/wp-content\/uploads\/sites\/37\/2022\/08\/Rivero_foto.png?resize=150%2C150\" alt=\"\" width=\"150\" height=\"150\" srcset=\"https:\/\/i0.wp.com\/ffyh.unc.edu.ar\/historia\/wp-content\/uploads\/sites\/37\/2022\/08\/Rivero_foto.png?resize=150%2C150&amp;ssl=1 150w, https:\/\/i0.wp.com\/ffyh.unc.edu.ar\/historia\/wp-content\/uploads\/sites\/37\/2022\/08\/Rivero_foto.png?resize=300%2C300&amp;ssl=1 300w, https:\/\/i0.wp.com\/ffyh.unc.edu.ar\/historia\/wp-content\/uploads\/sites\/37\/2022\/08\/Rivero_foto.png?w=381&amp;ssl=1 381w\" sizes=\"(max-width: 150px) 100vw, 150px\" \/>Profesora Asistente interina en \u201cTaller de Aplicaci\u00f3n\u201d. Es Licenciada en Historia por la Universidad Nacional de C\u00f3rdoba y Doctora en Historia por la Universidad Nacional de La Plata. Becaria Posdoctoral del Consejo Nacional de Investigaciones Cient\u00edficas y T\u00e9cnicas. Actualmente desarrolla tareas de investigaci\u00f3n en el Centro de Investigaciones y Estudios sobre Cultura y Sociedad en el programa \u201cSalud, enfermedad y pr\u00e1cticas de curar\u201d.<\/p>\n<p style=\"text-align: justify\">Entre sus \u00faltimas publicaciones se encuentran el libro <em>Argentina en tiempos de pandemia: la gripe espa\u00f1ola de 1918-1919. Leer el pasado para comprender el presente<\/em>, como tambi\u00e9n cap\u00edtulos de libro: \u201cAhora habla \u00e9l: Fernando Asuero entre\u00a0 posicionamientos y estrategias en un mercado terap\u00e9utico (1930)\u201d; \u201cUna historia en\u00a0 im\u00e1genes: de objetos de estudio, andamiajes te\u00f3ricos y metodolog\u00edas\u201d.<\/p>\n<p style=\"text-align: justify\">Sus art\u00edculos m\u00e1s recientes son: \u201cUn mercado terap\u00e9utico en tres actos: representaciones en torno a oferentes de salud y sus estrategias en el teatro argentino (Buenos Aires, 1920)\u201d;\u00a0 \u201cA voyage to Argentina: the Asuero case and the illegal practice of medicine (Buenos Aires, 1930)\u201d; \u201cEntre t\u00f3nicos, sueros y reconstituyentes de la salud: ofertas de medicamentos en un escenario de transici\u00f3n sanitaria. El caso de la Revista del C\u00edrculo M\u00e9dico de C\u00f3rdoba (1912-1960)\u201d; \u201cResumen de tesis: Din\u00e1micas publicitarias en materia de aparatolog\u00eda terap\u00e9utica y farmacolog\u00eda: una aproximaci\u00f3n a los mercados de C\u00f3rdoba, Rosario y Buenos Aires (1912 -1938)\u201d. En coautor\u00eda con Cecilia Moreyra, \u201cCuranderismo, etnicidad y justicia. Sobre una causa criminal en la frontera sur de C\u00f3rdoba del Tucum\u00e1n en las postrimer\u00edas del siglo XVIII\u201d; con Santiago Sedran, \u201cNotas sobre y para una historia socio-cultural de la salud de \u00ablo heterodoxo\u00bb: avances y retos de un campo en desarrollo\u201d, entre otros.<\/p>\n<p style=\"text-align: justify\">Ha participado como estudiante y participa actualmente como becaria de proyectos financiados por la Agencia Nacional de Promoci\u00f3n de la Investigaci\u00f3n, el Desarrollo Tecnol\u00f3gico y la Innovaci\u00f3n, por el Consejo Nacional de Investigaciones Cient\u00edficas y T\u00e9cnicas y por la Secretar\u00eda de Ciencia y T\u00e9cnica de la Universidad Nacional de C\u00f3rdoba.<\/p>\n<\/td>\n<\/tr>\n<tr>\n<td style=\"width: 0.491159%\" colspan=\"2\">Contacto: <a href=\"mailto:dolores.rivero@unc.edu.ar\">dolores.rivero@unc.edu.ar<\/a><\/p>\n<p>ORCID: <a href=\"https:\/\/orcid.org\/0000-0002-0068-3281\" target=\"_blank\" rel=\"noopener\">https:\/\/orcid.org\/0000-0002-0068-3281<\/a><\/td>\n<\/tr>\n<\/tbody>\n<\/table>\n","protected":false},"excerpt":{"rendered":"<p>Profesora Asistente interina en \u201cTaller de Aplicaci\u00f3n\u201d. Es Licenciada en Historia por la Universidad Nacional de C\u00f3rdoba y Doctora en Historia por la Universidad Nacional de La Plata. Becaria Posdoctoral del Consejo Nacional de Investigaciones Cient\u00edficas y T\u00e9cnicas. Actualmente desarrolla tareas de investigaci\u00f3n en el Centro de Investigaciones y Estudios sobre Cultura y Sociedad en&#8230; <\/p>\n<div class=\"link-more\"><a href=\"https:\/\/ffyh.unc.edu.ar\/historia\/nuestrxs-docentes\/riveromd\/\">Lea m\u00e1s<\/a><\/div>\n","protected":false},"author":34,"featured_media":0,"parent":4089,"menu_order":0,"comment_status":"closed","ping_status":"closed","template":"","meta":{"_acf_changed":false,"saved_in_kubio":false,"_monsterinsights_skip_tracking":false,"_monsterinsights_sitenote_active":false,"_monsterinsights_sitenote_note":"","_monsterinsights_sitenote_category":0,"footnotes":""},"class_list":["post-4186","page","type-page","status-publish","hentry"],"acf":[],"kubio_ai_page_context":{"short_desc":"","purpose":"general"},"jetpack_sharing_enabled":true,"_links":{"self":[{"href":"https:\/\/ffyh.unc.edu.ar\/historia\/wp-json\/wp\/v2\/pages\/4186","targetHints":{"allow":["GET"]}}],"collection":[{"href":"https:\/\/ffyh.unc.edu.ar\/historia\/wp-json\/wp\/v2\/pages"}],"about":[{"href":"https:\/\/ffyh.unc.edu.ar\/historia\/wp-json\/wp\/v2\/types\/page"}],"author":[{"embeddable":true,"href":"https:\/\/ffyh.unc.edu.ar\/historia\/wp-json\/wp\/v2\/users\/34"}],"replies":[{"embeddable":true,"href":"https:\/\/ffyh.unc.edu.ar\/historia\/wp-json\/wp\/v2\/comments?post=4186"}],"version-history":[{"count":5,"href":"https:\/\/ffyh.unc.edu.ar\/historia\/wp-json\/wp\/v2\/pages\/4186\/revisions"}],"predecessor-version":[{"id":4815,"href":"https:\/\/ffyh.unc.edu.ar\/historia\/wp-json\/wp\/v2\/pages\/4186\/revisions\/4815"}],"up":[{"embeddable":true,"href":"https:\/\/ffyh.unc.edu.ar\/historia\/wp-json\/wp\/v2\/pages\/4089"}],"wp:attachment":[{"href":"https:\/\/ffyh.unc.edu.ar\/historia\/wp-json\/wp\/v2\/media?parent=4186"}],"curies":[{"name":"wp","href":"https:\/\/api.w.org\/{rel}","templated":true}]}}