{"id":4190,"date":"2022-07-28T18:21:56","date_gmt":"2022-07-28T18:21:56","guid":{"rendered":"https:\/\/ffyh.unc.edu.ar\/historia\/?page_id=4190"},"modified":"2022-08-03T20:16:46","modified_gmt":"2022-08-03T20:16:46","slug":"morin","status":"publish","type":"page","link":"https:\/\/ffyh.unc.edu.ar\/historia\/nuestrxs-docentes\/morin\/","title":{"rendered":"Alejandro Morin"},"content":{"rendered":"<table style=\"border-collapse: collapse;width: 100%\">\n<tbody>\n<tr>\n<td colspan=\"2\">\n<p style=\"text-align: justify\"><img data-recalc-dims=\"1\" loading=\"lazy\" decoding=\"async\" data-attachment-id=\"4643\" data-permalink=\"https:\/\/ffyh.unc.edu.ar\/historia\/nuestrxs-docentes\/morin\/morin_foto\/\" data-orig-file=\"https:\/\/i0.wp.com\/ffyh.unc.edu.ar\/historia\/wp-content\/uploads\/sites\/37\/2022\/07\/Morin_foto.jpg?fit=374%2C374&amp;ssl=1\" data-orig-size=\"374,374\" data-comments-opened=\"0\" data-image-meta=\"{&quot;aperture&quot;:&quot;0&quot;,&quot;credit&quot;:&quot;&quot;,&quot;camera&quot;:&quot;&quot;,&quot;caption&quot;:&quot;&quot;,&quot;created_timestamp&quot;:&quot;1658961126&quot;,&quot;copyright&quot;:&quot;&quot;,&quot;focal_length&quot;:&quot;0&quot;,&quot;iso&quot;:&quot;0&quot;,&quot;shutter_speed&quot;:&quot;0&quot;,&quot;title&quot;:&quot;&quot;,&quot;orientation&quot;:&quot;1&quot;}\" data-image-title=\"Morin_foto\" data-image-description=\"\" data-image-caption=\"\" data-medium-file=\"https:\/\/i0.wp.com\/ffyh.unc.edu.ar\/historia\/wp-content\/uploads\/sites\/37\/2022\/07\/Morin_foto.jpg?fit=300%2C300&amp;ssl=1\" data-large-file=\"https:\/\/i0.wp.com\/ffyh.unc.edu.ar\/historia\/wp-content\/uploads\/sites\/37\/2022\/07\/Morin_foto.jpg?fit=374%2C374&amp;ssl=1\" class=\"alignleft size-thumbnail wp-image-4643\" src=\"https:\/\/i0.wp.com\/ffyh.unc.edu.ar\/historia\/wp-content\/uploads\/sites\/37\/2022\/07\/Morin_foto.jpg?resize=150%2C150\" alt=\"\" width=\"150\" height=\"150\" srcset=\"https:\/\/i0.wp.com\/ffyh.unc.edu.ar\/historia\/wp-content\/uploads\/sites\/37\/2022\/07\/Morin_foto.jpg?resize=150%2C150&amp;ssl=1 150w, https:\/\/i0.wp.com\/ffyh.unc.edu.ar\/historia\/wp-content\/uploads\/sites\/37\/2022\/07\/Morin_foto.jpg?resize=300%2C300&amp;ssl=1 300w, https:\/\/i0.wp.com\/ffyh.unc.edu.ar\/historia\/wp-content\/uploads\/sites\/37\/2022\/07\/Morin_foto.jpg?w=374&amp;ssl=1 374w\" sizes=\"(max-width: 150px) 100vw, 150px\" \/>Profesor Adjunto concursado en Historia de la Edad Media. Es Doctor en Historia por la Universidad de Buenos Aires e Investigador Independiente del Conicet, es docente en la Universidad de Buenos Aires. Se especializa en las relaciones entre los discursos jur\u00eddico y teol\u00f3gico bajomedievales. Es director de la Maestr\u00eda en Estudios Medievales (UBA) y de la revista <i>Calamus<\/i> de la Sociedad Argentina de Estudios Medievales.<\/p>\n<p style=\"text-align: justify\">Entre sus publicaciones figuran:<i> Creencia, poder y lazo social en la Edad Media<\/i>; <i>Tener por cierto. Pr\u00e1cticas de la creencia de la Antig\u00fcedad romana a la Modernidad<\/i>; <i>Artificios pasados. Nociones del derecho medieval<\/i>; \u201cThe Fourth Lateran Council&#8217;s <i>Non debet<\/i>\u00a0(c.50) and the Abandonment of the System of Derived Affinity\u201d; \u201c\u2018<i>In occultis conventiculis, sicut heretici<\/i>\u2019: la cuesti\u00f3n de la predicaci\u00f3n laica y las referencias a lo oculto en Inocencio III\u201d; y <i>Pecado y Delito en la Edad Media. Estudio de una relaci\u00f3n a partir de la obra jur\u00eddica de Alfonso el Sabio<\/i>.<\/p>\n<p style=\"text-align: justify\">Actualmente dirige el proyecto de investigaci\u00f3n (convocatoria 20-22 UBACYT, Mod. I) \u201cInstituci\u00f3n y materialidad en las sociedades medievales\u201d (UBA-FFyL).<\/p>\n<\/td>\n<\/tr>\n<tr>\n<td style=\"width: 0.491159%\" colspan=\"2\">Contacto: <a href=\"mailto:alejandro.morin@unc.edu.ar\">alejandro.morin@unc.edu.ar<\/a><\/p>\n<p>ORCID: <a href=\"https:\/\/orcid.org\/0000-0002-3386-5444\" target=\"_blank\" rel=\"noopener\">https:\/\/orcid.org\/0000-0002-3386-5444<\/a><br \/>\nACADEMIA: <a href=\"https:\/\/conicet-ar.academia.edu\/AlejandroMorin\" target=\"_blank\" rel=\"noopener\">https:\/\/conicet-ar.academia.edu\/AlejandroMorin<\/a><\/td>\n<\/tr>\n<\/tbody>\n<\/table>\n","protected":false},"excerpt":{"rendered":"<p>Profesor Adjunto concursado en Historia de la Edad Media. Es Doctor en Historia por la Universidad de Buenos Aires e Investigador Independiente del Conicet, es docente en la Universidad de Buenos Aires. Se especializa en las relaciones entre los discursos jur\u00eddico y teol\u00f3gico bajomedievales. Es director de la Maestr\u00eda en Estudios Medievales (UBA) y de&#8230; <\/p>\n<div class=\"link-more\"><a href=\"https:\/\/ffyh.unc.edu.ar\/historia\/nuestrxs-docentes\/morin\/\">Lea m\u00e1s<\/a><\/div>\n","protected":false},"author":34,"featured_media":0,"parent":4089,"menu_order":0,"comment_status":"closed","ping_status":"closed","template":"","meta":{"_acf_changed":false,"saved_in_kubio":false,"_monsterinsights_skip_tracking":false,"_monsterinsights_sitenote_active":false,"_monsterinsights_sitenote_note":"","_monsterinsights_sitenote_category":0,"footnotes":""},"class_list":["post-4190","page","type-page","status-publish","hentry"],"acf":[],"kubio_ai_page_context":{"short_desc":"","purpose":"general"},"jetpack_sharing_enabled":true,"_links":{"self":[{"href":"https:\/\/ffyh.unc.edu.ar\/historia\/wp-json\/wp\/v2\/pages\/4190","targetHints":{"allow":["GET"]}}],"collection":[{"href":"https:\/\/ffyh.unc.edu.ar\/historia\/wp-json\/wp\/v2\/pages"}],"about":[{"href":"https:\/\/ffyh.unc.edu.ar\/historia\/wp-json\/wp\/v2\/types\/page"}],"author":[{"embeddable":true,"href":"https:\/\/ffyh.unc.edu.ar\/historia\/wp-json\/wp\/v2\/users\/34"}],"replies":[{"embeddable":true,"href":"https:\/\/ffyh.unc.edu.ar\/historia\/wp-json\/wp\/v2\/comments?post=4190"}],"version-history":[{"count":5,"href":"https:\/\/ffyh.unc.edu.ar\/historia\/wp-json\/wp\/v2\/pages\/4190\/revisions"}],"predecessor-version":[{"id":4817,"href":"https:\/\/ffyh.unc.edu.ar\/historia\/wp-json\/wp\/v2\/pages\/4190\/revisions\/4817"}],"up":[{"embeddable":true,"href":"https:\/\/ffyh.unc.edu.ar\/historia\/wp-json\/wp\/v2\/pages\/4089"}],"wp:attachment":[{"href":"https:\/\/ffyh.unc.edu.ar\/historia\/wp-json\/wp\/v2\/media?parent=4190"}],"curies":[{"name":"wp","href":"https:\/\/api.w.org\/{rel}","templated":true}]}}