{"id":4200,"date":"2022-07-28T18:24:08","date_gmt":"2022-07-28T18:24:08","guid":{"rendered":"https:\/\/ffyh.unc.edu.ar\/historia\/?page_id=4200"},"modified":"2024-08-15T15:11:41","modified_gmt":"2024-08-15T15:11:41","slug":"ramos","status":"publish","type":"page","link":"https:\/\/ffyh.unc.edu.ar\/historia\/nuestrxs-docentes\/ramos\/","title":{"rendered":"Mar\u00eda Virginia Ramos"},"content":{"rendered":"<table style=\"border-collapse: collapse;width: 100%\">\n<tbody>\n<tr>\n<td colspan=\"2\">\n<p style=\"text-align: justify\"><img data-recalc-dims=\"1\" loading=\"lazy\" decoding=\"async\" data-attachment-id=\"4690\" data-permalink=\"https:\/\/ffyh.unc.edu.ar\/historia\/nuestrxs-docentes\/ramos\/ramos_foto\/\" data-orig-file=\"https:\/\/i0.wp.com\/ffyh.unc.edu.ar\/historia\/wp-content\/uploads\/sites\/37\/2022\/07\/Ramos_foto-e1659189979664.jpg?fit=394%2C394&amp;ssl=1\" data-orig-size=\"394,394\" data-comments-opened=\"0\" data-image-meta=\"{&quot;aperture&quot;:&quot;0&quot;,&quot;credit&quot;:&quot;&quot;,&quot;camera&quot;:&quot;&quot;,&quot;caption&quot;:&quot;&quot;,&quot;created_timestamp&quot;:&quot;0&quot;,&quot;copyright&quot;:&quot;&quot;,&quot;focal_length&quot;:&quot;0&quot;,&quot;iso&quot;:&quot;0&quot;,&quot;shutter_speed&quot;:&quot;0&quot;,&quot;title&quot;:&quot;&quot;,&quot;orientation&quot;:&quot;0&quot;}\" data-image-title=\"Ramos_foto\" data-image-description=\"\" data-image-caption=\"\" data-medium-file=\"https:\/\/i0.wp.com\/ffyh.unc.edu.ar\/historia\/wp-content\/uploads\/sites\/37\/2022\/07\/Ramos_foto-e1659189979664.jpg?fit=300%2C300&amp;ssl=1\" data-large-file=\"https:\/\/i0.wp.com\/ffyh.unc.edu.ar\/historia\/wp-content\/uploads\/sites\/37\/2022\/07\/Ramos_foto-e1659189979664.jpg?fit=394%2C394&amp;ssl=1\" class=\"alignleft size-thumbnail wp-image-4690\" src=\"https:\/\/i0.wp.com\/ffyh.unc.edu.ar\/historia\/wp-content\/uploads\/sites\/37\/2022\/07\/Ramos_foto-e1659189979664-150x150.jpg?resize=150%2C150\" alt=\"\" width=\"150\" height=\"150\" srcset=\"https:\/\/i0.wp.com\/ffyh.unc.edu.ar\/historia\/wp-content\/uploads\/sites\/37\/2022\/07\/Ramos_foto-e1659189979664.jpg?resize=150%2C150&amp;ssl=1 150w, https:\/\/i0.wp.com\/ffyh.unc.edu.ar\/historia\/wp-content\/uploads\/sites\/37\/2022\/07\/Ramos_foto-e1659189979664.jpg?resize=300%2C300&amp;ssl=1 300w, https:\/\/i0.wp.com\/ffyh.unc.edu.ar\/historia\/wp-content\/uploads\/sites\/37\/2022\/07\/Ramos_foto-e1659189979664.jpg?w=394&amp;ssl=1 394w\" sizes=\"(max-width: 150px) 100vw, 150px\" \/>Profesora Adjunta interina de la c\u00e1tedra de Historia Moderna. Es Doctora en Historia por la UNC. Cuenta con un \u201cM\u00e1ster de Historia del Mundo Hisp\u00e1nico: las Independencias en el Mundo Iberoamericano\u201d, otorgado por la Universidad Jaume I (Castell\u00f3n de la Plana-Espa\u00f1a). Se especializa en el estudio de la \u00e9lite pol\u00edtica de C\u00f3rdoba y sus conflictos facciosos en el per\u00edodo de transici\u00f3n del orden colonial al revolucionario (fines del siglo XVIII-comienzos del siglo XIX). Integra el Consejo de la Escuela de Historia en representaci\u00f3n del claustro de profesores asistentes.<\/p>\n<p style=\"text-align: justify\">Ha realizado la compilaci\u00f3n documental y el pr\u00f3logo del libro \u201cActas Capitulares de C\u00f3rdoba, 1808-1813\u201d. Entre sus art\u00edculos publicados en revistas cient\u00edficas se destacan: \u201cLa coyuntura pol\u00edtica de 1810-1816 en C\u00f3rdoba: desarrollo del proceso, posicionamiento adoptado y disputas locales\u201d; \u201c<i>El enemigo en casa<\/i>: repercusiones, debates y conflictos facciosos ante la presencia de prisioneros ingleses en C\u00f3rdoba del Tucum\u00e1n (1806-1807)\u201d; \u201cC\u00f3rdoba en la transici\u00f3n del orden colonial al per\u00edodo revolucionario: procesos pol\u00edticos y conflictos\u201d. Ha publicado en el diario La Voz del Interior los art\u00edculos de divulgaci\u00f3n \u201cEl proceso revolucionario y su impacto en C\u00f3rdoba\u201d y \u201cLa Universidad frente a la Revoluci\u00f3n de Mayo: El Rector y el Vicerrector, en bandos diferentes\u201d.<\/p>\n<p style=\"text-align: justify\">Forma parte del Proyecto de Investigaci\u00f3n \u201cPor una Historia Moderna de Am\u00e9rica: C\u00f3rdoba del Tucum\u00e1n y el R\u00edo de la Plata en la monarqu\u00eda hisp\u00e1nica. Formas de poder, territorialidad, pr\u00e1cticas socio-econ\u00f3micas y pol\u00edtico-culturales (1700-1810). Segunda parte\u201d (SECyT-UNC) radicado en el \u00c1rea de Historia del CIFFyH -UNC.<\/p>\n<\/td>\n<\/tr>\n<tr>\n<td style=\"width: 0.491159%\" colspan=\"2\">Contacto: <a href=\"mailto:virginia.ramos@unc.edu.ar\">virginia.ramos@unc.edu.ar<\/a><\/td>\n<\/tr>\n<\/tbody>\n<\/table>\n","protected":false},"excerpt":{"rendered":"<p>Profesora Adjunta interina de la c\u00e1tedra de Historia Moderna. Es Doctora en Historia por la UNC. Cuenta con un \u201cM\u00e1ster de Historia del Mundo Hisp\u00e1nico: las Independencias en el Mundo Iberoamericano\u201d, otorgado por la Universidad Jaume I (Castell\u00f3n de la Plana-Espa\u00f1a). Se especializa en el estudio de la \u00e9lite pol\u00edtica de C\u00f3rdoba y sus conflictos&#8230; <\/p>\n<div class=\"link-more\"><a href=\"https:\/\/ffyh.unc.edu.ar\/historia\/nuestrxs-docentes\/ramos\/\">Lea m\u00e1s<\/a><\/div>\n","protected":false},"author":34,"featured_media":0,"parent":4089,"menu_order":0,"comment_status":"closed","ping_status":"closed","template":"","meta":{"_acf_changed":false,"saved_in_kubio":false,"_monsterinsights_skip_tracking":false,"_monsterinsights_sitenote_active":false,"_monsterinsights_sitenote_note":"","_monsterinsights_sitenote_category":0,"footnotes":""},"class_list":["post-4200","page","type-page","status-publish","hentry"],"acf":[],"kubio_ai_page_context":{"short_desc":"","purpose":"general"},"jetpack_sharing_enabled":true,"_links":{"self":[{"href":"https:\/\/ffyh.unc.edu.ar\/historia\/wp-json\/wp\/v2\/pages\/4200","targetHints":{"allow":["GET"]}}],"collection":[{"href":"https:\/\/ffyh.unc.edu.ar\/historia\/wp-json\/wp\/v2\/pages"}],"about":[{"href":"https:\/\/ffyh.unc.edu.ar\/historia\/wp-json\/wp\/v2\/types\/page"}],"author":[{"embeddable":true,"href":"https:\/\/ffyh.unc.edu.ar\/historia\/wp-json\/wp\/v2\/users\/34"}],"replies":[{"embeddable":true,"href":"https:\/\/ffyh.unc.edu.ar\/historia\/wp-json\/wp\/v2\/comments?post=4200"}],"version-history":[{"count":10,"href":"https:\/\/ffyh.unc.edu.ar\/historia\/wp-json\/wp\/v2\/pages\/4200\/revisions"}],"predecessor-version":[{"id":6139,"href":"https:\/\/ffyh.unc.edu.ar\/historia\/wp-json\/wp\/v2\/pages\/4200\/revisions\/6139"}],"up":[{"embeddable":true,"href":"https:\/\/ffyh.unc.edu.ar\/historia\/wp-json\/wp\/v2\/pages\/4089"}],"wp:attachment":[{"href":"https:\/\/ffyh.unc.edu.ar\/historia\/wp-json\/wp\/v2\/media?parent=4200"}],"curies":[{"name":"wp","href":"https:\/\/api.w.org\/{rel}","templated":true}]}}