{"id":4214,"date":"2022-07-28T18:35:57","date_gmt":"2022-07-28T18:35:57","guid":{"rendered":"https:\/\/ffyh.unc.edu.ar\/historia\/?page_id=4214"},"modified":"2022-08-03T21:50:40","modified_gmt":"2022-08-03T21:50:40","slug":"glatstein","status":"publish","type":"page","link":"https:\/\/ffyh.unc.edu.ar\/historia\/nuestrxs-docentes\/glatstein\/","title":{"rendered":"Luc\u00eda Glatstein"},"content":{"rendered":"<table style=\"border-collapse: collapse;width: 100%\">\n<tbody>\n<tr>\n<td colspan=\"2\">\n<p style=\"text-align: justify\"><img data-recalc-dims=\"1\" loading=\"lazy\" decoding=\"async\" data-attachment-id=\"4503\" data-permalink=\"https:\/\/ffyh.unc.edu.ar\/historia\/nuestrxs-docentes\/glatstein\/glatstein_foto\/\" data-orig-file=\"https:\/\/i0.wp.com\/ffyh.unc.edu.ar\/historia\/wp-content\/uploads\/sites\/37\/2022\/07\/Glatstein_foto.jpg?fit=450%2C449&amp;ssl=1\" data-orig-size=\"450,449\" data-comments-opened=\"0\" data-image-meta=\"{&quot;aperture&quot;:&quot;0&quot;,&quot;credit&quot;:&quot;&quot;,&quot;camera&quot;:&quot;&quot;,&quot;caption&quot;:&quot;&quot;,&quot;created_timestamp&quot;:&quot;1658961200&quot;,&quot;copyright&quot;:&quot;&quot;,&quot;focal_length&quot;:&quot;0&quot;,&quot;iso&quot;:&quot;0&quot;,&quot;shutter_speed&quot;:&quot;0&quot;,&quot;title&quot;:&quot;&quot;,&quot;orientation&quot;:&quot;1&quot;}\" data-image-title=\"Glatstein_foto\" data-image-description=\"\" data-image-caption=\"\" data-medium-file=\"https:\/\/i0.wp.com\/ffyh.unc.edu.ar\/historia\/wp-content\/uploads\/sites\/37\/2022\/07\/Glatstein_foto.jpg?fit=300%2C300&amp;ssl=1\" data-large-file=\"https:\/\/i0.wp.com\/ffyh.unc.edu.ar\/historia\/wp-content\/uploads\/sites\/37\/2022\/07\/Glatstein_foto.jpg?fit=450%2C449&amp;ssl=1\" class=\"size-thumbnail wp-image-4503 alignleft\" src=\"https:\/\/i0.wp.com\/ffyh.unc.edu.ar\/historia\/wp-content\/uploads\/sites\/37\/2022\/07\/Glatstein_foto.jpg?resize=150%2C150\" alt=\"\" width=\"150\" height=\"150\" srcset=\"https:\/\/i0.wp.com\/ffyh.unc.edu.ar\/historia\/wp-content\/uploads\/sites\/37\/2022\/07\/Glatstein_foto.jpg?resize=150%2C150&amp;ssl=1 150w, https:\/\/i0.wp.com\/ffyh.unc.edu.ar\/historia\/wp-content\/uploads\/sites\/37\/2022\/07\/Glatstein_foto.jpg?resize=300%2C300&amp;ssl=1 300w, https:\/\/i0.wp.com\/ffyh.unc.edu.ar\/historia\/wp-content\/uploads\/sites\/37\/2022\/07\/Glatstein_foto.jpg?resize=301%2C300&amp;ssl=1 301w, https:\/\/i0.wp.com\/ffyh.unc.edu.ar\/historia\/wp-content\/uploads\/sites\/37\/2022\/07\/Glatstein_foto.jpg?w=450&amp;ssl=1 450w\" sizes=\"(max-width: 150px) 100vw, 150px\" \/>Profesora Asistente concursada en Historia de Am\u00e9rica I. Es Licenciada en Historia (FFyH-UNC), especializada en el \u00e1rea de Historia Colonial Americana.<\/p>\n<p style=\"text-align: justify\">Ha publicado art\u00edculos en los que analiza un conjunto de acciones colectivas ocurridas en la jurisdicci\u00f3n de Jujuy a fines del siglo XVIII que fueron calificadas por los espa\u00f1oles como expresiones de rebeli\u00f3n contra el Rey. La primera publicaci\u00f3n que realiz\u00f3 sobre el tema lleva por t\u00edtulo \u00bbEstando el fuego a las puertas \u00ab. Acciones y representaciones de la justicia colonial (Jujuy, 1781)\u201d y en ella reconstruye c\u00f3mo las autoridades coloniales armaron un proceso judicial y ciertas narrativas contra una alianza inter\u00e9tnica que se pensaba atacar\u00eda la ciudad en nombre de Tupac Amaru (uno de los referentes de las sublevaciones que comenzaron en Andes unos meses antes a los hechos estudiados). La segunda publicaci\u00f3n -llamada \u201cUn \u2018partido\u2019 de \u2018indios y cristianos\u2019. Formas de organizaci\u00f3n y din\u00e1micas de acci\u00f3n colectiva en la jurisdicci\u00f3n de Jujuy (1781)\u201d- analiza a trav\u00e9s de diferentes testimonios c\u00f3mo fue que se organiz\u00f3 la mencionada alianza en los valles surorientales de la jurisdicci\u00f3n, las bases de la solidaridad, el significado de sus objetivos y qu\u00e9 pr\u00e1cticas realizaron sus integrantes para concretarlos. Ambos escritos pueden consultarse online.<\/p>\n<p style=\"text-align: justify\">Integra proyectos y programas de investigaci\u00f3n desde el a\u00f1o 2008 y actualmente se desempe\u00f1a como investigadora en formaci\u00f3n del proyecto \u201cLa Gobernaci\u00f3n del Tucum\u00e1n y sus espacios de frontera entre los siglos XVII y XIX: territorio, relaciones inter\u00e9tnicas y conflictos pol\u00edticos\u201d (SECyT-UNC). Asimismo, se encuentra realizando su tesis doctoral sobre din\u00e1micas de conflicto social y l\u00f3gicas de acci\u00f3n pol\u00edtica de sociedades ind\u00edgenas, criollas y mestizas en la jurisdicci\u00f3n de Jujuy durante las sublevaciones andinas de 1780-1781.<\/p>\n<\/td>\n<\/tr>\n<tr>\n<td style=\"width: 1.18624%\" colspan=\"2\">Contacto: <a href=\"mailto:lucia.glatstein@unc.edu.ar\">lucia.glatstein@unc.edu.ar<\/a><\/p>\n<p>ACADEMIA: <a href=\"https:\/\/independent.academia.edu\/Luc%C3%ADaGlatstein\">https:\/\/independent.academia.edu\/Luc%C3%ADaGlatstein<\/a><br \/>\nORCID: <a href=\"https:\/\/orcid.org\/0000-0003-3277-9664\">https:\/\/orcid.org\/0000-0003-3277-9664<\/a><\/td>\n<\/tr>\n<\/tbody>\n<\/table>\n","protected":false},"excerpt":{"rendered":"<p>Profesora Asistente concursada en Historia de Am\u00e9rica I. Es Licenciada en Historia (FFyH-UNC), especializada en el \u00e1rea de Historia Colonial Americana. Ha publicado art\u00edculos en los que analiza un conjunto de acciones colectivas ocurridas en la jurisdicci\u00f3n de Jujuy a fines del siglo XVIII que fueron calificadas por los espa\u00f1oles como expresiones de rebeli\u00f3n contra&#8230; <\/p>\n<div class=\"link-more\"><a href=\"https:\/\/ffyh.unc.edu.ar\/historia\/nuestrxs-docentes\/glatstein\/\">Lea m\u00e1s<\/a><\/div>\n","protected":false},"author":34,"featured_media":0,"parent":4089,"menu_order":0,"comment_status":"closed","ping_status":"closed","template":"","meta":{"_acf_changed":false,"saved_in_kubio":false,"_monsterinsights_skip_tracking":false,"_monsterinsights_sitenote_active":false,"_monsterinsights_sitenote_note":"","_monsterinsights_sitenote_category":0,"footnotes":""},"class_list":["post-4214","page","type-page","status-publish","hentry"],"acf":[],"kubio_ai_page_context":{"short_desc":"","purpose":"general"},"jetpack_sharing_enabled":true,"_links":{"self":[{"href":"https:\/\/ffyh.unc.edu.ar\/historia\/wp-json\/wp\/v2\/pages\/4214","targetHints":{"allow":["GET"]}}],"collection":[{"href":"https:\/\/ffyh.unc.edu.ar\/historia\/wp-json\/wp\/v2\/pages"}],"about":[{"href":"https:\/\/ffyh.unc.edu.ar\/historia\/wp-json\/wp\/v2\/types\/page"}],"author":[{"embeddable":true,"href":"https:\/\/ffyh.unc.edu.ar\/historia\/wp-json\/wp\/v2\/users\/34"}],"replies":[{"embeddable":true,"href":"https:\/\/ffyh.unc.edu.ar\/historia\/wp-json\/wp\/v2\/comments?post=4214"}],"version-history":[{"count":9,"href":"https:\/\/ffyh.unc.edu.ar\/historia\/wp-json\/wp\/v2\/pages\/4214\/revisions"}],"predecessor-version":[{"id":4839,"href":"https:\/\/ffyh.unc.edu.ar\/historia\/wp-json\/wp\/v2\/pages\/4214\/revisions\/4839"}],"up":[{"embeddable":true,"href":"https:\/\/ffyh.unc.edu.ar\/historia\/wp-json\/wp\/v2\/pages\/4089"}],"wp:attachment":[{"href":"https:\/\/ffyh.unc.edu.ar\/historia\/wp-json\/wp\/v2\/media?parent=4214"}],"curies":[{"name":"wp","href":"https:\/\/api.w.org\/{rel}","templated":true}]}}