{"id":4220,"date":"2022-07-28T18:45:10","date_gmt":"2022-07-28T18:45:10","guid":{"rendered":"https:\/\/ffyh.unc.edu.ar\/historia\/?page_id=4220"},"modified":"2022-08-05T01:32:43","modified_gmt":"2022-08-05T01:32:43","slug":"mignon","status":"publish","type":"page","link":"https:\/\/ffyh.unc.edu.ar\/historia\/nuestrxs-docentes\/mignon\/","title":{"rendered":"Carlos Mignon"},"content":{"rendered":"<table style=\"border-collapse: collapse;width: 100%\">\n<tbody>\n<tr>\n<td colspan=\"2\">\n<p style=\"text-align: justify\"><img data-recalc-dims=\"1\" loading=\"lazy\" decoding=\"async\" data-attachment-id=\"4870\" data-permalink=\"https:\/\/ffyh.unc.edu.ar\/historia\/nuestrxs-docentes\/mignon\/mignon_foto\/\" data-orig-file=\"https:\/\/i0.wp.com\/ffyh.unc.edu.ar\/historia\/wp-content\/uploads\/sites\/37\/2022\/08\/Mignon_foto.jpg?fit=329%2C329&amp;ssl=1\" data-orig-size=\"329,329\" data-comments-opened=\"0\" data-image-meta=\"{&quot;aperture&quot;:&quot;0&quot;,&quot;credit&quot;:&quot;&quot;,&quot;camera&quot;:&quot;&quot;,&quot;caption&quot;:&quot;&quot;,&quot;created_timestamp&quot;:&quot;1659652171&quot;,&quot;copyright&quot;:&quot;&quot;,&quot;focal_length&quot;:&quot;0&quot;,&quot;iso&quot;:&quot;0&quot;,&quot;shutter_speed&quot;:&quot;0&quot;,&quot;title&quot;:&quot;&quot;,&quot;orientation&quot;:&quot;1&quot;}\" data-image-title=\"Mignon_foto\" data-image-description=\"\" data-image-caption=\"\" data-medium-file=\"https:\/\/i0.wp.com\/ffyh.unc.edu.ar\/historia\/wp-content\/uploads\/sites\/37\/2022\/08\/Mignon_foto.jpg?fit=300%2C300&amp;ssl=1\" data-large-file=\"https:\/\/i0.wp.com\/ffyh.unc.edu.ar\/historia\/wp-content\/uploads\/sites\/37\/2022\/08\/Mignon_foto.jpg?fit=329%2C329&amp;ssl=1\" class=\"alignleft size-thumbnail wp-image-4870\" src=\"https:\/\/i0.wp.com\/ffyh.unc.edu.ar\/historia\/wp-content\/uploads\/sites\/37\/2022\/08\/Mignon_foto.jpg?resize=150%2C150\" alt=\"\" width=\"150\" height=\"150\" srcset=\"https:\/\/i0.wp.com\/ffyh.unc.edu.ar\/historia\/wp-content\/uploads\/sites\/37\/2022\/08\/Mignon_foto.jpg?resize=150%2C150&amp;ssl=1 150w, https:\/\/i0.wp.com\/ffyh.unc.edu.ar\/historia\/wp-content\/uploads\/sites\/37\/2022\/08\/Mignon_foto.jpg?resize=300%2C300&amp;ssl=1 300w, https:\/\/i0.wp.com\/ffyh.unc.edu.ar\/historia\/wp-content\/uploads\/sites\/37\/2022\/08\/Mignon_foto.jpg?w=329&amp;ssl=1 329w\" sizes=\"(max-width: 150px) 100vw, 150px\" \/>Profesor Adjunto interino en Historia Contempor\u00e1nea, concursado como Profesor Asistente en la misma c\u00e1tedra. Asimismo, es Profesor Adjunto por concurso en la c\u00e1tedra Historia Social y Pol\u00edtica 1, de la Facultad de Ciencias Sociales de la UNC.<\/p>\n<p style=\"text-align: justify\">Es Doctor en Historia por la UNMP y Licenciado en Historia por la UNC. Se especializa en historia del movimiento obrero en Europa y Argentina.<\/p>\n<p style=\"text-align: justify\">Su tesis doctoral fue publicada en un libro con el t\u00edtulo <em>C\u00f3rdoba Obrera: el sindicato en la f\u00e1brica 1968-1973.<\/em> Es autor de varios art\u00edculos y cap\u00edtulos de libro que versan sobre la historia de los trabajadores y sus corrientes ideol\u00f3gicas y partidarias; entre ellos: \u201cAdolfo Gilly, el movimiento trotskista y la revoluci\u00f3n socialista en Am\u00e9rica Latina\u201d; \u201c\u201cRadicaliza\u00e7\u00e3o prolet\u00e1ria e modelo sindical, C\u00f3rdoba 1971-1972\u201d; \u201cOrigins and evolution of Maoism in Argentina, 1968-1971\u201d; y en coautor\u00eda con Daniel Gaido, \u201cLa burocracia sindical en la primera Revoluci\u00f3n Rusa: de los <em>sindicatos policiales <\/em>de Zubatov a la Asamblea de Gapon\u201d.<\/p>\n<p style=\"text-align: justify\">Actualmente se desempe\u00f1a como co-director del equipo de investigaci\u00f3n en el proyecto \u201cEntre Europa y Am\u00e9rica: historia comparativa del socialismo internacional (1890-1973)\u201d financiado por la Secyt-UNC, y en sus investigaciones sobre \u201cLa inserci\u00f3n del Posadismo en la f\u00e1brica durante el primer peronismo\u201d y junto a Daniel Gaido, en \u201cEl marxismo y la lucha contra las adicciones en la clase obrera: La experiencia de la Internacional Socialista con el alcoholismo\u201d.<\/p>\n<\/td>\n<\/tr>\n<tr>\n<td style=\"width: 0.491159%\" colspan=\"2\">Contacto: <a href=\"mailto:carlos.mignon@unc.edu.ar\">carlos.mignon@unc.edu.ar<\/a><\/p>\n<p>ORCID: <a href=\"https:\/\/orcid.org\/0000-0001-5396-6990\" target=\"_blank\" rel=\"noopener\">https:\/\/orcid.org\/0000-0001-5396-6990<\/a><br \/>\nACADEMIA.EDU: <a href=\"https:\/\/cordoba.academia.edu\/CarlosMignon\" target=\"_blank\" rel=\"noopener\">https:\/\/cordoba.academia.edu\/CarlosMignon<\/a><\/td>\n<\/tr>\n<\/tbody>\n<\/table>\n","protected":false},"excerpt":{"rendered":"<p>Profesor Adjunto interino en Historia Contempor\u00e1nea, concursado como Profesor Asistente en la misma c\u00e1tedra. Asimismo, es Profesor Adjunto por concurso en la c\u00e1tedra Historia Social y Pol\u00edtica 1, de la Facultad de Ciencias Sociales de la UNC. Es Doctor en Historia por la UNMP y Licenciado en Historia por la UNC. Se especializa en historia&#8230; <\/p>\n<div class=\"link-more\"><a href=\"https:\/\/ffyh.unc.edu.ar\/historia\/nuestrxs-docentes\/mignon\/\">Lea m\u00e1s<\/a><\/div>\n","protected":false},"author":34,"featured_media":0,"parent":4089,"menu_order":0,"comment_status":"closed","ping_status":"closed","template":"","meta":{"_acf_changed":false,"saved_in_kubio":false,"_monsterinsights_skip_tracking":false,"_monsterinsights_sitenote_active":false,"_monsterinsights_sitenote_note":"","_monsterinsights_sitenote_category":0,"footnotes":""},"class_list":["post-4220","page","type-page","status-publish","hentry"],"acf":[],"kubio_ai_page_context":{"short_desc":"","purpose":"general"},"jetpack_sharing_enabled":true,"_links":{"self":[{"href":"https:\/\/ffyh.unc.edu.ar\/historia\/wp-json\/wp\/v2\/pages\/4220","targetHints":{"allow":["GET"]}}],"collection":[{"href":"https:\/\/ffyh.unc.edu.ar\/historia\/wp-json\/wp\/v2\/pages"}],"about":[{"href":"https:\/\/ffyh.unc.edu.ar\/historia\/wp-json\/wp\/v2\/types\/page"}],"author":[{"embeddable":true,"href":"https:\/\/ffyh.unc.edu.ar\/historia\/wp-json\/wp\/v2\/users\/34"}],"replies":[{"embeddable":true,"href":"https:\/\/ffyh.unc.edu.ar\/historia\/wp-json\/wp\/v2\/comments?post=4220"}],"version-history":[{"count":5,"href":"https:\/\/ffyh.unc.edu.ar\/historia\/wp-json\/wp\/v2\/pages\/4220\/revisions"}],"predecessor-version":[{"id":4871,"href":"https:\/\/ffyh.unc.edu.ar\/historia\/wp-json\/wp\/v2\/pages\/4220\/revisions\/4871"}],"up":[{"embeddable":true,"href":"https:\/\/ffyh.unc.edu.ar\/historia\/wp-json\/wp\/v2\/pages\/4089"}],"wp:attachment":[{"href":"https:\/\/ffyh.unc.edu.ar\/historia\/wp-json\/wp\/v2\/media?parent=4220"}],"curies":[{"name":"wp","href":"https:\/\/api.w.org\/{rel}","templated":true}]}}