{"id":4222,"date":"2022-07-28T18:45:45","date_gmt":"2022-07-28T18:45:45","guid":{"rendered":"https:\/\/ffyh.unc.edu.ar\/historia\/?page_id=4222"},"modified":"2022-08-02T16:22:54","modified_gmt":"2022-08-02T16:22:54","slug":"luparello","status":"publish","type":"page","link":"https:\/\/ffyh.unc.edu.ar\/historia\/nuestrxs-docentes\/luparello\/","title":{"rendered":"Velia Luparello"},"content":{"rendered":"<table style=\"border-collapse: collapse;width: 100%\">\n<tbody>\n<tr>\n<td colspan=\"2\">\n<p style=\"text-align: justify\"><img data-recalc-dims=\"1\" loading=\"lazy\" decoding=\"async\" data-attachment-id=\"4518\" data-permalink=\"https:\/\/ffyh.unc.edu.ar\/historia\/nuestrxs-docentes\/luparello\/luparello_foto\/\" data-orig-file=\"https:\/\/i0.wp.com\/ffyh.unc.edu.ar\/historia\/wp-content\/uploads\/sites\/37\/2022\/07\/Luparello_foto.jpg?fit=181%2C181&amp;ssl=1\" data-orig-size=\"181,181\" data-comments-opened=\"0\" data-image-meta=\"{&quot;aperture&quot;:&quot;0&quot;,&quot;credit&quot;:&quot;&quot;,&quot;camera&quot;:&quot;&quot;,&quot;caption&quot;:&quot;&quot;,&quot;created_timestamp&quot;:&quot;1658961219&quot;,&quot;copyright&quot;:&quot;&quot;,&quot;focal_length&quot;:&quot;0&quot;,&quot;iso&quot;:&quot;0&quot;,&quot;shutter_speed&quot;:&quot;0&quot;,&quot;title&quot;:&quot;&quot;,&quot;orientation&quot;:&quot;1&quot;}\" data-image-title=\"Luparello_foto\" data-image-description=\"\" data-image-caption=\"\" data-medium-file=\"https:\/\/i0.wp.com\/ffyh.unc.edu.ar\/historia\/wp-content\/uploads\/sites\/37\/2022\/07\/Luparello_foto.jpg?fit=181%2C181&amp;ssl=1\" data-large-file=\"https:\/\/i0.wp.com\/ffyh.unc.edu.ar\/historia\/wp-content\/uploads\/sites\/37\/2022\/07\/Luparello_foto.jpg?fit=181%2C181&amp;ssl=1\" class=\"size-thumbnail wp-image-4518 alignleft\" src=\"https:\/\/i0.wp.com\/ffyh.unc.edu.ar\/historia\/wp-content\/uploads\/sites\/37\/2022\/07\/Luparello_foto.jpg?resize=150%2C150\" alt=\"\" width=\"150\" height=\"150\" srcset=\"https:\/\/i0.wp.com\/ffyh.unc.edu.ar\/historia\/wp-content\/uploads\/sites\/37\/2022\/07\/Luparello_foto.jpg?resize=150%2C150&amp;ssl=1 150w, https:\/\/i0.wp.com\/ffyh.unc.edu.ar\/historia\/wp-content\/uploads\/sites\/37\/2022\/07\/Luparello_foto.jpg?w=181&amp;ssl=1 181w\" sizes=\"(max-width: 150px) 100vw, 150px\" \/>Profesora Asistente interina en Historia Contempor\u00e1nea. Es Doctora y Licenciada en Historia (FFYH \u2013 UNC) especializada en el \u00e1rea de la Historia del socialismo internacional y Feminismos y marxismo en el siglo XX. Becaria posdoctoral por el CIECS-UNC-CONICET.<\/p>\n<p style=\"text-align: justify\">Es autora del libro <i>Los trotskistas bajo el terror nazi. Una historia de la IV Internacional durante la Segunda Guerra Mundial<\/i>; <b>\u00a0<\/b>una de las editoras y autoras del libro\u00a0<i>Ensayos marxistas sobre historia del socialismo<\/i>; y del cap\u00edtulo de libro <b>\u201c<\/b>El trotskismo norteamericano durante la \u201cradicalizaci\u00f3n\u201d: el debate del <i>Socialist Workers Party <\/i>sobre los movimientos feministas y la opresi\u00f3n de la mujer (1971-1973)\u201d, junto a Laura Tom\u00e9. Ha publicado numerosos art\u00edculos como\u00a0\u201cProductoras y reproductoras: un an\u00e1lisis del papel de las mujeres en la industrializaci\u00f3n de la Hungr\u00eda socialista (1948-1956)\u201d, en coautor\u00eda con Adam Fabry; \u201cEl trotskismo franc\u00e9s y el debate sobre la resistencia partisana: <i>Oh\u00e9 Partisans!, <\/i>una experiencia trotskista en el maquis (1943-1945)\u201d, en coautor\u00eda con Daniel Gaido;\u00a0 \u201cThe Fourth International and the Debate on the National Question in Europe (1941\u20131946)\u201d; \u201cAborto y capitalismo: un an\u00e1lisis de las pol\u00edticas de control poblacional y de desarrollo econ\u00f3mico en Am\u00e9rica Latina desde la mirada de la Teor\u00eda de la Reproducci\u00f3n Social (1950 \u2013 1980)\u201d; \u201cStrategy and Tactics in a Revolutionary Period: U. S. Trotskyism and the European Revolution, (1943-1946)\u201d.<\/p>\n<p style=\"text-align: justify\">Actualmente se desempe\u00f1a como miembro del equipo de investigaci\u00f3n en el proyecto \u201cEntre Europa y Am\u00e9rica: historia comparativa del socialismo internacional (1890-1973)\u201d financiado por la Secyt-UNC, y en su investigaci\u00f3n posdoctoral titulada \u201cEl trabajo y la emancipaci\u00f3n de las mujeres. Un estudio comparativo de las pol\u00edticas sobre la cuesti\u00f3n de la mujer en las Internacionales Socialistas durante el siglo XX\u201d.<\/p>\n<\/td>\n<\/tr>\n<tr>\n<td style=\"width: 25%\" colspan=\"2\">Contacto: <a href=\"mailto:velia.luparello@unc.edu.ar\">velia.luparello@unc.edu.ar<\/a><\/p>\n<p>ORCID: <a href=\"https:\/\/orcid.org\/0000-0001-9588-5232\">https:\/\/orcid.org\/0000-0001-9588-5232<\/a><br \/>\nResearchGate: <a href=\"https:\/\/www.researchgate.net\/profile\/Velia-Sabrina-Luparello\">https:\/\/www.researchgate.net\/profile\/Velia-Sabrina-Luparello<\/a><\/td>\n<\/tr>\n<\/tbody>\n<\/table>\n","protected":false},"excerpt":{"rendered":"<p>Profesora Asistente interina en Historia Contempor\u00e1nea. Es Doctora y Licenciada en Historia (FFYH \u2013 UNC) especializada en el \u00e1rea de la Historia del socialismo internacional y Feminismos y marxismo en el siglo XX. Becaria posdoctoral por el CIECS-UNC-CONICET. Es autora del libro Los trotskistas bajo el terror nazi. Una historia de la IV Internacional durante&#8230; <\/p>\n<div class=\"link-more\"><a href=\"https:\/\/ffyh.unc.edu.ar\/historia\/nuestrxs-docentes\/luparello\/\">Lea m\u00e1s<\/a><\/div>\n","protected":false},"author":34,"featured_media":0,"parent":4089,"menu_order":0,"comment_status":"closed","ping_status":"closed","template":"","meta":{"_acf_changed":false,"saved_in_kubio":false,"_monsterinsights_skip_tracking":false,"_monsterinsights_sitenote_active":false,"_monsterinsights_sitenote_note":"","_monsterinsights_sitenote_category":0,"footnotes":""},"class_list":["post-4222","page","type-page","status-publish","hentry"],"acf":[],"kubio_ai_page_context":{"short_desc":"","purpose":"general"},"jetpack_sharing_enabled":true,"_links":{"self":[{"href":"https:\/\/ffyh.unc.edu.ar\/historia\/wp-json\/wp\/v2\/pages\/4222","targetHints":{"allow":["GET"]}}],"collection":[{"href":"https:\/\/ffyh.unc.edu.ar\/historia\/wp-json\/wp\/v2\/pages"}],"about":[{"href":"https:\/\/ffyh.unc.edu.ar\/historia\/wp-json\/wp\/v2\/types\/page"}],"author":[{"embeddable":true,"href":"https:\/\/ffyh.unc.edu.ar\/historia\/wp-json\/wp\/v2\/users\/34"}],"replies":[{"embeddable":true,"href":"https:\/\/ffyh.unc.edu.ar\/historia\/wp-json\/wp\/v2\/comments?post=4222"}],"version-history":[{"count":11,"href":"https:\/\/ffyh.unc.edu.ar\/historia\/wp-json\/wp\/v2\/pages\/4222\/revisions"}],"predecessor-version":[{"id":4797,"href":"https:\/\/ffyh.unc.edu.ar\/historia\/wp-json\/wp\/v2\/pages\/4222\/revisions\/4797"}],"up":[{"embeddable":true,"href":"https:\/\/ffyh.unc.edu.ar\/historia\/wp-json\/wp\/v2\/pages\/4089"}],"wp:attachment":[{"href":"https:\/\/ffyh.unc.edu.ar\/historia\/wp-json\/wp\/v2\/media?parent=4222"}],"curies":[{"name":"wp","href":"https:\/\/api.w.org\/{rel}","templated":true}]}}