{"id":4240,"date":"2022-07-28T18:52:15","date_gmt":"2022-07-28T18:52:15","guid":{"rendered":"https:\/\/ffyh.unc.edu.ar\/historia\/?page_id=4240"},"modified":"2022-07-30T13:11:36","modified_gmt":"2022-07-30T13:11:36","slug":"naranjo","status":"publish","type":"page","link":"https:\/\/ffyh.unc.edu.ar\/historia\/nuestrxs-docentes\/naranjo\/","title":{"rendered":"Isabel Naranjo Nore\u00f1a"},"content":{"rendered":"<table style=\"border-collapse: collapse;width: 100%\">\n<tbody>\n<tr>\n<td style=\"text-align: justify\" colspan=\"2\">\n<p style=\"text-align: justify\"><img data-recalc-dims=\"1\" loading=\"lazy\" decoding=\"async\" data-attachment-id=\"4654\" data-permalink=\"https:\/\/ffyh.unc.edu.ar\/historia\/nuestrxs-docentes\/naranjo\/naranjo_foto\/\" data-orig-file=\"https:\/\/i0.wp.com\/ffyh.unc.edu.ar\/historia\/wp-content\/uploads\/sites\/37\/2022\/07\/Naranjo_foto.jpg?fit=958%2C959&amp;ssl=1\" data-orig-size=\"958,959\" data-comments-opened=\"0\" data-image-meta=\"{&quot;aperture&quot;:&quot;0&quot;,&quot;credit&quot;:&quot;&quot;,&quot;camera&quot;:&quot;&quot;,&quot;caption&quot;:&quot;&quot;,&quot;created_timestamp&quot;:&quot;1658961306&quot;,&quot;copyright&quot;:&quot;&quot;,&quot;focal_length&quot;:&quot;0&quot;,&quot;iso&quot;:&quot;0&quot;,&quot;shutter_speed&quot;:&quot;0&quot;,&quot;title&quot;:&quot;&quot;,&quot;orientation&quot;:&quot;1&quot;}\" data-image-title=\"Naranjo_foto\" data-image-description=\"\" data-image-caption=\"\" data-medium-file=\"https:\/\/i0.wp.com\/ffyh.unc.edu.ar\/historia\/wp-content\/uploads\/sites\/37\/2022\/07\/Naranjo_foto.jpg?fit=300%2C300&amp;ssl=1\" data-large-file=\"https:\/\/i0.wp.com\/ffyh.unc.edu.ar\/historia\/wp-content\/uploads\/sites\/37\/2022\/07\/Naranjo_foto.jpg?fit=958%2C959&amp;ssl=1\" class=\"alignleft size-thumbnail wp-image-4654\" src=\"https:\/\/i0.wp.com\/ffyh.unc.edu.ar\/historia\/wp-content\/uploads\/sites\/37\/2022\/07\/Naranjo_foto.jpg?resize=150%2C150\" alt=\"\" width=\"150\" height=\"150\" srcset=\"https:\/\/i0.wp.com\/ffyh.unc.edu.ar\/historia\/wp-content\/uploads\/sites\/37\/2022\/07\/Naranjo_foto.jpg?resize=150%2C150&amp;ssl=1 150w, https:\/\/i0.wp.com\/ffyh.unc.edu.ar\/historia\/wp-content\/uploads\/sites\/37\/2022\/07\/Naranjo_foto.jpg?resize=300%2C300&amp;ssl=1 300w, https:\/\/i0.wp.com\/ffyh.unc.edu.ar\/historia\/wp-content\/uploads\/sites\/37\/2022\/07\/Naranjo_foto.jpg?resize=768%2C769&amp;ssl=1 768w, https:\/\/i0.wp.com\/ffyh.unc.edu.ar\/historia\/wp-content\/uploads\/sites\/37\/2022\/07\/Naranjo_foto.jpg?w=958&amp;ssl=1 958w\" sizes=\"(max-width: 150px) 100vw, 150px\" \/>Profesora Asistente dedicaci\u00f3n simple. Es Doctora en Ciencias Sociales por la Universidade de Bras\u00edlia (UnB-Brasil), Mag\u00edster en Historia por la Universidad Nacional Aut\u00f3noma de M\u00e9xico (UNAM) y Licenciada en Historia por la Universidad Nacional de Colombia (Sede Medell\u00edn). Docente adjunta de la Facultad de Ciencias de la Comunicaci\u00f3n. Actualmente se desempe\u00f1a como secretaria acad\u00e9mica del Doctorado en Estudios Sociales de Am\u00e9rica Latina DESAL en el Centro de Estudios Avanzados CEA-FCS-UNC.<\/p>\n<p style=\"text-align: justify\">Miembro del Programa de Estudios en Teor\u00eda Pol\u00edtica radicado en el CIELC-Conicet, del Proyecto de Investigaci\u00f3n <i>Teor\u00eda Pol\u00edtica Cr\u00edtica. Hacia la construcci\u00f3n de una perspectiva pos-fundacional <\/i>financiado por la Agencia Nacional de Promoci\u00f3n Cient\u00edfica y Tecnol\u00f3gica del Ministerio de Ciencia, Tecnolog\u00eda e Innovaci\u00f3n Productiva\u00a0 y del proyecto de <i>Elites, pol\u00edtica y cultura. Para una historia de los universitarios en Am\u00e9rica Latina, 1870-2018 <\/i>(SeCyT-UNC).<\/p>\n<p>Posee varias publicaciones sobre producci\u00f3n intelectual colombiana y brasile\u00f1a en torno al continente africano y sus descendientes en las Am\u00e9ricas. Su inter\u00e9s e investigaciones m\u00e1s recientes, sin embargo, han estado centrados en el tratamiento que la literatura latinoamericana ha dado a las transformaciones derivadas del Antropoceno. Acaba de coordinar, junto con el Dr. Emmanuel Biset el dossier Arqueolog\u00edas pol\u00edticas del porvenir: del aceleracionismo al antropoceno en la <i>Revista Media\u00e7\u00f5es <\/i>de la Universidade de Londrina, Brasil.<\/td>\n<\/tr>\n<tr>\n<td style=\"width: 0.491159%\" colspan=\"2\">Contacto: <a href=\"mailto:isabel.naranjo@unc.edu.ar\">isabel.naranjo@unc.edu.ar<\/a><\/p>\n<p>ACADEMIA.EDU: <a href=\"https:\/\/cordoba.academia.edu\/IsabelCristinaNaranjoNore%C3%B1a\" target=\"_blank\" rel=\"noopener\">https:\/\/cordoba.academia.edu\/IsabelCristinaNaranjoNore%C3%B1a<\/a><\/td>\n<\/tr>\n<\/tbody>\n<\/table>\n","protected":false},"excerpt":{"rendered":"<p>Profesora Asistente dedicaci\u00f3n simple. Es Doctora en Ciencias Sociales por la Universidade de Bras\u00edlia (UnB-Brasil), Mag\u00edster en Historia por la Universidad Nacional Aut\u00f3noma de M\u00e9xico (UNAM) y Licenciada en Historia por la Universidad Nacional de Colombia (Sede Medell\u00edn). Docente adjunta de la Facultad de Ciencias de la Comunicaci\u00f3n. Actualmente se desempe\u00f1a como secretaria acad\u00e9mica del&#8230; <\/p>\n<div class=\"link-more\"><a href=\"https:\/\/ffyh.unc.edu.ar\/historia\/nuestrxs-docentes\/naranjo\/\">Lea m\u00e1s<\/a><\/div>\n","protected":false},"author":34,"featured_media":0,"parent":4089,"menu_order":0,"comment_status":"closed","ping_status":"closed","template":"","meta":{"_acf_changed":false,"saved_in_kubio":false,"_monsterinsights_skip_tracking":false,"_monsterinsights_sitenote_active":false,"_monsterinsights_sitenote_note":"","_monsterinsights_sitenote_category":0,"footnotes":""},"class_list":["post-4240","page","type-page","status-publish","hentry"],"acf":[],"kubio_ai_page_context":{"short_desc":"","purpose":"general"},"jetpack_sharing_enabled":true,"_links":{"self":[{"href":"https:\/\/ffyh.unc.edu.ar\/historia\/wp-json\/wp\/v2\/pages\/4240","targetHints":{"allow":["GET"]}}],"collection":[{"href":"https:\/\/ffyh.unc.edu.ar\/historia\/wp-json\/wp\/v2\/pages"}],"about":[{"href":"https:\/\/ffyh.unc.edu.ar\/historia\/wp-json\/wp\/v2\/types\/page"}],"author":[{"embeddable":true,"href":"https:\/\/ffyh.unc.edu.ar\/historia\/wp-json\/wp\/v2\/users\/34"}],"replies":[{"embeddable":true,"href":"https:\/\/ffyh.unc.edu.ar\/historia\/wp-json\/wp\/v2\/comments?post=4240"}],"version-history":[{"count":5,"href":"https:\/\/ffyh.unc.edu.ar\/historia\/wp-json\/wp\/v2\/pages\/4240\/revisions"}],"predecessor-version":[{"id":4655,"href":"https:\/\/ffyh.unc.edu.ar\/historia\/wp-json\/wp\/v2\/pages\/4240\/revisions\/4655"}],"up":[{"embeddable":true,"href":"https:\/\/ffyh.unc.edu.ar\/historia\/wp-json\/wp\/v2\/pages\/4089"}],"wp:attachment":[{"href":"https:\/\/ffyh.unc.edu.ar\/historia\/wp-json\/wp\/v2\/media?parent=4240"}],"curies":[{"name":"wp","href":"https:\/\/api.w.org\/{rel}","templated":true}]}}