{"id":4242,"date":"2022-07-28T18:52:38","date_gmt":"2022-07-28T18:52:38","guid":{"rendered":"https:\/\/ffyh.unc.edu.ar\/historia\/?page_id=4242"},"modified":"2022-08-04T15:42:45","modified_gmt":"2022-08-04T15:42:45","slug":"almada","status":"publish","type":"page","link":"https:\/\/ffyh.unc.edu.ar\/historia\/nuestrxs-docentes\/almada\/","title":{"rendered":"Julieta Almada"},"content":{"rendered":"<table style=\"border-collapse: collapse;width: 100%\">\n<tbody>\n<tr>\n<td colspan=\"2\">\n<p style=\"text-align: justify\"><img data-recalc-dims=\"1\" loading=\"lazy\" decoding=\"async\" data-attachment-id=\"4862\" data-permalink=\"https:\/\/ffyh.unc.edu.ar\/historia\/nuestrxs-docentes\/almada\/almada_foto\/\" data-orig-file=\"https:\/\/i0.wp.com\/ffyh.unc.edu.ar\/historia\/wp-content\/uploads\/sites\/37\/2022\/08\/Almada_foto.jpg?fit=1937%2C1937&amp;ssl=1\" data-orig-size=\"1937,1937\" data-comments-opened=\"0\" data-image-meta=\"{&quot;aperture&quot;:&quot;2&quot;,&quot;credit&quot;:&quot;&quot;,&quot;camera&quot;:&quot;moto g(8) plus&quot;,&quot;caption&quot;:&quot;&quot;,&quot;created_timestamp&quot;:&quot;1608853016&quot;,&quot;copyright&quot;:&quot;&quot;,&quot;focal_length&quot;:&quot;3.81&quot;,&quot;iso&quot;:&quot;1488&quot;,&quot;shutter_speed&quot;:&quot;0.071428571428571&quot;,&quot;title&quot;:&quot;&quot;,&quot;orientation&quot;:&quot;1&quot;}\" data-image-title=\"Almada_foto\" data-image-description=\"\" data-image-caption=\"\" data-medium-file=\"https:\/\/i0.wp.com\/ffyh.unc.edu.ar\/historia\/wp-content\/uploads\/sites\/37\/2022\/08\/Almada_foto.jpg?fit=300%2C300&amp;ssl=1\" data-large-file=\"https:\/\/i0.wp.com\/ffyh.unc.edu.ar\/historia\/wp-content\/uploads\/sites\/37\/2022\/08\/Almada_foto.jpg?fit=1000%2C1000&amp;ssl=1\" class=\"alignleft size-thumbnail wp-image-4862\" src=\"https:\/\/i0.wp.com\/ffyh.unc.edu.ar\/historia\/wp-content\/uploads\/sites\/37\/2022\/08\/Almada_foto.jpg?resize=150%2C150\" alt=\"\" width=\"150\" height=\"150\" srcset=\"https:\/\/i0.wp.com\/ffyh.unc.edu.ar\/historia\/wp-content\/uploads\/sites\/37\/2022\/08\/Almada_foto.jpg?resize=150%2C150&amp;ssl=1 150w, https:\/\/i0.wp.com\/ffyh.unc.edu.ar\/historia\/wp-content\/uploads\/sites\/37\/2022\/08\/Almada_foto.jpg?resize=300%2C300&amp;ssl=1 300w, https:\/\/i0.wp.com\/ffyh.unc.edu.ar\/historia\/wp-content\/uploads\/sites\/37\/2022\/08\/Almada_foto.jpg?resize=1024%2C1024&amp;ssl=1 1024w, https:\/\/i0.wp.com\/ffyh.unc.edu.ar\/historia\/wp-content\/uploads\/sites\/37\/2022\/08\/Almada_foto.jpg?resize=768%2C768&amp;ssl=1 768w, https:\/\/i0.wp.com\/ffyh.unc.edu.ar\/historia\/wp-content\/uploads\/sites\/37\/2022\/08\/Almada_foto.jpg?resize=1536%2C1536&amp;ssl=1 1536w, https:\/\/i0.wp.com\/ffyh.unc.edu.ar\/historia\/wp-content\/uploads\/sites\/37\/2022\/08\/Almada_foto.jpg?w=1937&amp;ssl=1 1937w\" sizes=\"(max-width: 150px) 100vw, 150px\" \/>Profesora Asistente dedicaci\u00f3n simple. Es Licenciada en Historia por la Universidad Nacional de C\u00f3rdoba y estudiante del Doctorado en Historia de la misma casa. Docente en Historia Econ\u00f3mica y Social de la Facultad de Ciencias Econ\u00f3micas.<\/p>\n<p style=\"text-align: justify\">Miembro del\u00a0Programa \u00abEstudios locales y regionales en la conformaci\u00f3n hist\u00f3rica de sujetos sociales y actores pol\u00edticos en Am\u00e9rica Latina\u00bb (Dir. Dr. Javier Moyano; Coord.: Lic. Pablo Iparraguirre), del\u00a0proyecto de\u00a0<em>Elites, pol\u00edtica y cultura. Para una historia de los universitarios en Am\u00e9rica Latina, 1870-2018\u00a0<\/em>(SeCyT-UNC), dirigido por Javier Moyano. Participa actualmente en el proyecto de investigaci\u00f3n\u00a0\u201c(Re)mapear las respuestas contra el hambre. Procesos y condiciones de trabajo en comedores y merenderos desde una perspectiva de g\u00e9nero en la ciudad de C\u00f3rdoba\u201d (Dir. Karina Tomatis).<\/p>\n<p style=\"text-align: justify\">Posee publicaciones sobre diversas tem\u00e1ticas. Entre las principales, se encuentran \u00a0los cap\u00edtulos\u201cArgentina: el universalismo posible. Respuestas estatales frente a la crisis.\u201d. En Mariana Heredia (comp.). <em>Tramitar la urgencia. El Estado y la Sociedad Argentina ante la crisis del Covid 19<\/em>. Siglo XXI (en prensa) junto a Pablo Gordon y Pablo Nemi\u00f1a;\u00a0\u00abEl poder de la Isla. La conformaci\u00f3n y composici\u00f3n del elenco de ministros angelocistas\u00bb. En Pablo Iparraguirre, Javier Moyano y Pablo Requena (comp.), <em>Un ojo compuesto para mirar Am\u00e9rica Latina, <\/em>Serie cuadernos de Investigaci\u00f3n del Centro de Estudios Avanzados, C\u00f3rdoba.\u00a0Entre los art\u00edculos en revistas indexadas, podemos mencionar\u00a0\u00abLa teor\u00eda de la regulaci\u00f3n: aportes para comprender las din\u00e1micas de desarrollo econ\u00f3mico y crisis en el capitalismo industrial del siglo XX\u00bb. <em>Iberoamerican journal of development studies<\/em>. Vol. 10, Issue 1 (2021): January &#8211; June 2021, pp. 34-57. junto a Jos\u00e9 Sidler y Emilia Ormaechea;\u00a0\u00abEstado, econom\u00eda y pol\u00edtica: las intervenciones sociales del estado orientadas al mercado de trabajo en la provincia de C\u00f3rdoba entre 1983 y 1995\u00bb. <em>Anuario de la Escuela de Historia Virtual<\/em>, (15), pp. 68-90;\u00a0\u00abLa econom\u00eda cordobesa en el marco de la \u00faltima dictadura c\u00edvico-militar argentina: Cambios en los albores de la valorizaci\u00f3n financiera\u00bb. <em>Coordenadas. Revista de Historia Local y Regional<\/em>, <em>Vol 6<\/em>(N\u00ba1), pp. 92-111, junto a Federico Reche.<\/p>\n<p style=\"text-align: justify\">Ha participado de proyectos de extensi\u00f3n universitaria y dictado cursos de formaci\u00f3n docente sobre temas de econom\u00eda pol\u00edtica e historia latinoamericana. Ha sido consejera en el HCD por el claustro de egresades y el estudiantil en diversas ocasiones. Participa en redes como la\u00a0<em>Asociaci\u00f3n Argentina de Historia Econ\u00f3mica (AAHE), la\u00a0Asociaci\u00f3n Argentina de Especialistas en Estudios del Trabajo<\/em> <em>(ASET) y la\u00a0Red Interc\u00e1tedras de Historia de Am\u00e9rica Latina Contempor\u00e1nea (RIHALC)<\/em>.<\/p>\n<\/td>\n<\/tr>\n<tr>\n<td style=\"width: 0.491159%\" colspan=\"2\">Contacto: <a href=\"mailto:julieta.almada@unc.edu.ar\" target=\"_blank\" rel=\"noopener\">julieta.almada@unc.edu.ar<\/a><\/p>\n<p>Academia.edu: <a href=\"https:\/\/cordoba.academia.edu\/JulietaAlmada\" data-saferedirecturl=\"https:\/\/www.google.com\/url?q=https:\/\/cordoba.academia.edu\/JulietaAlmada&amp;source=gmail&amp;ust=1659705372877000&amp;usg=AOvVaw2V9BOrvVq7UsoOby8G-LE1\">https:\/\/cordoba.academia.edu\/JulietaAlmada<\/a><\/td>\n<\/tr>\n<\/tbody>\n<\/table>\n","protected":false},"excerpt":{"rendered":"<p>Profesora Asistente dedicaci\u00f3n simple. Es Licenciada en Historia por la Universidad Nacional de C\u00f3rdoba y estudiante del Doctorado en Historia de la misma casa. Docente en Historia Econ\u00f3mica y Social de la Facultad de Ciencias Econ\u00f3micas. Miembro del\u00a0Programa \u00abEstudios locales y regionales en la conformaci\u00f3n hist\u00f3rica de sujetos sociales y actores pol\u00edticos en Am\u00e9rica Latina\u00bb&#8230; <\/p>\n<div class=\"link-more\"><a href=\"https:\/\/ffyh.unc.edu.ar\/historia\/nuestrxs-docentes\/almada\/\">Lea m\u00e1s<\/a><\/div>\n","protected":false},"author":34,"featured_media":0,"parent":4089,"menu_order":0,"comment_status":"closed","ping_status":"closed","template":"","meta":{"_acf_changed":false,"saved_in_kubio":false,"_monsterinsights_skip_tracking":false,"_monsterinsights_sitenote_active":false,"_monsterinsights_sitenote_note":"","_monsterinsights_sitenote_category":0,"footnotes":""},"class_list":["post-4242","page","type-page","status-publish","hentry"],"acf":[],"kubio_ai_page_context":{"short_desc":"","purpose":"general"},"jetpack_sharing_enabled":true,"_links":{"self":[{"href":"https:\/\/ffyh.unc.edu.ar\/historia\/wp-json\/wp\/v2\/pages\/4242","targetHints":{"allow":["GET"]}}],"collection":[{"href":"https:\/\/ffyh.unc.edu.ar\/historia\/wp-json\/wp\/v2\/pages"}],"about":[{"href":"https:\/\/ffyh.unc.edu.ar\/historia\/wp-json\/wp\/v2\/types\/page"}],"author":[{"embeddable":true,"href":"https:\/\/ffyh.unc.edu.ar\/historia\/wp-json\/wp\/v2\/users\/34"}],"replies":[{"embeddable":true,"href":"https:\/\/ffyh.unc.edu.ar\/historia\/wp-json\/wp\/v2\/comments?post=4242"}],"version-history":[{"count":6,"href":"https:\/\/ffyh.unc.edu.ar\/historia\/wp-json\/wp\/v2\/pages\/4242\/revisions"}],"predecessor-version":[{"id":4364,"href":"https:\/\/ffyh.unc.edu.ar\/historia\/wp-json\/wp\/v2\/pages\/4242\/revisions\/4364"}],"up":[{"embeddable":true,"href":"https:\/\/ffyh.unc.edu.ar\/historia\/wp-json\/wp\/v2\/pages\/4089"}],"wp:attachment":[{"href":"https:\/\/ffyh.unc.edu.ar\/historia\/wp-json\/wp\/v2\/media?parent=4242"}],"curies":[{"name":"wp","href":"https:\/\/api.w.org\/{rel}","templated":true}]}}