{"id":4244,"date":"2022-07-28T18:52:55","date_gmt":"2022-07-28T18:52:55","guid":{"rendered":"https:\/\/ffyh.unc.edu.ar\/historia\/?page_id=4244"},"modified":"2022-09-16T21:22:28","modified_gmt":"2022-09-16T21:22:28","slug":"santillan","status":"publish","type":"page","link":"https:\/\/ffyh.unc.edu.ar\/historia\/nuestrxs-docentes\/santillan\/","title":{"rendered":"Gustavo Enrique Santill\u00e1n"},"content":{"rendered":"<table style=\"border-collapse: collapse;width: 100%\">\n<tbody>\n<tr>\n<td style=\"text-align: justify\" colspan=\"2\">\n<p style=\"text-align: justify\"><img data-recalc-dims=\"1\" loading=\"lazy\" decoding=\"async\" data-attachment-id=\"5012\" data-permalink=\"https:\/\/ffyh.unc.edu.ar\/historia\/nuestrxs-docentes\/santillan\/santillan_foto\/\" data-orig-file=\"https:\/\/i0.wp.com\/ffyh.unc.edu.ar\/historia\/wp-content\/uploads\/sites\/37\/2022\/09\/Santillan_foto.jpg?fit=639%2C597&amp;ssl=1\" data-orig-size=\"639,597\" data-comments-opened=\"0\" data-image-meta=\"{&quot;aperture&quot;:&quot;0&quot;,&quot;credit&quot;:&quot;&quot;,&quot;camera&quot;:&quot;&quot;,&quot;caption&quot;:&quot;&quot;,&quot;created_timestamp&quot;:&quot;0&quot;,&quot;copyright&quot;:&quot;&quot;,&quot;focal_length&quot;:&quot;0&quot;,&quot;iso&quot;:&quot;0&quot;,&quot;shutter_speed&quot;:&quot;0&quot;,&quot;title&quot;:&quot;&quot;,&quot;orientation&quot;:&quot;0&quot;}\" data-image-title=\"Santill\u00e1n_foto\" data-image-description=\"\" data-image-caption=\"\" data-medium-file=\"https:\/\/i0.wp.com\/ffyh.unc.edu.ar\/historia\/wp-content\/uploads\/sites\/37\/2022\/09\/Santillan_foto.jpg?fit=300%2C280&amp;ssl=1\" data-large-file=\"https:\/\/i0.wp.com\/ffyh.unc.edu.ar\/historia\/wp-content\/uploads\/sites\/37\/2022\/09\/Santillan_foto.jpg?fit=639%2C597&amp;ssl=1\" class=\"alignleft size-thumbnail wp-image-5012\" src=\"https:\/\/i0.wp.com\/ffyh.unc.edu.ar\/historia\/wp-content\/uploads\/sites\/37\/2022\/09\/Santillan_foto.jpg?resize=150%2C150\" alt=\"\" width=\"150\" height=\"150\" srcset=\"https:\/\/i0.wp.com\/ffyh.unc.edu.ar\/historia\/wp-content\/uploads\/sites\/37\/2022\/09\/Santillan_foto.jpg?resize=150%2C150&amp;ssl=1 150w, https:\/\/i0.wp.com\/ffyh.unc.edu.ar\/historia\/wp-content\/uploads\/sites\/37\/2022\/09\/Santillan_foto.jpg?zoom=2&amp;resize=150%2C150 300w, https:\/\/i0.wp.com\/ffyh.unc.edu.ar\/historia\/wp-content\/uploads\/sites\/37\/2022\/09\/Santillan_foto.jpg?zoom=3&amp;resize=150%2C150 450w\" sizes=\"(max-width: 150px) 100vw, 150px\" \/>Profesor Adjunto interino (Asistente por concurso) en Historia Contempor\u00e1nea de Asia y \u00c1frica (UNC). Es Profesor, Licenciado y Doctor en Historia (Universidad Nacional de C\u00f3rdoba, UNC). Especialista en Estudios de Asia Oriental con menci\u00f3n en China (UNC). Posdoctorado en Ciencias Sociales (Universidad Estadual de San Pablo, UNESP). Investigador adjunto (Centro de Investigaciones y Estudios sobre Cultura y Sociedad \u2013 CIECS, CONICET y UNC). Profesor y miembro del Comit\u00e9 Asesor de la Especializaci\u00f3n en Estudios Chinos (Instituto de Relaciones Internacionales \u2013IRI-, Universidad Nacional de La Plata). Profesor y coordinador t\u00e9cnico-acad\u00e9mico de la Diplomatura \u201cUn Puente hacia China: Cultura y Negocios\u201d (Facultad de Ciencias Econ\u00f3micas, UNC). Miembro de la Comisi\u00f3n Directiva de la Asociaci\u00f3n Latinoamericana de Estudios de Asia y \u00c1frica (ALADAA \u2013 secci\u00f3n Argentina). Director del Proyecto de Investigaci\u00f3n \u201cFuentes ideol\u00f3gicas y persistencias culturales en el lenguaje pol\u00edtico de las \u00e9lites gubernamentales chinas. Una aproximaci\u00f3n hist\u00f3rica para la comprensi\u00f3n de las regulaciones y comunicaci\u00f3n estatal\u201d (Facultad de Filosof\u00eda y Humanidades, UNC). Coordinador del Programa de Investigaci\u00f3n \u201cEstudios sobre China: Econom\u00eda, Pol\u00edtica e Historia\u201d (CIECS, CONICET y UNC).<\/p>\n<p style=\"text-align: justify\">Ha realizado investigaciones sobre Historia Econ\u00f3mica de la Rep\u00fablica Popular China (RPCh) durante el periodo de Reforma y Apertura (1978-actualidad), y su \u00e1rea de especializaci\u00f3n actual consiste en el estudio hist\u00f3rico de las ideas pol\u00edticas chinas.<\/p>\n<p style=\"text-align: justify\">Ha realizado estancias de investigaci\u00f3n en la Universidad Normal del Centro de China (Wuhan, RPCh) y en la UNESP. Ha sido profesor invitado en diversas universidades del \u00e1mbito internacional, y ha publicado diversos trabajos referentes a su \u00e1rea de desempe\u00f1o, en revistas especializadas del \u00e1mbito nacional e internacional.<\/p>\n<p>Dirige, en el \u00e1mbito de formaci\u00f3n de profesionales, un investigador de Carrera de Investigador Cient\u00edfico (CIC-CONICET), un trabajo de investigaci\u00f3n doctoral en Relaciones Internacionales (IRI-CONICET), una tesis de maestr\u00eda en Relaciones Internacionales (UNC), y diversos trabajos de Especializaci\u00f3n en Estudios Chinos y Licenciaturas en Historia, todos referidos al \u00e1rea de su incumbencia.<\/td>\n<\/tr>\n<tr>\n<td style=\"width: 0.491159%\" colspan=\"2\">Contacto: <a href=\"mailto:gustavo.enrique.santillan@unc.edu.ar\">gustavo.enrique.santillan@unc.edu.ar<\/a><\/p>\n<p>ORCID: <a href=\"https:\/\/orcid.org\/0000-0002-3162-7303\" target=\"_blank\" rel=\"noopener\">https:\/\/orcid.org\/0000-0002-3162-7303<\/a><\/p>\n<p>&nbsp;<\/td>\n<\/tr>\n<\/tbody>\n<\/table>\n","protected":false},"excerpt":{"rendered":"<p>Profesor Adjunto interino (Asistente por concurso) en Historia Contempor\u00e1nea de Asia y \u00c1frica (UNC). Es Profesor, Licenciado y Doctor en Historia (Universidad Nacional de C\u00f3rdoba, UNC). Especialista en Estudios de Asia Oriental con menci\u00f3n en China (UNC). Posdoctorado en Ciencias Sociales (Universidad Estadual de San Pablo, UNESP). Investigador adjunto (Centro de Investigaciones y Estudios sobre&#8230; <\/p>\n<div class=\"link-more\"><a href=\"https:\/\/ffyh.unc.edu.ar\/historia\/nuestrxs-docentes\/santillan\/\">Lea m\u00e1s<\/a><\/div>\n","protected":false},"author":34,"featured_media":0,"parent":4089,"menu_order":0,"comment_status":"closed","ping_status":"closed","template":"","meta":{"_acf_changed":false,"saved_in_kubio":false,"_monsterinsights_skip_tracking":false,"_monsterinsights_sitenote_active":false,"_monsterinsights_sitenote_note":"","_monsterinsights_sitenote_category":0,"footnotes":""},"class_list":["post-4244","page","type-page","status-publish","hentry"],"acf":[],"kubio_ai_page_context":{"short_desc":"","purpose":"general"},"jetpack_sharing_enabled":true,"_links":{"self":[{"href":"https:\/\/ffyh.unc.edu.ar\/historia\/wp-json\/wp\/v2\/pages\/4244","targetHints":{"allow":["GET"]}}],"collection":[{"href":"https:\/\/ffyh.unc.edu.ar\/historia\/wp-json\/wp\/v2\/pages"}],"about":[{"href":"https:\/\/ffyh.unc.edu.ar\/historia\/wp-json\/wp\/v2\/types\/page"}],"author":[{"embeddable":true,"href":"https:\/\/ffyh.unc.edu.ar\/historia\/wp-json\/wp\/v2\/users\/34"}],"replies":[{"embeddable":true,"href":"https:\/\/ffyh.unc.edu.ar\/historia\/wp-json\/wp\/v2\/comments?post=4244"}],"version-history":[{"count":5,"href":"https:\/\/ffyh.unc.edu.ar\/historia\/wp-json\/wp\/v2\/pages\/4244\/revisions"}],"predecessor-version":[{"id":5013,"href":"https:\/\/ffyh.unc.edu.ar\/historia\/wp-json\/wp\/v2\/pages\/4244\/revisions\/5013"}],"up":[{"embeddable":true,"href":"https:\/\/ffyh.unc.edu.ar\/historia\/wp-json\/wp\/v2\/pages\/4089"}],"wp:attachment":[{"href":"https:\/\/ffyh.unc.edu.ar\/historia\/wp-json\/wp\/v2\/media?parent=4244"}],"curies":[{"name":"wp","href":"https:\/\/api.w.org\/{rel}","templated":true}]}}