{"id":4256,"date":"2022-07-28T18:59:59","date_gmt":"2022-07-28T18:59:59","guid":{"rendered":"https:\/\/ffyh.unc.edu.ar\/historia\/?page_id=4256"},"modified":"2022-07-30T14:42:08","modified_gmt":"2022-07-30T14:42:08","slug":"malecki","status":"publish","type":"page","link":"https:\/\/ffyh.unc.edu.ar\/historia\/nuestrxs-docentes\/malecki\/","title":{"rendered":"Juan Sebasti\u00e1n Malecki"},"content":{"rendered":"<table style=\"border-collapse: collapse;width: 100%\">\n<tbody>\n<tr>\n<td colspan=\"2\">\n<p style=\"text-align: justify\"><img data-recalc-dims=\"1\" loading=\"lazy\" decoding=\"async\" data-attachment-id=\"4527\" data-permalink=\"https:\/\/ffyh.unc.edu.ar\/historia\/nuestrxs-docentes\/malecki\/malecki_foto\/\" data-orig-file=\"https:\/\/i0.wp.com\/ffyh.unc.edu.ar\/historia\/wp-content\/uploads\/sites\/37\/2022\/07\/Malecki_foto.png?fit=288%2C289&amp;ssl=1\" data-orig-size=\"288,289\" data-comments-opened=\"0\" data-image-meta=\"{&quot;aperture&quot;:&quot;0&quot;,&quot;credit&quot;:&quot;&quot;,&quot;camera&quot;:&quot;&quot;,&quot;caption&quot;:&quot;&quot;,&quot;created_timestamp&quot;:&quot;0&quot;,&quot;copyright&quot;:&quot;&quot;,&quot;focal_length&quot;:&quot;0&quot;,&quot;iso&quot;:&quot;0&quot;,&quot;shutter_speed&quot;:&quot;0&quot;,&quot;title&quot;:&quot;&quot;,&quot;orientation&quot;:&quot;0&quot;}\" data-image-title=\"Malecki_foto\" data-image-description=\"\" data-image-caption=\"\" data-medium-file=\"https:\/\/i0.wp.com\/ffyh.unc.edu.ar\/historia\/wp-content\/uploads\/sites\/37\/2022\/07\/Malecki_foto.png?fit=288%2C289&amp;ssl=1\" data-large-file=\"https:\/\/i0.wp.com\/ffyh.unc.edu.ar\/historia\/wp-content\/uploads\/sites\/37\/2022\/07\/Malecki_foto.png?fit=288%2C289&amp;ssl=1\" class=\"alignleft size-thumbnail wp-image-4527\" src=\"https:\/\/i0.wp.com\/ffyh.unc.edu.ar\/historia\/wp-content\/uploads\/sites\/37\/2022\/07\/Malecki_foto.png?resize=150%2C150\" alt=\"\" width=\"150\" height=\"150\" srcset=\"https:\/\/i0.wp.com\/ffyh.unc.edu.ar\/historia\/wp-content\/uploads\/sites\/37\/2022\/07\/Malecki_foto.png?resize=150%2C150&amp;ssl=1 150w, https:\/\/i0.wp.com\/ffyh.unc.edu.ar\/historia\/wp-content\/uploads\/sites\/37\/2022\/07\/Malecki_foto.png?w=288&amp;ssl=1 288w\" sizes=\"(max-width: 150px) 100vw, 150px\" \/>Es Licenciado en Filosof\u00eda y Doctor en Historia por la Universidad Nacional de C\u00f3rdoba (UNC), Magister en Estudios Latinoamericanos por la Universidad Cat\u00f3lica de Lovaina, B\u00e9lgica. Tambi\u00e9n es Profesor Asistente de Historia de la Arquitectura IIIB (Facultad de Arquitectura, Urbanismo y Dise\u00f1o UNC). Investigador Asistente de Conicet. Categor\u00eda 3 en el Programa de Incentivos a Docentes-Investigadores. Su \u00e1rea de trabajo es la historia de la arquitectura, el urbanismo y la ciudad en la Argentina del siglo XX, abordada desde la perspectiva de la historia cultural y la historia intelectual. Ha sido becario de Conicet y de la Comisi\u00f3n Europea. Realiz\u00f3 una estancia de investigaci\u00f3n en la Universidad Cat\u00f3lica de Lovaina, B\u00e9lgica (2014-2015).<\/p>\n<p style=\"text-align: justify\">Ha publicado el libro <i>Estratos del tiempo: la ciudad universitaria de C\u00f3rdoba (1909-1989)<\/i> y fue co-editor, junto a H\u00e9ctor Shmucler y M\u00f3nica Gordillo, de <i>El obrerismo de Pasado y Presente<\/i>. Entre sus principales art\u00edculos publicados, se puede mencionar \u201cModernidad, identidad y arquitectura: los debates regionalistas en Ame\u0301rica Latina (1983- 1989)\u201d; \u201cLa recepci\u00f3n temprana de Frank Lloyd Wright en Argentina: el caso de Carlos Lange (1942-1953)\u201d (en co-autor\u00eda con Gonzalo Fuzs); \u201cEntre la eficiencia y la domesticidad. Ideas y pol\u00edticas urbanas en la ciudad del post-Cordobazo (1969-1970)\u201d; \u201cErnesto La Padula en C\u00f3rdoba: peronismo y ciudad, 1946-1955\u201d; y \u201c\u00bfUna arquitectura imposible? Arquitectura y pol\u00edtica en el Taller Total de C\u00f3rdoba 1970-1975\u201d.<\/p>\n<p style=\"text-align: justify\">Actualmente dirige el proyecto de investigaci\u00f3n \u201cC\u00f3rdoba\u00a0<i>moderna<\/i>: arquitectura, ciudad, cultura (1936-1978)\u201d. Categor\u00eda III del programa de incentivos a los docentes-investigadores.<\/p>\n<\/td>\n<\/tr>\n<tr>\n<td style=\"width: 0.491159%\" colspan=\"2\">Contacto: <a href=\"mailto:sebamalecki@unc.edu.ar\">sebamalecki@unc.edu.ar<\/a><\/p>\n<p>RESEARCH GATE: <a href=\"https:\/\/www.researchgate.net\/profile\/Sebastian-Malecki\">https:\/\/www.researchgate.net\/profile\/Sebastian-Malecki<\/a><br \/>\nACADEMIA.EDU:\u00a0<a href=\"https:\/\/cordoba.academia.edu\/SebastianMalecki\">https:\/\/cordoba.academia.edu\/SebastianMalecki<\/a><\/td>\n<\/tr>\n<\/tbody>\n<\/table>\n","protected":false},"excerpt":{"rendered":"<p>Es Licenciado en Filosof\u00eda y Doctor en Historia por la Universidad Nacional de C\u00f3rdoba (UNC), Magister en Estudios Latinoamericanos por la Universidad Cat\u00f3lica de Lovaina, B\u00e9lgica. Tambi\u00e9n es Profesor Asistente de Historia de la Arquitectura IIIB (Facultad de Arquitectura, Urbanismo y Dise\u00f1o UNC). Investigador Asistente de Conicet. Categor\u00eda 3 en el Programa de Incentivos a&#8230; <\/p>\n<div class=\"link-more\"><a href=\"https:\/\/ffyh.unc.edu.ar\/historia\/nuestrxs-docentes\/malecki\/\">Lea m\u00e1s<\/a><\/div>\n","protected":false},"author":34,"featured_media":0,"parent":4089,"menu_order":0,"comment_status":"closed","ping_status":"closed","template":"","meta":{"_acf_changed":false,"saved_in_kubio":false,"_monsterinsights_skip_tracking":false,"_monsterinsights_sitenote_active":false,"_monsterinsights_sitenote_note":"","_monsterinsights_sitenote_category":0,"footnotes":""},"class_list":["post-4256","page","type-page","status-publish","hentry"],"acf":[],"kubio_ai_page_context":{"short_desc":"","purpose":"general"},"jetpack_sharing_enabled":true,"_links":{"self":[{"href":"https:\/\/ffyh.unc.edu.ar\/historia\/wp-json\/wp\/v2\/pages\/4256","targetHints":{"allow":["GET"]}}],"collection":[{"href":"https:\/\/ffyh.unc.edu.ar\/historia\/wp-json\/wp\/v2\/pages"}],"about":[{"href":"https:\/\/ffyh.unc.edu.ar\/historia\/wp-json\/wp\/v2\/types\/page"}],"author":[{"embeddable":true,"href":"https:\/\/ffyh.unc.edu.ar\/historia\/wp-json\/wp\/v2\/users\/34"}],"replies":[{"embeddable":true,"href":"https:\/\/ffyh.unc.edu.ar\/historia\/wp-json\/wp\/v2\/comments?post=4256"}],"version-history":[{"count":5,"href":"https:\/\/ffyh.unc.edu.ar\/historia\/wp-json\/wp\/v2\/pages\/4256\/revisions"}],"predecessor-version":[{"id":4755,"href":"https:\/\/ffyh.unc.edu.ar\/historia\/wp-json\/wp\/v2\/pages\/4256\/revisions\/4755"}],"up":[{"embeddable":true,"href":"https:\/\/ffyh.unc.edu.ar\/historia\/wp-json\/wp\/v2\/pages\/4089"}],"wp:attachment":[{"href":"https:\/\/ffyh.unc.edu.ar\/historia\/wp-json\/wp\/v2\/media?parent=4256"}],"curies":[{"name":"wp","href":"https:\/\/api.w.org\/{rel}","templated":true}]}}