{"id":4258,"date":"2022-07-28T19:00:56","date_gmt":"2022-07-28T19:00:56","guid":{"rendered":"https:\/\/ffyh.unc.edu.ar\/historia\/?page_id=4258"},"modified":"2022-09-01T11:51:38","modified_gmt":"2022-09-01T11:51:38","slug":"cerda","status":"publish","type":"page","link":"https:\/\/ffyh.unc.edu.ar\/historia\/nuestrxs-docentes\/cerda\/","title":{"rendered":"Mar\u00eda Celeste Cerd\u00e1"},"content":{"rendered":"<table style=\"border-collapse: collapse;width: 100%\">\n<tbody>\n<tr>\n<td colspan=\"2\"><img data-recalc-dims=\"1\" loading=\"lazy\" decoding=\"async\" data-attachment-id=\"4956\" data-permalink=\"https:\/\/ffyh.unc.edu.ar\/historia\/nuestrxs-docentes\/cerda\/celeste\/\" data-orig-file=\"https:\/\/i0.wp.com\/ffyh.unc.edu.ar\/historia\/wp-content\/uploads\/sites\/37\/2022\/09\/celeste.jpg?fit=1066%2C1600&amp;ssl=1\" data-orig-size=\"1066,1600\" data-comments-opened=\"0\" data-image-meta=\"{&quot;aperture&quot;:&quot;0&quot;,&quot;credit&quot;:&quot;&quot;,&quot;camera&quot;:&quot;&quot;,&quot;caption&quot;:&quot;&quot;,&quot;created_timestamp&quot;:&quot;0&quot;,&quot;copyright&quot;:&quot;&quot;,&quot;focal_length&quot;:&quot;0&quot;,&quot;iso&quot;:&quot;0&quot;,&quot;shutter_speed&quot;:&quot;0&quot;,&quot;title&quot;:&quot;&quot;,&quot;orientation&quot;:&quot;0&quot;}\" data-image-title=\"celeste\" data-image-description=\"\" data-image-caption=\"\" data-medium-file=\"https:\/\/i0.wp.com\/ffyh.unc.edu.ar\/historia\/wp-content\/uploads\/sites\/37\/2022\/09\/celeste.jpg?fit=200%2C300&amp;ssl=1\" data-large-file=\"https:\/\/i0.wp.com\/ffyh.unc.edu.ar\/historia\/wp-content\/uploads\/sites\/37\/2022\/09\/celeste.jpg?fit=682%2C1024&amp;ssl=1\" class=\"alignleft size-thumbnail wp-image-4956\" src=\"https:\/\/i0.wp.com\/ffyh.unc.edu.ar\/historia\/wp-content\/uploads\/sites\/37\/2022\/09\/celeste.jpg?resize=150%2C150\" alt=\"\" width=\"150\" height=\"150\" srcset=\"https:\/\/i0.wp.com\/ffyh.unc.edu.ar\/historia\/wp-content\/uploads\/sites\/37\/2022\/09\/celeste.jpg?resize=150%2C150&amp;ssl=1 150w, https:\/\/i0.wp.com\/ffyh.unc.edu.ar\/historia\/wp-content\/uploads\/sites\/37\/2022\/09\/celeste.jpg?zoom=2&amp;resize=150%2C150 300w, https:\/\/i0.wp.com\/ffyh.unc.edu.ar\/historia\/wp-content\/uploads\/sites\/37\/2022\/09\/celeste.jpg?zoom=3&amp;resize=150%2C150 450w\" sizes=\"(max-width: 150px) 100vw, 150px\" \/>Profesora adjunta (a cargo) por concurso. Es Profesora en Historia, Especialista en la Ense\u00f1anza de las Ciencias Sociales y Doctora en Ciencias de la Educaci\u00f3n (FFyH-UNC).<\/p>\n<p style=\"text-align: justify\">Ha dictado cursos de posgrado y de capacitaci\u00f3n docente en distintos espacios educativos sobre las siguientes tem\u00e1ticas: ense\u00f1anza de la historia\/ciencias sociales; desaf\u00edos de la ense\u00f1anza de la historia reciente en el espacio escolar. Ha dirigido -y dirige- tesis de grado y posgrado (especializaciones y doctorado); actualmente es Directora del proyecto de investigaci\u00f3n \u201c<em>Formar en la construcci\u00f3n del pensamiento hist\u00f3rico. Saberes y desaf\u00edos para la ense\u00f1anza de la Historia\u201d<\/em>, (SECyT-UNC, categor\u00eda Consolidar), radicado en el \u00c1rea de Educaci\u00f3n\u00a0 del CIFFyH-UNC.<\/p>\n<p style=\"text-align: justify\">Actualmente es Directora de la Carrera de Especializaci\u00f3n en la Ense\u00f1anza de las Ciencias Sociales, FFyH-UNC (2016-2022). Entre sus publicaciones, disponibles en los portales acad\u00e9micos, se encuentran \u00a0\u201c<em>La Ense\u00f1anza de la Historia ante los desaf\u00edos del bicentenario de la Independencia\u201d (comp., 2016); \u201c<\/em>Lugares, historias y memorias en did\u00e1ctica de las ciencias sociales: una interpelaci\u00f3n desde la Historia Reciente Argentina\u201d (2018); \u201cLas finalidades de la ense\u00f1anza de las ciencias sociales, geograf\u00eda e historia\u201d (2018), entre otros.<\/p>\n<p style=\"text-align: justify\">Ha participado como expositora, coordinadora, comentarista y conferencista en numerosos congresos nacionales e internacionales. Es miembro de APEHUN (Asociaci\u00f3n de Profesores de Ense\u00f1anza de la historia de Universidades Nacionales) e integrante de diversos comit\u00e9s acad\u00e9micos de revistas y carreras de la especialidad.<\/p>\n<\/td>\n<\/tr>\n<tr>\n<td style=\"width: 0.491159%\" colspan=\"2\">Contacto: <a href=\"mailto:maria.celeste.cerda@unc.edu.ar\">maria.celeste.cerda@unc.edu.ar<\/a><\/td>\n<\/tr>\n<\/tbody>\n<\/table>\n","protected":false},"excerpt":{"rendered":"<p>Profesora adjunta (a cargo) por concurso. Es Profesora en Historia, Especialista en la Ense\u00f1anza de las Ciencias Sociales y Doctora en Ciencias de la Educaci\u00f3n (FFyH-UNC). Ha dictado cursos de posgrado y de capacitaci\u00f3n docente en distintos espacios educativos sobre las siguientes tem\u00e1ticas: ense\u00f1anza de la historia\/ciencias sociales; desaf\u00edos de la ense\u00f1anza de la historia&#8230; <\/p>\n<div class=\"link-more\"><a href=\"https:\/\/ffyh.unc.edu.ar\/historia\/nuestrxs-docentes\/cerda\/\">Lea m\u00e1s<\/a><\/div>\n","protected":false},"author":34,"featured_media":0,"parent":4089,"menu_order":0,"comment_status":"closed","ping_status":"closed","template":"","meta":{"_acf_changed":false,"saved_in_kubio":false,"_monsterinsights_skip_tracking":false,"_monsterinsights_sitenote_active":false,"_monsterinsights_sitenote_note":"","_monsterinsights_sitenote_category":0,"footnotes":""},"class_list":["post-4258","page","type-page","status-publish","hentry"],"acf":[],"kubio_ai_page_context":{"short_desc":"","purpose":"general"},"jetpack_sharing_enabled":true,"_links":{"self":[{"href":"https:\/\/ffyh.unc.edu.ar\/historia\/wp-json\/wp\/v2\/pages\/4258","targetHints":{"allow":["GET"]}}],"collection":[{"href":"https:\/\/ffyh.unc.edu.ar\/historia\/wp-json\/wp\/v2\/pages"}],"about":[{"href":"https:\/\/ffyh.unc.edu.ar\/historia\/wp-json\/wp\/v2\/types\/page"}],"author":[{"embeddable":true,"href":"https:\/\/ffyh.unc.edu.ar\/historia\/wp-json\/wp\/v2\/users\/34"}],"replies":[{"embeddable":true,"href":"https:\/\/ffyh.unc.edu.ar\/historia\/wp-json\/wp\/v2\/comments?post=4258"}],"version-history":[{"count":6,"href":"https:\/\/ffyh.unc.edu.ar\/historia\/wp-json\/wp\/v2\/pages\/4258\/revisions"}],"predecessor-version":[{"id":4957,"href":"https:\/\/ffyh.unc.edu.ar\/historia\/wp-json\/wp\/v2\/pages\/4258\/revisions\/4957"}],"up":[{"embeddable":true,"href":"https:\/\/ffyh.unc.edu.ar\/historia\/wp-json\/wp\/v2\/pages\/4089"}],"wp:attachment":[{"href":"https:\/\/ffyh.unc.edu.ar\/historia\/wp-json\/wp\/v2\/media?parent=4258"}],"curies":[{"name":"wp","href":"https:\/\/api.w.org\/{rel}","templated":true}]}}