{"id":4260,"date":"2022-07-28T19:01:26","date_gmt":"2022-07-28T19:01:26","guid":{"rendered":"https:\/\/ffyh.unc.edu.ar\/historia\/?page_id=4260"},"modified":"2022-09-09T19:51:49","modified_gmt":"2022-09-09T19:51:49","slug":"campilia","status":"publish","type":"page","link":"https:\/\/ffyh.unc.edu.ar\/historia\/nuestrxs-docentes\/campilia\/","title":{"rendered":"Mariano Campilia"},"content":{"rendered":"<table style=\"border-collapse: collapse;width: 100%\">\n<tbody>\n<tr>\n<td style=\"width: 100%\" colspan=\"2\">\n<p style=\"text-align: justify\">Profesor Asistente por concurso en Did\u00e1ctica Especial. Es Profesor y Especialista en la Ense\u00f1anza de las Ciencias Sociales (FFyH-UNC). Ha dictado cursos de capacitaci\u00f3n docente en distintos espacios educativos sobre tem\u00e1ticas relacionadas a la Did\u00e1ctica de las Ciencias Sociales y Pr\u00e1cticas Docentes.<\/p>\n<p style=\"text-align: justify\">Ha dirigido -y dirige- tesis de grado y posgrado y proyectos de investigaci\u00f3n (SECyT-UNC) desde el a\u00f1o 2018.<\/p>\n<p style=\"text-align: justify\">Actualmente se desempe\u00f1a como Consejero Titular en el Honorable Consejo Directivo como representante \u00a0de los Docentes Asistentes.<\/p>\n<\/td>\n<\/tr>\n<tr>\n<td style=\"width: 100%\" colspan=\"2\">Contacto: <a href=\"mailto:mariano.campilia@unc.edu.ar\">mariano.campilia@unc.edu.ar<\/a><\/td>\n<\/tr>\n<\/tbody>\n<\/table>\n","protected":false},"excerpt":{"rendered":"<p>Profesor Asistente por concurso en Did\u00e1ctica Especial. Es Profesor y Especialista en la Ense\u00f1anza de las Ciencias Sociales (FFyH-UNC). Ha dictado cursos de capacitaci\u00f3n docente en distintos espacios educativos sobre tem\u00e1ticas relacionadas a la Did\u00e1ctica de las Ciencias Sociales y Pr\u00e1cticas Docentes. Ha dirigido -y dirige- tesis de grado y posgrado y proyectos de investigaci\u00f3n&#8230; <\/p>\n<div class=\"link-more\"><a href=\"https:\/\/ffyh.unc.edu.ar\/historia\/nuestrxs-docentes\/campilia\/\">Lea m\u00e1s<\/a><\/div>\n","protected":false},"author":34,"featured_media":0,"parent":4089,"menu_order":0,"comment_status":"closed","ping_status":"closed","template":"","meta":{"_acf_changed":false,"_monsterinsights_skip_tracking":false,"_monsterinsights_sitenote_active":false,"_monsterinsights_sitenote_note":"","_monsterinsights_sitenote_category":0,"footnotes":""},"class_list":["post-4260","page","type-page","status-publish","hentry"],"acf":[],"jetpack_sharing_enabled":true,"_links":{"self":[{"href":"https:\/\/ffyh.unc.edu.ar\/historia\/wp-json\/wp\/v2\/pages\/4260","targetHints":{"allow":["GET"]}}],"collection":[{"href":"https:\/\/ffyh.unc.edu.ar\/historia\/wp-json\/wp\/v2\/pages"}],"about":[{"href":"https:\/\/ffyh.unc.edu.ar\/historia\/wp-json\/wp\/v2\/types\/page"}],"author":[{"embeddable":true,"href":"https:\/\/ffyh.unc.edu.ar\/historia\/wp-json\/wp\/v2\/users\/34"}],"replies":[{"embeddable":true,"href":"https:\/\/ffyh.unc.edu.ar\/historia\/wp-json\/wp\/v2\/comments?post=4260"}],"version-history":[{"count":6,"href":"https:\/\/ffyh.unc.edu.ar\/historia\/wp-json\/wp\/v2\/pages\/4260\/revisions"}],"predecessor-version":[{"id":4986,"href":"https:\/\/ffyh.unc.edu.ar\/historia\/wp-json\/wp\/v2\/pages\/4260\/revisions\/4986"}],"up":[{"embeddable":true,"href":"https:\/\/ffyh.unc.edu.ar\/historia\/wp-json\/wp\/v2\/pages\/4089"}],"wp:attachment":[{"href":"https:\/\/ffyh.unc.edu.ar\/historia\/wp-json\/wp\/v2\/media?parent=4260"}],"curies":[{"name":"wp","href":"https:\/\/api.w.org\/{rel}","templated":true}]}}