{"id":4266,"date":"2022-07-28T19:02:54","date_gmt":"2022-07-28T19:02:54","guid":{"rendered":"https:\/\/ffyh.unc.edu.ar\/historia\/?page_id=4266"},"modified":"2022-07-30T13:18:49","modified_gmt":"2022-07-30T13:18:49","slug":"ortizbergia","status":"publish","type":"page","link":"https:\/\/ffyh.unc.edu.ar\/historia\/nuestrxs-docentes\/ortizbergia\/","title":{"rendered":"Mar\u00eda Jos\u00e9 Ortiz Bergia"},"content":{"rendered":"<table style=\"border-collapse: collapse;width: 100%\">\n<tbody>\n<tr>\n<td colspan=\"2\">\n<p style=\"text-align: justify\"><img data-recalc-dims=\"1\" loading=\"lazy\" decoding=\"async\" data-attachment-id=\"4667\" data-permalink=\"https:\/\/ffyh.unc.edu.ar\/historia\/nuestrxs-docentes\/ortizbergia\/ortizbergia_foto\/\" data-orig-file=\"https:\/\/i0.wp.com\/ffyh.unc.edu.ar\/historia\/wp-content\/uploads\/sites\/37\/2022\/07\/OrtizBergia_foto.jpg?fit=200%2C200&amp;ssl=1\" data-orig-size=\"200,200\" data-comments-opened=\"0\" data-image-meta=\"{&quot;aperture&quot;:&quot;0&quot;,&quot;credit&quot;:&quot;&quot;,&quot;camera&quot;:&quot;&quot;,&quot;caption&quot;:&quot;&quot;,&quot;created_timestamp&quot;:&quot;0&quot;,&quot;copyright&quot;:&quot;&quot;,&quot;focal_length&quot;:&quot;0&quot;,&quot;iso&quot;:&quot;0&quot;,&quot;shutter_speed&quot;:&quot;0&quot;,&quot;title&quot;:&quot;&quot;,&quot;orientation&quot;:&quot;0&quot;}\" data-image-title=\"OrtizBergia_foto\" data-image-description=\"\" data-image-caption=\"\" data-medium-file=\"https:\/\/i0.wp.com\/ffyh.unc.edu.ar\/historia\/wp-content\/uploads\/sites\/37\/2022\/07\/OrtizBergia_foto.jpg?fit=200%2C200&amp;ssl=1\" data-large-file=\"https:\/\/i0.wp.com\/ffyh.unc.edu.ar\/historia\/wp-content\/uploads\/sites\/37\/2022\/07\/OrtizBergia_foto.jpg?fit=200%2C200&amp;ssl=1\" class=\"alignleft size-thumbnail wp-image-4667\" src=\"https:\/\/i0.wp.com\/ffyh.unc.edu.ar\/historia\/wp-content\/uploads\/sites\/37\/2022\/07\/OrtizBergia_foto.jpg?resize=150%2C150\" alt=\"\" width=\"150\" height=\"150\" srcset=\"https:\/\/i0.wp.com\/ffyh.unc.edu.ar\/historia\/wp-content\/uploads\/sites\/37\/2022\/07\/OrtizBergia_foto.jpg?resize=150%2C150&amp;ssl=1 150w, https:\/\/i0.wp.com\/ffyh.unc.edu.ar\/historia\/wp-content\/uploads\/sites\/37\/2022\/07\/OrtizBergia_foto.jpg?w=200&amp;ssl=1 200w\" sizes=\"(max-width: 150px) 100vw, 150px\" \/>Profesora Asistente por concurso. Es Licenciada, Profesora y Doctora en Historia. Se especializa en el estudio del Estado, las pol\u00edticas p\u00fablicas en la Argentina contempor\u00e1nea y en metodolog\u00eda de la investigaci\u00f3n hist\u00f3rica. Es investigadora adjunta del CONICET. Conforma la Comisi\u00f3n Directiva del Centro de Estudios Hist\u00f3ricos \u201cProf. Carlos S. A. Segreti\u201d.<\/p>\n<p style=\"text-align: justify\">Ha publicado los libros \u201cDe Caridades y Derechos. La construcci\u00f3n de pol\u00edticas sociales en el interior argentino. C\u00f3rdoba, 1930-1943\u201d y en coautor\u00eda \u201cProcesos amplios, miradas locales: una historia de C\u00f3rdoba entre 1880 y 1955\u201d. Actualmente se encuentra en prensa \u201cLa salud como problema provincial. Pol\u00edtica sanitaria y estado subnacional en C\u00f3rdoba, Argentina, 1930-1955\u201d. Entre sus art\u00edculos m\u00e1s recientes se encuentran: \u201cEnfermos pobres: Clasificaciones estatales, diferenciaci\u00f3n social y acceso al bienestar en los a\u00f1os treinta (C\u00f3rdoba-Argentina)\u201d; \u201cDemocr\u00e1ticos y eficientes: Radicalismo, propaganda pol\u00edtica y estado intervencionista en los tempranos a\u00f1os cuarenta\u201d; \u201cCartas p\u00fablicas: Claves metodol\u00f3gicas y usos hist\u00f3ricos posibles\u201d; \u201cEl oficio de hacer el Estado. Burocracia y pol\u00edticas de minoridad, C\u00f3rdoba 1936-1955\u201d; \u201cHuellas de la Historia para la historia. Fuentes en la historia social argentina reciente\u201d; \u201cEstado y bienestar rural argentino en la primera mitad del siglo XX. Un problema historiogr\u00e1fico\u201d, entre otros.<\/p>\n<p style=\"text-align: justify\">Actualmente dirige el proceso PICT-2020: \u201cEstado y sociedad en la producci\u00f3n de bienestar. Un estudio comparativo de la implementaci\u00f3n de pol\u00edticas sociales en un espacio provincial. C\u00f3rdoba, 1930-1955\u201d y el proyecto SECYT-UNC \u201c\u00bfEl estado en acci\u00f3n? Actores sociales y pol\u00edticos en la implementaci\u00f3n de pol\u00edticas p\u00fablicas, C\u00f3rdoba, Argentina, 1912-1976\u201d. Ha participado como integrante y directora de proyectos PIP, PICT, MINCyT\/C\u00f3rdoba, Secyt\/UNC y UCC.<\/p>\n<\/td>\n<\/tr>\n<tr>\n<td style=\"width: 0.491159%\" colspan=\"2\">Contacto: <a href=\"mailto:maria.ortiz.bergia@unc.edu.ar\">maria.ortiz.bergia@unc.edu.ar<\/a><\/p>\n<p>ACADEMIA.EDU: <a href=\"https:\/\/cordoba.academia.edu\/Mar%C3%ADaJos%C3%A9OrtizBergia\">https:\/\/cordoba.academia.edu\/Mar%C3%ADaJos%C3%A9OrtizBergia<\/a><br \/>\nORCID: <a href=\"https:\/\/orcid.org\/my-orcid?orcid=0000-0002-7966-8112\">https:\/\/orcid.org\/my-orcid?orcid=0000-0002-7966-8112<\/a><\/td>\n<\/tr>\n<\/tbody>\n<\/table>\n","protected":false},"excerpt":{"rendered":"<p>Profesora Asistente por concurso. Es Licenciada, Profesora y Doctora en Historia. Se especializa en el estudio del Estado, las pol\u00edticas p\u00fablicas en la Argentina contempor\u00e1nea y en metodolog\u00eda de la investigaci\u00f3n hist\u00f3rica. Es investigadora adjunta del CONICET. Conforma la Comisi\u00f3n Directiva del Centro de Estudios Hist\u00f3ricos \u201cProf. Carlos S. A. Segreti\u201d. Ha publicado los libros&#8230; <\/p>\n<div class=\"link-more\"><a href=\"https:\/\/ffyh.unc.edu.ar\/historia\/nuestrxs-docentes\/ortizbergia\/\">Lea m\u00e1s<\/a><\/div>\n","protected":false},"author":34,"featured_media":0,"parent":4089,"menu_order":0,"comment_status":"closed","ping_status":"closed","template":"","meta":{"_acf_changed":false,"saved_in_kubio":false,"_monsterinsights_skip_tracking":false,"_monsterinsights_sitenote_active":false,"_monsterinsights_sitenote_note":"","_monsterinsights_sitenote_category":0,"footnotes":""},"class_list":["post-4266","page","type-page","status-publish","hentry"],"acf":[],"kubio_ai_page_context":{"short_desc":"","purpose":"general"},"jetpack_sharing_enabled":true,"_links":{"self":[{"href":"https:\/\/ffyh.unc.edu.ar\/historia\/wp-json\/wp\/v2\/pages\/4266","targetHints":{"allow":["GET"]}}],"collection":[{"href":"https:\/\/ffyh.unc.edu.ar\/historia\/wp-json\/wp\/v2\/pages"}],"about":[{"href":"https:\/\/ffyh.unc.edu.ar\/historia\/wp-json\/wp\/v2\/types\/page"}],"author":[{"embeddable":true,"href":"https:\/\/ffyh.unc.edu.ar\/historia\/wp-json\/wp\/v2\/users\/34"}],"replies":[{"embeddable":true,"href":"https:\/\/ffyh.unc.edu.ar\/historia\/wp-json\/wp\/v2\/comments?post=4266"}],"version-history":[{"count":5,"href":"https:\/\/ffyh.unc.edu.ar\/historia\/wp-json\/wp\/v2\/pages\/4266\/revisions"}],"predecessor-version":[{"id":4669,"href":"https:\/\/ffyh.unc.edu.ar\/historia\/wp-json\/wp\/v2\/pages\/4266\/revisions\/4669"}],"up":[{"embeddable":true,"href":"https:\/\/ffyh.unc.edu.ar\/historia\/wp-json\/wp\/v2\/pages\/4089"}],"wp:attachment":[{"href":"https:\/\/ffyh.unc.edu.ar\/historia\/wp-json\/wp\/v2\/media?parent=4266"}],"curies":[{"name":"wp","href":"https:\/\/api.w.org\/{rel}","templated":true}]}}