{"id":4268,"date":"2022-07-28T19:03:23","date_gmt":"2022-07-28T19:03:23","guid":{"rendered":"https:\/\/ffyh.unc.edu.ar\/historia\/?page_id=4268"},"modified":"2023-10-19T18:38:02","modified_gmt":"2023-10-19T18:38:02","slug":"portelli","status":"publish","type":"page","link":"https:\/\/ffyh.unc.edu.ar\/historia\/nuestrxs-docentes\/portelli\/","title":{"rendered":"Mar\u00eda Bel\u00e9n Portelli"},"content":{"rendered":"<table style=\"border-collapse: collapse;width: 100%\">\n<tbody>\n<tr>\n<td colspan=\"2\">\n<p style=\"text-align: justify\"><img data-recalc-dims=\"1\" loading=\"lazy\" decoding=\"async\" data-attachment-id=\"4948\" data-permalink=\"https:\/\/ffyh.unc.edu.ar\/historia\/nuestrxs-docentes\/portelli\/portelli-foto\/\" data-orig-file=\"https:\/\/i0.wp.com\/ffyh.unc.edu.ar\/historia\/wp-content\/uploads\/sites\/37\/2022\/08\/Portelli-foto.jpg?fit=778%2C780&amp;ssl=1\" data-orig-size=\"778,780\" data-comments-opened=\"0\" data-image-meta=\"{&quot;aperture&quot;:&quot;2.2&quot;,&quot;credit&quot;:&quot;&quot;,&quot;camera&quot;:&quot;MotoE2&quot;,&quot;caption&quot;:&quot;&quot;,&quot;created_timestamp&quot;:&quot;1039348800&quot;,&quot;copyright&quot;:&quot;&quot;,&quot;focal_length&quot;:&quot;2.471&quot;,&quot;iso&quot;:&quot;80&quot;,&quot;shutter_speed&quot;:&quot;0.00072&quot;,&quot;title&quot;:&quot;&quot;,&quot;orientation&quot;:&quot;1&quot;}\" data-image-title=\"Portelli-foto\" data-image-description=\"\" data-image-caption=\"\" data-medium-file=\"https:\/\/i0.wp.com\/ffyh.unc.edu.ar\/historia\/wp-content\/uploads\/sites\/37\/2022\/08\/Portelli-foto.jpg?fit=300%2C300&amp;ssl=1\" data-large-file=\"https:\/\/i0.wp.com\/ffyh.unc.edu.ar\/historia\/wp-content\/uploads\/sites\/37\/2022\/08\/Portelli-foto.jpg?fit=778%2C780&amp;ssl=1\" class=\"alignleft size-thumbnail wp-image-4948\" src=\"https:\/\/i0.wp.com\/ffyh.unc.edu.ar\/historia\/wp-content\/uploads\/sites\/37\/2022\/08\/Portelli-foto.jpg?resize=150%2C150\" alt=\"\" width=\"150\" height=\"150\" srcset=\"https:\/\/i0.wp.com\/ffyh.unc.edu.ar\/historia\/wp-content\/uploads\/sites\/37\/2022\/08\/Portelli-foto.jpg?resize=150%2C150&amp;ssl=1 150w, https:\/\/i0.wp.com\/ffyh.unc.edu.ar\/historia\/wp-content\/uploads\/sites\/37\/2022\/08\/Portelli-foto.jpg?resize=300%2C300&amp;ssl=1 300w, https:\/\/i0.wp.com\/ffyh.unc.edu.ar\/historia\/wp-content\/uploads\/sites\/37\/2022\/08\/Portelli-foto.jpg?resize=768%2C770&amp;ssl=1 768w, https:\/\/i0.wp.com\/ffyh.unc.edu.ar\/historia\/wp-content\/uploads\/sites\/37\/2022\/08\/Portelli-foto.jpg?resize=299%2C300&amp;ssl=1 299w, https:\/\/i0.wp.com\/ffyh.unc.edu.ar\/historia\/wp-content\/uploads\/sites\/37\/2022\/08\/Portelli-foto.jpg?w=778&amp;ssl=1 778w\" sizes=\"(max-width: 150px) 100vw, 150px\" \/>Profesora Asistente concursada en Metodolog\u00eda de la Investigaci\u00f3n Hist\u00f3rica. Es Licenciada y Doctora en Historia por la Universidad Nacional de C\u00f3rdoba (UNC) e Investigadora Asistente del Consejo de Investigaciones Cient\u00edficas y T\u00e9cnicas (CONICET).<\/p>\n<p style=\"text-align: justify\">Su campo de investigaci\u00f3n es la Historia Argentina de finales del siglo XIX y la primera mitad del XX, focalizando la atenci\u00f3n en las relaciones entre el mundo acad\u00e9mico, la producci\u00f3n de conocimiento social y el proceso de construcci\u00f3n de las primeras pol\u00edticas sociales en C\u00f3rdoba entre 1890 y 1930. Actualmente, su proyecto personal se titula \u201cCat\u00f3licos, pol\u00edticos y acad\u00e9micos: Arturo M. Bas y Juan F. Cafferata en el reformismo social y la construcci\u00f3n de pol\u00edticas sociales en la Argentina, 1900-1930\u201d.<\/p>\n<p style=\"text-align: justify\">Es autora de <em>Saberes modernos para pol\u00edticas eficaces: Intelectuales, Estado y cuesti\u00f3n obrera en C\u00f3rdoba, 1906-1936<\/em> (2011) y co-autora, con Mar\u00eda Jos\u00e9 Ortiz Bergia, Franco D. Reyna y Nicol\u00e1s D. Moretti, de <em>Procesos amplios, miradas locales: una historia de C\u00f3rdoba entre 1880 y 1955<\/em> (2015). Adem\u00e1s, ha publicado cap\u00edtulos de libros y art\u00edculos en revistas nacionales e internacionales.<\/p>\n<\/td>\n<\/tr>\n<tr>\n<td style=\"width: 0.491159%\" colspan=\"2\">Contacto: <a href=\"mailto:belen.portelli@unc.edu.ar\">belen.portelli@unc.edu.ar<\/a><\/p>\n<p>Academia.edu: <a href=\"https:\/\/conicet-ar.academia.edu\/Mar\u00edaBel\u00e9nPortelli\">https:\/\/conicet-ar.academia.edu\/Mar\u00edaBel\u00e9nPortelli<\/a><\/td>\n<\/tr>\n<\/tbody>\n<\/table>\n","protected":false},"excerpt":{"rendered":"<p>Profesora Asistente concursada en Metodolog\u00eda de la Investigaci\u00f3n Hist\u00f3rica. Es Licenciada y Doctora en Historia por la Universidad Nacional de C\u00f3rdoba (UNC) e Investigadora Asistente del Consejo de Investigaciones Cient\u00edficas y T\u00e9cnicas (CONICET). Su campo de investigaci\u00f3n es la Historia Argentina de finales del siglo XIX y la primera mitad del XX, focalizando la atenci\u00f3n&#8230; <\/p>\n<div class=\"link-more\"><a href=\"https:\/\/ffyh.unc.edu.ar\/historia\/nuestrxs-docentes\/portelli\/\">Lea m\u00e1s<\/a><\/div>\n","protected":false},"author":34,"featured_media":0,"parent":4089,"menu_order":0,"comment_status":"closed","ping_status":"closed","template":"","meta":{"_acf_changed":false,"saved_in_kubio":false,"_monsterinsights_skip_tracking":false,"_monsterinsights_sitenote_active":false,"_monsterinsights_sitenote_note":"","_monsterinsights_sitenote_category":0,"footnotes":""},"class_list":["post-4268","page","type-page","status-publish","hentry"],"acf":[],"kubio_ai_page_context":{"short_desc":"","purpose":"general"},"jetpack_sharing_enabled":true,"_links":{"self":[{"href":"https:\/\/ffyh.unc.edu.ar\/historia\/wp-json\/wp\/v2\/pages\/4268","targetHints":{"allow":["GET"]}}],"collection":[{"href":"https:\/\/ffyh.unc.edu.ar\/historia\/wp-json\/wp\/v2\/pages"}],"about":[{"href":"https:\/\/ffyh.unc.edu.ar\/historia\/wp-json\/wp\/v2\/types\/page"}],"author":[{"embeddable":true,"href":"https:\/\/ffyh.unc.edu.ar\/historia\/wp-json\/wp\/v2\/users\/34"}],"replies":[{"embeddable":true,"href":"https:\/\/ffyh.unc.edu.ar\/historia\/wp-json\/wp\/v2\/comments?post=4268"}],"version-history":[{"count":7,"href":"https:\/\/ffyh.unc.edu.ar\/historia\/wp-json\/wp\/v2\/pages\/4268\/revisions"}],"predecessor-version":[{"id":5652,"href":"https:\/\/ffyh.unc.edu.ar\/historia\/wp-json\/wp\/v2\/pages\/4268\/revisions\/5652"}],"up":[{"embeddable":true,"href":"https:\/\/ffyh.unc.edu.ar\/historia\/wp-json\/wp\/v2\/pages\/4089"}],"wp:attachment":[{"href":"https:\/\/ffyh.unc.edu.ar\/historia\/wp-json\/wp\/v2\/media?parent=4268"}],"curies":[{"name":"wp","href":"https:\/\/api.w.org\/{rel}","templated":true}]}}