{"id":4270,"date":"2022-07-28T19:03:41","date_gmt":"2022-07-28T19:03:41","guid":{"rendered":"https:\/\/ffyh.unc.edu.ar\/historia\/?page_id=4270"},"modified":"2022-09-16T15:37:42","modified_gmt":"2022-09-16T15:37:42","slug":"leiva","status":"publish","type":"page","link":"https:\/\/ffyh.unc.edu.ar\/historia\/nuestrxs-docentes\/leiva\/","title":{"rendered":"Esteban Leiva"},"content":{"rendered":"<table style=\"border-collapse: collapse;width: 100%\">\n<tbody>\n<tr>\n<td colspan=\"2\">\n<p style=\"text-align: justify\"><img data-recalc-dims=\"1\" loading=\"lazy\" decoding=\"async\" data-attachment-id=\"5002\" data-permalink=\"https:\/\/ffyh.unc.edu.ar\/historia\/nuestrxs-docentes\/leiva\/leiva_foto\/\" data-orig-file=\"https:\/\/i0.wp.com\/ffyh.unc.edu.ar\/historia\/wp-content\/uploads\/sites\/37\/2022\/09\/Leiva_foto-e1663342652575.jpg?fit=357%2C357&amp;ssl=1\" data-orig-size=\"357,357\" data-comments-opened=\"0\" data-image-meta=\"{&quot;aperture&quot;:&quot;0&quot;,&quot;credit&quot;:&quot;&quot;,&quot;camera&quot;:&quot;&quot;,&quot;caption&quot;:&quot;&quot;,&quot;created_timestamp&quot;:&quot;1647564320&quot;,&quot;copyright&quot;:&quot;&quot;,&quot;focal_length&quot;:&quot;0&quot;,&quot;iso&quot;:&quot;0&quot;,&quot;shutter_speed&quot;:&quot;0&quot;,&quot;title&quot;:&quot;&quot;,&quot;orientation&quot;:&quot;1&quot;}\" data-image-title=\"Leiva_foto\" data-image-description=\"\" data-image-caption=\"\" data-medium-file=\"https:\/\/i0.wp.com\/ffyh.unc.edu.ar\/historia\/wp-content\/uploads\/sites\/37\/2022\/09\/Leiva_foto-e1663342652575.jpg?fit=300%2C300&amp;ssl=1\" data-large-file=\"https:\/\/i0.wp.com\/ffyh.unc.edu.ar\/historia\/wp-content\/uploads\/sites\/37\/2022\/09\/Leiva_foto-e1663342652575.jpg?fit=357%2C357&amp;ssl=1\" class=\"alignleft wp-image-5002 size-thumbnail\" src=\"https:\/\/i0.wp.com\/ffyh.unc.edu.ar\/historia\/wp-content\/uploads\/sites\/37\/2022\/09\/Leiva_foto-e1663342652575-150x150.jpg?resize=150%2C150\" alt=\"\" width=\"150\" height=\"150\" srcset=\"https:\/\/i0.wp.com\/ffyh.unc.edu.ar\/historia\/wp-content\/uploads\/sites\/37\/2022\/09\/Leiva_foto-e1663342652575.jpg?resize=150%2C150&amp;ssl=1 150w, https:\/\/i0.wp.com\/ffyh.unc.edu.ar\/historia\/wp-content\/uploads\/sites\/37\/2022\/09\/Leiva_foto-e1663342652575.jpg?resize=300%2C300&amp;ssl=1 300w, https:\/\/i0.wp.com\/ffyh.unc.edu.ar\/historia\/wp-content\/uploads\/sites\/37\/2022\/09\/Leiva_foto-e1663342652575.jpg?w=357&amp;ssl=1 357w\" sizes=\"(max-width: 150px) 100vw, 150px\" \/>Profesor Asistente de Epistemolog\u00eda de las Ciencias Sociales en la Escuela de Historia y en la Escuela de Ciencias de la Educaci\u00f3n (FFyH, UNC). Regularmente dicta el Seminario de Grado \u201cConcepciones del Poder\u201d en la Escuela de Historia y el Seminario de Grado \u201cEl enfoque de las capacidades y la educaci\u00f3n\u201d en la Escuela de Ciencias de la Educaci\u00f3n. Tambi\u00e9n dicta materias vinculadas a la filosof\u00eda y a la epistemolog\u00eda en el Colegio Nacional de Monserrat y en la Universidad Provincial de C\u00f3rdoba. \u00a0Es Licenciado en Filosof\u00eda (UNC) y M\u00e1ster en Filosof\u00eda, Ciencias y Valores (EHU\/UPV)<\/p>\n<p style=\"text-align: justify\">Desde el a\u00f1o 2002 ha participado en diversos proyectos de investigaci\u00f3n radicados en el Centro de Investigaciones \u201cMar\u00eda Saleme de Burnichon\u201d (FFyH, UNC). Actualmente se desempe\u00f1a como co-director del Proyecto <em>Ontolog\u00eda social y poder. Dimensiones conceptuales, pol\u00edticas, educativas y culturales<\/em>. Su \u00e1rea de investigaci\u00f3n es la Epistemolog\u00eda de las Ciencias Sociales, con especial atenci\u00f3n a las ontolog\u00edas relacionales, las concepctualizaciones del poder, la epistemolog\u00eda de la econom\u00eda y el enfoque de las capacidades.<\/p>\n<p style=\"text-align: justify\">Ha ocupado diferentes cargos electivos como estudiante, egresado o docente en los Consejos de la Escuela de Filosof\u00eda y de la Escuela de Historia, y en el Consejo Directivo de la Facultad de Filosof\u00eda y Humanidades (UNC).<\/p>\n<\/td>\n<\/tr>\n<tr>\n<td style=\"width: 0.491159%\" colspan=\"2\">Contacto: <a href=\"mailto:esteban_leiva@unc.edu.ar\">esteban_leiva@unc.edu.ar<\/a><\/p>\n<p>ACADEMIA: <a href=\"https:\/\/cordoba.academia.edu\/EstebanLeivaTroncoso\" target=\"_blank\" rel=\"noopener\" data-saferedirecturl=\"https:\/\/www.google.com\/url?q=https:\/\/cordoba.academia.edu\/EstebanLeivaTroncoso&amp;source=gmail&amp;ust=1663427398915000&amp;usg=AOvVaw1c-GQQaTF0alnI6t-sbCDB\">https:\/\/cordoba.academia.edu\/EstebanLeivaTroncoso<\/a><\/td>\n<\/tr>\n<\/tbody>\n<\/table>\n","protected":false},"excerpt":{"rendered":"<p>Profesor Asistente de Epistemolog\u00eda de las Ciencias Sociales en la Escuela de Historia y en la Escuela de Ciencias de la Educaci\u00f3n (FFyH, UNC). Regularmente dicta el Seminario de Grado \u201cConcepciones del Poder\u201d en la Escuela de Historia y el Seminario de Grado \u201cEl enfoque de las capacidades y la educaci\u00f3n\u201d en la Escuela de&#8230; <\/p>\n<div class=\"link-more\"><a href=\"https:\/\/ffyh.unc.edu.ar\/historia\/nuestrxs-docentes\/leiva\/\">Lea m\u00e1s<\/a><\/div>\n","protected":false},"author":34,"featured_media":0,"parent":4089,"menu_order":0,"comment_status":"closed","ping_status":"closed","template":"","meta":{"_acf_changed":false,"saved_in_kubio":false,"_monsterinsights_skip_tracking":false,"_monsterinsights_sitenote_active":false,"_monsterinsights_sitenote_note":"","_monsterinsights_sitenote_category":0,"footnotes":""},"class_list":["post-4270","page","type-page","status-publish","hentry"],"acf":[],"kubio_ai_page_context":{"short_desc":"","purpose":"general"},"jetpack_sharing_enabled":true,"_links":{"self":[{"href":"https:\/\/ffyh.unc.edu.ar\/historia\/wp-json\/wp\/v2\/pages\/4270","targetHints":{"allow":["GET"]}}],"collection":[{"href":"https:\/\/ffyh.unc.edu.ar\/historia\/wp-json\/wp\/v2\/pages"}],"about":[{"href":"https:\/\/ffyh.unc.edu.ar\/historia\/wp-json\/wp\/v2\/types\/page"}],"author":[{"embeddable":true,"href":"https:\/\/ffyh.unc.edu.ar\/historia\/wp-json\/wp\/v2\/users\/34"}],"replies":[{"embeddable":true,"href":"https:\/\/ffyh.unc.edu.ar\/historia\/wp-json\/wp\/v2\/comments?post=4270"}],"version-history":[{"count":8,"href":"https:\/\/ffyh.unc.edu.ar\/historia\/wp-json\/wp\/v2\/pages\/4270\/revisions"}],"predecessor-version":[{"id":5009,"href":"https:\/\/ffyh.unc.edu.ar\/historia\/wp-json\/wp\/v2\/pages\/4270\/revisions\/5009"}],"up":[{"embeddable":true,"href":"https:\/\/ffyh.unc.edu.ar\/historia\/wp-json\/wp\/v2\/pages\/4089"}],"wp:attachment":[{"href":"https:\/\/ffyh.unc.edu.ar\/historia\/wp-json\/wp\/v2\/media?parent=4270"}],"curies":[{"name":"wp","href":"https:\/\/api.w.org\/{rel}","templated":true}]}}