{"id":4272,"date":"2022-07-28T19:04:02","date_gmt":"2022-07-28T19:04:02","guid":{"rendered":"https:\/\/ffyh.unc.edu.ar\/historia\/?page_id=4272"},"modified":"2022-08-03T22:25:09","modified_gmt":"2022-08-03T22:25:09","slug":"capogrossi","status":"publish","type":"page","link":"https:\/\/ffyh.unc.edu.ar\/historia\/nuestrxs-docentes\/capogrossi\/","title":{"rendered":"Mar\u00eda Lorena Capogrossi"},"content":{"rendered":"<table style=\"border-collapse: collapse;width: 100%\">\n<tbody>\n<tr>\n<td colspan=\"2\"><img data-recalc-dims=\"1\" loading=\"lazy\" decoding=\"async\" data-attachment-id=\"4479\" data-permalink=\"https:\/\/ffyh.unc.edu.ar\/historia\/nuestrxs-docentes\/capogrossi\/capogrossi_foto\/\" data-orig-file=\"https:\/\/i0.wp.com\/ffyh.unc.edu.ar\/historia\/wp-content\/uploads\/sites\/37\/2022\/07\/Capogrossi_foto.png?fit=122%2C123&amp;ssl=1\" data-orig-size=\"122,123\" data-comments-opened=\"0\" data-image-meta=\"{&quot;aperture&quot;:&quot;0&quot;,&quot;credit&quot;:&quot;&quot;,&quot;camera&quot;:&quot;&quot;,&quot;caption&quot;:&quot;&quot;,&quot;created_timestamp&quot;:&quot;0&quot;,&quot;copyright&quot;:&quot;&quot;,&quot;focal_length&quot;:&quot;0&quot;,&quot;iso&quot;:&quot;0&quot;,&quot;shutter_speed&quot;:&quot;0&quot;,&quot;title&quot;:&quot;&quot;,&quot;orientation&quot;:&quot;0&quot;}\" data-image-title=\"Capogrossi_foto\" data-image-description=\"\" data-image-caption=\"\" data-medium-file=\"https:\/\/i0.wp.com\/ffyh.unc.edu.ar\/historia\/wp-content\/uploads\/sites\/37\/2022\/07\/Capogrossi_foto.png?fit=122%2C123&amp;ssl=1\" data-large-file=\"https:\/\/i0.wp.com\/ffyh.unc.edu.ar\/historia\/wp-content\/uploads\/sites\/37\/2022\/07\/Capogrossi_foto.png?fit=122%2C123&amp;ssl=1\" class=\"size-full wp-image-4479 alignleft\" src=\"https:\/\/i0.wp.com\/ffyh.unc.edu.ar\/historia\/wp-content\/uploads\/sites\/37\/2022\/07\/Capogrossi_foto.png?resize=122%2C123\" alt=\"\" width=\"122\" height=\"123\" \/>Es Doctora en Ciencias Antropol\u00f3gicas por la Universidad de Buenos Aires y Lic. en Historia por la Universidad Nacional de C\u00f3rdoba. Sus \u00e1reas de especializaci\u00f3n son Antropolog\u00eda del Trabajo, Historia del movimiento obrero,\u00a0 M\u00e9todo etnogr\u00e1fico.<\/p>\n<p style=\"text-align: justify\">Entre sus principales publicaciones se encuentran los libros <i>Las tramas de la industria metal-mec\u00e1nica en C\u00f3rdoba. Transformaciones econ\u00f3micas, sociales y educativas en los siglos XX y XXI<\/i>, junto a Cecilia Jim\u00e9nez;\u00a0 <i>Tratado Latinoamericano de Antropolog\u00eda del Trabajo<\/i> en colaboraci\u00f3n editorial con Hern\u00e1n Palermo; y los art\u00edculos \u201cLa desigualdad generizada: gesti\u00f3n del tiempo, estabilidades fr\u00e1giles y resistencias masculinizadas en los empleos de limpieza no dom\u00e9stica en Argentina\u201d en coautor\u00eda con Mar\u00eda Jos\u00e9 Magliano; \u201c\u00abLa \u00e9poca de los esclavos se acab\u00f3\u2026\u00bb: g\u00e9nero y condiciones de trabajo en las empresas de limpieza en Argentina\u201d; y \u201c<i>Estabilidades de cristal<\/i>: claves y categor\u00edas para caracterizar el trabajo de limpieza no dom\u00e9stico en Argentina\u201d.<\/p>\n<p style=\"text-align: justify\">Actualmente se desempe\u00f1a como Directora del Proyecto \u201cTrabajos invisibilizados: un abordaje de nuevas y viejas formas de vulnerabilidad\u201d (ANPIDTYI); es Coordinadora del nodo C\u00f3rdoba del Proyecto \u201cLa venta ambulante frente a los efectos de la pandemia COVID-19: contribuciones al dise\u00f1o de pol\u00edticas p\u00fablicas incorporando la perspectiva de las y los trabajadores\u201d (Programa de Investigaci\u00f3n sobre la sociedad Argentina Contempor\u00e1nea II (PISAC II); co-directora del Proyecto \u201cTransformaciones recientes en el mundo del trabajo: nuevas y viejas formas de vulnerabilidad y expresiones de resistencia y organizaci\u00f3n\u201d (SECyT \u2013 UNC); y como Investigadora participante del \u201cIP\/Proyectos UE-2017: Poblaci\u00f3n socio segregada, calidad de vida y espacio urbano en C\u00f3rdoba\u201d (CONICET).<\/p>\n<\/td>\n<\/tr>\n<tr>\n<td style=\"width: 25%\" colspan=\"2\">Contacto: <a href=\"mailto:lorena.capogrossi@unc.edu.ar\">lorena.capogrossi@unc.edu.ar<\/a><\/p>\n<p>ORCID:<a href=\"https:\/\/orcid.org\/0000-0002-8809-1837\"> https:\/\/orcid.org\/0000-0002-8809-1837<\/a><\/td>\n<\/tr>\n<\/tbody>\n<\/table>\n","protected":false},"excerpt":{"rendered":"<p>Es Doctora en Ciencias Antropol\u00f3gicas por la Universidad de Buenos Aires y Lic. en Historia por la Universidad Nacional de C\u00f3rdoba. Sus \u00e1reas de especializaci\u00f3n son Antropolog\u00eda del Trabajo, Historia del movimiento obrero,\u00a0 M\u00e9todo etnogr\u00e1fico. Entre sus principales publicaciones se encuentran los libros Las tramas de la industria metal-mec\u00e1nica en C\u00f3rdoba. Transformaciones econ\u00f3micas, sociales y&#8230; <\/p>\n<div class=\"link-more\"><a href=\"https:\/\/ffyh.unc.edu.ar\/historia\/nuestrxs-docentes\/capogrossi\/\">Lea m\u00e1s<\/a><\/div>\n","protected":false},"author":34,"featured_media":0,"parent":4089,"menu_order":0,"comment_status":"closed","ping_status":"closed","template":"","meta":{"_acf_changed":false,"saved_in_kubio":false,"_monsterinsights_skip_tracking":false,"_monsterinsights_sitenote_active":false,"_monsterinsights_sitenote_note":"","_monsterinsights_sitenote_category":0,"footnotes":""},"class_list":["post-4272","page","type-page","status-publish","hentry"],"acf":[],"kubio_ai_page_context":{"short_desc":"","purpose":"general"},"jetpack_sharing_enabled":true,"_links":{"self":[{"href":"https:\/\/ffyh.unc.edu.ar\/historia\/wp-json\/wp\/v2\/pages\/4272","targetHints":{"allow":["GET"]}}],"collection":[{"href":"https:\/\/ffyh.unc.edu.ar\/historia\/wp-json\/wp\/v2\/pages"}],"about":[{"href":"https:\/\/ffyh.unc.edu.ar\/historia\/wp-json\/wp\/v2\/types\/page"}],"author":[{"embeddable":true,"href":"https:\/\/ffyh.unc.edu.ar\/historia\/wp-json\/wp\/v2\/users\/34"}],"replies":[{"embeddable":true,"href":"https:\/\/ffyh.unc.edu.ar\/historia\/wp-json\/wp\/v2\/comments?post=4272"}],"version-history":[{"count":7,"href":"https:\/\/ffyh.unc.edu.ar\/historia\/wp-json\/wp\/v2\/pages\/4272\/revisions"}],"predecessor-version":[{"id":4478,"href":"https:\/\/ffyh.unc.edu.ar\/historia\/wp-json\/wp\/v2\/pages\/4272\/revisions\/4478"}],"up":[{"embeddable":true,"href":"https:\/\/ffyh.unc.edu.ar\/historia\/wp-json\/wp\/v2\/pages\/4089"}],"wp:attachment":[{"href":"https:\/\/ffyh.unc.edu.ar\/historia\/wp-json\/wp\/v2\/media?parent=4272"}],"curies":[{"name":"wp","href":"https:\/\/api.w.org\/{rel}","templated":true}]}}